{"id":890,"date":"2020-09-24T09:29:39","date_gmt":"2020-09-24T09:29:39","guid":{"rendered":"https:\/\/diatip.com\/products\/silver-and-flux\/"},"modified":"2025-05-14T12:20:42","modified_gmt":"2025-05-14T12:20:42","slug":"argent-et-flux","status":"publish","type":"page","link":"https:\/\/www.diatip.com\/fr\/des-produits\/argent-et-flux\/","title":{"rendered":"Argent et flux"},"content":{"rendered":"<!--themify_builder_content-->\n<div id=\"themify_builder_content-890\" data-postid=\"890\" class=\"themify_builder_content themify_builder_content-890 themify_builder tf_clear\">\n                    <div  data-lazy=\"1\" class=\"module_row themify_builder_row tb_j4tz807 tb_first tf_w\">\n            <span class=\"tb_row_frame_wrap tf_overflow tf_abs\" data-lazy=\"1\"><span class=\"tb_row_frame tb_row_frame_bottom  tf_abs tf_hide tf_overflow tf_w\"><\/span><\/span>            <div class=\"row_inner col_align_top tb_col_count_1 tf_box tf_rel\">\n                        <div  data-lazy=\"1\" class=\"module_column tb-column col-full tb_jpuc808 first\">\n                    <!-- module text -->\n<div  class=\"module module-text tb_cz6n808   \" data-lazy=\"1\">\n        <div  class=\"tb_text_wrap\">\n        <h1 style=\"text-align: center;\"><span style=\"color: #ffffff;\">Argent et flux<\/span><\/h1>\n    <\/div>\n<\/div>\n<!-- \/module text -->        <\/div>\n                        <\/div>\n        <\/div>\n                        <div  data-lazy=\"1\" class=\"module_row themify_builder_row tb_1uo9807 tf_w\">\n            <span class=\"tb_row_frame_wrap tf_overflow tf_abs\" data-lazy=\"1\"><span class=\"tb_row_frame tb_row_frame_bottom  tf_abs tf_hide tf_overflow tf_w\"><\/span><\/span>            <div class=\"row_inner col_align_top tb_col_count_1 tf_box tf_rel\">\n                        <div  data-lazy=\"1\" class=\"module_column tb-column col-full tb_8i5z809 first\">\n                    <!-- module text -->\n<div  class=\"module module-text tb_tope809   \" data-lazy=\"1\">\n        <div  class=\"tb_text_wrap\">\n        <p>S\u00e9lectionn\u00e9 pour un brasage facile et s\u00fbr.<br \/>Le prix de l&rsquo;argent varie selon le prix du march\u00e9.<\/p>\n<p><a title=\"Contact\" href=\"https:\/\/www.diatip.com\/fr\/contact\/\">Contactez-nous\u00a0<\/a>pour tout renseignement compl\u00e9mentaire.<\/p>    <\/div>\n<\/div>\n<!-- \/module text -->        <\/div>\n                        <\/div>\n        <\/div>\n                        <div  data-lazy=\"1\" class=\"module_row themify_builder_row tb_m4qj426 tf_w\">\n            <span class=\"tb_row_frame_wrap tf_overflow tf_abs\" data-lazy=\"1\"><span class=\"tb_row_frame tb_row_frame_bottom  tf_abs tf_hide tf_overflow tf_w\"><\/span><\/span>            <div class=\"row_inner col_align_top tb_col_count_2 tf_box tf_rel\">\n                        <div  data-lazy=\"1\" class=\"module_column tb-column col4-1 tb_cwc3427 first\">\n                    <!-- module text -->\n<div  class=\"module module-text tb_slfh427   \" data-lazy=\"1\">\n        <div  class=\"tb_text_wrap\">\n        <h2>Tiges de brasage en argent<\/h2>    <\/div>\n<\/div>\n<!-- \/module text --><!-- module image -->\n<div  class=\"module module-image tb_6vvf428 image-top   tf_mw\" data-lazy=\"1\">\n        <div class=\"image-wrap tf_rel tf_mw\">\n            <img loading=\"lazy\" decoding=\"async\" src=\"https:\/\/diatip.com\/wp-content\/uploads\/2014\/08\/silver-rods-e1407414832181.jpg\" width=\"500\" height=\"255\" title=\"Argent et flux\" alt=\"Argent et flux\">    \n        <\/div>\n    <!-- \/image-wrap -->\n    \n        <\/div>\n<!-- \/module image -->        <\/div>\n                    <div  data-lazy=\"1\" class=\"module_column tb-column col4-3 tb_g98q428 last\">\n                    <!-- module text -->\n<div  class=\"module module-text tb_hzbk428   \" data-lazy=\"1\">\n        <div  class=\"tb_text_wrap\">\n        <p>Nous proposons deux diff\u00e9rents types de tiges de brasage en argent, tous les deux sans cadmium et d&rsquo;une longueur de 500\u00a0mm (suffisante pour 1500 &#8211; 2000\u00a0segments).<\/p><p>Prix pour 1\u00a0kg (selon le prix du march\u00e9).<\/p>\n<table id=\"tablepress-22\" class=\"tablepress tablepress-id-22\">\n<thead>\n<tr class=\"row-1\">\n\t<th class=\"column-1\">Type<\/th><th class=\"column-2\">Info<\/th><th class=\"column-3\">Art.no<\/th>\n<\/tr>\n<\/thead>\n<tbody class=\"row-striping row-hover\">\n<tr class=\"row-2\">\n\t<td class=\"column-1\">46% argent<\/td><td class=\"column-2\">La tige d'argent la plus vendue.<\/td><td class=\"column-3\">200206<\/td>\n<\/tr>\n<tr class=\"row-3\">\n\t<td class=\"column-1\">55% argent<\/td><td class=\"column-2\">Une teneur en argent plus \u00e9lev\u00e9e signifie une meilleure flottaison.<\/td><td class=\"column-3\">200202<\/td>\n<\/tr>\n<\/tbody>\n<\/table>\n<!-- #tablepress-22 from cache -->    <\/div>\n<\/div>\n<!-- \/module text -->        <\/div>\n                        <\/div>\n        <\/div>\n                        <div  data-lazy=\"1\" class=\"module_row themify_builder_row tb_v2sa807 tf_w\">\n            <span class=\"tb_row_frame_wrap tf_overflow tf_abs\" data-lazy=\"1\"><span class=\"tb_row_frame tb_row_frame_bottom  tf_abs tf_hide tf_overflow tf_w\"><\/span><\/span>            <div class=\"row_inner col_align_top tb_col_count_2 tf_box tf_rel\">\n                        <div  data-lazy=\"1\" class=\"module_column tb-column col4-1 tb_50dd810 first\">\n                    <!-- module text -->\n<div  class=\"module module-text tb_af4v811   \" data-lazy=\"1\">\n        <div  class=\"tb_text_wrap\">\n        <h2>Bande en argent<\/h2>    <\/div>\n<\/div>\n<!-- \/module text --><!-- module image -->\n<div  class=\"module module-image tb_h2hq811 image-top   tf_mw\" data-lazy=\"1\">\n        <div class=\"image-wrap tf_rel tf_mw\">\n            <img loading=\"lazy\" decoding=\"async\" src=\"https:\/\/diatip.com\/wp-content\/uploads\/2014\/08\/Silver-roll.jpg\" width=\"1176\" height=\"680\" title=\"Argent et flux\" alt=\"Argent et flux\">    \n        <\/div>\n    <!-- \/image-wrap -->\n    \n        <\/div>\n<!-- \/module image -->        <\/div>\n                    <div  data-lazy=\"1\" class=\"module_column tb-column col4-3 tb_zpdw811 last\">\n                    <!-- module text -->\n<div  class=\"module module-text tb_m120811   \" data-lazy=\"1\">\n        <div  class=\"tb_text_wrap\">\n        <p>Notre bande en argent contient 49\u00a0% d&rsquo;argent et est sans cadmium.\u00a0<\/p><p>Prix pour 1\u00a0kg (selon le prix du march\u00e9).<\/p>\n<table id=\"tablepress-25\" class=\"tablepress tablepress-id-25\">\n<thead>\n<tr class=\"row-1\">\n\t<th class=\"column-1\">Type<\/th><th class=\"column-2\">Informations<\/th><th class=\"column-3\">N\u00b0 article<\/th>\n<\/tr>\n<\/thead>\n<tbody class=\"row-striping row-hover\">\n<tr class=\"row-2\">\n\t<td class=\"column-1\">49% argent<\/td><td class=\"column-2\">Un rouleau contient environ 1,3 kg et fait 4,0 mm\/0,2 mm.<\/td><td class=\"column-3\">200208<\/td>\n<\/tr>\n<\/tbody>\n<\/table>\n<!-- #tablepress-25 from cache -->    <\/div>\n<\/div>\n<!-- \/module text -->        <\/div>\n                        <\/div>\n        <\/div>\n                        <div  data-lazy=\"1\" class=\"module_row themify_builder_row tb_0qin807 tf_w\">\n                        <div class=\"row_inner col_align_top tb_col_count_2 tf_box tf_rel\">\n                        <div  data-lazy=\"1\" class=\"module_column tb-column col4-1 tb_j8lk810 first\">\n                    <!-- module text -->\n<div  class=\"module module-text tb_7rxo810   \" data-lazy=\"1\">\n        <div  class=\"tb_text_wrap\">\n        <h2>Flux<\/h2>    <\/div>\n<\/div>\n<!-- \/module text --><!-- module image -->\n<div  class=\"module module-image tb_0nad810 image-top   tf_mw\" data-lazy=\"1\">\n        <div class=\"image-wrap tf_rel tf_mw\">\n            <img loading=\"lazy\" decoding=\"async\" src=\"https:\/\/diatip.com\/wp-content\/uploads\/2014\/08\/Flux.jpg\" width=\"300\" height=\"748\" title=\"Argent et flux\" alt=\"Argent et flux\">    \n        <\/div>\n    <!-- \/image-wrap -->\n    \n        <\/div>\n<!-- \/module image -->        <\/div>\n                    <div  data-lazy=\"1\" class=\"module_column tb-column col4-3 tb_s8ip810 last\">\n                    <!-- module text -->\n<div  class=\"module module-text tb_4am3810   \" data-lazy=\"1\">\n        <div  class=\"tb_text_wrap\">\n        <p>H sp\u00e9cial\u00a0<\/p><p>Prix pour 1\/2\u00a0kg.<\/p>\n<table id=\"tablepress-28\" class=\"tablepress tablepress-id-28\">\n<thead>\n<tr class=\"row-1\">\n\t<th class=\"column-1\">Type<\/th><th class=\"column-2\">Informations<\/th><th class=\"column-3\">N\u00b0 article<\/th>\n<\/tr>\n<\/thead>\n<tbody class=\"row-striping row-hover\">\n<tr class=\"row-2\">\n\t<td class=\"column-1\">Flux<\/td><td class=\"column-2\">P\u00e2te marron Argent et flux.<\/td><td class=\"column-3\">200205<\/td>\n<\/tr>\n<\/tbody>\n<\/table>\n<!-- #tablepress-28 from cache -->    <\/div>\n<\/div>\n<!-- \/module text -->        <\/div>\n                        <\/div>\n        <\/div>\n        <\/div>\n<!--\/themify_builder_content-->","protected":false},"excerpt":{"rendered":"<p>Argent et flux S\u00e9lectionn\u00e9 pour un brasage facile et s\u00fbr.Le prix de l&rsquo;argent varie selon le prix du march\u00e9. Contactez-nous\u00a0pour tout renseignement compl\u00e9mentaire. Tiges de brasage en argent Nous proposons deux diff\u00e9rents types de tiges de brasage en argent, tous les deux sans cadmium et d&rsquo;une longueur de 500\u00a0mm (suffisante pour 1500 &#8211; 2000\u00a0segments). Prix [&hellip;]<\/p>\n","protected":false},"author":2,"featured_media":0,"parent":848,"menu_order":0,"comment_status":"closed","ping_status":"closed","template":"","meta":{"footnotes":""},"class_list":["post-890","page","type-page","status-publish","hentry","has-post-title","has-post-date","has-post-category","has-post-tag","has-post-comment","has-post-author",""],"yoast_head":"<!-- This site is optimized with the Yoast SEO plugin v27.4 - https:\/\/yoast.com\/product\/yoast-seo-wordpress\/ -->\n<title>Argent et flux &#8226; Diatip<\/title>\n<meta name=\"description\" content=\"Argent et flux S\u00e9lectionn\u00e9 pour un brasage facile et s\u00fbr.Le prix de l&#039;argent varie selon le prix du march\u00e9. Contactez-nous\u00a0pour tout renseignement\" \/>\n<meta name=\"robots\" content=\"index, follow, max-snippet:-1, max-image-preview:large, max-video-preview:-1\" \/>\n<link rel=\"canonical\" href=\"https:\/\/www.diatip.com\/fr\/des-produits\/argent-et-flux\/\" \/>\n<meta property=\"og:locale\" content=\"fr_FR\" \/>\n<meta property=\"og:type\" content=\"article\" \/>\n<meta property=\"og:title\" content=\"Argent et flux &#8226; Diatip\" \/>\n<meta property=\"og:description\" content=\"Argent et flux S\u00e9lectionn\u00e9 pour un brasage facile et s\u00fbr.Le prix de l&#039;argent varie selon le prix du march\u00e9. Contactez-nous\u00a0pour tout renseignement\" \/>\n<meta property=\"og:url\" content=\"https:\/\/www.diatip.com\/fr\/des-produits\/argent-et-flux\/\" \/>\n<meta property=\"og:site_name\" content=\"Diatip\" \/>\n<meta property=\"article:modified_time\" content=\"2025-05-14T12:20:42+00:00\" \/>\n<meta property=\"og:image\" content=\"https:\/\/diatip.com\/wp-content\/uploads\/2014\/08\/silver-rods-e1407414832181.jpg\" \/>\n<meta name=\"twitter:card\" content=\"summary_large_image\" \/>\n<meta name=\"twitter:label1\" content=\"Dur\u00e9e de lecture estim\u00e9e\" \/>\n\t<meta name=\"twitter:data1\" content=\"1 minute\" \/>\n<script type=\"application\/ld+json\" class=\"yoast-schema-graph\">{\"@context\":\"https:\\\/\\\/schema.org\",\"@graph\":[{\"@type\":\"WebPage\",\"@id\":\"https:\\\/\\\/www.diatip.com\\\/fr\\\/des-produits\\\/argent-et-flux\\\/\",\"url\":\"https:\\\/\\\/www.diatip.com\\\/fr\\\/des-produits\\\/argent-et-flux\\\/\",\"name\":\"Argent et flux &#8226; Diatip\",\"isPartOf\":{\"@id\":\"https:\\\/\\\/www.diatip.com\\\/fr\\\/#website\"},\"primaryImageOfPage\":{\"@id\":\"https:\\\/\\\/www.diatip.com\\\/fr\\\/des-produits\\\/argent-et-flux\\\/#primaryimage\"},\"image\":{\"@id\":\"https:\\\/\\\/www.diatip.com\\\/fr\\\/des-produits\\\/argent-et-flux\\\/#primaryimage\"},\"thumbnailUrl\":\"https:\\\/\\\/diatip.com\\\/wp-content\\\/uploads\\\/2014\\\/08\\\/silver-rods-e1407414832181.jpg\",\"datePublished\":\"2020-09-24T09:29:39+00:00\",\"dateModified\":\"2025-05-14T12:20:42+00:00\",\"description\":\"Argent et flux S\u00e9lectionn\u00e9 pour un brasage facile et s\u00fbr.Le prix de l'argent varie selon le prix du march\u00e9. Contactez-nous\u00a0pour tout renseignement\",\"breadcrumb\":{\"@id\":\"https:\\\/\\\/www.diatip.com\\\/fr\\\/des-produits\\\/argent-et-flux\\\/#breadcrumb\"},\"inLanguage\":\"fr-FR\",\"potentialAction\":[{\"@type\":\"ReadAction\",\"target\":[\"https:\\\/\\\/www.diatip.com\\\/fr\\\/des-produits\\\/argent-et-flux\\\/\"]}]},{\"@type\":\"ImageObject\",\"inLanguage\":\"fr-FR\",\"@id\":\"https:\\\/\\\/www.diatip.com\\\/fr\\\/des-produits\\\/argent-et-flux\\\/#primaryimage\",\"url\":\"https:\\\/\\\/diatip.com\\\/wp-content\\\/uploads\\\/2014\\\/08\\\/silver-rods-e1407414832181.jpg\",\"contentUrl\":\"https:\\\/\\\/diatip.com\\\/wp-content\\\/uploads\\\/2014\\\/08\\\/silver-rods-e1407414832181.jpg\"},{\"@type\":\"BreadcrumbList\",\"@id\":\"https:\\\/\\\/www.diatip.com\\\/fr\\\/des-produits\\\/argent-et-flux\\\/#breadcrumb\",\"itemListElement\":[{\"@type\":\"ListItem\",\"position\":1,\"name\":\"Home\",\"item\":\"https:\\\/\\\/www.diatip.com\\\/fr\\\/\"},{\"@type\":\"ListItem\",\"position\":2,\"name\":\"Des produits\",\"item\":\"https:\\\/\\\/www.diatip.com\\\/fr\\\/des-produits\\\/\"},{\"@type\":\"ListItem\",\"position\":3,\"name\":\"Argent et flux\"}]},{\"@type\":\"WebSite\",\"@id\":\"https:\\\/\\\/www.diatip.com\\\/fr\\\/#website\",\"url\":\"https:\\\/\\\/www.diatip.com\\\/fr\\\/\",\"name\":\"Diatip\",\"description\":\"Retipping Diamond Core Bits or Diamond Sawblades\",\"publisher\":{\"@id\":\"https:\\\/\\\/www.diatip.com\\\/fr\\\/#organization\"},\"potentialAction\":[{\"@type\":\"SearchAction\",\"target\":{\"@type\":\"EntryPoint\",\"urlTemplate\":\"https:\\\/\\\/www.diatip.com\\\/fr\\\/?s={search_term_string}\"},\"query-input\":{\"@type\":\"PropertyValueSpecification\",\"valueRequired\":true,\"valueName\":\"search_term_string\"}}],\"inLanguage\":\"fr-FR\"},{\"@type\":\"Organization\",\"@id\":\"https:\\\/\\\/www.diatip.com\\\/fr\\\/#organization\",\"name\":\"Diatip\",\"url\":\"https:\\\/\\\/www.diatip.com\\\/fr\\\/\",\"logo\":{\"@type\":\"ImageObject\",\"inLanguage\":\"fr-FR\",\"@id\":\"https:\\\/\\\/www.diatip.com\\\/fr\\\/#\\\/schema\\\/logo\\\/image\\\/\",\"url\":\"https:\\\/\\\/www.diatip.com\\\/wp-content\\\/uploads\\\/2020\\\/06\\\/diatip-logo-low.jpg\",\"contentUrl\":\"https:\\\/\\\/www.diatip.com\\\/wp-content\\\/uploads\\\/2020\\\/06\\\/diatip-logo-low.jpg\",\"width\":304,\"height\":92,\"caption\":\"Diatip\"},\"image\":{\"@id\":\"https:\\\/\\\/www.diatip.com\\\/fr\\\/#\\\/schema\\\/logo\\\/image\\\/\"}}]}<\/script>\n<!-- \/ Yoast SEO plugin. -->","yoast_head_json":{"title":"Argent et flux &#8226; Diatip","description":"Argent et flux S\u00e9lectionn\u00e9 pour un brasage facile et s\u00fbr.Le prix de l'argent varie selon le prix du march\u00e9. Contactez-nous\u00a0pour tout renseignement","robots":{"index":"index","follow":"follow","max-snippet":"max-snippet:-1","max-image-preview":"max-image-preview:large","max-video-preview":"max-video-preview:-1"},"canonical":"https:\/\/www.diatip.com\/fr\/des-produits\/argent-et-flux\/","og_locale":"fr_FR","og_type":"article","og_title":"Argent et flux &#8226; Diatip","og_description":"Argent et flux S\u00e9lectionn\u00e9 pour un brasage facile et s\u00fbr.Le prix de l'argent varie selon le prix du march\u00e9. Contactez-nous\u00a0pour tout renseignement","og_url":"https:\/\/www.diatip.com\/fr\/des-produits\/argent-et-flux\/","og_site_name":"Diatip","article_modified_time":"2025-05-14T12:20:42+00:00","og_image":[{"url":"https:\/\/diatip.com\/wp-content\/uploads\/2014\/08\/silver-rods-e1407414832181.jpg","type":"","width":"","height":""}],"twitter_card":"summary_large_image","twitter_misc":{"Dur\u00e9e de lecture estim\u00e9e":"1 minute"},"schema":{"@context":"https:\/\/schema.org","@graph":[{"@type":"WebPage","@id":"https:\/\/www.diatip.com\/fr\/des-produits\/argent-et-flux\/","url":"https:\/\/www.diatip.com\/fr\/des-produits\/argent-et-flux\/","name":"Argent et flux &#8226; Diatip","isPartOf":{"@id":"https:\/\/www.diatip.com\/fr\/#website"},"primaryImageOfPage":{"@id":"https:\/\/www.diatip.com\/fr\/des-produits\/argent-et-flux\/#primaryimage"},"image":{"@id":"https:\/\/www.diatip.com\/fr\/des-produits\/argent-et-flux\/#primaryimage"},"thumbnailUrl":"https:\/\/diatip.com\/wp-content\/uploads\/2014\/08\/silver-rods-e1407414832181.jpg","datePublished":"2020-09-24T09:29:39+00:00","dateModified":"2025-05-14T12:20:42+00:00","description":"Argent et flux S\u00e9lectionn\u00e9 pour un brasage facile et s\u00fbr.Le prix de l'argent varie selon le prix du march\u00e9. Contactez-nous\u00a0pour tout renseignement","breadcrumb":{"@id":"https:\/\/www.diatip.com\/fr\/des-produits\/argent-et-flux\/#breadcrumb"},"inLanguage":"fr-FR","potentialAction":[{"@type":"ReadAction","target":["https:\/\/www.diatip.com\/fr\/des-produits\/argent-et-flux\/"]}]},{"@type":"ImageObject","inLanguage":"fr-FR","@id":"https:\/\/www.diatip.com\/fr\/des-produits\/argent-et-flux\/#primaryimage","url":"https:\/\/diatip.com\/wp-content\/uploads\/2014\/08\/silver-rods-e1407414832181.jpg","contentUrl":"https:\/\/diatip.com\/wp-content\/uploads\/2014\/08\/silver-rods-e1407414832181.jpg"},{"@type":"BreadcrumbList","@id":"https:\/\/www.diatip.com\/fr\/des-produits\/argent-et-flux\/#breadcrumb","itemListElement":[{"@type":"ListItem","position":1,"name":"Home","item":"https:\/\/www.diatip.com\/fr\/"},{"@type":"ListItem","position":2,"name":"Des produits","item":"https:\/\/www.diatip.com\/fr\/des-produits\/"},{"@type":"ListItem","position":3,"name":"Argent et flux"}]},{"@type":"WebSite","@id":"https:\/\/www.diatip.com\/fr\/#website","url":"https:\/\/www.diatip.com\/fr\/","name":"Diatip","description":"Retipping Diamond Core Bits or Diamond Sawblades","publisher":{"@id":"https:\/\/www.diatip.com\/fr\/#organization"},"potentialAction":[{"@type":"SearchAction","target":{"@type":"EntryPoint","urlTemplate":"https:\/\/www.diatip.com\/fr\/?s={search_term_string}"},"query-input":{"@type":"PropertyValueSpecification","valueRequired":true,"valueName":"search_term_string"}}],"inLanguage":"fr-FR"},{"@type":"Organization","@id":"https:\/\/www.diatip.com\/fr\/#organization","name":"Diatip","url":"https:\/\/www.diatip.com\/fr\/","logo":{"@type":"ImageObject","inLanguage":"fr-FR","@id":"https:\/\/www.diatip.com\/fr\/#\/schema\/logo\/image\/","url":"https:\/\/www.diatip.com\/wp-content\/uploads\/2020\/06\/diatip-logo-low.jpg","contentUrl":"https:\/\/www.diatip.com\/wp-content\/uploads\/2020\/06\/diatip-logo-low.jpg","width":304,"height":92,"caption":"Diatip"},"image":{"@id":"https:\/\/www.diatip.com\/fr\/#\/schema\/logo\/image\/"}}]}},"_links":{"self":[{"href":"https:\/\/www.diatip.com\/fr\/wp-json\/wp\/v2\/pages\/890","targetHints":{"allow":["GET"]}}],"collection":[{"href":"https:\/\/www.diatip.com\/fr\/wp-json\/wp\/v2\/pages"}],"about":[{"href":"https:\/\/www.diatip.com\/fr\/wp-json\/wp\/v2\/types\/page"}],"author":[{"embeddable":true,"href":"https:\/\/www.diatip.com\/fr\/wp-json\/wp\/v2\/users\/2"}],"replies":[{"embeddable":true,"href":"https:\/\/www.diatip.com\/fr\/wp-json\/wp\/v2\/comments?post=890"}],"version-history":[{"count":3,"href":"https:\/\/www.diatip.com\/fr\/wp-json\/wp\/v2\/pages\/890\/revisions"}],"predecessor-version":[{"id":1942,"href":"https:\/\/www.diatip.com\/fr\/wp-json\/wp\/v2\/pages\/890\/revisions\/1942"}],"up":[{"embeddable":true,"href":"https:\/\/www.diatip.com\/fr\/wp-json\/wp\/v2\/pages\/848"}],"wp:attachment":[{"href":"https:\/\/www.diatip.com\/fr\/wp-json\/wp\/v2\/media?parent=890"}],"curies":[{"name":"wp","href":"https:\/\/api.w.org\/{rel}","templated":true}]}}