{"id":873,"date":"2020-09-24T09:29:25","date_gmt":"2020-09-24T09:29:25","guid":{"rendered":"https:\/\/diatip.com\/products\/magnets\/"},"modified":"2025-05-21T10:29:35","modified_gmt":"2025-05-21T10:29:35","slug":"aimants","status":"publish","type":"page","link":"https:\/\/www.diatip.com\/fr\/des-produits\/aimants\/","title":{"rendered":"Aimants"},"content":{"rendered":"<!--themify_builder_content-->\n<div id=\"themify_builder_content-873\" data-postid=\"873\" class=\"themify_builder_content themify_builder_content-873 themify_builder tf_clear\">\n                    <div  data-lazy=\"1\" class=\"module_row themify_builder_row tb_4n60526 tb_first tf_w\">\n            <span class=\"tb_row_frame_wrap tf_overflow tf_abs\" data-lazy=\"1\"><span class=\"tb_row_frame tb_row_frame_bottom  tf_abs tf_hide tf_overflow tf_w\"><\/span><\/span>            <div class=\"row_inner col_align_top tb_col_count_1 tf_box tf_rel\">\n                        <div  data-lazy=\"1\" class=\"module_column tb-column col-full tb_aiyr527 first\">\n                    <!-- module text -->\n<div  class=\"module module-text tb_jgx4528   \" data-lazy=\"1\">\n        <div  class=\"tb_text_wrap\">\n        <h1 style=\"text-align: center;\"><span style=\"color: #ffffff;\">Aimants<\/span><\/h1>    <\/div>\n<\/div>\n<!-- \/module text -->        <\/div>\n                        <\/div>\n        <\/div>\n                        <div  data-lazy=\"1\" class=\"module_row themify_builder_row tb_nwpq526 tf_w\">\n            <span class=\"tb_row_frame_wrap tf_overflow tf_abs\" data-lazy=\"1\"><span class=\"tb_row_frame tb_row_frame_bottom  tf_abs tf_hide tf_overflow tf_w\"><\/span><\/span>            <div class=\"row_inner col_align_top tb_col_count_1 tf_box tf_rel\">\n                        <div  data-lazy=\"1\" class=\"module_column tb-column col-full tb_tnrg528 first\">\n                    <!-- module text -->\n<div  class=\"module module-text tb_m9eh529   \" data-lazy=\"1\">\n        <div  class=\"tb_text_wrap\">\n        <p>Employez nos aimants JM ou nos aimants \u00e0 flux r\u00e9sistants pour des d\u00e9pouilles lat\u00e9rales et un positionnement pr\u00e9cis des segments \u00e0 diamant pendant le brasage de la couronne.<\/p>    <\/div>\n<\/div>\n<!-- \/module text -->        <\/div>\n                        <\/div>\n        <\/div>\n                        <div  data-lazy=\"1\" class=\"module_row themify_builder_row tb_u5nc527 tf_w\">\n            <span class=\"tb_row_frame_wrap tf_overflow tf_abs\" data-lazy=\"1\"><span class=\"tb_row_frame tb_row_frame_bottom  tf_abs tf_hide tf_overflow tf_w\"><\/span><\/span>            <div class=\"row_inner col_align_top tb_col_count_2 tf_box tf_rel\">\n                        <div  data-lazy=\"1\" class=\"module_column tb-column col4-1 tb_mlhl529 first\">\n                    <!-- module text -->\n<div  class=\"module module-text tb_gk9p529   \" data-lazy=\"1\">\n        <div  class=\"tb_text_wrap\">\n        <h2>Aimants JM<\/h2>    <\/div>\n<\/div>\n<!-- \/module text --><!-- module image -->\n<div  class=\"module module-image tb_qtb0529 image-top   tf_mw\" data-lazy=\"1\">\n        <div class=\"image-wrap tf_rel tf_mw\">\n            <img loading=\"lazy\" decoding=\"async\" src=\"http:\/\/diatip.com\/wp-content\/uploads\/2014\/08\/jm-magnets-low.jpg\" width=\"205\" height=\"166\" title=\"Aimants\" alt=\"Aimants\">    \n        <\/div>\n    <!-- \/image-wrap -->\n    \n        <\/div>\n<!-- \/module image -->        <\/div>\n                    <div  data-lazy=\"1\" class=\"module_column tb-column col4-3 tb_7u9j530 last\">\n                    <!-- module text -->\n<div  class=\"module module-text tb_42im726   \" data-lazy=\"1\">\n        <div  class=\"tb_text_wrap\">\n        <ul>\n<li>\u00c9conomique \u2013 notre meilleure vente<\/li>\n<li>Solide<\/li>\n<li>Facile \u00e0 manipuler<\/li>\n<\/ul>\n<p>Disponible en deux versions, chacune avec deux d\u00e9pouilles<\/p>\n<p><strong>Lat\u00e9rales diff\u00e9rentes\u00a0:<\/strong><\/p>\n\n<table id=\"tablepress-16\" class=\"tablepress tablepress-id-16\">\n<thead>\n<tr class=\"row-1\">\n\t<th class=\"column-1\">Type<\/th><th class=\"column-2\">Info<\/th><th class=\"column-3\">Art.no<\/th>\n<\/tr>\n<\/thead>\n<tbody class=\"row-striping row-hover\">\n<tr class=\"row-2\">\n\t<td class=\"column-1\">A<\/td><td class=\"column-2\">\tLe plus utilis\u00e9 \u2013 s'adapte quasiment \u00e0 tous les diam\u00e8tres.<br \/>\nD\u00e9pouilles de 0,75 et 1,00 mm.<\/td><td class=\"column-3\">201000<\/td>\n<\/tr>\n<tr class=\"row-3\">\n\t<td class=\"column-1\">B<\/td><td class=\"column-2\">Pour le diam\u00e8tre le plus petit et le plus grand.<br \/>\nD\u00e9pouilles de 0,50 et 1,25 mm.<\/td><td class=\"column-3\">201010<\/td>\n<\/tr>\n<\/tbody>\n<\/table>\n<!-- #tablepress-16 from cache -->    <\/div>\n<\/div>\n<!-- \/module text -->        <\/div>\n                        <\/div>\n        <\/div>\n                        <div  data-lazy=\"1\" class=\"module_row themify_builder_row tb_dwez527 tf_w\">\n                        <div class=\"row_inner col_align_top tb_col_count_2 tf_box tf_rel\">\n                        <div  data-lazy=\"1\" class=\"module_column tb-column col4-1 tb_ii8w530 first\">\n                    <!-- module text -->\n<div  class=\"module module-text tb_urlf530   \" data-lazy=\"1\">\n        <div  class=\"tb_text_wrap\">\n        <h2>Aimants \u00e0 flux r\u00e9sistants<\/h2>    <\/div>\n<\/div>\n<!-- \/module text --><!-- module image -->\n<div  class=\"module module-image tb_ynbi530 image-top   tf_mw\" data-lazy=\"1\">\n        <div class=\"image-wrap tf_rel tf_mw\">\n            <img loading=\"lazy\" decoding=\"async\" src=\"http:\/\/diatip.com\/wp-content\/uploads\/2014\/08\/Sfm-magnets-low.jpg\" width=\"200\" height=\"189\" title=\"Aimants\" alt=\"Aimants\">    \n        <\/div>\n    <!-- \/image-wrap -->\n    \n        <\/div>\n<!-- \/module image -->        <\/div>\n                    <div  data-lazy=\"1\" class=\"module_column tb-column col4-3 tb_em28530 last\">\n                    <!-- module text -->\n<div  class=\"module module-text tb_clkq157   \" data-lazy=\"1\">\n        <div  class=\"tb_text_wrap\">\n        <ul>\n<li>Longue dur\u00e9e de vie<\/li>\n<li>Universel \u2013 quatre d\u00e9pouilles lat\u00e9rales diff\u00e9rentes sur chacun\n<p>0,5 mm\/0,75 mm\/1,0 mm\/1,25 mm<br>(0.02&Prime;\/ 0.03&Prime;\/ 0.04&Prime;\/ 0.05&Prime;)<\/p>\n<\/li>\n<\/ul>\n<p><strong>Disponible avec deux fonctions diff\u00e9rentes:<\/strong><\/p>\n\n<table id=\"tablepress-19\" class=\"tablepress tablepress-id-19\">\n<thead>\n<tr class=\"row-1\">\n\t<th class=\"column-1\">Type<\/th><th class=\"column-2\">Info<\/th><th class=\"column-3\">Art.no<\/th>\n<\/tr>\n<\/thead>\n<tbody class=\"row-striping row-hover\">\n<tr class=\"row-2\">\n\t<td class=\"column-1\">Normal<\/td><td class=\"column-2\">S'adapte quasiment \u00e0 tous les diam\u00e8tres<\/td><td class=\"column-3\">45025<\/td>\n<\/tr>\n<tr class=\"row-3\">\n\t<td class=\"column-1\">Thin<\/td><td class=\"column-2\">Pour les m\u00e8ches de petit diam\u00e8tre<\/td><td class=\"column-3\">45025S<\/td>\n<\/tr>\n<\/tbody>\n<\/table>\n<!-- #tablepress-19 from cache -->    <\/div>\n<\/div>\n<!-- \/module text -->        <\/div>\n                        <\/div>\n        <\/div>\n        <\/div>\n<!--\/themify_builder_content-->","protected":false},"excerpt":{"rendered":"<p>Aimants Employez nos aimants JM ou nos aimants \u00e0 flux r\u00e9sistants pour des d\u00e9pouilles lat\u00e9rales et un positionnement pr\u00e9cis des segments \u00e0 diamant pendant le brasage de la couronne. Aimants JM \u00c9conomique \u2013 notre meilleure vente Solide Facile \u00e0 manipuler Disponible en deux versions, chacune avec deux d\u00e9pouilles Lat\u00e9rales diff\u00e9rentes\u00a0: Aimants \u00e0 flux r\u00e9sistants Longue [&hellip;]<\/p>\n","protected":false},"author":2,"featured_media":0,"parent":848,"menu_order":0,"comment_status":"closed","ping_status":"closed","template":"","meta":{"footnotes":""},"class_list":["post-873","page","type-page","status-publish","hentry","has-post-title","has-post-date","has-post-category","has-post-tag","has-post-comment","has-post-author",""],"yoast_head":"<!-- This site is optimized with the Yoast SEO plugin v27.4 - https:\/\/yoast.com\/product\/yoast-seo-wordpress\/ -->\n<title>Aimants &#8226; Diatip<\/title>\n<meta name=\"description\" content=\"Aimants Employez nos aimants JM ou nos aimants \u00e0 flux r\u00e9sistants pour des d\u00e9pouilles lat\u00e9rales et un positionnement pr\u00e9cis des segments \u00e0 diamant pendant\" \/>\n<meta name=\"robots\" content=\"index, follow, max-snippet:-1, max-image-preview:large, max-video-preview:-1\" \/>\n<link rel=\"canonical\" href=\"https:\/\/www.diatip.com\/fr\/des-produits\/aimants\/\" \/>\n<meta property=\"og:locale\" content=\"fr_FR\" \/>\n<meta property=\"og:type\" content=\"article\" \/>\n<meta property=\"og:title\" content=\"Aimants &#8226; Diatip\" \/>\n<meta property=\"og:description\" content=\"Aimants Employez nos aimants JM ou nos aimants \u00e0 flux r\u00e9sistants pour des d\u00e9pouilles lat\u00e9rales et un positionnement pr\u00e9cis des segments \u00e0 diamant pendant\" \/>\n<meta property=\"og:url\" content=\"https:\/\/www.diatip.com\/fr\/des-produits\/aimants\/\" \/>\n<meta property=\"og:site_name\" content=\"Diatip\" \/>\n<meta property=\"article:modified_time\" content=\"2025-05-21T10:29:35+00:00\" \/>\n<meta property=\"og:image\" content=\"http:\/\/diatip.com\/wp-content\/uploads\/2014\/08\/jm-magnets-low.jpg\" \/>\n<meta name=\"twitter:card\" content=\"summary_large_image\" \/>\n<script type=\"application\/ld+json\" class=\"yoast-schema-graph\">{\"@context\":\"https:\\\/\\\/schema.org\",\"@graph\":[{\"@type\":\"WebPage\",\"@id\":\"https:\\\/\\\/www.diatip.com\\\/fr\\\/des-produits\\\/aimants\\\/\",\"url\":\"https:\\\/\\\/www.diatip.com\\\/fr\\\/des-produits\\\/aimants\\\/\",\"name\":\"Aimants &#8226; Diatip\",\"isPartOf\":{\"@id\":\"https:\\\/\\\/www.diatip.com\\\/fr\\\/#website\"},\"primaryImageOfPage\":{\"@id\":\"https:\\\/\\\/www.diatip.com\\\/fr\\\/des-produits\\\/aimants\\\/#primaryimage\"},\"image\":{\"@id\":\"https:\\\/\\\/www.diatip.com\\\/fr\\\/des-produits\\\/aimants\\\/#primaryimage\"},\"thumbnailUrl\":\"http:\\\/\\\/diatip.com\\\/wp-content\\\/uploads\\\/2014\\\/08\\\/jm-magnets-low.jpg\",\"datePublished\":\"2020-09-24T09:29:25+00:00\",\"dateModified\":\"2025-05-21T10:29:35+00:00\",\"description\":\"Aimants Employez nos aimants JM ou nos aimants \u00e0 flux r\u00e9sistants pour des d\u00e9pouilles lat\u00e9rales et un positionnement pr\u00e9cis des segments \u00e0 diamant pendant\",\"breadcrumb\":{\"@id\":\"https:\\\/\\\/www.diatip.com\\\/fr\\\/des-produits\\\/aimants\\\/#breadcrumb\"},\"inLanguage\":\"fr-FR\",\"potentialAction\":[{\"@type\":\"ReadAction\",\"target\":[\"https:\\\/\\\/www.diatip.com\\\/fr\\\/des-produits\\\/aimants\\\/\"]}]},{\"@type\":\"ImageObject\",\"inLanguage\":\"fr-FR\",\"@id\":\"https:\\\/\\\/www.diatip.com\\\/fr\\\/des-produits\\\/aimants\\\/#primaryimage\",\"url\":\"http:\\\/\\\/diatip.com\\\/wp-content\\\/uploads\\\/2014\\\/08\\\/jm-magnets-low.jpg\",\"contentUrl\":\"http:\\\/\\\/diatip.com\\\/wp-content\\\/uploads\\\/2014\\\/08\\\/jm-magnets-low.jpg\"},{\"@type\":\"BreadcrumbList\",\"@id\":\"https:\\\/\\\/www.diatip.com\\\/fr\\\/des-produits\\\/aimants\\\/#breadcrumb\",\"itemListElement\":[{\"@type\":\"ListItem\",\"position\":1,\"name\":\"Home\",\"item\":\"https:\\\/\\\/www.diatip.com\\\/fr\\\/\"},{\"@type\":\"ListItem\",\"position\":2,\"name\":\"Des produits\",\"item\":\"https:\\\/\\\/www.diatip.com\\\/fr\\\/des-produits\\\/\"},{\"@type\":\"ListItem\",\"position\":3,\"name\":\"Aimants\"}]},{\"@type\":\"WebSite\",\"@id\":\"https:\\\/\\\/www.diatip.com\\\/fr\\\/#website\",\"url\":\"https:\\\/\\\/www.diatip.com\\\/fr\\\/\",\"name\":\"Diatip\",\"description\":\"Retipping Diamond Core Bits or Diamond Sawblades\",\"publisher\":{\"@id\":\"https:\\\/\\\/www.diatip.com\\\/fr\\\/#organization\"},\"potentialAction\":[{\"@type\":\"SearchAction\",\"target\":{\"@type\":\"EntryPoint\",\"urlTemplate\":\"https:\\\/\\\/www.diatip.com\\\/fr\\\/?s={search_term_string}\"},\"query-input\":{\"@type\":\"PropertyValueSpecification\",\"valueRequired\":true,\"valueName\":\"search_term_string\"}}],\"inLanguage\":\"fr-FR\"},{\"@type\":\"Organization\",\"@id\":\"https:\\\/\\\/www.diatip.com\\\/fr\\\/#organization\",\"name\":\"Diatip\",\"url\":\"https:\\\/\\\/www.diatip.com\\\/fr\\\/\",\"logo\":{\"@type\":\"ImageObject\",\"inLanguage\":\"fr-FR\",\"@id\":\"https:\\\/\\\/www.diatip.com\\\/fr\\\/#\\\/schema\\\/logo\\\/image\\\/\",\"url\":\"https:\\\/\\\/www.diatip.com\\\/wp-content\\\/uploads\\\/2020\\\/06\\\/diatip-logo-low.jpg\",\"contentUrl\":\"https:\\\/\\\/www.diatip.com\\\/wp-content\\\/uploads\\\/2020\\\/06\\\/diatip-logo-low.jpg\",\"width\":304,\"height\":92,\"caption\":\"Diatip\"},\"image\":{\"@id\":\"https:\\\/\\\/www.diatip.com\\\/fr\\\/#\\\/schema\\\/logo\\\/image\\\/\"}}]}<\/script>\n<!-- \/ Yoast SEO plugin. -->","yoast_head_json":{"title":"Aimants &#8226; Diatip","description":"Aimants Employez nos aimants JM ou nos aimants \u00e0 flux r\u00e9sistants pour des d\u00e9pouilles lat\u00e9rales et un positionnement pr\u00e9cis des segments \u00e0 diamant pendant","robots":{"index":"index","follow":"follow","max-snippet":"max-snippet:-1","max-image-preview":"max-image-preview:large","max-video-preview":"max-video-preview:-1"},"canonical":"https:\/\/www.diatip.com\/fr\/des-produits\/aimants\/","og_locale":"fr_FR","og_type":"article","og_title":"Aimants &#8226; Diatip","og_description":"Aimants Employez nos aimants JM ou nos aimants \u00e0 flux r\u00e9sistants pour des d\u00e9pouilles lat\u00e9rales et un positionnement pr\u00e9cis des segments \u00e0 diamant pendant","og_url":"https:\/\/www.diatip.com\/fr\/des-produits\/aimants\/","og_site_name":"Diatip","article_modified_time":"2025-05-21T10:29:35+00:00","og_image":[{"url":"http:\/\/diatip.com\/wp-content\/uploads\/2014\/08\/jm-magnets-low.jpg","type":"","width":"","height":""}],"twitter_card":"summary_large_image","schema":{"@context":"https:\/\/schema.org","@graph":[{"@type":"WebPage","@id":"https:\/\/www.diatip.com\/fr\/des-produits\/aimants\/","url":"https:\/\/www.diatip.com\/fr\/des-produits\/aimants\/","name":"Aimants &#8226; Diatip","isPartOf":{"@id":"https:\/\/www.diatip.com\/fr\/#website"},"primaryImageOfPage":{"@id":"https:\/\/www.diatip.com\/fr\/des-produits\/aimants\/#primaryimage"},"image":{"@id":"https:\/\/www.diatip.com\/fr\/des-produits\/aimants\/#primaryimage"},"thumbnailUrl":"http:\/\/diatip.com\/wp-content\/uploads\/2014\/08\/jm-magnets-low.jpg","datePublished":"2020-09-24T09:29:25+00:00","dateModified":"2025-05-21T10:29:35+00:00","description":"Aimants Employez nos aimants JM ou nos aimants \u00e0 flux r\u00e9sistants pour des d\u00e9pouilles lat\u00e9rales et un positionnement pr\u00e9cis des segments \u00e0 diamant pendant","breadcrumb":{"@id":"https:\/\/www.diatip.com\/fr\/des-produits\/aimants\/#breadcrumb"},"inLanguage":"fr-FR","potentialAction":[{"@type":"ReadAction","target":["https:\/\/www.diatip.com\/fr\/des-produits\/aimants\/"]}]},{"@type":"ImageObject","inLanguage":"fr-FR","@id":"https:\/\/www.diatip.com\/fr\/des-produits\/aimants\/#primaryimage","url":"http:\/\/diatip.com\/wp-content\/uploads\/2014\/08\/jm-magnets-low.jpg","contentUrl":"http:\/\/diatip.com\/wp-content\/uploads\/2014\/08\/jm-magnets-low.jpg"},{"@type":"BreadcrumbList","@id":"https:\/\/www.diatip.com\/fr\/des-produits\/aimants\/#breadcrumb","itemListElement":[{"@type":"ListItem","position":1,"name":"Home","item":"https:\/\/www.diatip.com\/fr\/"},{"@type":"ListItem","position":2,"name":"Des produits","item":"https:\/\/www.diatip.com\/fr\/des-produits\/"},{"@type":"ListItem","position":3,"name":"Aimants"}]},{"@type":"WebSite","@id":"https:\/\/www.diatip.com\/fr\/#website","url":"https:\/\/www.diatip.com\/fr\/","name":"Diatip","description":"Retipping Diamond Core Bits or Diamond Sawblades","publisher":{"@id":"https:\/\/www.diatip.com\/fr\/#organization"},"potentialAction":[{"@type":"SearchAction","target":{"@type":"EntryPoint","urlTemplate":"https:\/\/www.diatip.com\/fr\/?s={search_term_string}"},"query-input":{"@type":"PropertyValueSpecification","valueRequired":true,"valueName":"search_term_string"}}],"inLanguage":"fr-FR"},{"@type":"Organization","@id":"https:\/\/www.diatip.com\/fr\/#organization","name":"Diatip","url":"https:\/\/www.diatip.com\/fr\/","logo":{"@type":"ImageObject","inLanguage":"fr-FR","@id":"https:\/\/www.diatip.com\/fr\/#\/schema\/logo\/image\/","url":"https:\/\/www.diatip.com\/wp-content\/uploads\/2020\/06\/diatip-logo-low.jpg","contentUrl":"https:\/\/www.diatip.com\/wp-content\/uploads\/2020\/06\/diatip-logo-low.jpg","width":304,"height":92,"caption":"Diatip"},"image":{"@id":"https:\/\/www.diatip.com\/fr\/#\/schema\/logo\/image\/"}}]}},"_links":{"self":[{"href":"https:\/\/www.diatip.com\/fr\/wp-json\/wp\/v2\/pages\/873","targetHints":{"allow":["GET"]}}],"collection":[{"href":"https:\/\/www.diatip.com\/fr\/wp-json\/wp\/v2\/pages"}],"about":[{"href":"https:\/\/www.diatip.com\/fr\/wp-json\/wp\/v2\/types\/page"}],"author":[{"embeddable":true,"href":"https:\/\/www.diatip.com\/fr\/wp-json\/wp\/v2\/users\/2"}],"replies":[{"embeddable":true,"href":"https:\/\/www.diatip.com\/fr\/wp-json\/wp\/v2\/comments?post=873"}],"version-history":[{"count":8,"href":"https:\/\/www.diatip.com\/fr\/wp-json\/wp\/v2\/pages\/873\/revisions"}],"predecessor-version":[{"id":2101,"href":"https:\/\/www.diatip.com\/fr\/wp-json\/wp\/v2\/pages\/873\/revisions\/2101"}],"up":[{"embeddable":true,"href":"https:\/\/www.diatip.com\/fr\/wp-json\/wp\/v2\/pages\/848"}],"wp:attachment":[{"href":"https:\/\/www.diatip.com\/fr\/wp-json\/wp\/v2\/media?parent=873"}],"curies":[{"name":"wp","href":"https:\/\/api.w.org\/{rel}","templated":true}]}}