{"id":793,"date":"2020-09-24T09:23:32","date_gmt":"2020-09-24T09:23:32","guid":{"rendered":"https:\/\/diatip.com\/?page_id=793"},"modified":"2025-05-14T12:17:28","modified_gmt":"2025-05-14T12:17:28","slug":"de-nous","status":"publish","type":"page","link":"https:\/\/www.diatip.com\/fr\/de-nous\/","title":{"rendered":"De Nous"},"content":{"rendered":"<!--themify_builder_content-->\n<div id=\"themify_builder_content-793\" data-postid=\"793\" class=\"themify_builder_content themify_builder_content-793 themify_builder tf_clear\">\n                    <div  data-lazy=\"1\" class=\"module_row themify_builder_row tb_ovbq888 tb_first tf_w\">\n            <span class=\"tb_row_frame_wrap tf_overflow tf_abs\" data-lazy=\"1\"><span class=\"tb_row_frame tb_row_frame_bottom  tf_abs tf_hide tf_overflow tf_w\"><\/span><\/span>            <div class=\"row_inner col_align_top tb_col_count_1 tf_box tf_rel\">\n                        <div  data-lazy=\"1\" class=\"module_column tb-column col-full tb_861u889 first\">\n                    <!-- module text -->\n<div  class=\"module module-text tb_4m91462   \" data-lazy=\"1\">\n        <div  class=\"tb_text_wrap\">\n        <h1 style=\"text-align: center;\"><span style=\"color: #ffffff;\">DE NOUS<\/span><\/h1>\n    <\/div>\n<\/div>\n<!-- \/module text -->        <\/div>\n                        <\/div>\n        <\/div>\n                        <div  data-lazy=\"1\" class=\"module_row themify_builder_row tb_3c9j474 tf_w\">\n            <span class=\"tb_row_frame_wrap tf_overflow tf_abs\" data-lazy=\"1\"><span class=\"tb_row_frame tb_row_frame_bottom  tf_abs tf_hide tf_overflow tf_w\"><\/span><\/span>            <div class=\"row_inner col_align_top tb_col_count_2 tf_box tf_rel\">\n                        <div  data-lazy=\"1\" class=\"module_column tb-column col4-1 tb_328g476 first\">\n                    <!-- module image -->\n<div  class=\"module module-image tb_zqz0586 image-center drop-shadow  tf_mw\" data-lazy=\"1\">\n        <div class=\"image-wrap tf_rel tf_mw\">\n            <img loading=\"lazy\" decoding=\"async\" src=\"https:\/\/diatip.com\/wp-content\/uploads\/2020\/07\/jack-midhage-low-213x300-1.jpg\" width=\"213\" height=\"300\" title=\"De Nous\" alt=\"De Nous\">    \n        <\/div>\n    <!-- \/image-wrap -->\n    \n        <\/div>\n<!-- \/module image -->        <\/div>\n                    <div  data-lazy=\"1\" class=\"module_column tb-column col4-3 tb_4uar967 last\">\n                    <!-- module text -->\n<div  class=\"module module-text tb_1xpv556   \" data-lazy=\"1\">\n        <div  class=\"tb_text_wrap\">\n        <p><strong>Plus de 25 ans d&rsquo;exp\u00e9rience dans les \u00e9quipements de r\u00e9paration de pointe des couronnes \u00e0 diamant et autres machines de r\u00e9paration des outils diamant\u00e9s. Depuis le d\u00e9but, plus de 1500 unit\u00e9s ont \u00e9t\u00e9 vendues \u00e0 des clients satisfaits dans le monde entier. Qualit\u00e9 sup\u00e9rieure av\u00e9r\u00e9e \u2013 les premi\u00e8res machines vendues sont encore utilis\u00e9es. Service et support complets \u2013 auxiliaires, pi\u00e8ces de rechange et pi\u00e8ces d&rsquo;usure en stock.<\/strong><\/p>\n<p>Les \u00e9quipements de r\u00e9paration de pointe ont commenc\u00e9 \u00e0 \u00eatre d\u00e9velopp\u00e9s au d\u00e9but des ann\u00e9es 90, dans le cadre d&rsquo;une division de la soci\u00e9t\u00e9 Jack Midhage.<br \/>Jack Midhage lui-m\u00eame a eu l&rsquo;id\u00e9e qu&rsquo;un entrepreneur en forage devrait ma\u00eetriser ses propres m\u00e8ches et poss\u00e9der l&rsquo;\u00e9quipement ad\u00e9quat. Le premier mod\u00e8le, le Columbi, a \u00e9t\u00e9 vendu d\u00e8s 1992 et s&rsquo;est av\u00e9r\u00e9 un grand succ\u00e8s.<\/p>\n<p>En 1997, l&rsquo;activit\u00e9 s&rsquo;est tellement d\u00e9velopp\u00e9e que la cr\u00e9ation d&rsquo;une soci\u00e9t\u00e9 pour la vente des \u00e9quipements de r\u00e9paration de pointe, le Midhage Diatip AB, a \u00e9t\u00e9 d\u00e9cid\u00e9e. L&rsquo;entreprise s&rsquo;est fait un nom dans le domaine des outils diamant\u00e9s et la gamme des diff\u00e9rents auxiliaires de r\u00e9paration des outils diamant\u00e9s s&rsquo;est \u00e9largie avec des aimants pour le brasage et des \u00e9quipements de r\u00e9paration des lames de scie.<\/p>\n<p>Jack Midhage a dirig\u00e9 l&rsquo;entreprise jusqu&rsquo;\u00e0 sa mort en 2005. Malgr\u00e9 son \u00e2ge, Jack Midhage a pleinement particip\u00e9 au d\u00e9veloppement de nouveaux produits, ainsi qu&rsquo;\u00e0 la vente et \u00e0 la distribution. Aujourd&rsquo;hui, le fils et la fille de feu M. Midhage sont administrateurs et s&rsquo;impliquent dans la gestion quotidienne de l&rsquo;entreprise en collaboration avec les diff\u00e9rents fabricants.<\/p>    <\/div>\n<\/div>\n<!-- \/module text -->        <\/div>\n                        <\/div>\n        <\/div>\n                        <div  data-css_id=\"ll0t243\" data-lazy=\"1\" class=\"module_row themify_builder_row fullwidth tb_ll0t243 tf_w\">\n                        <div class=\"row_inner col_align_top tb_col_count_1 tf_box tf_rel\">\n                        <div  data-lazy=\"1\" class=\"module_column tb-column col-full tb_zpkn243 first\">\n                    <!-- module text -->\n<div  class=\"module module-text tb_9456243   \" data-lazy=\"1\">\n        <div  class=\"tb_text_wrap\">\n        <h2 style=\"text-align: center;\">En r\u00e9parant soi-m\u00eame ses pointes, il est possible de r\u00e9aliser de grandes \u00e9conomies.<\/h2>\n<h2 style=\"text-align: center;\">Et Diatip vous facilite le travail<\/h2>\n    <\/div>\n<\/div>\n<!-- \/module text --><!-- module divider -->\n<div  class=\"module tf_mw module-divider tb_fgrh142 solid   \" style=\"border-width: 1px;border-color: rgba(0,0,0, 0.00);margin-top: 30px;margin-bottom: 10px;\" data-lazy=\"1\">\n    <\/div>\n<!-- \/module divider -->\n        <div  data-lazy=\"1\" class=\"module_subrow themify_builder_sub_row tf_w col_align_top tb_col_count_4 tb_ryhr244\">\n                <div  data-lazy=\"1\" class=\"module_column sub_column col4-1 tb_ncfk245 first\">\n                    <!-- module feature -->\n<div  class=\"module module-feature tb_wbze245 with-chart layout-icon-top size-small \" data-layout-mobile=\"icon-top\" data-layout-desktop=\"icon-top\" data-lazy=\"1\">\n        <div class=\"module-feature-image tf_textc tf_rel\">\n                            <span class=\"module-feature-chart-html5 tf_box tf_rel tf_inline_b\">\n                                    <svg class=\"tf_abs tf_w tf_h\">\n                    <circle class=\"tb_feature_fill\" r=\"calc(50% - 1.00px)\" cx=\"50%\" cy=\"50%\" stroke-width=\"2\"\/>\n                    <circle class=\"tb_feature_stroke\" r=\"calc(50% - 1.00px)\" cx=\"50%\" cy=\"50%\" stroke=\"#070498\" stroke-width=\"2\" data-progress=\"100\" stroke-dasharray=\"0,10000\"\/>\n                                        <\/svg>\n                                <span class=\"chart-html5-circle tf_w tf_h\">\n                                            <em class=\"module-feature-icon tf_rel\"><svg  class=\"tf_fa tf-fas-check-circle\" xmlns:xlink=\"http:\/\/www.w3.org\/1999\/xlink\" aria-hidden=\"true\"><use href=\"#tf-fas-check-circle\" xlink:href=\"#tf-fas-check-circle\"><\/use><\/svg><\/em>\n                                    <\/span>\n\n                \n            <\/span>\n                <\/div>\n    <div class=\"module-feature-content tf_textc\">\n                    <h3 class=\"module-feature-title\">\n                            Coupe rapide et silencieuse                        <\/h3>\n                    <div class=\"tb_text_wrap\">\n            <p>L&rsquo;\u00e9quipement de r\u00e9paration de pointe Diatip fonctionne plus proprement et plus confortablement. Ni bruit, ni salet\u00e9, ni \u00e9tincelle et coupe plus rapide qu&rsquo;un disque abrasif.<\/p>        <\/div>\n    <\/div>\n<\/div>\n<!-- \/module feature -->\n        <\/div>\n                    <div  data-lazy=\"1\" class=\"module_column sub_column col4-1 tb_s3ks245\">\n                    <!-- module feature -->\n<div  class=\"module module-feature tb_l14r245 with-chart layout-icon-top size-small \" data-layout-mobile=\"icon-top\" data-layout-desktop=\"icon-top\" data-lazy=\"1\">\n        <div class=\"module-feature-image tf_textc tf_rel\">\n                            <span class=\"module-feature-chart-html5 tf_box tf_rel tf_inline_b\">\n                                    <svg class=\"tf_abs tf_w tf_h\">\n                    <circle class=\"tb_feature_fill\" r=\"calc(50% - 1.00px)\" cx=\"50%\" cy=\"50%\" stroke-width=\"2\"\/>\n                    <circle class=\"tb_feature_stroke\" r=\"calc(50% - 1.00px)\" cx=\"50%\" cy=\"50%\" stroke=\"#070498\" stroke-width=\"2\" data-progress=\"100\" stroke-dasharray=\"0,10000\"\/>\n                                        <\/svg>\n                                <span class=\"chart-html5-circle tf_w tf_h\">\n                                            <em class=\"module-feature-icon tf_rel\"><svg  class=\"tf_fa tf-fas-check-circle\" xmlns:xlink=\"http:\/\/www.w3.org\/1999\/xlink\" aria-hidden=\"true\"><use href=\"#tf-fas-check-circle\" xlink:href=\"#tf-fas-check-circle\"><\/use><\/svg><\/em>\n                                    <\/span>\n\n                \n            <\/span>\n                <\/div>\n    <div class=\"module-feature-content tf_textc\">\n                    <h3 class=\"module-feature-title\">\n                            Division pr\u00e9cise du segment                        <\/h3>\n                    <div class=\"tb_text_wrap\">\n            <p>Avec l&rsquo;\u00e9quipement Diatip, vous contr\u00f4lez totalement le nombre et la position des segments que vous voulez sur la couronne.<\/p>        <\/div>\n    <\/div>\n<\/div>\n<!-- \/module feature -->\n        <\/div>\n                    <div  data-lazy=\"1\" class=\"module_column sub_column col4-1 tb_hwts763\">\n                    <!-- module feature -->\n<div  class=\"module module-feature tb_ne2x246 with-chart layout-icon-top size-small \" data-layout-mobile=\"icon-top\" data-layout-desktop=\"icon-top\" data-lazy=\"1\">\n        <div class=\"module-feature-image tf_textc tf_rel\">\n                            <span class=\"module-feature-chart-html5 tf_box tf_rel tf_inline_b\">\n                                    <svg class=\"tf_abs tf_w tf_h\">\n                    <circle class=\"tb_feature_fill\" r=\"calc(50% - 1.00px)\" cx=\"50%\" cy=\"50%\" stroke-width=\"2\"\/>\n                    <circle class=\"tb_feature_stroke\" r=\"calc(50% - 1.00px)\" cx=\"50%\" cy=\"50%\" stroke=\"#070498\" stroke-width=\"2\" data-progress=\"100\" stroke-dasharray=\"0,10000\"\/>\n                                        <\/svg>\n                                <span class=\"chart-html5-circle tf_w tf_h\">\n                                            <em class=\"module-feature-icon tf_rel\"><svg  class=\"tf_fa tf-fas-check-circle\" xmlns:xlink=\"http:\/\/www.w3.org\/1999\/xlink\" aria-hidden=\"true\"><use href=\"#tf-fas-check-circle\" xlink:href=\"#tf-fas-check-circle\"><\/use><\/svg><\/em>\n                                    <\/span>\n\n                \n            <\/span>\n                <\/div>\n    <div class=\"module-feature-content tf_textc\">\n                    <h3 class=\"module-feature-title\">\n                            Plus facile de braser                        <\/h3>\n                    <div class=\"tb_text_wrap\">\n            <p>L&rsquo;\u00e9quipement Diatip fabrique des assises pour les segments tout en coupant la partie us\u00e9e. Ainsi, un support est cr\u00e9\u00e9 sur trois c\u00f4t\u00e9s pour faciliter le brasage.<\/p>        <\/div>\n    <\/div>\n<\/div>\n<!-- \/module feature -->\n        <\/div>\n                    <div  data-lazy=\"1\" class=\"module_column sub_column col4-1 tb_up4z765 last\">\n                    <!-- module feature -->\n<div  class=\"module module-feature tb_daov246 with-chart layout-icon-top size-small \" data-layout-mobile=\"icon-top\" data-layout-desktop=\"icon-top\" data-lazy=\"1\">\n        <div class=\"module-feature-image tf_textc tf_rel\">\n                            <span class=\"module-feature-chart-html5 tf_box tf_rel tf_inline_b\">\n                                    <svg class=\"tf_abs tf_w tf_h\">\n                    <circle class=\"tb_feature_fill\" r=\"calc(50% - 1.00px)\" cx=\"50%\" cy=\"50%\" stroke-width=\"2\"\/>\n                    <circle class=\"tb_feature_stroke\" r=\"calc(50% - 1.00px)\" cx=\"50%\" cy=\"50%\" stroke=\"#070498\" stroke-width=\"2\" data-progress=\"100\" stroke-dasharray=\"0,10000\"\/>\n                                        <\/svg>\n                                <span class=\"chart-html5-circle tf_w tf_h\">\n                                            <em class=\"module-feature-icon tf_rel\"><svg  class=\"tf_fa tf-fas-check-circle\" xmlns:xlink=\"http:\/\/www.w3.org\/1999\/xlink\" aria-hidden=\"true\"><use href=\"#tf-fas-check-circle\" xlink:href=\"#tf-fas-check-circle\"><\/use><\/svg><\/em>\n                                    <\/span>\n\n                \n            <\/span>\n                <\/div>\n    <div class=\"module-feature-content tf_textc\">\n                    <h3 class=\"module-feature-title\">\n                            \u00c9limine les pertes de segments                        <\/h3>\n                    <div class=\"tb_text_wrap\">\n            <p>Les assises diminuent les interruptions dues aux segments perdus. C&rsquo;est plus facile de forer \u00e0 travers des mat\u00e9riaux durs, d&rsquo;utiliser des machines plus puissantes ou de percer plus rapidemen<\/p>        <\/div>\n    <\/div>\n<\/div>\n<!-- \/module feature -->\n        <\/div>\n                    <\/div>\n                <\/div>\n                        <\/div>\n        <\/div>\n        <\/div>\n<!--\/themify_builder_content-->","protected":false},"excerpt":{"rendered":"<p>DE NOUS Plus de 25 ans d&rsquo;exp\u00e9rience dans les \u00e9quipements de r\u00e9paration de pointe des couronnes \u00e0 diamant et autres machines de r\u00e9paration des outils diamant\u00e9s. Depuis le d\u00e9but, plus de 1500 unit\u00e9s ont \u00e9t\u00e9 vendues \u00e0 des clients satisfaits dans le monde entier. Qualit\u00e9 sup\u00e9rieure av\u00e9r\u00e9e \u2013 les premi\u00e8res machines vendues sont encore utilis\u00e9es. [&hellip;]<\/p>\n","protected":false},"author":2,"featured_media":0,"parent":0,"menu_order":0,"comment_status":"closed","ping_status":"closed","template":"","meta":{"footnotes":""},"class_list":["post-793","page","type-page","status-publish","hentry","has-post-title","has-post-date","has-post-category","has-post-tag","has-post-comment","has-post-author",""],"yoast_head":"<!-- This site is optimized with the Yoast SEO plugin v27.5 - https:\/\/yoast.com\/product\/yoast-seo-wordpress\/ -->\n<title>De Nous &#8226; Diatip<\/title>\n<meta name=\"description\" content=\"DE NOUS Plus de 25 ans d&#039;exp\u00e9rience dans les \u00e9quipements de r\u00e9paration de pointe des couronnes \u00e0 diamant et autres machines de r\u00e9paration des outils\" \/>\n<meta name=\"robots\" content=\"index, follow, max-snippet:-1, max-image-preview:large, max-video-preview:-1\" \/>\n<link rel=\"canonical\" href=\"https:\/\/www.diatip.com\/fr\/de-nous\/\" \/>\n<meta property=\"og:locale\" content=\"fr_FR\" \/>\n<meta property=\"og:type\" content=\"article\" \/>\n<meta property=\"og:title\" content=\"De Nous &#8226; Diatip\" \/>\n<meta property=\"og:description\" content=\"DE NOUS Plus de 25 ans d&#039;exp\u00e9rience dans les \u00e9quipements de r\u00e9paration de pointe des couronnes \u00e0 diamant et autres machines de r\u00e9paration des outils\" \/>\n<meta property=\"og:url\" content=\"https:\/\/www.diatip.com\/fr\/de-nous\/\" \/>\n<meta property=\"og:site_name\" content=\"Diatip\" \/>\n<meta property=\"article:modified_time\" content=\"2025-05-14T12:17:28+00:00\" \/>\n<meta property=\"og:image\" content=\"https:\/\/diatip.com\/wp-content\/uploads\/2020\/07\/jack-midhage-low-213x300-1.jpg\" \/>\n<meta name=\"twitter:card\" content=\"summary_large_image\" \/>\n<meta name=\"twitter:label1\" content=\"Dur\u00e9e de lecture estim\u00e9e\" \/>\n\t<meta name=\"twitter:data1\" content=\"2 minutes\" \/>\n<script type=\"application\/ld+json\" class=\"yoast-schema-graph\">{\"@context\":\"https:\\\/\\\/schema.org\",\"@graph\":[{\"@type\":\"WebPage\",\"@id\":\"https:\\\/\\\/www.diatip.com\\\/fr\\\/de-nous\\\/\",\"url\":\"https:\\\/\\\/www.diatip.com\\\/fr\\\/de-nous\\\/\",\"name\":\"De Nous &#8226; Diatip\",\"isPartOf\":{\"@id\":\"https:\\\/\\\/www.diatip.com\\\/fr\\\/#website\"},\"primaryImageOfPage\":{\"@id\":\"https:\\\/\\\/www.diatip.com\\\/fr\\\/de-nous\\\/#primaryimage\"},\"image\":{\"@id\":\"https:\\\/\\\/www.diatip.com\\\/fr\\\/de-nous\\\/#primaryimage\"},\"thumbnailUrl\":\"https:\\\/\\\/diatip.com\\\/wp-content\\\/uploads\\\/2020\\\/07\\\/jack-midhage-low-213x300-1.jpg\",\"datePublished\":\"2020-09-24T09:23:32+00:00\",\"dateModified\":\"2025-05-14T12:17:28+00:00\",\"description\":\"DE NOUS Plus de 25 ans d'exp\u00e9rience dans les \u00e9quipements de r\u00e9paration de pointe des couronnes \u00e0 diamant et autres machines de r\u00e9paration des outils\",\"breadcrumb\":{\"@id\":\"https:\\\/\\\/www.diatip.com\\\/fr\\\/de-nous\\\/#breadcrumb\"},\"inLanguage\":\"fr-FR\",\"potentialAction\":[{\"@type\":\"ReadAction\",\"target\":[\"https:\\\/\\\/www.diatip.com\\\/fr\\\/de-nous\\\/\"]}]},{\"@type\":\"ImageObject\",\"inLanguage\":\"fr-FR\",\"@id\":\"https:\\\/\\\/www.diatip.com\\\/fr\\\/de-nous\\\/#primaryimage\",\"url\":\"https:\\\/\\\/diatip.com\\\/wp-content\\\/uploads\\\/2020\\\/07\\\/jack-midhage-low-213x300-1.jpg\",\"contentUrl\":\"https:\\\/\\\/diatip.com\\\/wp-content\\\/uploads\\\/2020\\\/07\\\/jack-midhage-low-213x300-1.jpg\"},{\"@type\":\"BreadcrumbList\",\"@id\":\"https:\\\/\\\/www.diatip.com\\\/fr\\\/de-nous\\\/#breadcrumb\",\"itemListElement\":[{\"@type\":\"ListItem\",\"position\":1,\"name\":\"Home\",\"item\":\"https:\\\/\\\/www.diatip.com\\\/fr\\\/\"},{\"@type\":\"ListItem\",\"position\":2,\"name\":\"De Nous\"}]},{\"@type\":\"WebSite\",\"@id\":\"https:\\\/\\\/www.diatip.com\\\/fr\\\/#website\",\"url\":\"https:\\\/\\\/www.diatip.com\\\/fr\\\/\",\"name\":\"Diatip\",\"description\":\"Retipping Diamond Core Bits or Diamond Sawblades\",\"publisher\":{\"@id\":\"https:\\\/\\\/www.diatip.com\\\/fr\\\/#organization\"},\"potentialAction\":[{\"@type\":\"SearchAction\",\"target\":{\"@type\":\"EntryPoint\",\"urlTemplate\":\"https:\\\/\\\/www.diatip.com\\\/fr\\\/?s={search_term_string}\"},\"query-input\":{\"@type\":\"PropertyValueSpecification\",\"valueRequired\":true,\"valueName\":\"search_term_string\"}}],\"inLanguage\":\"fr-FR\"},{\"@type\":\"Organization\",\"@id\":\"https:\\\/\\\/www.diatip.com\\\/fr\\\/#organization\",\"name\":\"Diatip\",\"url\":\"https:\\\/\\\/www.diatip.com\\\/fr\\\/\",\"logo\":{\"@type\":\"ImageObject\",\"inLanguage\":\"fr-FR\",\"@id\":\"https:\\\/\\\/www.diatip.com\\\/fr\\\/#\\\/schema\\\/logo\\\/image\\\/\",\"url\":\"https:\\\/\\\/www.diatip.com\\\/wp-content\\\/uploads\\\/2020\\\/06\\\/diatip-logo-low.jpg\",\"contentUrl\":\"https:\\\/\\\/www.diatip.com\\\/wp-content\\\/uploads\\\/2020\\\/06\\\/diatip-logo-low.jpg\",\"width\":304,\"height\":92,\"caption\":\"Diatip\"},\"image\":{\"@id\":\"https:\\\/\\\/www.diatip.com\\\/fr\\\/#\\\/schema\\\/logo\\\/image\\\/\"}}]}<\/script>\n<!-- \/ Yoast SEO plugin. -->","yoast_head_json":{"title":"De Nous &#8226; Diatip","description":"DE NOUS Plus de 25 ans d'exp\u00e9rience dans les \u00e9quipements de r\u00e9paration de pointe des couronnes \u00e0 diamant et autres machines de r\u00e9paration des outils","robots":{"index":"index","follow":"follow","max-snippet":"max-snippet:-1","max-image-preview":"max-image-preview:large","max-video-preview":"max-video-preview:-1"},"canonical":"https:\/\/www.diatip.com\/fr\/de-nous\/","og_locale":"fr_FR","og_type":"article","og_title":"De Nous &#8226; Diatip","og_description":"DE NOUS Plus de 25 ans d'exp\u00e9rience dans les \u00e9quipements de r\u00e9paration de pointe des couronnes \u00e0 diamant et autres machines de r\u00e9paration des outils","og_url":"https:\/\/www.diatip.com\/fr\/de-nous\/","og_site_name":"Diatip","article_modified_time":"2025-05-14T12:17:28+00:00","og_image":[{"url":"https:\/\/diatip.com\/wp-content\/uploads\/2020\/07\/jack-midhage-low-213x300-1.jpg","type":"","width":"","height":""}],"twitter_card":"summary_large_image","twitter_misc":{"Dur\u00e9e de lecture estim\u00e9e":"2 minutes"},"schema":{"@context":"https:\/\/schema.org","@graph":[{"@type":"WebPage","@id":"https:\/\/www.diatip.com\/fr\/de-nous\/","url":"https:\/\/www.diatip.com\/fr\/de-nous\/","name":"De Nous &#8226; Diatip","isPartOf":{"@id":"https:\/\/www.diatip.com\/fr\/#website"},"primaryImageOfPage":{"@id":"https:\/\/www.diatip.com\/fr\/de-nous\/#primaryimage"},"image":{"@id":"https:\/\/www.diatip.com\/fr\/de-nous\/#primaryimage"},"thumbnailUrl":"https:\/\/diatip.com\/wp-content\/uploads\/2020\/07\/jack-midhage-low-213x300-1.jpg","datePublished":"2020-09-24T09:23:32+00:00","dateModified":"2025-05-14T12:17:28+00:00","description":"DE NOUS Plus de 25 ans d'exp\u00e9rience dans les \u00e9quipements de r\u00e9paration de pointe des couronnes \u00e0 diamant et autres machines de r\u00e9paration des outils","breadcrumb":{"@id":"https:\/\/www.diatip.com\/fr\/de-nous\/#breadcrumb"},"inLanguage":"fr-FR","potentialAction":[{"@type":"ReadAction","target":["https:\/\/www.diatip.com\/fr\/de-nous\/"]}]},{"@type":"ImageObject","inLanguage":"fr-FR","@id":"https:\/\/www.diatip.com\/fr\/de-nous\/#primaryimage","url":"https:\/\/diatip.com\/wp-content\/uploads\/2020\/07\/jack-midhage-low-213x300-1.jpg","contentUrl":"https:\/\/diatip.com\/wp-content\/uploads\/2020\/07\/jack-midhage-low-213x300-1.jpg"},{"@type":"BreadcrumbList","@id":"https:\/\/www.diatip.com\/fr\/de-nous\/#breadcrumb","itemListElement":[{"@type":"ListItem","position":1,"name":"Home","item":"https:\/\/www.diatip.com\/fr\/"},{"@type":"ListItem","position":2,"name":"De Nous"}]},{"@type":"WebSite","@id":"https:\/\/www.diatip.com\/fr\/#website","url":"https:\/\/www.diatip.com\/fr\/","name":"Diatip","description":"Retipping Diamond Core Bits or Diamond Sawblades","publisher":{"@id":"https:\/\/www.diatip.com\/fr\/#organization"},"potentialAction":[{"@type":"SearchAction","target":{"@type":"EntryPoint","urlTemplate":"https:\/\/www.diatip.com\/fr\/?s={search_term_string}"},"query-input":{"@type":"PropertyValueSpecification","valueRequired":true,"valueName":"search_term_string"}}],"inLanguage":"fr-FR"},{"@type":"Organization","@id":"https:\/\/www.diatip.com\/fr\/#organization","name":"Diatip","url":"https:\/\/www.diatip.com\/fr\/","logo":{"@type":"ImageObject","inLanguage":"fr-FR","@id":"https:\/\/www.diatip.com\/fr\/#\/schema\/logo\/image\/","url":"https:\/\/www.diatip.com\/wp-content\/uploads\/2020\/06\/diatip-logo-low.jpg","contentUrl":"https:\/\/www.diatip.com\/wp-content\/uploads\/2020\/06\/diatip-logo-low.jpg","width":304,"height":92,"caption":"Diatip"},"image":{"@id":"https:\/\/www.diatip.com\/fr\/#\/schema\/logo\/image\/"}}]}},"_links":{"self":[{"href":"https:\/\/www.diatip.com\/fr\/wp-json\/wp\/v2\/pages\/793","targetHints":{"allow":["GET"]}}],"collection":[{"href":"https:\/\/www.diatip.com\/fr\/wp-json\/wp\/v2\/pages"}],"about":[{"href":"https:\/\/www.diatip.com\/fr\/wp-json\/wp\/v2\/types\/page"}],"author":[{"embeddable":true,"href":"https:\/\/www.diatip.com\/fr\/wp-json\/wp\/v2\/users\/2"}],"replies":[{"embeddable":true,"href":"https:\/\/www.diatip.com\/fr\/wp-json\/wp\/v2\/comments?post=793"}],"version-history":[{"count":3,"href":"https:\/\/www.diatip.com\/fr\/wp-json\/wp\/v2\/pages\/793\/revisions"}],"predecessor-version":[{"id":1924,"href":"https:\/\/www.diatip.com\/fr\/wp-json\/wp\/v2\/pages\/793\/revisions\/1924"}],"wp:attachment":[{"href":"https:\/\/www.diatip.com\/fr\/wp-json\/wp\/v2\/media?parent=793"}],"curies":[{"name":"wp","href":"https:\/\/api.w.org\/{rel}","templated":true}]}}