{"id":1276,"date":"2020-09-24T09:24:19","date_gmt":"2020-09-24T09:24:19","guid":{"rendered":"https:\/\/diatip.com\/faq\/"},"modified":"2025-05-14T12:18:07","modified_gmt":"2025-05-14T12:18:07","slug":"faq","status":"publish","type":"page","link":"https:\/\/www.diatip.com\/fr\/faq\/","title":{"rendered":"FAQ"},"content":{"rendered":"<!--themify_builder_content-->\n<div id=\"themify_builder_content-1276\" data-postid=\"1276\" class=\"themify_builder_content themify_builder_content-1276 themify_builder tf_clear\">\n                    <div  data-lazy=\"1\" class=\"module_row themify_builder_row tb_ubcf642 tb_first tf_w\">\n            <span class=\"tb_row_frame_wrap tf_overflow tf_abs\" data-lazy=\"1\"><span class=\"tb_row_frame tb_row_frame_bottom  tf_abs tf_hide tf_overflow tf_w\"><\/span><\/span>            <div class=\"row_inner col_align_top tb_col_count_1 tf_box tf_rel\">\n                        <div  data-lazy=\"1\" class=\"module_column tb-column col-full tb_cmjd643 first\">\n                    <!-- module text -->\n<div  class=\"module module-text tb_pfzc644   \" data-lazy=\"1\">\n        <div  class=\"tb_text_wrap\">\n        <h1 style=\"text-align: center;\"><span style=\"color: #ffffff;\">FAQ<\/span><\/h1>    <\/div>\n<\/div>\n<!-- \/module text -->        <\/div>\n                        <\/div>\n        <\/div>\n                        <div  data-lazy=\"1\" class=\"module_row themify_builder_row tb_1ozb643 tf_w\">\n                        <div class=\"row_inner col_align_top tb_col_count_1 tf_box tf_rel\">\n                        <div  data-lazy=\"1\" class=\"module_column tb-column col-full tb_pgm1644 first\">\n                    <!-- module tab -->\n<div  id=\"tb_gvld716\" class=\"module ui module-tab tb_gvld716 panel  blue \" data-lazy=\"1\">\n        <div class=\"tab-nav-current-active tf_hide\">\n\t\t<span class=\"tab_burger_icon_wrap\">\n\t        <span class=\"tab_burger_icon tf_rel\"><\/span>\n\t\t<\/span>\n        <span class=\"tb_activetab_title\">\n            <span class=\"tb_tab_title\">L'\u00c9QUIPEMENT<\/span>\n                    <\/span>\n    <\/div>\n    <ul class=\"tab-nav tf_clearfix tf_scrollbar\">\n                <li class=\"current\" aria-expanded=\"true\">\n            <a href=\"#tab-tb_gvld716-0\">\n                <em><svg  class=\"tf_fa tf-ti-angle-right\" xmlns:xlink=\"http:\/\/www.w3.org\/1999\/xlink\" aria-hidden=\"true\"><use href=\"#tf-ti-angle-right\" xlink:href=\"#tf-ti-angle-right\"><\/use><\/svg><\/em>                <span class=\"tb_tab_title\">L'\u00c9QUIPEMENT<\/span>                                            <\/a>\n        <\/li>\n                <li aria-expanded=\"false\">\n            <a href=\"#tab-tb_gvld716-1\">\n                <em><svg  class=\"tf_fa tf-ti-angle-right\" xmlns:xlink=\"http:\/\/www.w3.org\/1999\/xlink\" aria-hidden=\"true\"><use href=\"#tf-ti-angle-right\" xlink:href=\"#tf-ti-angle-right\"><\/use><\/svg><\/em>                <span class=\"tb_tab_title\">AIMANTS ET BRESAGE<\/span>                                            <\/a>\n        <\/li>\n                <li aria-expanded=\"false\">\n            <a href=\"#tab-tb_gvld716-2\">\n                <em><svg  class=\"tf_fa tf-ti-angle-right\" xmlns:xlink=\"http:\/\/www.w3.org\/1999\/xlink\" aria-hidden=\"true\"><use href=\"#tf-ti-angle-right\" xlink:href=\"#tf-ti-angle-right\"><\/use><\/svg><\/em>                <span class=\"tb_tab_title\">FORAGE ET \u00c9QUIPEMENT DE FORAGE<\/span>                                            <\/a>\n        <\/li>\n            <\/ul>\n            <div data-id=\"tab-tb_gvld716-0\" class=\"tab-content tf_clear\" aria-hidden=\"false\">\n                    <div  data-lazy=\"1\" class=\"module_subrow themify_builder_sub_row tf_w col_align_top tb_col_count_1 tb_pwi9930\">\n                <div  data-lazy=\"1\" class=\"module_column sub_column tb_rg8o930 first\">\n                    <!-- module text -->\n<div  class=\"module module-text tb_9axq930   \" data-lazy=\"1\">\n        <div  class=\"tb_text_wrap\">\n        <p><strong>Puis-je \u00e9galement couper droit ?<img loading=\"lazy\" decoding=\"async\" class=\" size-full wp-image-208 alignright\" src=\"https:\/\/www.diatip.com\/wp-content\/uploads\/2014\/07\/Equipment-01.jpg\" alt=\"Equipment-01\" width=\"300\" height=\"407\" srcset=\"https:\/\/www.diatip.com\/wp-content\/uploads\/2014\/07\/Equipment-01.jpg 300w, https:\/\/www.diatip.com\/wp-content\/uploads\/2014\/07\/Equipment-01-221x300.jpg 221w\" sizes=\"auto, (max-width: 300px) 100vw, 300px\" \/><br \/><\/strong>Vous pouvez bien s\u00fbr couper aussi directement. Vous pouvez couper enti\u00e8rement \u00e0 plat mais il est pr\u00e9f\u00e9rable de couper seulement un demi-millim\u00e8tre pour obtenir la position du segment pour le brasage et renforcer ainsi consid\u00e9rablement toute la m\u00e8che.<\/p><p><strong>Quelle est la diff\u00e9rence entre le CD 7-28 et le CD 600 ?<\/strong><br \/>Le CD 7-28 est plus stable, con\u00e7u pour un usage professionnel quotidien. Avec les rallonges, vous pouvez couper des m\u00e8ches de n&rsquo;importe quelle longueur et d&rsquo;un diam\u00e8tre allant jusqu&rsquo;\u00e0 1000 mm (40&Prime;). Le CD 600 comporte la m\u00eame t\u00eate de fraisage mais sa capacit\u00e9 est limit\u00e9e \u00e0 600 mm (24&Prime;) en diam\u00e8tre et \u00e0 1600 mm (64&Prime;) en longueur avec une rallonge.<\/p><p><strong>Doit-on \u00eatre tr\u00e8s fort pour couper avec la poign\u00e9e manuelle ?<\/strong><br \/>Absolument pas \u2013 la coupe peut \u00eatre r\u00e9alis\u00e9e par n&rsquo;importe qui, homme ou femme, jeune ou vieux.<\/p><p><strong>Quelle \u00e9paisseur de paroi d&rsquo;acier peut couper le CD 7-28 ou CD-600 ?<\/strong><br \/>La lame peut couper sans probl\u00e8me tous les aciers courants pour des m\u00e8ches jusqu&rsquo;\u00e0 une \u00e9paisseur de 3,5 mm.<\/p><p><strong>Quelle est la dur\u00e9e de vie de la lame ?<\/strong><br \/>Normalement, la lame peut couper plusieurs milliers de fois avant d&rsquo;\u00eatre aff\u00fbt\u00e9e. Elle peut alors \u00eatre aff\u00fbt\u00e9e au moins une fois.<\/p><p><strong>Quelle est la dur\u00e9e de vie de la matrice ?<\/strong><br \/>Elle peut supporter au moins 10 000 coupes \u00e0 condition de ne pas lui appliquer une force excessive.<\/p><p><strong>Si j&rsquo;enfouis les segments dans l&rsquo;acier, ne vont-ils pas s&rsquo;arr\u00eater de couper avant d&rsquo;\u00eatre finis?<\/strong><br \/>Lorsque les segments sont diamant\u00e9s jusqu&rsquo;au bout, ils ne s&rsquo;arr\u00eatent pas de couper m\u00eame enfonc\u00e9s. En effet, l&rsquo;acier reste toujours si doux qu&rsquo;il n&#8217;emp\u00eache pas les diamants de couper. En fait, ils forent encore plus vite car l&rsquo;acier et les segments sont plus fins qu&rsquo;au d\u00e9but. Pour que la circulation d&rsquo;eau coupe \u00e0 une profondeur de 10 mm (\u00bd\u201d) avec un disque de meuleuse d&rsquo;angle entre chaque segment.<\/p><p><strong>Le filetage de ma couronne est diff\u00e9rent de celui de votre \u00e9quipement.<\/strong><br \/>Vous pouvez quand m\u00eame utiliser notre \u00e9quipement sans aucun probl\u00e8me. Vous aurez simplement besoin d&rsquo;un adaptateur que nous pouvons vous fournir.<\/p>    <\/div>\n<\/div>\n<!-- \/module text -->        <\/div>\n                    <\/div>\n                <\/div>\n            <div data-id=\"tab-tb_gvld716-1\" class=\"tab-content tf_clear\" aria-hidden=\"true\">\n                    <div  data-lazy=\"1\" class=\"module_subrow themify_builder_sub_row tf_w col_align_top tb_col_count_1 tb_3nr0930\">\n                <div  data-lazy=\"1\" class=\"module_column sub_column tb_z1t8930 first\">\n                    <!-- module text -->\n<div  class=\"module module-text tb_bwdd930   \" data-lazy=\"1\">\n        <div  class=\"tb_text_wrap\">\n        <p><strong><img loading=\"lazy\" decoding=\"async\" class=\" size-full wp-image-207 alignright\" src=\"https:\/\/www.diatip.com\/wp-content\/uploads\/2014\/07\/Brazing-core-bit-01.jpg\" alt=\"Brazing-core-bit-01\" width=\"300\" height=\"407\" srcset=\"https:\/\/www.diatip.com\/wp-content\/uploads\/2014\/07\/Brazing-core-bit-01.jpg 300w, https:\/\/www.diatip.com\/wp-content\/uploads\/2014\/07\/Brazing-core-bit-01-221x300.jpg 221w\" sizes=\"auto, (max-width: 300px) 100vw, 300px\" \/>Est-ce difficile de braser ? De quoi ai-je besoin pour commencer moi-m\u00eame la r\u00e9paration de pointe ?<\/strong><br \/>Si vous n&rsquo;avez aucune exp\u00e9rience du brasage, vous apprendrez rapidement. Nous vous fournirons toutes les informations requises et vous indiquerons l&rsquo;\u00e9quipement \u00e0 utiliser. Faites un ou deux essais sur une m\u00e8che et vous dominerez vite le sujet.<\/p><p><strong>De quoi ai-je besoin pour commencer ?<\/strong><br \/>Lorsque vous commandez votre \u00e9quipement de r\u00e9paration de pointe aupr\u00e8s de nous, donnez-nous la longueur de segment utilis\u00e9e pour votre r\u00e9paration et nous vous aiderons \u00e0 choisir la lame et la matrice. Une longueur de 24 mm est la plus courante en Europe. (1&Prime; pour les \u00c9tats-Unis).<br \/>Pour le brasage, nous recommandons un gaz \u00e0 l&rsquo;ac\u00e9tyl\u00e8ne\/oxyg\u00e8ne et un chalumeau \u00e0 flamme concentr\u00e9e. (Des informations plus d\u00e9taill\u00e9es sont fournies avec votre premier envoi d&rsquo;aimant.) Il vaut mieux l&rsquo;acheter chez votre fournisseur local. Pour commencer le brasage avec des aimants, 12 pi\u00e8ces de type JM A sont suffisantes. Vous pourrez alors braser des couronnes jusqu&rsquo;\u00e0 \u00d8 150 mm (6&Prime;) avec un seul jeu. Vous pouvez commander aupr\u00e8s de nous l&rsquo;argent et le flux convenant sp\u00e9cialement \u00e0 ces t\u00e2ches.<\/p><p><strong>Combien de segments dois-je mettre ?<\/strong><br \/>Un tableau montrant le nombre de segments recommand\u00e9 pour chaque diam\u00e8tre est livr\u00e9 avec l&rsquo;\u00e9quipement. Vous pouvez modifier selon vos souhaits. Si vous percez des mat\u00e9riaux tr\u00e8s durs ou si vous voulez forer plus vite (ou si la puissance de votre machine est faible), vous mettez moins de segments.<\/p><p><strong>Quelle largeur de segment dois-je choisir ?<\/strong><br \/>En fonction tout d&rsquo;abord de l&rsquo;\u00e9paisseur de l&rsquo;acier, vous aurez besoin d&rsquo;une d\u00e9pouille des deux c\u00f4t\u00e9s ou au moins 0,5 mm (0,02&Prime;) sur les plus petites m\u00e8ches. Vous pouvez avoir une plus grande d\u00e9pouille \u00e0 l&rsquo;ext\u00e9rieur de la m\u00e8che par rapport \u00e0 l&rsquo;int\u00e9rieur. Plus la machine est puissante ou le mat\u00e9riau abrasif, plus grande doit \u00eatre la d\u00e9pouille.<\/p><p><strong>Quelle est la dur\u00e9e de vie des aimants ?<\/strong><br \/>Les aimants peuvent \u00eatre utilis\u00e9s plusieurs milliers de fois.<\/p><p><strong>Quelle est la diff\u00e9rence entre les aimants JM et ceux \u00e0 flux tr\u00e8s r\u00e9sistants ?<\/strong><br \/>Les aimants \u00e0 flux tr\u00e8s r\u00e9sistants sont plus solides et leur dur\u00e9e de vie est plus longue. Chaque aimant poss\u00e8de quatre diff\u00e9rentes d\u00e9pouilles et peut \u00eatre utilis\u00e9 pour tous les diam\u00e8tres de couronne. Il y a deux diff\u00e9rents types d&rsquo;aimants JM. L&rsquo;aimant A est le type le plus vendu et peut \u00eatre utilis\u00e9 pour la plupart des diam\u00e8tres de couronne.<\/p><p><strong>Puis-je acheter seulement des cylindres en acier et fabriquer mes propres m\u00e8ches ?<\/strong><br \/>Vous pouvez fabriquer de nouvelles m\u00e8ches en achetant seulement des cylindres.<\/p>    <\/div>\n<\/div>\n<!-- \/module text -->        <\/div>\n                    <\/div>\n                <\/div>\n            <div data-id=\"tab-tb_gvld716-2\" class=\"tab-content tf_clear\" aria-hidden=\"true\">\n                    <div  data-lazy=\"1\" class=\"module_subrow themify_builder_sub_row tf_w col_align_top tb_col_count_1 tb_hbig930\">\n                <div  data-lazy=\"1\" class=\"module_column sub_column tb_znpq930 first\">\n                    <!-- module text -->\n<div  class=\"module module-text tb_olmf930   \" data-lazy=\"1\">\n        <div  class=\"tb_text_wrap\">\n        <p><strong><img loading=\"lazy\" decoding=\"async\" class=\" size-full wp-image-195 alignright\" src=\"https:\/\/www.diatip.com\/wp-content\/uploads\/2014\/07\/Core-drilling-p.jpg\" alt=\"Core-drilling-p\" width=\"300\" height=\"407\" srcset=\"https:\/\/www.diatip.com\/wp-content\/uploads\/2014\/07\/Core-drilling-p.jpg 300w, https:\/\/www.diatip.com\/wp-content\/uploads\/2014\/07\/Core-drilling-p-221x300.jpg 221w\" sizes=\"auto, (max-width: 300px) 100vw, 300px\" \/>Ai-je besoin de segments diff\u00e9rents pour diff\u00e9rents mat\u00e9riaux ?<br \/><\/strong>Vous avez g\u00e9n\u00e9ralement besoin de segments sp\u00e9ciaux, en particulier en granit. Le granit peut \u00eatre difficile mais avec notre \u00e9quipement et en implantant moins de segments (25 % en moins), vous obtiendrez une couronne qui fore plus vite et plus facilement dans la plupart des mat\u00e9riaux en granit.<\/p><p><strong>Dois-je utiliser de l&rsquo;eau pour forer dans le b\u00e9ton ou la pierre ?<\/strong><br \/>Normalement oui car ces mat\u00e9riaux sont tr\u00e8s durs. Vous aurez besoin de machines puissantes et beaucoup de chaleur est g\u00e9n\u00e9r\u00e9e pendant le forage. Une eau de refroidissement insuffisante rendra le forage plus difficile et peut casser la couronne. Toutefois, avec notre \u00e9quipement et en<br \/><em>1. r\u00e9duisant le nombre de segment (cela augmentera la vitesse de coupe) ;<\/em><br \/><em>2. enfon\u00e7ant les segments plus profond\u00e9ment dans l&rsquo;acier, vous obtiendrez une couronne qui pourra provisoirement forer dans le b\u00e9ton fluide (sans armature)<\/em><br \/>\u00e0 condition de poss\u00e9der une unit\u00e9 d&rsquo;aspiration efficace des poussi\u00e8res, reli\u00e9e \u00e0 la machine et de v\u00e9rifier souvent la surchauffe \u00e9ventuelle de la m\u00e8che.<\/p><p><strong>Ma machine est con\u00e7ue pour le forage \u00e0 main. Ai-je besoin de m\u00e8ches sp\u00e9ciales pour forer dans le b\u00e9ton \u00e0 la main ?<\/strong><br \/>Le forage dans du b\u00e9ton est tr\u00e8s difficile et le forage dans du b\u00e9ton arm\u00e9 n&rsquo;est pas recommand\u00e9 (en raison du risque de coincement de la m\u00e8che et de la machine d&rsquo;\u00e9chapper \u00e0 vos mains). Vous aurez besoin d&rsquo;une pression d&rsquo;environ 0,5 kg par mm \u00d8 (20 kg pour une m\u00e8che de \u00d840 mm) et les trous plus grands sont d\u00e8s lors tr\u00e8s difficiles \u00e0 percer. Cependant, si vous fabriquez une m\u00e8che \u00e0 nombre r\u00e9duit de segments avec l&rsquo;\u00e9quipement Diatip, vous pourrez augmenter la vitesse de p\u00e9n\u00e9tration et faciliter ainsi le forage.<\/p><p><strong>Le trou que je dois forer est plus profond que la longueur de ma couronne. Que puis-je faire ?<\/strong><br \/>Utilisez une tige d&rsquo;extension. Apr\u00e8s avoir for\u00e9 aussi loin que possible, \u00f4tez la carotte en la cassant, fixez la rallonge entre le moteur et la m\u00e8che et reprenez le forage.<\/p>    <\/div>\n<\/div>\n<!-- \/module text -->        <\/div>\n                    <\/div>\n                <\/div>\n    <\/div>\n<!-- \/module tab -->\n        <\/div>\n                        <\/div>\n        <\/div>\n        <\/div>\n<!--\/themify_builder_content-->","protected":false},"excerpt":{"rendered":"<p>FAQ L&rsquo;\u00c9QUIPEMENT Puis-je \u00e9galement couper droit ?Vous pouvez bien s\u00fbr couper aussi directement. Vous pouvez couper enti\u00e8rement \u00e0 plat mais il est pr\u00e9f\u00e9rable de couper seulement un demi-millim\u00e8tre pour obtenir la position du segment pour le brasage et renforcer ainsi consid\u00e9rablement toute la m\u00e8che. Quelle est la diff\u00e9rence entre le CD 7-28 et le CD [&hellip;]<\/p>\n","protected":false},"author":2,"featured_media":0,"parent":0,"menu_order":0,"comment_status":"closed","ping_status":"closed","template":"","meta":{"footnotes":""},"class_list":["post-1276","page","type-page","status-publish","hentry","has-post-title","has-post-date","has-post-category","has-post-tag","has-post-comment","has-post-author",""],"yoast_head":"<!-- This site is optimized with the Yoast SEO plugin v27.5 - https:\/\/yoast.com\/product\/yoast-seo-wordpress\/ -->\n<title>FAQ &#8226; Diatip<\/title>\n<meta name=\"description\" content=\"FAQ L&#039;\u00c9QUIPEMENTPuis-je \u00e9galement couper droit ?Vous pouvez bien s\u00fbr couper aussi directement. Vous pouvez couper enti\u00e8rement \u00e0 plat mais il est\" \/>\n<meta name=\"robots\" content=\"index, follow, max-snippet:-1, max-image-preview:large, max-video-preview:-1\" \/>\n<link rel=\"canonical\" href=\"https:\/\/www.diatip.com\/fr\/faq\/\" \/>\n<meta property=\"og:locale\" content=\"fr_FR\" \/>\n<meta property=\"og:type\" content=\"article\" \/>\n<meta property=\"og:title\" content=\"FAQ &#8226; Diatip\" \/>\n<meta property=\"og:description\" content=\"FAQ L&#039;\u00c9QUIPEMENTPuis-je \u00e9galement couper droit ?Vous pouvez bien s\u00fbr couper aussi directement. Vous pouvez couper enti\u00e8rement \u00e0 plat mais il est\" \/>\n<meta property=\"og:url\" content=\"https:\/\/www.diatip.com\/fr\/faq\/\" \/>\n<meta property=\"og:site_name\" content=\"Diatip\" \/>\n<meta property=\"article:modified_time\" content=\"2025-05-14T12:18:07+00:00\" \/>\n<meta property=\"og:image\" content=\"https:\/\/www.diatip.com\/wp-content\/uploads\/2014\/07\/Equipment-01.jpg\" \/>\n\t<meta property=\"og:image:width\" content=\"300\" \/>\n\t<meta property=\"og:image:height\" content=\"407\" \/>\n\t<meta property=\"og:image:type\" content=\"image\/jpeg\" \/>\n<meta name=\"twitter:card\" content=\"summary_large_image\" \/>\n<meta name=\"twitter:label1\" content=\"Dur\u00e9e de lecture estim\u00e9e\" \/>\n\t<meta name=\"twitter:data1\" content=\"12 minutes\" \/>\n<script type=\"application\/ld+json\" class=\"yoast-schema-graph\">{\"@context\":\"https:\\\/\\\/schema.org\",\"@graph\":[{\"@type\":\"WebPage\",\"@id\":\"https:\\\/\\\/www.diatip.com\\\/fr\\\/faq\\\/\",\"url\":\"https:\\\/\\\/www.diatip.com\\\/fr\\\/faq\\\/\",\"name\":\"FAQ &#8226; Diatip\",\"isPartOf\":{\"@id\":\"https:\\\/\\\/www.diatip.com\\\/fr\\\/#website\"},\"primaryImageOfPage\":{\"@id\":\"https:\\\/\\\/www.diatip.com\\\/fr\\\/faq\\\/#primaryimage\"},\"image\":{\"@id\":\"https:\\\/\\\/www.diatip.com\\\/fr\\\/faq\\\/#primaryimage\"},\"thumbnailUrl\":\"https:\\\/\\\/www.diatip.com\\\/wp-content\\\/uploads\\\/2014\\\/07\\\/Equipment-01.jpg\",\"datePublished\":\"2020-09-24T09:24:19+00:00\",\"dateModified\":\"2025-05-14T12:18:07+00:00\",\"description\":\"FAQ L'\u00c9QUIPEMENTPuis-je \u00e9galement couper droit ?Vous pouvez bien s\u00fbr couper aussi directement. Vous pouvez couper enti\u00e8rement \u00e0 plat mais il est\",\"breadcrumb\":{\"@id\":\"https:\\\/\\\/www.diatip.com\\\/fr\\\/faq\\\/#breadcrumb\"},\"inLanguage\":\"fr-FR\",\"potentialAction\":[{\"@type\":\"ReadAction\",\"target\":[\"https:\\\/\\\/www.diatip.com\\\/fr\\\/faq\\\/\"]}]},{\"@type\":\"ImageObject\",\"inLanguage\":\"fr-FR\",\"@id\":\"https:\\\/\\\/www.diatip.com\\\/fr\\\/faq\\\/#primaryimage\",\"url\":\"https:\\\/\\\/www.diatip.com\\\/wp-content\\\/uploads\\\/2014\\\/07\\\/Equipment-01.jpg\",\"contentUrl\":\"https:\\\/\\\/www.diatip.com\\\/wp-content\\\/uploads\\\/2014\\\/07\\\/Equipment-01.jpg\"},{\"@type\":\"BreadcrumbList\",\"@id\":\"https:\\\/\\\/www.diatip.com\\\/fr\\\/faq\\\/#breadcrumb\",\"itemListElement\":[{\"@type\":\"ListItem\",\"position\":1,\"name\":\"Home\",\"item\":\"https:\\\/\\\/www.diatip.com\\\/fr\\\/\"},{\"@type\":\"ListItem\",\"position\":2,\"name\":\"FAQ\"}]},{\"@type\":\"WebSite\",\"@id\":\"https:\\\/\\\/www.diatip.com\\\/fr\\\/#website\",\"url\":\"https:\\\/\\\/www.diatip.com\\\/fr\\\/\",\"name\":\"Diatip\",\"description\":\"Retipping Diamond Core Bits or Diamond Sawblades\",\"publisher\":{\"@id\":\"https:\\\/\\\/www.diatip.com\\\/fr\\\/#organization\"},\"potentialAction\":[{\"@type\":\"SearchAction\",\"target\":{\"@type\":\"EntryPoint\",\"urlTemplate\":\"https:\\\/\\\/www.diatip.com\\\/fr\\\/?s={search_term_string}\"},\"query-input\":{\"@type\":\"PropertyValueSpecification\",\"valueRequired\":true,\"valueName\":\"search_term_string\"}}],\"inLanguage\":\"fr-FR\"},{\"@type\":\"Organization\",\"@id\":\"https:\\\/\\\/www.diatip.com\\\/fr\\\/#organization\",\"name\":\"Diatip\",\"url\":\"https:\\\/\\\/www.diatip.com\\\/fr\\\/\",\"logo\":{\"@type\":\"ImageObject\",\"inLanguage\":\"fr-FR\",\"@id\":\"https:\\\/\\\/www.diatip.com\\\/fr\\\/#\\\/schema\\\/logo\\\/image\\\/\",\"url\":\"https:\\\/\\\/www.diatip.com\\\/wp-content\\\/uploads\\\/2020\\\/06\\\/diatip-logo-low.jpg\",\"contentUrl\":\"https:\\\/\\\/www.diatip.com\\\/wp-content\\\/uploads\\\/2020\\\/06\\\/diatip-logo-low.jpg\",\"width\":304,\"height\":92,\"caption\":\"Diatip\"},\"image\":{\"@id\":\"https:\\\/\\\/www.diatip.com\\\/fr\\\/#\\\/schema\\\/logo\\\/image\\\/\"}}]}<\/script>\n<!-- \/ Yoast SEO plugin. -->","yoast_head_json":{"title":"FAQ &#8226; Diatip","description":"FAQ L'\u00c9QUIPEMENTPuis-je \u00e9galement couper droit ?Vous pouvez bien s\u00fbr couper aussi directement. Vous pouvez couper enti\u00e8rement \u00e0 plat mais il est","robots":{"index":"index","follow":"follow","max-snippet":"max-snippet:-1","max-image-preview":"max-image-preview:large","max-video-preview":"max-video-preview:-1"},"canonical":"https:\/\/www.diatip.com\/fr\/faq\/","og_locale":"fr_FR","og_type":"article","og_title":"FAQ &#8226; Diatip","og_description":"FAQ L'\u00c9QUIPEMENTPuis-je \u00e9galement couper droit ?Vous pouvez bien s\u00fbr couper aussi directement. Vous pouvez couper enti\u00e8rement \u00e0 plat mais il est","og_url":"https:\/\/www.diatip.com\/fr\/faq\/","og_site_name":"Diatip","article_modified_time":"2025-05-14T12:18:07+00:00","og_image":[{"width":300,"height":407,"url":"https:\/\/www.diatip.com\/wp-content\/uploads\/2014\/07\/Equipment-01.jpg","type":"image\/jpeg"}],"twitter_card":"summary_large_image","twitter_misc":{"Dur\u00e9e de lecture estim\u00e9e":"12 minutes"},"schema":{"@context":"https:\/\/schema.org","@graph":[{"@type":"WebPage","@id":"https:\/\/www.diatip.com\/fr\/faq\/","url":"https:\/\/www.diatip.com\/fr\/faq\/","name":"FAQ &#8226; Diatip","isPartOf":{"@id":"https:\/\/www.diatip.com\/fr\/#website"},"primaryImageOfPage":{"@id":"https:\/\/www.diatip.com\/fr\/faq\/#primaryimage"},"image":{"@id":"https:\/\/www.diatip.com\/fr\/faq\/#primaryimage"},"thumbnailUrl":"https:\/\/www.diatip.com\/wp-content\/uploads\/2014\/07\/Equipment-01.jpg","datePublished":"2020-09-24T09:24:19+00:00","dateModified":"2025-05-14T12:18:07+00:00","description":"FAQ L'\u00c9QUIPEMENTPuis-je \u00e9galement couper droit ?Vous pouvez bien s\u00fbr couper aussi directement. Vous pouvez couper enti\u00e8rement \u00e0 plat mais il est","breadcrumb":{"@id":"https:\/\/www.diatip.com\/fr\/faq\/#breadcrumb"},"inLanguage":"fr-FR","potentialAction":[{"@type":"ReadAction","target":["https:\/\/www.diatip.com\/fr\/faq\/"]}]},{"@type":"ImageObject","inLanguage":"fr-FR","@id":"https:\/\/www.diatip.com\/fr\/faq\/#primaryimage","url":"https:\/\/www.diatip.com\/wp-content\/uploads\/2014\/07\/Equipment-01.jpg","contentUrl":"https:\/\/www.diatip.com\/wp-content\/uploads\/2014\/07\/Equipment-01.jpg"},{"@type":"BreadcrumbList","@id":"https:\/\/www.diatip.com\/fr\/faq\/#breadcrumb","itemListElement":[{"@type":"ListItem","position":1,"name":"Home","item":"https:\/\/www.diatip.com\/fr\/"},{"@type":"ListItem","position":2,"name":"FAQ"}]},{"@type":"WebSite","@id":"https:\/\/www.diatip.com\/fr\/#website","url":"https:\/\/www.diatip.com\/fr\/","name":"Diatip","description":"Retipping Diamond Core Bits or Diamond Sawblades","publisher":{"@id":"https:\/\/www.diatip.com\/fr\/#organization"},"potentialAction":[{"@type":"SearchAction","target":{"@type":"EntryPoint","urlTemplate":"https:\/\/www.diatip.com\/fr\/?s={search_term_string}"},"query-input":{"@type":"PropertyValueSpecification","valueRequired":true,"valueName":"search_term_string"}}],"inLanguage":"fr-FR"},{"@type":"Organization","@id":"https:\/\/www.diatip.com\/fr\/#organization","name":"Diatip","url":"https:\/\/www.diatip.com\/fr\/","logo":{"@type":"ImageObject","inLanguage":"fr-FR","@id":"https:\/\/www.diatip.com\/fr\/#\/schema\/logo\/image\/","url":"https:\/\/www.diatip.com\/wp-content\/uploads\/2020\/06\/diatip-logo-low.jpg","contentUrl":"https:\/\/www.diatip.com\/wp-content\/uploads\/2020\/06\/diatip-logo-low.jpg","width":304,"height":92,"caption":"Diatip"},"image":{"@id":"https:\/\/www.diatip.com\/fr\/#\/schema\/logo\/image\/"}}]}},"_links":{"self":[{"href":"https:\/\/www.diatip.com\/fr\/wp-json\/wp\/v2\/pages\/1276","targetHints":{"allow":["GET"]}}],"collection":[{"href":"https:\/\/www.diatip.com\/fr\/wp-json\/wp\/v2\/pages"}],"about":[{"href":"https:\/\/www.diatip.com\/fr\/wp-json\/wp\/v2\/types\/page"}],"author":[{"embeddable":true,"href":"https:\/\/www.diatip.com\/fr\/wp-json\/wp\/v2\/users\/2"}],"replies":[{"embeddable":true,"href":"https:\/\/www.diatip.com\/fr\/wp-json\/wp\/v2\/comments?post=1276"}],"version-history":[{"count":3,"href":"https:\/\/www.diatip.com\/fr\/wp-json\/wp\/v2\/pages\/1276\/revisions"}],"predecessor-version":[{"id":1930,"href":"https:\/\/www.diatip.com\/fr\/wp-json\/wp\/v2\/pages\/1276\/revisions\/1930"}],"wp:attachment":[{"href":"https:\/\/www.diatip.com\/fr\/wp-json\/wp\/v2\/media?parent=1276"}],"curies":[{"name":"wp","href":"https:\/\/api.w.org\/{rel}","templated":true}]}}