{"id":875,"date":"2020-09-24T09:29:25","date_gmt":"2020-09-24T09:29:25","guid":{"rendered":"https:\/\/diatip.com\/products\/magnets\/"},"modified":"2025-05-21T09:53:47","modified_gmt":"2025-05-21T09:53:47","slug":"imanes","status":"publish","type":"page","link":"https:\/\/www.diatip.com\/es\/productos\/imanes\/","title":{"rendered":"Imanes"},"content":{"rendered":"<!--themify_builder_content-->\n<div id=\"themify_builder_content-875\" data-postid=\"875\" class=\"themify_builder_content themify_builder_content-875 themify_builder tf_clear\">\n                    <div  data-lazy=\"1\" class=\"module_row themify_builder_row tb_4n60526 tb_first tf_w\">\n            <span class=\"tb_row_frame_wrap tf_overflow tf_abs\" data-lazy=\"1\"><span class=\"tb_row_frame tb_row_frame_bottom  tf_abs tf_hide tf_overflow tf_w\"><\/span><\/span>            <div class=\"row_inner col_align_top tb_col_count_1 tf_box tf_rel\">\n                        <div  data-lazy=\"1\" class=\"module_column tb-column col-full tb_aiyr527 first\">\n                    <!-- module text -->\n<div  class=\"module module-text tb_jgx4528   \" data-lazy=\"1\">\n        <div  class=\"tb_text_wrap\">\n        <h1 style=\"text-align: center;\"><span style=\"color: #ffffff;\">IMANES<\/span><\/h1>    <\/div>\n<\/div>\n<!-- \/module text -->        <\/div>\n                        <\/div>\n        <\/div>\n                        <div  data-lazy=\"1\" class=\"module_row themify_builder_row tb_nwpq526 tf_w\">\n            <span class=\"tb_row_frame_wrap tf_overflow tf_abs\" data-lazy=\"1\"><span class=\"tb_row_frame tb_row_frame_bottom  tf_abs tf_hide tf_overflow tf_w\"><\/span><\/span>            <div class=\"row_inner col_align_top tb_col_count_1 tf_box tf_rel\">\n                        <div  data-lazy=\"1\" class=\"module_column tb-column col-full tb_tnrg528 first\">\n                    <!-- module text -->\n<div  class=\"module module-text tb_m9eh529   \" data-lazy=\"1\">\n        <div  class=\"tb_text_wrap\">\n        <p>Use nuestros imanes JM o SFM para espacios laterales exactos y para el posicionamiento preciso de los segmentos de diamante durante el proceso de soldadura en la broca de corona.<\/p>    <\/div>\n<\/div>\n<!-- \/module text -->        <\/div>\n                        <\/div>\n        <\/div>\n                        <div  data-lazy=\"1\" class=\"module_row themify_builder_row tb_u5nc527 tf_w\">\n            <span class=\"tb_row_frame_wrap tf_overflow tf_abs\" data-lazy=\"1\"><span class=\"tb_row_frame tb_row_frame_bottom  tf_abs tf_hide tf_overflow tf_w\"><\/span><\/span>            <div class=\"row_inner col_align_top tb_col_count_2 tf_box tf_rel\">\n                        <div  data-lazy=\"1\" class=\"module_column tb-column col4-1 tb_mlhl529 first\">\n                    <!-- module text -->\n<div  class=\"module module-text tb_gk9p529   \" data-lazy=\"1\">\n        <div  class=\"tb_text_wrap\">\n        <h2>IMANES JM<\/h2>    <\/div>\n<\/div>\n<!-- \/module text --><!-- module image -->\n<div  class=\"module module-image tb_qtb0529 image-top   tf_mw\" data-lazy=\"1\">\n        <div class=\"image-wrap tf_rel tf_mw\">\n            <img loading=\"lazy\" decoding=\"async\" src=\"http:\/\/diatip.com\/wp-content\/uploads\/2014\/08\/jm-magnets-low.jpg\" width=\"205\" height=\"166\" title=\"Imanes\" alt=\"Imanes\">    \n        <\/div>\n    <!-- \/image-wrap -->\n    \n        <\/div>\n<!-- \/module image -->        <\/div>\n                    <div  data-lazy=\"1\" class=\"module_column tb-column col4-3 tb_7u9j530 last\">\n                    <!-- module text -->\n<div  class=\"module module-text tb_42im726   \" data-lazy=\"1\">\n        <div  class=\"tb_text_wrap\">\n        <ul>\n<li>Econ\u00f3micos \u2013 nuestros imanes m\u00e1s vendidos<\/li>\n<li>S\u00f3lidos<\/li>\n<li>F\u00e1ciles de manipular<\/li>\n<\/ul>\n<p>Disponibles en dos tipos distintos &#8211; cada uno con dos distintos<\/p>\n<p><strong>Espacios laterales:<\/strong><\/p>\n\n<table id=\"tablepress-15\" class=\"tablepress tablepress-id-15\">\n<thead>\n<tr class=\"row-1\">\n\t<th class=\"column-1\">Type<\/th><th class=\"column-2\">Info<\/th><th class=\"column-3\">Art.no<\/th>\n<\/tr>\n<\/thead>\n<tbody class=\"row-striping row-hover\">\n<tr class=\"row-2\">\n\t<td class=\"column-1\">A<\/td><td class=\"column-2\">El m\u00e1s utilizado - encaja con la mayor\u00eda de di\u00e1metros.<br \/>\nEspacios de 0,75 y de 1,00 mm.<\/td><td class=\"column-3\">201000<\/td>\n<\/tr>\n<tr class=\"row-3\">\n\t<td class=\"column-1\">B<\/td><td class=\"column-2\">Para los di\u00e1metros m\u00e1s peque\u00f1os y m\u00e1s grandes.<br \/>\nEspacios de 0,50 y de 1,25 mm.<\/td><td class=\"column-3\">201010<\/td>\n<\/tr>\n<\/tbody>\n<\/table>\n<!-- #tablepress-15 from cache -->    <\/div>\n<\/div>\n<!-- \/module text -->        <\/div>\n                        <\/div>\n        <\/div>\n                        <div  data-lazy=\"1\" class=\"module_row themify_builder_row tb_dwez527 tf_w\">\n                        <div class=\"row_inner col_align_top tb_col_count_2 tf_box tf_rel\">\n                        <div  data-lazy=\"1\" class=\"module_column tb-column col4-1 tb_ii8w530 first\">\n                    <!-- module text -->\n<div  class=\"module module-text tb_urlf530   \" data-lazy=\"1\">\n        <div  class=\"tb_text_wrap\">\n        <h2>Imanes SFM<\/h2>    <\/div>\n<\/div>\n<!-- \/module text --><!-- module image -->\n<div  class=\"module module-image tb_ynbi530 image-top   tf_mw\" data-lazy=\"1\">\n        <div class=\"image-wrap tf_rel tf_mw\">\n            <img loading=\"lazy\" decoding=\"async\" src=\"http:\/\/diatip.com\/wp-content\/uploads\/2014\/08\/Sfm-magnets-low.jpg\" width=\"200\" height=\"189\" title=\"Imanes\" alt=\"Imanes\">    \n        <\/div>\n    <!-- \/image-wrap -->\n    \n        <\/div>\n<!-- \/module image -->        <\/div>\n                    <div  data-lazy=\"1\" class=\"module_column tb-column col4-3 tb_em28530 last\">\n                    <!-- module text -->\n<div  class=\"module module-text tb_clkq157   \" data-lazy=\"1\">\n        <div  class=\"tb_text_wrap\">\n        <ul>\n<li>Larga vida \u00fatil<\/li>\n<li>Universales &#8211; cuatro espacios laterales distintos en cada uno\n<p>0,5 mm \/ 0,75 mm \/ 1,0 mm \/ 1,25 mm<br>(0,02&#8243;\/ 0,03&#8243;\/ 0,04&#8243;\/ 0,05&#8243;)<\/p>\n<\/li>\n<\/ul>\n<p><strong>Disponibles en dos tipos distintos:<\/strong><\/p>\n\n<table id=\"tablepress-18\" class=\"tablepress tablepress-id-18\">\n<thead>\n<tr class=\"row-1\">\n\t<th class=\"column-1\">Type<\/th><th class=\"column-2\">Info<\/th><th class=\"column-3\">Art.no<\/th>\n<\/tr>\n<\/thead>\n<tbody class=\"row-striping row-hover\">\n<tr class=\"row-2\">\n\t<td class=\"column-1\">Normal<\/td><td class=\"column-2\">Encajan con la mayor\u00eda de di\u00e1metros<\/td><td class=\"column-3\">45025<\/td>\n<\/tr>\n<tr class=\"row-3\">\n\t<td class=\"column-1\">Thin<\/td><td class=\"column-2\">Para las brocas de di\u00e1metro peque\u00f1o<\/td><td class=\"column-3\">45025S<\/td>\n<\/tr>\n<\/tbody>\n<\/table>\n<!-- #tablepress-18 from cache -->    <\/div>\n<\/div>\n<!-- \/module text -->        <\/div>\n                        <\/div>\n        <\/div>\n        <\/div>\n<!--\/themify_builder_content-->","protected":false},"excerpt":{"rendered":"<p>IMANES Use nuestros imanes JM o SFM para espacios laterales exactos y para el posicionamiento preciso de los segmentos de diamante durante el proceso de soldadura en la broca de corona. IMANES JM Econ\u00f3micos \u2013 nuestros imanes m\u00e1s vendidos S\u00f3lidos F\u00e1ciles de manipular Disponibles en dos tipos distintos &#8211; cada uno con dos distintos Espacios [&hellip;]<\/p>\n","protected":false},"author":2,"featured_media":0,"parent":850,"menu_order":0,"comment_status":"closed","ping_status":"closed","template":"","meta":{"footnotes":""},"class_list":["post-875","page","type-page","status-publish","hentry","has-post-title","has-post-date","has-post-category","has-post-tag","has-post-comment","has-post-author",""],"yoast_head":"<!-- This site is optimized with the Yoast SEO plugin v27.4 - https:\/\/yoast.com\/product\/yoast-seo-wordpress\/ -->\n<title>Imanes &#8226; Diatip<\/title>\n<meta name=\"description\" content=\"IMANES Use nuestros imanes JM o SFM para espacios laterales exactos y para el posicionamiento preciso de los segmentos de diamante durante el proceso de\" \/>\n<meta name=\"robots\" content=\"index, follow, max-snippet:-1, max-image-preview:large, max-video-preview:-1\" \/>\n<link rel=\"canonical\" href=\"https:\/\/www.diatip.com\/es\/productos\/imanes\/\" \/>\n<meta property=\"og:locale\" content=\"es_ES\" \/>\n<meta property=\"og:type\" content=\"article\" \/>\n<meta property=\"og:title\" content=\"Imanes &#8226; Diatip\" \/>\n<meta property=\"og:description\" content=\"IMANES Use nuestros imanes JM o SFM para espacios laterales exactos y para el posicionamiento preciso de los segmentos de diamante durante el proceso de\" \/>\n<meta property=\"og:url\" content=\"https:\/\/www.diatip.com\/es\/productos\/imanes\/\" \/>\n<meta property=\"og:site_name\" content=\"Diatip\" \/>\n<meta property=\"article:modified_time\" content=\"2025-05-21T09:53:47+00:00\" \/>\n<meta property=\"og:image\" content=\"http:\/\/diatip.com\/wp-content\/uploads\/2014\/08\/jm-magnets-low.jpg\" \/>\n<meta name=\"twitter:card\" content=\"summary_large_image\" \/>\n<meta name=\"twitter:label1\" content=\"Tiempo de lectura\" \/>\n\t<meta name=\"twitter:data1\" content=\"1 minuto\" \/>\n<script type=\"application\/ld+json\" class=\"yoast-schema-graph\">{\"@context\":\"https:\\\/\\\/schema.org\",\"@graph\":[{\"@type\":\"WebPage\",\"@id\":\"https:\\\/\\\/www.diatip.com\\\/es\\\/productos\\\/imanes\\\/\",\"url\":\"https:\\\/\\\/www.diatip.com\\\/es\\\/productos\\\/imanes\\\/\",\"name\":\"Imanes &#8226; Diatip\",\"isPartOf\":{\"@id\":\"https:\\\/\\\/www.diatip.com\\\/es\\\/#website\"},\"primaryImageOfPage\":{\"@id\":\"https:\\\/\\\/www.diatip.com\\\/es\\\/productos\\\/imanes\\\/#primaryimage\"},\"image\":{\"@id\":\"https:\\\/\\\/www.diatip.com\\\/es\\\/productos\\\/imanes\\\/#primaryimage\"},\"thumbnailUrl\":\"http:\\\/\\\/diatip.com\\\/wp-content\\\/uploads\\\/2014\\\/08\\\/jm-magnets-low.jpg\",\"datePublished\":\"2020-09-24T09:29:25+00:00\",\"dateModified\":\"2025-05-21T09:53:47+00:00\",\"description\":\"IMANES Use nuestros imanes JM o SFM para espacios laterales exactos y para el posicionamiento preciso de los segmentos de diamante durante el proceso de\",\"breadcrumb\":{\"@id\":\"https:\\\/\\\/www.diatip.com\\\/es\\\/productos\\\/imanes\\\/#breadcrumb\"},\"inLanguage\":\"es\",\"potentialAction\":[{\"@type\":\"ReadAction\",\"target\":[\"https:\\\/\\\/www.diatip.com\\\/es\\\/productos\\\/imanes\\\/\"]}]},{\"@type\":\"ImageObject\",\"inLanguage\":\"es\",\"@id\":\"https:\\\/\\\/www.diatip.com\\\/es\\\/productos\\\/imanes\\\/#primaryimage\",\"url\":\"http:\\\/\\\/diatip.com\\\/wp-content\\\/uploads\\\/2014\\\/08\\\/jm-magnets-low.jpg\",\"contentUrl\":\"http:\\\/\\\/diatip.com\\\/wp-content\\\/uploads\\\/2014\\\/08\\\/jm-magnets-low.jpg\"},{\"@type\":\"BreadcrumbList\",\"@id\":\"https:\\\/\\\/www.diatip.com\\\/es\\\/productos\\\/imanes\\\/#breadcrumb\",\"itemListElement\":[{\"@type\":\"ListItem\",\"position\":1,\"name\":\"Home\",\"item\":\"https:\\\/\\\/www.diatip.com\\\/es\\\/\"},{\"@type\":\"ListItem\",\"position\":2,\"name\":\"Productos\",\"item\":\"https:\\\/\\\/www.diatip.com\\\/es\\\/productos\\\/\"},{\"@type\":\"ListItem\",\"position\":3,\"name\":\"Imanes\"}]},{\"@type\":\"WebSite\",\"@id\":\"https:\\\/\\\/www.diatip.com\\\/es\\\/#website\",\"url\":\"https:\\\/\\\/www.diatip.com\\\/es\\\/\",\"name\":\"Diatip\",\"description\":\"Retipping Diamond Core Bits or Diamond Sawblades\",\"publisher\":{\"@id\":\"https:\\\/\\\/www.diatip.com\\\/es\\\/#organization\"},\"potentialAction\":[{\"@type\":\"SearchAction\",\"target\":{\"@type\":\"EntryPoint\",\"urlTemplate\":\"https:\\\/\\\/www.diatip.com\\\/es\\\/?s={search_term_string}\"},\"query-input\":{\"@type\":\"PropertyValueSpecification\",\"valueRequired\":true,\"valueName\":\"search_term_string\"}}],\"inLanguage\":\"es\"},{\"@type\":\"Organization\",\"@id\":\"https:\\\/\\\/www.diatip.com\\\/es\\\/#organization\",\"name\":\"Diatip\",\"url\":\"https:\\\/\\\/www.diatip.com\\\/es\\\/\",\"logo\":{\"@type\":\"ImageObject\",\"inLanguage\":\"es\",\"@id\":\"https:\\\/\\\/www.diatip.com\\\/es\\\/#\\\/schema\\\/logo\\\/image\\\/\",\"url\":\"https:\\\/\\\/www.diatip.com\\\/wp-content\\\/uploads\\\/2020\\\/06\\\/diatip-logo-low.jpg\",\"contentUrl\":\"https:\\\/\\\/www.diatip.com\\\/wp-content\\\/uploads\\\/2020\\\/06\\\/diatip-logo-low.jpg\",\"width\":304,\"height\":92,\"caption\":\"Diatip\"},\"image\":{\"@id\":\"https:\\\/\\\/www.diatip.com\\\/es\\\/#\\\/schema\\\/logo\\\/image\\\/\"}}]}<\/script>\n<!-- \/ Yoast SEO plugin. -->","yoast_head_json":{"title":"Imanes &#8226; Diatip","description":"IMANES Use nuestros imanes JM o SFM para espacios laterales exactos y para el posicionamiento preciso de los segmentos de diamante durante el proceso de","robots":{"index":"index","follow":"follow","max-snippet":"max-snippet:-1","max-image-preview":"max-image-preview:large","max-video-preview":"max-video-preview:-1"},"canonical":"https:\/\/www.diatip.com\/es\/productos\/imanes\/","og_locale":"es_ES","og_type":"article","og_title":"Imanes &#8226; Diatip","og_description":"IMANES Use nuestros imanes JM o SFM para espacios laterales exactos y para el posicionamiento preciso de los segmentos de diamante durante el proceso de","og_url":"https:\/\/www.diatip.com\/es\/productos\/imanes\/","og_site_name":"Diatip","article_modified_time":"2025-05-21T09:53:47+00:00","og_image":[{"url":"http:\/\/diatip.com\/wp-content\/uploads\/2014\/08\/jm-magnets-low.jpg","type":"","width":"","height":""}],"twitter_card":"summary_large_image","twitter_misc":{"Tiempo de lectura":"1 minuto"},"schema":{"@context":"https:\/\/schema.org","@graph":[{"@type":"WebPage","@id":"https:\/\/www.diatip.com\/es\/productos\/imanes\/","url":"https:\/\/www.diatip.com\/es\/productos\/imanes\/","name":"Imanes &#8226; Diatip","isPartOf":{"@id":"https:\/\/www.diatip.com\/es\/#website"},"primaryImageOfPage":{"@id":"https:\/\/www.diatip.com\/es\/productos\/imanes\/#primaryimage"},"image":{"@id":"https:\/\/www.diatip.com\/es\/productos\/imanes\/#primaryimage"},"thumbnailUrl":"http:\/\/diatip.com\/wp-content\/uploads\/2014\/08\/jm-magnets-low.jpg","datePublished":"2020-09-24T09:29:25+00:00","dateModified":"2025-05-21T09:53:47+00:00","description":"IMANES Use nuestros imanes JM o SFM para espacios laterales exactos y para el posicionamiento preciso de los segmentos de diamante durante el proceso de","breadcrumb":{"@id":"https:\/\/www.diatip.com\/es\/productos\/imanes\/#breadcrumb"},"inLanguage":"es","potentialAction":[{"@type":"ReadAction","target":["https:\/\/www.diatip.com\/es\/productos\/imanes\/"]}]},{"@type":"ImageObject","inLanguage":"es","@id":"https:\/\/www.diatip.com\/es\/productos\/imanes\/#primaryimage","url":"http:\/\/diatip.com\/wp-content\/uploads\/2014\/08\/jm-magnets-low.jpg","contentUrl":"http:\/\/diatip.com\/wp-content\/uploads\/2014\/08\/jm-magnets-low.jpg"},{"@type":"BreadcrumbList","@id":"https:\/\/www.diatip.com\/es\/productos\/imanes\/#breadcrumb","itemListElement":[{"@type":"ListItem","position":1,"name":"Home","item":"https:\/\/www.diatip.com\/es\/"},{"@type":"ListItem","position":2,"name":"Productos","item":"https:\/\/www.diatip.com\/es\/productos\/"},{"@type":"ListItem","position":3,"name":"Imanes"}]},{"@type":"WebSite","@id":"https:\/\/www.diatip.com\/es\/#website","url":"https:\/\/www.diatip.com\/es\/","name":"Diatip","description":"Retipping Diamond Core Bits or Diamond Sawblades","publisher":{"@id":"https:\/\/www.diatip.com\/es\/#organization"},"potentialAction":[{"@type":"SearchAction","target":{"@type":"EntryPoint","urlTemplate":"https:\/\/www.diatip.com\/es\/?s={search_term_string}"},"query-input":{"@type":"PropertyValueSpecification","valueRequired":true,"valueName":"search_term_string"}}],"inLanguage":"es"},{"@type":"Organization","@id":"https:\/\/www.diatip.com\/es\/#organization","name":"Diatip","url":"https:\/\/www.diatip.com\/es\/","logo":{"@type":"ImageObject","inLanguage":"es","@id":"https:\/\/www.diatip.com\/es\/#\/schema\/logo\/image\/","url":"https:\/\/www.diatip.com\/wp-content\/uploads\/2020\/06\/diatip-logo-low.jpg","contentUrl":"https:\/\/www.diatip.com\/wp-content\/uploads\/2020\/06\/diatip-logo-low.jpg","width":304,"height":92,"caption":"Diatip"},"image":{"@id":"https:\/\/www.diatip.com\/es\/#\/schema\/logo\/image\/"}}]}},"_links":{"self":[{"href":"https:\/\/www.diatip.com\/es\/wp-json\/wp\/v2\/pages\/875","targetHints":{"allow":["GET"]}}],"collection":[{"href":"https:\/\/www.diatip.com\/es\/wp-json\/wp\/v2\/pages"}],"about":[{"href":"https:\/\/www.diatip.com\/es\/wp-json\/wp\/v2\/types\/page"}],"author":[{"embeddable":true,"href":"https:\/\/www.diatip.com\/es\/wp-json\/wp\/v2\/users\/2"}],"replies":[{"embeddable":true,"href":"https:\/\/www.diatip.com\/es\/wp-json\/wp\/v2\/comments?post=875"}],"version-history":[{"count":24,"href":"https:\/\/www.diatip.com\/es\/wp-json\/wp\/v2\/pages\/875\/revisions"}],"predecessor-version":[{"id":2067,"href":"https:\/\/www.diatip.com\/es\/wp-json\/wp\/v2\/pages\/875\/revisions\/2067"}],"up":[{"embeddable":true,"href":"https:\/\/www.diatip.com\/es\/wp-json\/wp\/v2\/pages\/850"}],"wp:attachment":[{"href":"https:\/\/www.diatip.com\/es\/wp-json\/wp\/v2\/media?parent=875"}],"curies":[{"name":"wp","href":"https:\/\/api.w.org\/{rel}","templated":true}]}}