{"id":850,"date":"2020-09-24T09:24:36","date_gmt":"2020-09-24T09:24:36","guid":{"rendered":"https:\/\/diatip.com\/products\/"},"modified":"2025-05-14T09:50:09","modified_gmt":"2025-05-14T09:50:09","slug":"productos","status":"publish","type":"page","link":"https:\/\/www.diatip.com\/es\/productos\/","title":{"rendered":"Productos"},"content":{"rendered":"<!--themify_builder_content-->\n<div id=\"themify_builder_content-850\" data-postid=\"850\" class=\"themify_builder_content themify_builder_content-850 themify_builder tf_clear\">\n                    <div  data-lazy=\"1\" class=\"module_row themify_builder_row tb_8jeu130 tb_first tf_w\">\n            <span class=\"tb_row_frame_wrap tf_overflow tf_abs\" data-lazy=\"1\"><span class=\"tb_row_frame tb_row_frame_bottom  tf_abs tf_hide tf_overflow tf_w\"><\/span><\/span>            <div class=\"row_inner col_align_top tb_col_count_1 tf_box tf_rel\">\n                        <div  data-lazy=\"1\" class=\"module_column tb-column col-full tb_vlf0131 first\">\n                    <!-- module text -->\n<div  class=\"module module-text tb_sd9d131   \" data-lazy=\"1\">\n        <div  class=\"tb_text_wrap\">\n        <h1 style=\"text-align: center;\"><span style=\"color: #ffffff;\">PRODUCTOS<\/span><\/h1>\n    <\/div>\n<\/div>\n<!-- \/module text -->        <\/div>\n                        <\/div>\n        <\/div>\n                        <div  data-lazy=\"1\" class=\"module_row themify_builder_row tb_l39w831 tf_w\">\n                        <div class=\"row_inner col_align_top tb_col_count_1 tf_box tf_rel\">\n                        <div  data-lazy=\"1\" class=\"module_column tb-column col-full tb_eu2l832 first\">\n                    <!-- module template_part -->\n<div  class=\"module module-layout-part tb_uc9v414 \">\n    <div class=\"tb_layout_part_wrap tf_w\"><!--themify_builder_content-->\n    <div  class=\"themify_builder_content themify_builder_content-1348 themify_builder not_editable_builder in_the_loop\" data-postid=\"1348\">\n                        <div  data-lazy=\"1\" class=\"module_row themify_builder_row tb_u2cv53 tf_w\">\n                        <div class=\"row_inner col_align_top tb_col_count_1 tf_box tf_rel\">\n                        <div  data-lazy=\"1\" class=\"module_column tb-column col-full tb_v48u56 first\">\n                            <div  data-lazy=\"1\" class=\"module_subrow themify_builder_sub_row tf_w col_align_middle gutter-none tb_col_count_4 tb_2liz58\">\n                <div  data-lazy=\"1\" class=\"module_column sub_column col4-1 tb_hyz358 first\">\n                    <!-- module image -->\n<div  class=\"module module-image tb_rla658 image-top   tf_mw\" data-lazy=\"1\">\n        <div class=\"image-wrap tf_rel tf_mw\">\n            <img loading=\"lazy\" decoding=\"async\" src=\"http:\/\/diatip.com\/wp-content\/uploads\/2014\/06\/CD-7-28-Automatic.jpg\" width=\"300\" height=\"250\" title=\"Productos\" alt=\"Productos\">    \n        <\/div>\n    <!-- \/image-wrap -->\n    \n        <\/div>\n<!-- \/module image -->        <\/div>\n                    <div  data-lazy=\"1\" class=\"module_column sub_column col4-1 tb_rvs459\">\n                    <!-- module text -->\n<div  class=\"module module-text tb_p3yk59   \" data-lazy=\"1\">\n        <div  class=\"tb_text_wrap\">\n        <h2>M\u00e1quinas<\/h2><p>Los equipos de Diatip realizan cortes r\u00e1pidos y silenciosos, proporcionan una perfecta divisi\u00f3n en segmentos, hacen que sea m\u00e1s f\u00e1cil soldar nuevos segmentos y eliminan la p\u00e9rdida de segmentos.<\/p>    <\/div>\n<\/div>\n<!-- \/module text --><!-- module buttons -->\n<div  class=\"module module-buttons tb_grvd59 buttons-horizontal solid  large squared\" data-lazy=\"1\">\n        <div class=\"module-buttons-item tf_in_flx\">\n                        <a href=\"https:\/\/diatip.com\/es\/productos\/maquinas\/\" class=\"ui builder_button tf_in_flx blue\" >\n                                                Ver m\u00e1quinas                                        <\/a>\n                <\/div>\n            <\/div>\n<!-- \/module buttons -->\n<!-- module divider -->\n<div  class=\"module tf_mw module-divider tb_ht1760 solid    hide-desktop hide-tablet_landscape\" style=\"border-width: 1px;border-color: #0d00bf;margin-top: 30px;\" data-lazy=\"1\">\n    <\/div>\n<!-- \/module divider -->\n        <\/div>\n                    <div  data-lazy=\"1\" class=\"module_column sub_column col4-1 tb_kaic60\">\n                    <!-- module image -->\n<div  class=\"module module-image tb_hqze60 image-top   tf_mw\" data-lazy=\"1\">\n        <div class=\"image-wrap tf_rel tf_mw\">\n            <img loading=\"lazy\" decoding=\"async\" src=\"http:\/\/diatip.com\/wp-content\/uploads\/2015\/02\/Magnets-new.jpg\" width=\"300\" height=\"250\" title=\"Productos\" alt=\"Productos\">    \n        <\/div>\n    <!-- \/image-wrap -->\n    \n        <\/div>\n<!-- \/module image -->        <\/div>\n                    <div  data-lazy=\"1\" class=\"module_column sub_column col4-1 tb_103i61 last\">\n                    <!-- module text -->\n<div  class=\"module module-text tb_8mvy61   \" data-lazy=\"1\">\n        <div  class=\"tb_text_wrap\">\n        <h2>Imanes<\/h2><p>Use nuestros imanes JM o SFM para espacios laterales exactos y para el posicionamiento preciso de los segmentos de diamante durante el proceso de soldadura en la broca de corona.<\/p>    <\/div>\n<\/div>\n<!-- \/module text --><!-- module buttons -->\n<div  class=\"module module-buttons tb_3s2761 buttons-horizontal solid  large squared\" data-lazy=\"1\">\n        <div class=\"module-buttons-item tf_in_flx\">\n                        <a href=\"https:\/\/diatip.com\/es\/productos\/imanes\/\" class=\"ui builder_button tf_in_flx blue\" >\n                                                Ver imanes                                        <\/a>\n                <\/div>\n            <\/div>\n<!-- \/module buttons -->\n<!-- module divider -->\n<div  class=\"module tf_mw module-divider tb_276i62 solid    hide-desktop hide-tablet_landscape\" style=\"border-width: 1px;border-color: #0d00bf;margin-top: 30px;\" data-lazy=\"1\">\n    <\/div>\n<!-- \/module divider -->\n        <\/div>\n                    <\/div>\n                <div  data-lazy=\"1\" class=\"module_subrow themify_builder_sub_row tf_w col_align_middle gutter-none tb_col_count_4 tb_n6e362\">\n                <div  data-lazy=\"1\" class=\"module_column sub_column col4-1 tb_bky662 first\">\n                    <!-- module text -->\n<div  class=\"module module-text tb_s48o63   \" data-lazy=\"1\">\n        <div  class=\"tb_text_wrap\">\n        <h2>Plata y Fundente<\/h2><p>Seleccionados para soldadura f\u00e1cil y segura. El precio de la plata depende del precio actual del mercado.<\/p>    <\/div>\n<\/div>\n<!-- \/module text --><!-- module buttons -->\n<div  class=\"module module-buttons tb_y1mx63 buttons-horizontal solid  large squared\" data-lazy=\"1\">\n        <div class=\"module-buttons-item tf_in_flx\">\n                        <a href=\"https:\/\/diatip.com\/es\/productos\/plata-y-fundente\/\" class=\"ui builder_button tf_in_flx blue\" >\n                                                Ver plata y fundiente                                        <\/a>\n                <\/div>\n            <\/div>\n<!-- \/module buttons -->\n<!-- module divider -->\n<div  class=\"module tf_mw module-divider tb_oota861 solid    hide-desktop hide-tablet_landscape\" style=\"border-width: 1px;border-color: #0d00bf;margin-top: 30px;\" data-lazy=\"1\">\n    <\/div>\n<!-- \/module divider -->\n        <\/div>\n                    <div  data-lazy=\"1\" class=\"module_column sub_column col4-1 tb_gv6f63\">\n                    <!-- module image -->\n<div  class=\"module module-image tb_r93q63 image-top   tf_mw\" data-lazy=\"1\">\n        <div class=\"image-wrap tf_rel tf_mw\">\n            <img loading=\"lazy\" decoding=\"async\" src=\"http:\/\/diatip.com\/wp-content\/uploads\/2015\/02\/Siler-Flux-new.jpg\" width=\"300\" height=\"250\" title=\"Productos\" alt=\"Productos\">    \n        <\/div>\n    <!-- \/image-wrap -->\n    \n        <\/div>\n<!-- \/module image -->        <\/div>\n                    <div  data-lazy=\"1\" class=\"module_column sub_column col4-1 tb_yeet64\">\n                    <!-- module text -->\n<div  class=\"module module-text tb_o55964   \" data-lazy=\"1\">\n        <div  class=\"tb_text_wrap\">\n        <h2>Accesorios<\/h2><p>Ofrecemos una serie de accesorios opcionales que pueden ampliar el uso de su equipo; Herramientas de corte, adaptadores, extensiones y cuchillas.<\/p>    <\/div>\n<\/div>\n<!-- \/module text --><!-- module buttons -->\n<div  class=\"module module-buttons tb_fsox64 buttons-horizontal solid  large squared\" data-lazy=\"1\">\n        <div class=\"module-buttons-item tf_in_flx\">\n                        <a href=\"https:\/\/diatip.com\/es\/productos\/accesorios\/\" class=\"ui builder_button tf_in_flx blue\" >\n                                                Ver accesorios                                        <\/a>\n                <\/div>\n            <\/div>\n<!-- \/module buttons -->\n<!-- module divider -->\n<div  class=\"module tf_mw module-divider tb_2j7165 solid    hide-desktop hide-tablet_landscape\" style=\"border-width: 1px;border-color: #0d00bf;margin-top: 30px;\" data-lazy=\"1\">\n    <\/div>\n<!-- \/module divider -->\n        <\/div>\n                    <div  data-lazy=\"1\" class=\"module_column sub_column col4-1 tb_8n1d65 last\">\n                    <!-- module image -->\n<div  class=\"module module-image tb_0f5x65 image-top   tf_mw\" data-lazy=\"1\">\n        <div class=\"image-wrap tf_rel tf_mw\">\n            <img loading=\"lazy\" decoding=\"async\" src=\"http:\/\/diatip.com\/wp-content\/uploads\/2015\/02\/Accessories-new.jpg\" width=\"300\" height=\"250\" title=\"Productos\" alt=\"Productos\">    \n        <\/div>\n    <!-- \/image-wrap -->\n    \n        <\/div>\n<!-- \/module image -->        <\/div>\n                    <\/div>\n                <\/div>\n                        <\/div>\n        <\/div>\n            <\/div>\n<!--\/themify_builder_content--><\/div>\n<\/div>\n<!-- \/module template_part -->        <\/div>\n                        <\/div>\n        <\/div>\n        <\/div>\n<!--\/themify_builder_content-->","protected":false},"excerpt":{"rendered":"<p>PRODUCTOS<\/p>\n","protected":false},"author":2,"featured_media":0,"parent":0,"menu_order":0,"comment_status":"closed","ping_status":"closed","template":"","meta":{"footnotes":""},"class_list":["post-850","page","type-page","status-publish","hentry","has-post-title","has-post-date","has-post-category","has-post-tag","has-post-comment","has-post-author",""],"yoast_head":"<!-- This site is optimized with the Yoast SEO plugin v27.4 - https:\/\/yoast.com\/product\/yoast-seo-wordpress\/ -->\n<title>Productos &#8226; Diatip<\/title>\n<meta name=\"description\" content=\"PRODUCTOS\" \/>\n<meta name=\"robots\" content=\"index, follow, max-snippet:-1, max-image-preview:large, max-video-preview:-1\" \/>\n<link rel=\"canonical\" href=\"https:\/\/www.diatip.com\/es\/productos\/\" \/>\n<meta property=\"og:locale\" content=\"es_ES\" \/>\n<meta property=\"og:type\" content=\"article\" \/>\n<meta property=\"og:title\" content=\"Productos &#8226; Diatip\" \/>\n<meta property=\"og:description\" content=\"PRODUCTOS\" \/>\n<meta property=\"og:url\" content=\"https:\/\/www.diatip.com\/es\/productos\/\" \/>\n<meta property=\"og:site_name\" content=\"Diatip\" \/>\n<meta property=\"article:modified_time\" content=\"2025-05-14T09:50:09+00:00\" \/>\n<meta name=\"twitter:card\" content=\"summary_large_image\" \/>\n<script type=\"application\/ld+json\" class=\"yoast-schema-graph\">{\"@context\":\"https:\\\/\\\/schema.org\",\"@graph\":[{\"@type\":\"WebPage\",\"@id\":\"https:\\\/\\\/www.diatip.com\\\/es\\\/productos\\\/\",\"url\":\"https:\\\/\\\/www.diatip.com\\\/es\\\/productos\\\/\",\"name\":\"Productos &#8226; Diatip\",\"isPartOf\":{\"@id\":\"https:\\\/\\\/www.diatip.com\\\/es\\\/#website\"},\"datePublished\":\"2020-09-24T09:24:36+00:00\",\"dateModified\":\"2025-05-14T09:50:09+00:00\",\"description\":\"PRODUCTOS\",\"breadcrumb\":{\"@id\":\"https:\\\/\\\/www.diatip.com\\\/es\\\/productos\\\/#breadcrumb\"},\"inLanguage\":\"es\",\"potentialAction\":[{\"@type\":\"ReadAction\",\"target\":[\"https:\\\/\\\/www.diatip.com\\\/es\\\/productos\\\/\"]}]},{\"@type\":\"BreadcrumbList\",\"@id\":\"https:\\\/\\\/www.diatip.com\\\/es\\\/productos\\\/#breadcrumb\",\"itemListElement\":[{\"@type\":\"ListItem\",\"position\":1,\"name\":\"Home\",\"item\":\"https:\\\/\\\/www.diatip.com\\\/es\\\/\"},{\"@type\":\"ListItem\",\"position\":2,\"name\":\"Productos\"}]},{\"@type\":\"WebSite\",\"@id\":\"https:\\\/\\\/www.diatip.com\\\/es\\\/#website\",\"url\":\"https:\\\/\\\/www.diatip.com\\\/es\\\/\",\"name\":\"Diatip\",\"description\":\"Retipping Diamond Core Bits or Diamond Sawblades\",\"publisher\":{\"@id\":\"https:\\\/\\\/www.diatip.com\\\/es\\\/#organization\"},\"potentialAction\":[{\"@type\":\"SearchAction\",\"target\":{\"@type\":\"EntryPoint\",\"urlTemplate\":\"https:\\\/\\\/www.diatip.com\\\/es\\\/?s={search_term_string}\"},\"query-input\":{\"@type\":\"PropertyValueSpecification\",\"valueRequired\":true,\"valueName\":\"search_term_string\"}}],\"inLanguage\":\"es\"},{\"@type\":\"Organization\",\"@id\":\"https:\\\/\\\/www.diatip.com\\\/es\\\/#organization\",\"name\":\"Diatip\",\"url\":\"https:\\\/\\\/www.diatip.com\\\/es\\\/\",\"logo\":{\"@type\":\"ImageObject\",\"inLanguage\":\"es\",\"@id\":\"https:\\\/\\\/www.diatip.com\\\/es\\\/#\\\/schema\\\/logo\\\/image\\\/\",\"url\":\"https:\\\/\\\/www.diatip.com\\\/wp-content\\\/uploads\\\/2020\\\/06\\\/diatip-logo-low.jpg\",\"contentUrl\":\"https:\\\/\\\/www.diatip.com\\\/wp-content\\\/uploads\\\/2020\\\/06\\\/diatip-logo-low.jpg\",\"width\":304,\"height\":92,\"caption\":\"Diatip\"},\"image\":{\"@id\":\"https:\\\/\\\/www.diatip.com\\\/es\\\/#\\\/schema\\\/logo\\\/image\\\/\"}}]}<\/script>\n<!-- \/ Yoast SEO plugin. -->","yoast_head_json":{"title":"Productos &#8226; Diatip","description":"PRODUCTOS","robots":{"index":"index","follow":"follow","max-snippet":"max-snippet:-1","max-image-preview":"max-image-preview:large","max-video-preview":"max-video-preview:-1"},"canonical":"https:\/\/www.diatip.com\/es\/productos\/","og_locale":"es_ES","og_type":"article","og_title":"Productos &#8226; Diatip","og_description":"PRODUCTOS","og_url":"https:\/\/www.diatip.com\/es\/productos\/","og_site_name":"Diatip","article_modified_time":"2025-05-14T09:50:09+00:00","twitter_card":"summary_large_image","schema":{"@context":"https:\/\/schema.org","@graph":[{"@type":"WebPage","@id":"https:\/\/www.diatip.com\/es\/productos\/","url":"https:\/\/www.diatip.com\/es\/productos\/","name":"Productos &#8226; Diatip","isPartOf":{"@id":"https:\/\/www.diatip.com\/es\/#website"},"datePublished":"2020-09-24T09:24:36+00:00","dateModified":"2025-05-14T09:50:09+00:00","description":"PRODUCTOS","breadcrumb":{"@id":"https:\/\/www.diatip.com\/es\/productos\/#breadcrumb"},"inLanguage":"es","potentialAction":[{"@type":"ReadAction","target":["https:\/\/www.diatip.com\/es\/productos\/"]}]},{"@type":"BreadcrumbList","@id":"https:\/\/www.diatip.com\/es\/productos\/#breadcrumb","itemListElement":[{"@type":"ListItem","position":1,"name":"Home","item":"https:\/\/www.diatip.com\/es\/"},{"@type":"ListItem","position":2,"name":"Productos"}]},{"@type":"WebSite","@id":"https:\/\/www.diatip.com\/es\/#website","url":"https:\/\/www.diatip.com\/es\/","name":"Diatip","description":"Retipping Diamond Core Bits or Diamond Sawblades","publisher":{"@id":"https:\/\/www.diatip.com\/es\/#organization"},"potentialAction":[{"@type":"SearchAction","target":{"@type":"EntryPoint","urlTemplate":"https:\/\/www.diatip.com\/es\/?s={search_term_string}"},"query-input":{"@type":"PropertyValueSpecification","valueRequired":true,"valueName":"search_term_string"}}],"inLanguage":"es"},{"@type":"Organization","@id":"https:\/\/www.diatip.com\/es\/#organization","name":"Diatip","url":"https:\/\/www.diatip.com\/es\/","logo":{"@type":"ImageObject","inLanguage":"es","@id":"https:\/\/www.diatip.com\/es\/#\/schema\/logo\/image\/","url":"https:\/\/www.diatip.com\/wp-content\/uploads\/2020\/06\/diatip-logo-low.jpg","contentUrl":"https:\/\/www.diatip.com\/wp-content\/uploads\/2020\/06\/diatip-logo-low.jpg","width":304,"height":92,"caption":"Diatip"},"image":{"@id":"https:\/\/www.diatip.com\/es\/#\/schema\/logo\/image\/"}}]}},"_links":{"self":[{"href":"https:\/\/www.diatip.com\/es\/wp-json\/wp\/v2\/pages\/850","targetHints":{"allow":["GET"]}}],"collection":[{"href":"https:\/\/www.diatip.com\/es\/wp-json\/wp\/v2\/pages"}],"about":[{"href":"https:\/\/www.diatip.com\/es\/wp-json\/wp\/v2\/types\/page"}],"author":[{"embeddable":true,"href":"https:\/\/www.diatip.com\/es\/wp-json\/wp\/v2\/users\/2"}],"replies":[{"embeddable":true,"href":"https:\/\/www.diatip.com\/es\/wp-json\/wp\/v2\/comments?post=850"}],"version-history":[{"count":3,"href":"https:\/\/www.diatip.com\/es\/wp-json\/wp\/v2\/pages\/850\/revisions"}],"predecessor-version":[{"id":1805,"href":"https:\/\/www.diatip.com\/es\/wp-json\/wp\/v2\/pages\/850\/revisions\/1805"}],"wp:attachment":[{"href":"https:\/\/www.diatip.com\/es\/wp-json\/wp\/v2\/media?parent=850"}],"curies":[{"name":"wp","href":"https:\/\/api.w.org\/{rel}","templated":true}]}}