{"id":800,"date":"2020-09-24T09:23:32","date_gmt":"2020-09-24T09:23:32","guid":{"rendered":"https:\/\/diatip.com\/about-us\/"},"modified":"2025-05-14T09:49:36","modified_gmt":"2025-05-14T09:49:36","slug":"nosotros","status":"publish","type":"page","link":"https:\/\/www.diatip.com\/es\/nosotros\/","title":{"rendered":"Nosotros"},"content":{"rendered":"<!--themify_builder_content-->\n<div id=\"themify_builder_content-800\" data-postid=\"800\" class=\"themify_builder_content themify_builder_content-800 themify_builder tf_clear\">\n                    <div  data-lazy=\"1\" class=\"module_row themify_builder_row tb_ovbq888 tb_first tf_w\">\n            <span class=\"tb_row_frame_wrap tf_overflow tf_abs\" data-lazy=\"1\"><span class=\"tb_row_frame tb_row_frame_bottom  tf_abs tf_hide tf_overflow tf_w\"><\/span><\/span>            <div class=\"row_inner col_align_top tb_col_count_1 tf_box tf_rel\">\n                        <div  data-lazy=\"1\" class=\"module_column tb-column col-full tb_861u889 first\">\n                    <!-- module text -->\n<div  class=\"module module-text tb_4m91462   \" data-lazy=\"1\">\n        <div  class=\"tb_text_wrap\">\n        <h1 style=\"text-align: center;\"><span style=\"color: #ffffff;\">Nosotros<\/span><\/h1>\n    <\/div>\n<\/div>\n<!-- \/module text -->        <\/div>\n                        <\/div>\n        <\/div>\n                        <div  data-lazy=\"1\" class=\"module_row themify_builder_row tb_3c9j474 tf_w\">\n            <span class=\"tb_row_frame_wrap tf_overflow tf_abs\" data-lazy=\"1\"><span class=\"tb_row_frame tb_row_frame_bottom  tf_abs tf_hide tf_overflow tf_w\"><\/span><\/span>            <div class=\"row_inner col_align_top tb_col_count_2 tf_box tf_rel\">\n                        <div  data-lazy=\"1\" class=\"module_column tb-column col4-1 tb_328g476 first\">\n                    <!-- module image -->\n<div  class=\"module module-image tb_zqz0586 image-center drop-shadow  tf_mw\" data-lazy=\"1\">\n        <div class=\"image-wrap tf_rel tf_mw\">\n            <img loading=\"lazy\" decoding=\"async\" src=\"https:\/\/diatip.com\/wp-content\/uploads\/2020\/07\/jack-midhage-low-213x300-1.jpg\" width=\"213\" height=\"300\" title=\"Nosotros\" alt=\"Nosotros\">    \n        <\/div>\n    <!-- \/image-wrap -->\n    \n        <\/div>\n<!-- \/module image -->        <\/div>\n                    <div  data-lazy=\"1\" class=\"module_column tb-column col4-3 tb_4uar967 last\">\n                    <!-- module text -->\n<div  class=\"module module-text tb_1xpv556   \" data-lazy=\"1\">\n        <div  class=\"tb_text_wrap\">\n        <p><strong>M\u00e1s de 25 a\u00f1os de experiencia en equipos para el reafilado de brocas de corona de diamante y de otras m\u00e1quinas para la reparaci\u00f3n de herramientas de diamante. M\u00e1s de 1500 unidades vendidas desde los inicios, con clientes felices en todo el mundo. Alta calidad comprobada &#8211; las primeras m\u00e1quinas vendidas todav\u00eda est\u00e1n en uso. Servicio y soporte integrales &#8211; siempre hay en existencias accesorios, piezas de repuesto y piezas de desgaste.<\/strong><\/p>\n<p>El desarrollo de los equipos de reafilado comenz\u00f3 a principios de la d\u00e9cada de 1990 como divisi\u00f3n de la empresa Jack Midhage.<br \/>La idea fue concebida por el mismo Jack Midhage: el contratista de perforaciones debe tener el control de sus propias brocas y, por consiguiente, debe contar con equipos que puedan facilitar la tarea. El primer modelo, el Columbi, empez\u00f3 a venderse en 1992 y, con el tiempo, se transform\u00f3 en un gran \u00e9xito.<\/p>\n<p>Hacia 1997, el negocio hab\u00eda crecido tanto que decidi\u00f3 crear una empresa especial para las ventas de equipos de reafilado: Midhage Diatip AB. Con el correr de los a\u00f1os, la empresa se convirti\u00f3 en un nombre reconocido en el mundo de las herramientas de diamante y la variedad de distintos accesorios para la reparaci\u00f3n de las herramientas de diamante ha aumentado, incluidos los imanes para soldar y los equipos para la reparaci\u00f3n de las cuchillas de las sierras.<\/p>\n<p>Hasta su fallecimiento en 2005, Jack Midhage estuvo a cargo de la empresa. A pesar de su edad, Jack Midhage estuvo muy involucrado en el desarrollo de productos nuevos, en las ventas y en la comercializaci\u00f3n. En la actualidad, el hijo y la hija del Sr. Midhage son directores y participan en la gesti\u00f3n del negocio diariamente, junto con los distintos fabricantes.<\/p>    <\/div>\n<\/div>\n<!-- \/module text -->        <\/div>\n                        <\/div>\n        <\/div>\n                        <div  data-css_id=\"ll0t243\" data-lazy=\"1\" class=\"module_row themify_builder_row fullwidth tb_ll0t243 tf_w\">\n                        <div class=\"row_inner col_align_top tb_col_count_1 tf_box tf_rel\">\n                        <div  data-lazy=\"1\" class=\"module_column tb-column col-full tb_zpkn243 first\">\n                    <!-- module text -->\n<div  class=\"module module-text tb_9456243   \" data-lazy=\"1\">\n        <div  class=\"tb_text_wrap\">\n        <h2 style=\"text-align: center;\">Hacer el reafilado uno mismo ofrece muchas ventajas &#8211;<\/h2>\n<h2 style=\"text-align: center;\">Diatip le facilitar\u00e1 en gran medida el trabajo<\/h2>\n    <\/div>\n<\/div>\n<!-- \/module text --><!-- module divider -->\n<div  class=\"module tf_mw module-divider tb_fgrh142 solid   \" style=\"border-width: 1px;border-color: rgba(0,0,0, 0.00);margin-top: 30px;margin-bottom: 10px;\" data-lazy=\"1\">\n    <\/div>\n<!-- \/module divider -->\n        <div  data-lazy=\"1\" class=\"module_subrow themify_builder_sub_row tf_w col_align_top tb_col_count_4 tb_ryhr244\">\n                <div  data-lazy=\"1\" class=\"module_column sub_column col4-1 tb_ncfk245 first\">\n                    <!-- module feature -->\n<div  class=\"module module-feature tb_wbze245 with-chart layout-icon-top size-small \" data-layout-mobile=\"icon-top\" data-layout-desktop=\"icon-top\" data-lazy=\"1\">\n        <div class=\"module-feature-image tf_textc tf_rel\">\n                            <span class=\"module-feature-chart-html5 tf_box tf_rel tf_inline_b\">\n                                    <svg class=\"tf_abs tf_w tf_h\">\n                    <circle class=\"tb_feature_fill\" r=\"calc(50% - 1.00px)\" cx=\"50%\" cy=\"50%\" stroke-width=\"2\"\/>\n                    <circle class=\"tb_feature_stroke\" r=\"calc(50% - 1.00px)\" cx=\"50%\" cy=\"50%\" stroke=\"#070498\" stroke-width=\"2\" data-progress=\"100\" stroke-dasharray=\"0,10000\"\/>\n                                        <\/svg>\n                                <span class=\"chart-html5-circle tf_w tf_h\">\n                                            <em class=\"module-feature-icon tf_rel\"><svg  class=\"tf_fa tf-fas-check-circle\" xmlns:xlink=\"http:\/\/www.w3.org\/1999\/xlink\" aria-hidden=\"true\"><use href=\"#tf-fas-check-circle\" xlink:href=\"#tf-fas-check-circle\"><\/use><\/svg><\/em>\n                                    <\/span>\n\n                \n            <\/span>\n                <\/div>\n    <div class=\"module-feature-content tf_textc\">\n                    <h3 class=\"module-feature-title\">\n                            Cortes r\u00e1pidos y silenciosos                        <\/h3>\n                    <div class=\"tb_text_wrap\">\n            <p>Los equipos de reafilado de Diatip hacen que el trabajo sea m\u00e1s limpio y c\u00f3modo (sin ruido, suciedad ni chispas) y cortan m\u00e1s r\u00e1pidamente que los discos lijadores.<\/p>        <\/div>\n    <\/div>\n<\/div>\n<!-- \/module feature -->\n        <\/div>\n                    <div  data-lazy=\"1\" class=\"module_column sub_column col4-1 tb_s3ks245\">\n                    <!-- module feature -->\n<div  class=\"module module-feature tb_l14r245 with-chart layout-icon-top size-small \" data-layout-mobile=\"icon-top\" data-layout-desktop=\"icon-top\" data-lazy=\"1\">\n        <div class=\"module-feature-image tf_textc tf_rel\">\n                            <span class=\"module-feature-chart-html5 tf_box tf_rel tf_inline_b\">\n                                    <svg class=\"tf_abs tf_w tf_h\">\n                    <circle class=\"tb_feature_fill\" r=\"calc(50% - 1.00px)\" cx=\"50%\" cy=\"50%\" stroke-width=\"2\"\/>\n                    <circle class=\"tb_feature_stroke\" r=\"calc(50% - 1.00px)\" cx=\"50%\" cy=\"50%\" stroke=\"#070498\" stroke-width=\"2\" data-progress=\"100\" stroke-dasharray=\"0,10000\"\/>\n                                        <\/svg>\n                                <span class=\"chart-html5-circle tf_w tf_h\">\n                                            <em class=\"module-feature-icon tf_rel\"><svg  class=\"tf_fa tf-fas-check-circle\" xmlns:xlink=\"http:\/\/www.w3.org\/1999\/xlink\" aria-hidden=\"true\"><use href=\"#tf-fas-check-circle\" xlink:href=\"#tf-fas-check-circle\"><\/use><\/svg><\/em>\n                                    <\/span>\n\n                \n            <\/span>\n                <\/div>\n    <div class=\"module-feature-content tf_textc\">\n                    <h3 class=\"module-feature-title\">\n                            Divisi\u00f3n precisa de segmentos                        <\/h3>\n                    <div class=\"tb_text_wrap\">\n            <p>Con los equipos de Diatip controlar\u00e1 totalmente el n\u00famero y la posici\u00f3n de los segmentos que quiera implantar en la broca.<\/p>        <\/div>\n    <\/div>\n<\/div>\n<!-- \/module feature -->\n        <\/div>\n                    <div  data-lazy=\"1\" class=\"module_column sub_column col4-1 tb_hwts763\">\n                    <!-- module feature -->\n<div  class=\"module module-feature tb_ne2x246 with-chart layout-icon-top size-small \" data-layout-mobile=\"icon-top\" data-layout-desktop=\"icon-top\" data-lazy=\"1\">\n        <div class=\"module-feature-image tf_textc tf_rel\">\n                            <span class=\"module-feature-chart-html5 tf_box tf_rel tf_inline_b\">\n                                    <svg class=\"tf_abs tf_w tf_h\">\n                    <circle class=\"tb_feature_fill\" r=\"calc(50% - 1.00px)\" cx=\"50%\" cy=\"50%\" stroke-width=\"2\"\/>\n                    <circle class=\"tb_feature_stroke\" r=\"calc(50% - 1.00px)\" cx=\"50%\" cy=\"50%\" stroke=\"#070498\" stroke-width=\"2\" data-progress=\"100\" stroke-dasharray=\"0,10000\"\/>\n                                        <\/svg>\n                                <span class=\"chart-html5-circle tf_w tf_h\">\n                                            <em class=\"module-feature-icon tf_rel\"><svg  class=\"tf_fa tf-fas-check-circle\" xmlns:xlink=\"http:\/\/www.w3.org\/1999\/xlink\" aria-hidden=\"true\"><use href=\"#tf-fas-check-circle\" xlink:href=\"#tf-fas-check-circle\"><\/use><\/svg><\/em>\n                                    <\/span>\n\n                \n            <\/span>\n                <\/div>\n    <div class=\"module-feature-content tf_textc\">\n                    <h3 class=\"module-feature-title\">\n                            Soldar resulta f\u00e1cil                        <\/h3>\n                    <div class=\"tb_text_wrap\">\n            <p>Los equipos de Diatip hacen los asientos para los segmentos al mismo tiempo que cortan la parte desgastada. Esto crea apoyo en tres lados, por lo que le resultar\u00e1 m\u00e1s f\u00e1cil soldar.<\/p>        <\/div>\n    <\/div>\n<\/div>\n<!-- \/module feature -->\n        <\/div>\n                    <div  data-lazy=\"1\" class=\"module_column sub_column col4-1 tb_up4z765 last\">\n                    <!-- module feature -->\n<div  class=\"module module-feature tb_daov246 with-chart layout-icon-top size-small \" data-layout-mobile=\"icon-top\" data-layout-desktop=\"icon-top\" data-lazy=\"1\">\n        <div class=\"module-feature-image tf_textc tf_rel\">\n                            <span class=\"module-feature-chart-html5 tf_box tf_rel tf_inline_b\">\n                                    <svg class=\"tf_abs tf_w tf_h\">\n                    <circle class=\"tb_feature_fill\" r=\"calc(50% - 1.00px)\" cx=\"50%\" cy=\"50%\" stroke-width=\"2\"\/>\n                    <circle class=\"tb_feature_stroke\" r=\"calc(50% - 1.00px)\" cx=\"50%\" cy=\"50%\" stroke=\"#070498\" stroke-width=\"2\" data-progress=\"100\" stroke-dasharray=\"0,10000\"\/>\n                                        <\/svg>\n                                <span class=\"chart-html5-circle tf_w tf_h\">\n                                            <em class=\"module-feature-icon tf_rel\"><svg  class=\"tf_fa tf-fas-check-circle\" xmlns:xlink=\"http:\/\/www.w3.org\/1999\/xlink\" aria-hidden=\"true\"><use href=\"#tf-fas-check-circle\" xlink:href=\"#tf-fas-check-circle\"><\/use><\/svg><\/em>\n                                    <\/span>\n\n                \n            <\/span>\n                <\/div>\n    <div class=\"module-feature-content tf_textc\">\n                    <h3 class=\"module-feature-title\">\n                            Elimina la p\u00e9rdida de segmentos                        <\/h3>\n                    <div class=\"tb_text_wrap\">\n            <p>Los asientos reducen las interrupciones provocadas por p\u00e9rdida de segmentos. Adem\u00e1s, hacen que sea m\u00e1s f\u00e1cil perforar materiales duros, utilizar m\u00e1quinas m\u00e1s potentes o perforar m\u00e1s r\u00e1pido.<\/p>        <\/div>\n    <\/div>\n<\/div>\n<!-- \/module feature -->\n        <\/div>\n                    <\/div>\n                <\/div>\n                        <\/div>\n        <\/div>\n        <\/div>\n<!--\/themify_builder_content-->","protected":false},"excerpt":{"rendered":"<p>Nosotros M\u00e1s de 25 a\u00f1os de experiencia en equipos para el reafilado de brocas de corona de diamante y de otras m\u00e1quinas para la reparaci\u00f3n de herramientas de diamante. M\u00e1s de 1500 unidades vendidas desde los inicios, con clientes felices en todo el mundo. Alta calidad comprobada &#8211; las primeras m\u00e1quinas vendidas todav\u00eda est\u00e1n en [&hellip;]<\/p>\n","protected":false},"author":2,"featured_media":0,"parent":0,"menu_order":0,"comment_status":"closed","ping_status":"closed","template":"","meta":{"footnotes":""},"class_list":["post-800","page","type-page","status-publish","hentry","has-post-title","has-post-date","has-post-category","has-post-tag","has-post-comment","has-post-author",""],"yoast_head":"<!-- This site is optimized with the Yoast SEO plugin v27.5 - https:\/\/yoast.com\/product\/yoast-seo-wordpress\/ -->\n<title>Nosotros &#8226; Diatip<\/title>\n<meta name=\"description\" content=\"Nosotros M\u00e1s de 25 a\u00f1os de experiencia en equipos para el reafilado de brocas de corona de diamante y de otras m\u00e1quinas para la reparaci\u00f3n de herramientas\" \/>\n<meta name=\"robots\" content=\"index, follow, max-snippet:-1, max-image-preview:large, max-video-preview:-1\" \/>\n<link rel=\"canonical\" href=\"https:\/\/www.diatip.com\/es\/nosotros\/\" \/>\n<meta property=\"og:locale\" content=\"es_ES\" \/>\n<meta property=\"og:type\" content=\"article\" \/>\n<meta property=\"og:title\" content=\"Nosotros &#8226; Diatip\" \/>\n<meta property=\"og:description\" content=\"Nosotros M\u00e1s de 25 a\u00f1os de experiencia en equipos para el reafilado de brocas de corona de diamante y de otras m\u00e1quinas para la reparaci\u00f3n de herramientas\" \/>\n<meta property=\"og:url\" content=\"https:\/\/www.diatip.com\/es\/nosotros\/\" \/>\n<meta property=\"og:site_name\" content=\"Diatip\" \/>\n<meta property=\"article:modified_time\" content=\"2025-05-14T09:49:36+00:00\" \/>\n<meta property=\"og:image\" content=\"https:\/\/diatip.com\/wp-content\/uploads\/2020\/07\/jack-midhage-low-213x300-1.jpg\" \/>\n<meta name=\"twitter:card\" content=\"summary_large_image\" \/>\n<meta name=\"twitter:label1\" content=\"Tiempo de lectura\" \/>\n\t<meta name=\"twitter:data1\" content=\"2 minutos\" \/>\n<script type=\"application\/ld+json\" class=\"yoast-schema-graph\">{\"@context\":\"https:\\\/\\\/schema.org\",\"@graph\":[{\"@type\":\"WebPage\",\"@id\":\"https:\\\/\\\/www.diatip.com\\\/es\\\/nosotros\\\/\",\"url\":\"https:\\\/\\\/www.diatip.com\\\/es\\\/nosotros\\\/\",\"name\":\"Nosotros &#8226; Diatip\",\"isPartOf\":{\"@id\":\"https:\\\/\\\/www.diatip.com\\\/es\\\/#website\"},\"primaryImageOfPage\":{\"@id\":\"https:\\\/\\\/www.diatip.com\\\/es\\\/nosotros\\\/#primaryimage\"},\"image\":{\"@id\":\"https:\\\/\\\/www.diatip.com\\\/es\\\/nosotros\\\/#primaryimage\"},\"thumbnailUrl\":\"https:\\\/\\\/diatip.com\\\/wp-content\\\/uploads\\\/2020\\\/07\\\/jack-midhage-low-213x300-1.jpg\",\"datePublished\":\"2020-09-24T09:23:32+00:00\",\"dateModified\":\"2025-05-14T09:49:36+00:00\",\"description\":\"Nosotros M\u00e1s de 25 a\u00f1os de experiencia en equipos para el reafilado de brocas de corona de diamante y de otras m\u00e1quinas para la reparaci\u00f3n de herramientas\",\"breadcrumb\":{\"@id\":\"https:\\\/\\\/www.diatip.com\\\/es\\\/nosotros\\\/#breadcrumb\"},\"inLanguage\":\"es\",\"potentialAction\":[{\"@type\":\"ReadAction\",\"target\":[\"https:\\\/\\\/www.diatip.com\\\/es\\\/nosotros\\\/\"]}]},{\"@type\":\"ImageObject\",\"inLanguage\":\"es\",\"@id\":\"https:\\\/\\\/www.diatip.com\\\/es\\\/nosotros\\\/#primaryimage\",\"url\":\"https:\\\/\\\/diatip.com\\\/wp-content\\\/uploads\\\/2020\\\/07\\\/jack-midhage-low-213x300-1.jpg\",\"contentUrl\":\"https:\\\/\\\/diatip.com\\\/wp-content\\\/uploads\\\/2020\\\/07\\\/jack-midhage-low-213x300-1.jpg\"},{\"@type\":\"BreadcrumbList\",\"@id\":\"https:\\\/\\\/www.diatip.com\\\/es\\\/nosotros\\\/#breadcrumb\",\"itemListElement\":[{\"@type\":\"ListItem\",\"position\":1,\"name\":\"Home\",\"item\":\"https:\\\/\\\/www.diatip.com\\\/es\\\/\"},{\"@type\":\"ListItem\",\"position\":2,\"name\":\"Nosotros\"}]},{\"@type\":\"WebSite\",\"@id\":\"https:\\\/\\\/www.diatip.com\\\/es\\\/#website\",\"url\":\"https:\\\/\\\/www.diatip.com\\\/es\\\/\",\"name\":\"Diatip\",\"description\":\"Retipping Diamond Core Bits or Diamond Sawblades\",\"publisher\":{\"@id\":\"https:\\\/\\\/www.diatip.com\\\/es\\\/#organization\"},\"potentialAction\":[{\"@type\":\"SearchAction\",\"target\":{\"@type\":\"EntryPoint\",\"urlTemplate\":\"https:\\\/\\\/www.diatip.com\\\/es\\\/?s={search_term_string}\"},\"query-input\":{\"@type\":\"PropertyValueSpecification\",\"valueRequired\":true,\"valueName\":\"search_term_string\"}}],\"inLanguage\":\"es\"},{\"@type\":\"Organization\",\"@id\":\"https:\\\/\\\/www.diatip.com\\\/es\\\/#organization\",\"name\":\"Diatip\",\"url\":\"https:\\\/\\\/www.diatip.com\\\/es\\\/\",\"logo\":{\"@type\":\"ImageObject\",\"inLanguage\":\"es\",\"@id\":\"https:\\\/\\\/www.diatip.com\\\/es\\\/#\\\/schema\\\/logo\\\/image\\\/\",\"url\":\"https:\\\/\\\/www.diatip.com\\\/wp-content\\\/uploads\\\/2020\\\/06\\\/diatip-logo-low.jpg\",\"contentUrl\":\"https:\\\/\\\/www.diatip.com\\\/wp-content\\\/uploads\\\/2020\\\/06\\\/diatip-logo-low.jpg\",\"width\":304,\"height\":92,\"caption\":\"Diatip\"},\"image\":{\"@id\":\"https:\\\/\\\/www.diatip.com\\\/es\\\/#\\\/schema\\\/logo\\\/image\\\/\"}}]}<\/script>\n<!-- \/ Yoast SEO plugin. -->","yoast_head_json":{"title":"Nosotros &#8226; Diatip","description":"Nosotros M\u00e1s de 25 a\u00f1os de experiencia en equipos para el reafilado de brocas de corona de diamante y de otras m\u00e1quinas para la reparaci\u00f3n de herramientas","robots":{"index":"index","follow":"follow","max-snippet":"max-snippet:-1","max-image-preview":"max-image-preview:large","max-video-preview":"max-video-preview:-1"},"canonical":"https:\/\/www.diatip.com\/es\/nosotros\/","og_locale":"es_ES","og_type":"article","og_title":"Nosotros &#8226; Diatip","og_description":"Nosotros M\u00e1s de 25 a\u00f1os de experiencia en equipos para el reafilado de brocas de corona de diamante y de otras m\u00e1quinas para la reparaci\u00f3n de herramientas","og_url":"https:\/\/www.diatip.com\/es\/nosotros\/","og_site_name":"Diatip","article_modified_time":"2025-05-14T09:49:36+00:00","og_image":[{"url":"https:\/\/diatip.com\/wp-content\/uploads\/2020\/07\/jack-midhage-low-213x300-1.jpg","type":"","width":"","height":""}],"twitter_card":"summary_large_image","twitter_misc":{"Tiempo de lectura":"2 minutos"},"schema":{"@context":"https:\/\/schema.org","@graph":[{"@type":"WebPage","@id":"https:\/\/www.diatip.com\/es\/nosotros\/","url":"https:\/\/www.diatip.com\/es\/nosotros\/","name":"Nosotros &#8226; Diatip","isPartOf":{"@id":"https:\/\/www.diatip.com\/es\/#website"},"primaryImageOfPage":{"@id":"https:\/\/www.diatip.com\/es\/nosotros\/#primaryimage"},"image":{"@id":"https:\/\/www.diatip.com\/es\/nosotros\/#primaryimage"},"thumbnailUrl":"https:\/\/diatip.com\/wp-content\/uploads\/2020\/07\/jack-midhage-low-213x300-1.jpg","datePublished":"2020-09-24T09:23:32+00:00","dateModified":"2025-05-14T09:49:36+00:00","description":"Nosotros M\u00e1s de 25 a\u00f1os de experiencia en equipos para el reafilado de brocas de corona de diamante y de otras m\u00e1quinas para la reparaci\u00f3n de herramientas","breadcrumb":{"@id":"https:\/\/www.diatip.com\/es\/nosotros\/#breadcrumb"},"inLanguage":"es","potentialAction":[{"@type":"ReadAction","target":["https:\/\/www.diatip.com\/es\/nosotros\/"]}]},{"@type":"ImageObject","inLanguage":"es","@id":"https:\/\/www.diatip.com\/es\/nosotros\/#primaryimage","url":"https:\/\/diatip.com\/wp-content\/uploads\/2020\/07\/jack-midhage-low-213x300-1.jpg","contentUrl":"https:\/\/diatip.com\/wp-content\/uploads\/2020\/07\/jack-midhage-low-213x300-1.jpg"},{"@type":"BreadcrumbList","@id":"https:\/\/www.diatip.com\/es\/nosotros\/#breadcrumb","itemListElement":[{"@type":"ListItem","position":1,"name":"Home","item":"https:\/\/www.diatip.com\/es\/"},{"@type":"ListItem","position":2,"name":"Nosotros"}]},{"@type":"WebSite","@id":"https:\/\/www.diatip.com\/es\/#website","url":"https:\/\/www.diatip.com\/es\/","name":"Diatip","description":"Retipping Diamond Core Bits or Diamond Sawblades","publisher":{"@id":"https:\/\/www.diatip.com\/es\/#organization"},"potentialAction":[{"@type":"SearchAction","target":{"@type":"EntryPoint","urlTemplate":"https:\/\/www.diatip.com\/es\/?s={search_term_string}"},"query-input":{"@type":"PropertyValueSpecification","valueRequired":true,"valueName":"search_term_string"}}],"inLanguage":"es"},{"@type":"Organization","@id":"https:\/\/www.diatip.com\/es\/#organization","name":"Diatip","url":"https:\/\/www.diatip.com\/es\/","logo":{"@type":"ImageObject","inLanguage":"es","@id":"https:\/\/www.diatip.com\/es\/#\/schema\/logo\/image\/","url":"https:\/\/www.diatip.com\/wp-content\/uploads\/2020\/06\/diatip-logo-low.jpg","contentUrl":"https:\/\/www.diatip.com\/wp-content\/uploads\/2020\/06\/diatip-logo-low.jpg","width":304,"height":92,"caption":"Diatip"},"image":{"@id":"https:\/\/www.diatip.com\/es\/#\/schema\/logo\/image\/"}}]}},"_links":{"self":[{"href":"https:\/\/www.diatip.com\/es\/wp-json\/wp\/v2\/pages\/800","targetHints":{"allow":["GET"]}}],"collection":[{"href":"https:\/\/www.diatip.com\/es\/wp-json\/wp\/v2\/pages"}],"about":[{"href":"https:\/\/www.diatip.com\/es\/wp-json\/wp\/v2\/types\/page"}],"author":[{"embeddable":true,"href":"https:\/\/www.diatip.com\/es\/wp-json\/wp\/v2\/users\/2"}],"replies":[{"embeddable":true,"href":"https:\/\/www.diatip.com\/es\/wp-json\/wp\/v2\/comments?post=800"}],"version-history":[{"count":3,"href":"https:\/\/www.diatip.com\/es\/wp-json\/wp\/v2\/pages\/800\/revisions"}],"predecessor-version":[{"id":1802,"href":"https:\/\/www.diatip.com\/es\/wp-json\/wp\/v2\/pages\/800\/revisions\/1802"}],"wp:attachment":[{"href":"https:\/\/www.diatip.com\/es\/wp-json\/wp\/v2\/media?parent=800"}],"curies":[{"name":"wp","href":"https:\/\/api.w.org\/{rel}","templated":true}]}}