{"id":1278,"date":"2020-09-24T09:24:19","date_gmt":"2020-09-24T09:24:19","guid":{"rendered":"https:\/\/diatip.com\/faq\/"},"modified":"2025-05-14T09:52:31","modified_gmt":"2025-05-14T09:52:31","slug":"faq","status":"publish","type":"page","link":"https:\/\/www.diatip.com\/es\/faq\/","title":{"rendered":"FAQ"},"content":{"rendered":"<!--themify_builder_content-->\n<div id=\"themify_builder_content-1278\" data-postid=\"1278\" class=\"themify_builder_content themify_builder_content-1278 themify_builder tf_clear\">\n                    <div  data-lazy=\"1\" class=\"module_row themify_builder_row tb_ubcf642 tb_first tf_w\">\n            <span class=\"tb_row_frame_wrap tf_overflow tf_abs\" data-lazy=\"1\"><span class=\"tb_row_frame tb_row_frame_bottom  tf_abs tf_hide tf_overflow tf_w\"><\/span><\/span>            <div class=\"row_inner col_align_top tb_col_count_1 tf_box tf_rel\">\n                        <div  data-lazy=\"1\" class=\"module_column tb-column col-full tb_cmjd643 first\">\n                    <!-- module text -->\n<div  class=\"module module-text tb_pfzc644   \" data-lazy=\"1\">\n        <div  class=\"tb_text_wrap\">\n        <h1 style=\"text-align: center;\"><span style=\"color: #ffffff;\">FAQ<\/span><\/h1>    <\/div>\n<\/div>\n<!-- \/module text -->        <\/div>\n                        <\/div>\n        <\/div>\n                        <div  data-lazy=\"1\" class=\"module_row themify_builder_row tb_1ozb643 tf_w\">\n                        <div class=\"row_inner col_align_top tb_col_count_1 tf_box tf_rel\">\n                        <div  data-lazy=\"1\" class=\"module_column tb-column col-full tb_pgm1644 first\">\n                    <!-- module tab -->\n<div  id=\"tb_gvld716\" class=\"module ui module-tab tb_gvld716 panel  blue \" data-lazy=\"1\">\n        <div class=\"tab-nav-current-active tf_hide\">\n\t\t<span class=\"tab_burger_icon_wrap\">\n\t        <span class=\"tab_burger_icon tf_rel\"><\/span>\n\t\t<\/span>\n        <span class=\"tb_activetab_title\">\n            <span class=\"tb_tab_title\">EQUIPOS<\/span>\n                    <\/span>\n    <\/div>\n    <ul class=\"tab-nav tf_clearfix tf_scrollbar\">\n                <li class=\"current\" aria-expanded=\"true\">\n            <a href=\"#tab-tb_gvld716-0\">\n                <em><svg  class=\"tf_fa tf-ti-angle-right\" xmlns:xlink=\"http:\/\/www.w3.org\/1999\/xlink\" aria-hidden=\"true\"><use href=\"#tf-ti-angle-right\" xlink:href=\"#tf-ti-angle-right\"><\/use><\/svg><\/em>                <span class=\"tb_tab_title\">EQUIPOS<\/span>                                            <\/a>\n        <\/li>\n                <li aria-expanded=\"false\">\n            <a href=\"#tab-tb_gvld716-1\">\n                <em><svg  class=\"tf_fa tf-ti-angle-right\" xmlns:xlink=\"http:\/\/www.w3.org\/1999\/xlink\" aria-hidden=\"true\"><use href=\"#tf-ti-angle-right\" xlink:href=\"#tf-ti-angle-right\"><\/use><\/svg><\/em>                <span class=\"tb_tab_title\">IMANES Y SOLDADURAS<\/span>                                            <\/a>\n        <\/li>\n                <li aria-expanded=\"false\">\n            <a href=\"#tab-tb_gvld716-2\">\n                <em><svg  class=\"tf_fa tf-ti-angle-right\" xmlns:xlink=\"http:\/\/www.w3.org\/1999\/xlink\" aria-hidden=\"true\"><use href=\"#tf-ti-angle-right\" xlink:href=\"#tf-ti-angle-right\"><\/use><\/svg><\/em>                <span class=\"tb_tab_title\">PERFORACI\u00d3N Y EQUIPOS DE PERFORACI\u00d3N<\/span>                                            <\/a>\n        <\/li>\n            <\/ul>\n            <div data-id=\"tab-tb_gvld716-0\" class=\"tab-content tf_clear\" aria-hidden=\"false\">\n                    <div  data-lazy=\"1\" class=\"module_subrow themify_builder_sub_row tf_w col_align_top tb_col_count_1 tb_mzi4183\">\n                <div  data-lazy=\"1\" class=\"module_column sub_column tb_bdpt183 first\">\n                    <!-- module text -->\n<div  class=\"module module-text tb_tevz183   \" data-lazy=\"1\">\n        <div  class=\"tb_text_wrap\">\n        <p><strong>\u00bfPuedo cortar en forma recta tambi\u00e9n?<img loading=\"lazy\" decoding=\"async\" class=\" size-full wp-image-208 alignright\" src=\"https:\/\/www.diatip.com\/wp-content\/uploads\/2014\/07\/Equipment-01.jpg\" alt=\"Equipment-01\" width=\"300\" height=\"407\" srcset=\"https:\/\/www.diatip.com\/wp-content\/uploads\/2014\/07\/Equipment-01.jpg 300w, https:\/\/www.diatip.com\/wp-content\/uploads\/2014\/07\/Equipment-01-221x300.jpg 221w\" sizes=\"auto, (max-width: 300px) 100vw, 300px\" \/><br \/><\/strong>Por supuesto que tambi\u00e9n puede cortar en forma recta. Puede realizar un corte completamente plano, pero es preferible que corte solo medio mm, ya que entonces usted obtiene la posici\u00f3n del segmento para la soldadura y tambi\u00e9n se refuerza considerablemente toda la broca.<\/p><p><strong>\u00bfCu\u00e1l es la diferencia entre el CD 7-28 y el CD 600?<\/strong><br \/>El CD 7-28 es m\u00e1s estable. Est\u00e1 dise\u00f1ado para uso diario y profesional. Con las extensiones, puede cortar pedazos de cualquier longitud y de un di\u00e1metro m\u00e1ximo de 1000 mm (40\u201d). El CD 600 tiene el mismo cabezal de fresa pero con capacidad limitada de hasta 600 mm (24\u201d) de di\u00e1metro y 1600 mm (64\u201d) de longitud, con extensi\u00f3n.<\/p><p><strong>\u00bfNecesito ser muy fuerte para cortar con el mango manual?<\/strong><br \/>Para nada &#8211; el corte puede ser realizado por cualquiera, ya sea hombre o mujer, una persona joven o mayor.<\/p><p><strong>\u00bfQu\u00e9 espesor de pared de acero puede cortar el CD 7-28 o el CD-600?<br \/><\/strong><br \/>La cuchilla corta sin problemas todos los aceros comunes para brocas de un grosor m\u00e1ximo de 3,5 mm.<\/p><p><strong>\u00bfCu\u00e1l es la vida \u00fatil de la cuchilla?<\/strong><br \/>Normalmente, la cuchilla puede realizar varios miles de cortes antes de que sea necesario afilarla. Entonces puede afilarse, como m\u00ednimo, una vez.<\/p><p><strong>\u00bfCu\u00e1l es la vida \u00fatil de la matriz?<\/strong><br \/>Por lo general dura, como m\u00ednimo, 10.000 cortes, siempre que no se haya ejercido una fuerza excesiva sobre ella.<\/p><p><strong>Si hundo los segmentos en el acero, \u00bfno interrumpir\u00e1n el corte antes de finalizar?<\/strong><br \/>Incluso cuando tiene segmentos con contenido de diamante hasta el final, no dejar\u00e1n de cortar aunque est\u00e9n sumergidos. La raz\u00f3n es que el acero siempre es tan suave que no evita que los diamantes corten. De hecho, incluso perforan m\u00e1s r\u00e1pidamente ya que el acero y los segmentos son mucho m\u00e1s delgados que al comienzo. Para asegurar que el agua fluya, realice un corte de 10 mm (\u00bd\u201d) de profundidad con una rueda de corte de amoladora angular en cada segmento.<\/p><p><strong>Mis brocas de perforaci\u00f3n tienen una rosca distinta a la rosca est\u00e1ndar de sus equipos.<\/strong><br \/>Igualmente puede usar nuestros equipos sin problema alguno. Todo lo que necesita es un adaptador que podemos suministrarle.<\/p>    <\/div>\n<\/div>\n<!-- \/module text -->        <\/div>\n                    <\/div>\n                <\/div>\n            <div data-id=\"tab-tb_gvld716-1\" class=\"tab-content tf_clear\" aria-hidden=\"true\">\n                    <div  data-lazy=\"1\" class=\"module_subrow themify_builder_sub_row tf_w col_align_top tb_col_count_1 tb_qxyv183\">\n                <div  data-lazy=\"1\" class=\"module_column sub_column tb_4azp183 first\">\n                    <!-- module text -->\n<div  class=\"module module-text tb_t1q2183   \" data-lazy=\"1\">\n        <div  class=\"tb_text_wrap\">\n        <p><strong><img loading=\"lazy\" decoding=\"async\" class=\" size-full wp-image-207 alignright\" src=\"https:\/\/www.diatip.com\/wp-content\/uploads\/2014\/07\/Brazing-core-bit-01.jpg\" alt=\"Brazing-core-bit-01\" width=\"300\" height=\"407\" srcset=\"https:\/\/www.diatip.com\/wp-content\/uploads\/2014\/07\/Brazing-core-bit-01.jpg 300w, https:\/\/www.diatip.com\/wp-content\/uploads\/2014\/07\/Brazing-core-bit-01-221x300.jpg 221w\" sizes=\"auto, (max-width: 300px) 100vw, 300px\" \/>\u00bfNo es dif\u00edcil soldar? \u00bfQu\u00e9 necesito para comenzar a reafilar yo mismo?<\/strong><br \/>Si usted no tiene experiencia en soldaduras aprender\u00e1 r\u00e1pidamente &#8211; le proporcionaremos toda la informaci\u00f3n que pueda necesitar y le recomendaremos qu\u00e9 equipos escoger. Practique en una broca o dos y pronto le coger\u00e1 el truco.<\/p><p><strong>\u00bfQu\u00e9 necesito para empezar?<\/strong><br \/>Al encargar su equipo de reafilado, para decidir qu\u00e9 cuchilla y qu\u00e9 matriz escoger, inf\u00f3rmenos qu\u00e9 longitud de segmento utiliza para su reafilado. 24 mm de longitud es lo m\u00e1s com\u00fan en Europa. (1\u201d para EE. UU.)<br \/>Para la soldadura recomendamos acetileno\/ox\u00edgeno y un soplete con llama concentrada. (Recibir\u00e1 m\u00e1s informaci\u00f3n con el primer env\u00edo de imanes). Esto lo compra a su proveedor local. Para comenzar a soldar con imanes, una buena cantidad puede ser 12 imanes JM tipo A. Entonces, normalmente podr\u00e1 soldar con brocas de corona de un m\u00e1ximo de \u00d8 150 mm (6\u201d) en un juego. Usted puede solicitarnos la plata para la soldadura y el fundente espec\u00edfico para esta clase de trabajos.<\/p><p><strong>\u00bfCu\u00e1ntos segmentos debo implantar?<\/strong><br \/>Junto con el equipo viene una tabla con el n\u00famero recomendado de segmentos para cada di\u00e1metro. Usted puede cambiarlo seg\u00fan lo que desee. Si est\u00e1 perforando materiales muy duros -o si desea perforar m\u00e1s r\u00e1pidamente o tiene una m\u00e1quina poco resistente- implante menos segmentos.<\/p><p><strong>\u00bfQu\u00e9 ancho de segmento debo elegir?<\/strong><br \/>Dependiendo del grosor del segmento, necesita un espacio a ambos lados de , como m\u00ednimo, 0,5 mm (,02\u201d) en las brocas m\u00e1s peque\u00f1as. En el exterior de la broca puede tener un poco m\u00e1s de espacio que en el interior. A mayor potencia de la m\u00e1quina o a mayor abrasi\u00f3n del material se prefieren espacios m\u00e1s grandes.<\/p><p><strong>\u00bfCu\u00e1l es la vida \u00fatil de los imanes?<\/strong><br \/>Los imanes pueden utilizarse miles de veces.<\/p><p><strong>\u00bfCu\u00e1l es la diferencia entre los imanes JM y los imanes S\u00faper SFM?<\/strong><br \/>Los imanes S\u00faper SFM son m\u00e1s resistentes y tienen una mayor vida \u00fatil. Cada im\u00e1n tiene 4 espacios distintos y cubren todos los di\u00e1metros de brocas de corona. Los imanes JM est\u00e1n disponibles en dos tipos distintos. El im\u00e1n tipo A cubre la mayor\u00eda de los di\u00e1metros de broca y es nuestro im\u00e1n m\u00e1s vendido.<\/p><p><strong>\u00bfPuedo tambi\u00e9n comprar solo los cilindros de acero y, de este modo, fabricar mis propias brocas?<\/strong><br \/>S\u00ed, por supuesto. Puede fabricar brocas nuevas por s\u00ed mismo, comprando solo los cilindros.<\/p>    <\/div>\n<\/div>\n<!-- \/module text -->        <\/div>\n                    <\/div>\n                <\/div>\n            <div data-id=\"tab-tb_gvld716-2\" class=\"tab-content tf_clear\" aria-hidden=\"true\">\n                    <div  data-lazy=\"1\" class=\"module_subrow themify_builder_sub_row tf_w col_align_top tb_col_count_1 tb_f5nr183\">\n                <div  data-lazy=\"1\" class=\"module_column sub_column tb_9446183 first\">\n                    <!-- module text -->\n<div  class=\"module module-text tb_x5mc183   \" data-lazy=\"1\">\n        <div  class=\"tb_text_wrap\">\n        <p><strong><img loading=\"lazy\" decoding=\"async\" class=\" size-full wp-image-195 alignright\" src=\"https:\/\/www.diatip.com\/wp-content\/uploads\/2014\/07\/Core-drilling-p.jpg\" alt=\"Core-drilling-p\" width=\"300\" height=\"407\" srcset=\"https:\/\/www.diatip.com\/wp-content\/uploads\/2014\/07\/Core-drilling-p.jpg 300w, https:\/\/www.diatip.com\/wp-content\/uploads\/2014\/07\/Core-drilling-p-221x300.jpg 221w\" sizes=\"auto, (max-width: 300px) 100vw, 300px\" \/>\u00bfNecesito diferentes segmentos para distintos materiales?<br \/><\/strong>Por lo general necesita segmentos especiales &#8211; en particular, para el granito. El granito puede ser dificultoso, pero si usa nuestros equipos e implanta un n\u00famero reducido de segmentos (25 % menos), obtendr\u00e1 una broca de perforaci\u00f3n que perfora de manera r\u00e1pida y f\u00e1cil la mayor\u00eda de los granitos.<br \/><br \/><strong>\u00bfDebo usar agua al perforar hormig\u00f3n o roca?<\/strong><br \/>Por lo general s\u00ed, estos materiales son muy duros, necesita m\u00e1quinas potentes y se genera mucho calor durante la perforaci\u00f3n. Una cantidad insuficiente de agua refrigerante dificultar\u00e1 la perforaci\u00f3n y puede llegar a romperse una broca de corona. Sin embargo, si usa nuestros equipos y<br \/><em>1. Reduce el n\u00famero de segmentos (esto aumentar\u00e1 la velocidad del corte)<\/em><br \/><em>2. Inserta los segmentos m\u00e1s profundamente en el acero, obtendr\u00e1 una broca de perforaci\u00f3n que puede funcionar temporalmente en hormig\u00f3n blando (sin refuerzo)<\/em><br \/>&#8211; siempre y cuando cuente con una unidad de succi\u00f3n de polvo eficaz conectada a la m\u00e1quina y tambi\u00e9n compruebe con frecuencia que la broca no se recaliente.<br \/><br \/><strong>Mi m\u00e1quina est\u00e1 dise\u00f1ada para perforaci\u00f3n manual. \u00bfNecesito brocas especiales al realizar una perforaci\u00f3n manual en hormig\u00f3n?<\/strong><br \/>Perforar hormig\u00f3n es muy dif\u00edcil y perforar hormig\u00f3n armado no se recomienda (por el mayor peligro si el taladro se atasca, ya que la m\u00e1quina ser\u00e1 arrancada de sus manos). Necesita una presi\u00f3n de, aproximadamente, 0,5 kg por mm \u00d8 (20 kg para una broca de \u00d840) y orificios m\u00e1s grandes; por consiguiente, ser\u00e1 muy dif\u00edcil perforar. Sin embargo, si con el equipo de Diatip usted fabrica una broca con un n\u00famero menor de segmentos, podr\u00e1 aumentar la velocidad de penetraci\u00f3n y facilitar la perforaci\u00f3n.<br \/><br \/><strong>El orificio que necesito perforar es m\u00e1s profundo que la longitud de mi broca de corona. \u00bfQu\u00e9 puedo hacer?<\/strong><br \/>Use una varilla de extensi\u00f3n. Despu\u00e9s de perforar lo m\u00e1s profundo que pueda, quite la corona rompi\u00e9ndola, coloque la pieza de extensi\u00f3n entre el motor y la broca y luego siga perforando.<\/p>    <\/div>\n<\/div>\n<!-- \/module text -->        <\/div>\n                    <\/div>\n                <\/div>\n    <\/div>\n<!-- \/module tab -->\n        <\/div>\n                        <\/div>\n        <\/div>\n        <\/div>\n<!--\/themify_builder_content-->","protected":false},"excerpt":{"rendered":"<p>FAQ EQUIPOS \u00bfPuedo cortar en forma recta tambi\u00e9n?Por supuesto que tambi\u00e9n puede cortar en forma recta. Puede realizar un corte completamente plano, pero es preferible que corte solo medio mm, ya que entonces usted obtiene la posici\u00f3n del segmento para la soldadura y tambi\u00e9n se refuerza considerablemente toda la broca. \u00bfCu\u00e1l es la diferencia entre [&hellip;]<\/p>\n","protected":false},"author":2,"featured_media":0,"parent":0,"menu_order":0,"comment_status":"closed","ping_status":"closed","template":"","meta":{"footnotes":""},"class_list":["post-1278","page","type-page","status-publish","hentry","has-post-title","has-post-date","has-post-category","has-post-tag","has-post-comment","has-post-author",""],"yoast_head":"<!-- This site is optimized with the Yoast SEO plugin v27.4 - https:\/\/yoast.com\/product\/yoast-seo-wordpress\/ -->\n<title>FAQ &#8226; Diatip<\/title>\n<meta name=\"description\" content=\"FAQ EQUIPOS\u00bfPuedo cortar en forma recta tambi\u00e9n?Por supuesto que tambi\u00e9n puede cortar en forma recta. Puede realizar un corte completamente plano, pero es\" \/>\n<meta name=\"robots\" content=\"index, follow, max-snippet:-1, max-image-preview:large, max-video-preview:-1\" \/>\n<link rel=\"canonical\" href=\"https:\/\/www.diatip.com\/es\/faq\/\" \/>\n<meta property=\"og:locale\" content=\"es_ES\" \/>\n<meta property=\"og:type\" content=\"article\" \/>\n<meta property=\"og:title\" content=\"FAQ &#8226; Diatip\" \/>\n<meta property=\"og:description\" content=\"FAQ EQUIPOS\u00bfPuedo cortar en forma recta tambi\u00e9n?Por supuesto que tambi\u00e9n puede cortar en forma recta. Puede realizar un corte completamente plano, pero es\" \/>\n<meta property=\"og:url\" content=\"https:\/\/www.diatip.com\/es\/faq\/\" \/>\n<meta property=\"og:site_name\" content=\"Diatip\" \/>\n<meta property=\"article:modified_time\" content=\"2025-05-14T09:52:31+00:00\" \/>\n<meta property=\"og:image\" content=\"https:\/\/www.diatip.com\/wp-content\/uploads\/2014\/07\/Equipment-01.jpg\" \/>\n\t<meta property=\"og:image:width\" content=\"300\" \/>\n\t<meta property=\"og:image:height\" content=\"407\" \/>\n\t<meta property=\"og:image:type\" content=\"image\/jpeg\" \/>\n<meta name=\"twitter:card\" content=\"summary_large_image\" \/>\n<meta name=\"twitter:label1\" content=\"Tiempo de lectura\" \/>\n\t<meta name=\"twitter:data1\" content=\"12 minutos\" \/>\n<script type=\"application\/ld+json\" class=\"yoast-schema-graph\">{\"@context\":\"https:\\\/\\\/schema.org\",\"@graph\":[{\"@type\":\"WebPage\",\"@id\":\"https:\\\/\\\/www.diatip.com\\\/es\\\/faq\\\/\",\"url\":\"https:\\\/\\\/www.diatip.com\\\/es\\\/faq\\\/\",\"name\":\"FAQ &#8226; Diatip\",\"isPartOf\":{\"@id\":\"https:\\\/\\\/www.diatip.com\\\/es\\\/#website\"},\"primaryImageOfPage\":{\"@id\":\"https:\\\/\\\/www.diatip.com\\\/es\\\/faq\\\/#primaryimage\"},\"image\":{\"@id\":\"https:\\\/\\\/www.diatip.com\\\/es\\\/faq\\\/#primaryimage\"},\"thumbnailUrl\":\"https:\\\/\\\/www.diatip.com\\\/wp-content\\\/uploads\\\/2014\\\/07\\\/Equipment-01.jpg\",\"datePublished\":\"2020-09-24T09:24:19+00:00\",\"dateModified\":\"2025-05-14T09:52:31+00:00\",\"description\":\"FAQ EQUIPOS\u00bfPuedo cortar en forma recta tambi\u00e9n?Por supuesto que tambi\u00e9n puede cortar en forma recta. Puede realizar un corte completamente plano, pero es\",\"breadcrumb\":{\"@id\":\"https:\\\/\\\/www.diatip.com\\\/es\\\/faq\\\/#breadcrumb\"},\"inLanguage\":\"es\",\"potentialAction\":[{\"@type\":\"ReadAction\",\"target\":[\"https:\\\/\\\/www.diatip.com\\\/es\\\/faq\\\/\"]}]},{\"@type\":\"ImageObject\",\"inLanguage\":\"es\",\"@id\":\"https:\\\/\\\/www.diatip.com\\\/es\\\/faq\\\/#primaryimage\",\"url\":\"https:\\\/\\\/www.diatip.com\\\/wp-content\\\/uploads\\\/2014\\\/07\\\/Equipment-01.jpg\",\"contentUrl\":\"https:\\\/\\\/www.diatip.com\\\/wp-content\\\/uploads\\\/2014\\\/07\\\/Equipment-01.jpg\"},{\"@type\":\"BreadcrumbList\",\"@id\":\"https:\\\/\\\/www.diatip.com\\\/es\\\/faq\\\/#breadcrumb\",\"itemListElement\":[{\"@type\":\"ListItem\",\"position\":1,\"name\":\"Home\",\"item\":\"https:\\\/\\\/www.diatip.com\\\/es\\\/\"},{\"@type\":\"ListItem\",\"position\":2,\"name\":\"FAQ\"}]},{\"@type\":\"WebSite\",\"@id\":\"https:\\\/\\\/www.diatip.com\\\/es\\\/#website\",\"url\":\"https:\\\/\\\/www.diatip.com\\\/es\\\/\",\"name\":\"Diatip\",\"description\":\"Retipping Diamond Core Bits or Diamond Sawblades\",\"publisher\":{\"@id\":\"https:\\\/\\\/www.diatip.com\\\/es\\\/#organization\"},\"potentialAction\":[{\"@type\":\"SearchAction\",\"target\":{\"@type\":\"EntryPoint\",\"urlTemplate\":\"https:\\\/\\\/www.diatip.com\\\/es\\\/?s={search_term_string}\"},\"query-input\":{\"@type\":\"PropertyValueSpecification\",\"valueRequired\":true,\"valueName\":\"search_term_string\"}}],\"inLanguage\":\"es\"},{\"@type\":\"Organization\",\"@id\":\"https:\\\/\\\/www.diatip.com\\\/es\\\/#organization\",\"name\":\"Diatip\",\"url\":\"https:\\\/\\\/www.diatip.com\\\/es\\\/\",\"logo\":{\"@type\":\"ImageObject\",\"inLanguage\":\"es\",\"@id\":\"https:\\\/\\\/www.diatip.com\\\/es\\\/#\\\/schema\\\/logo\\\/image\\\/\",\"url\":\"https:\\\/\\\/www.diatip.com\\\/wp-content\\\/uploads\\\/2020\\\/06\\\/diatip-logo-low.jpg\",\"contentUrl\":\"https:\\\/\\\/www.diatip.com\\\/wp-content\\\/uploads\\\/2020\\\/06\\\/diatip-logo-low.jpg\",\"width\":304,\"height\":92,\"caption\":\"Diatip\"},\"image\":{\"@id\":\"https:\\\/\\\/www.diatip.com\\\/es\\\/#\\\/schema\\\/logo\\\/image\\\/\"}}]}<\/script>\n<!-- \/ Yoast SEO plugin. -->","yoast_head_json":{"title":"FAQ &#8226; Diatip","description":"FAQ EQUIPOS\u00bfPuedo cortar en forma recta tambi\u00e9n?Por supuesto que tambi\u00e9n puede cortar en forma recta. Puede realizar un corte completamente plano, pero es","robots":{"index":"index","follow":"follow","max-snippet":"max-snippet:-1","max-image-preview":"max-image-preview:large","max-video-preview":"max-video-preview:-1"},"canonical":"https:\/\/www.diatip.com\/es\/faq\/","og_locale":"es_ES","og_type":"article","og_title":"FAQ &#8226; Diatip","og_description":"FAQ EQUIPOS\u00bfPuedo cortar en forma recta tambi\u00e9n?Por supuesto que tambi\u00e9n puede cortar en forma recta. Puede realizar un corte completamente plano, pero es","og_url":"https:\/\/www.diatip.com\/es\/faq\/","og_site_name":"Diatip","article_modified_time":"2025-05-14T09:52:31+00:00","og_image":[{"width":300,"height":407,"url":"https:\/\/www.diatip.com\/wp-content\/uploads\/2014\/07\/Equipment-01.jpg","type":"image\/jpeg"}],"twitter_card":"summary_large_image","twitter_misc":{"Tiempo de lectura":"12 minutos"},"schema":{"@context":"https:\/\/schema.org","@graph":[{"@type":"WebPage","@id":"https:\/\/www.diatip.com\/es\/faq\/","url":"https:\/\/www.diatip.com\/es\/faq\/","name":"FAQ &#8226; Diatip","isPartOf":{"@id":"https:\/\/www.diatip.com\/es\/#website"},"primaryImageOfPage":{"@id":"https:\/\/www.diatip.com\/es\/faq\/#primaryimage"},"image":{"@id":"https:\/\/www.diatip.com\/es\/faq\/#primaryimage"},"thumbnailUrl":"https:\/\/www.diatip.com\/wp-content\/uploads\/2014\/07\/Equipment-01.jpg","datePublished":"2020-09-24T09:24:19+00:00","dateModified":"2025-05-14T09:52:31+00:00","description":"FAQ EQUIPOS\u00bfPuedo cortar en forma recta tambi\u00e9n?Por supuesto que tambi\u00e9n puede cortar en forma recta. Puede realizar un corte completamente plano, pero es","breadcrumb":{"@id":"https:\/\/www.diatip.com\/es\/faq\/#breadcrumb"},"inLanguage":"es","potentialAction":[{"@type":"ReadAction","target":["https:\/\/www.diatip.com\/es\/faq\/"]}]},{"@type":"ImageObject","inLanguage":"es","@id":"https:\/\/www.diatip.com\/es\/faq\/#primaryimage","url":"https:\/\/www.diatip.com\/wp-content\/uploads\/2014\/07\/Equipment-01.jpg","contentUrl":"https:\/\/www.diatip.com\/wp-content\/uploads\/2014\/07\/Equipment-01.jpg"},{"@type":"BreadcrumbList","@id":"https:\/\/www.diatip.com\/es\/faq\/#breadcrumb","itemListElement":[{"@type":"ListItem","position":1,"name":"Home","item":"https:\/\/www.diatip.com\/es\/"},{"@type":"ListItem","position":2,"name":"FAQ"}]},{"@type":"WebSite","@id":"https:\/\/www.diatip.com\/es\/#website","url":"https:\/\/www.diatip.com\/es\/","name":"Diatip","description":"Retipping Diamond Core Bits or Diamond Sawblades","publisher":{"@id":"https:\/\/www.diatip.com\/es\/#organization"},"potentialAction":[{"@type":"SearchAction","target":{"@type":"EntryPoint","urlTemplate":"https:\/\/www.diatip.com\/es\/?s={search_term_string}"},"query-input":{"@type":"PropertyValueSpecification","valueRequired":true,"valueName":"search_term_string"}}],"inLanguage":"es"},{"@type":"Organization","@id":"https:\/\/www.diatip.com\/es\/#organization","name":"Diatip","url":"https:\/\/www.diatip.com\/es\/","logo":{"@type":"ImageObject","inLanguage":"es","@id":"https:\/\/www.diatip.com\/es\/#\/schema\/logo\/image\/","url":"https:\/\/www.diatip.com\/wp-content\/uploads\/2020\/06\/diatip-logo-low.jpg","contentUrl":"https:\/\/www.diatip.com\/wp-content\/uploads\/2020\/06\/diatip-logo-low.jpg","width":304,"height":92,"caption":"Diatip"},"image":{"@id":"https:\/\/www.diatip.com\/es\/#\/schema\/logo\/image\/"}}]}},"_links":{"self":[{"href":"https:\/\/www.diatip.com\/es\/wp-json\/wp\/v2\/pages\/1278","targetHints":{"allow":["GET"]}}],"collection":[{"href":"https:\/\/www.diatip.com\/es\/wp-json\/wp\/v2\/pages"}],"about":[{"href":"https:\/\/www.diatip.com\/es\/wp-json\/wp\/v2\/types\/page"}],"author":[{"embeddable":true,"href":"https:\/\/www.diatip.com\/es\/wp-json\/wp\/v2\/users\/2"}],"replies":[{"embeddable":true,"href":"https:\/\/www.diatip.com\/es\/wp-json\/wp\/v2\/comments?post=1278"}],"version-history":[{"count":3,"href":"https:\/\/www.diatip.com\/es\/wp-json\/wp\/v2\/pages\/1278\/revisions"}],"predecessor-version":[{"id":1833,"href":"https:\/\/www.diatip.com\/es\/wp-json\/wp\/v2\/pages\/1278\/revisions\/1833"}],"wp:attachment":[{"href":"https:\/\/www.diatip.com\/es\/wp-json\/wp\/v2\/media?parent=1278"}],"curies":[{"name":"wp","href":"https:\/\/api.w.org\/{rel}","templated":true}]}}