{"id":1203,"date":"2020-09-24T09:28:57","date_gmt":"2020-09-24T09:28:57","guid":{"rendered":"https:\/\/diatip.com\/products\/accesorios\/matrices\/"},"modified":"2025-05-21T10:07:27","modified_gmt":"2025-05-21T10:07:27","slug":"matrices","status":"publish","type":"page","link":"https:\/\/www.diatip.com\/es\/productos\/accesorios\/matrices\/","title":{"rendered":"Matrices"},"content":{"rendered":"<!--themify_builder_content-->\n<div id=\"themify_builder_content-1203\" data-postid=\"1203\" class=\"themify_builder_content themify_builder_content-1203 themify_builder tf_clear\">\n                    <div  data-lazy=\"1\" class=\"module_row themify_builder_row tb_ux3s886 tb_first tf_w\">\n            <span class=\"tb_row_frame_wrap tf_overflow tf_abs\" data-lazy=\"1\"><span class=\"tb_row_frame tb_row_frame_bottom  tf_abs tf_hide tf_overflow tf_w\"><\/span><\/span>            <div class=\"row_inner col_align_top tb_col_count_1 tf_box tf_rel\">\n                        <div  data-lazy=\"1\" class=\"module_column tb-column col-full tb_zo78887 first\">\n                    <!-- module text -->\n<div  class=\"module module-text tb_u5cg887   \" data-lazy=\"1\">\n        <div  class=\"tb_text_wrap\">\n        <h1 style=\"text-align: center;\"><span style=\"color: #ffffff;\">MATRICES<\/span><\/h1>    <\/div>\n<\/div>\n<!-- \/module text -->        <\/div>\n                        <\/div>\n        <\/div>\n                        <div  data-lazy=\"1\" class=\"module_row themify_builder_row tb_4hwm886 tf_w\">\n            <span class=\"tb_row_frame_wrap tf_overflow tf_abs\" data-lazy=\"1\"><span class=\"tb_row_frame tb_row_frame_bottom  tf_abs tf_hide tf_overflow tf_w\"><\/span><\/span>            <div class=\"row_inner col_align_top tb_col_count_1 tf_box tf_rel\">\n                        <div  data-lazy=\"1\" class=\"module_column tb-column col-full tb_5tk6888 first\">\n                    <!-- module text -->\n<div  class=\"module module-text tb_66m0888   \" data-lazy=\"1\">\n        <div  class=\"tb_text_wrap\">\n        <p style=\"text-align: center;\">Matrices \u2013 Hay disponibles para distintas longitudes de segmentos y para distintos di\u00e1metros de taladros.<\/p>    <\/div>\n<\/div>\n<!-- \/module text -->        <\/div>\n                        <\/div>\n        <\/div>\n                        <div  data-lazy=\"1\" class=\"module_row themify_builder_row tb_u8lr886 tf_w\">\n            <span class=\"tb_row_frame_wrap tf_overflow tf_abs\" data-lazy=\"1\"><span class=\"tb_row_frame tb_row_frame_bottom  tf_abs tf_hide tf_overflow tf_w\"><\/span><\/span>            <div class=\"row_inner col_align_top tb_col_count_2 tf_box tf_rel\">\n                        <div  data-lazy=\"1\" class=\"module_column tb-column col4-1 tb_ujtw888 first\">\n                    <!-- module text -->\n<div  class=\"module module-text tb_9p8f889   \" data-lazy=\"1\">\n        <div  class=\"tb_text_wrap\">\n        <h2>Matriz A1<\/h2>    <\/div>\n<\/div>\n<!-- \/module text --><!-- module image -->\n<div  class=\"module module-image tb_0xim889 image-top   tf_mw\" data-lazy=\"1\">\n        <div class=\"image-wrap tf_rel tf_mw\">\n            <img loading=\"lazy\" decoding=\"async\" src=\"http:\/\/diatip.com\/wp-content\/uploads\/2014\/08\/Matrix-A1-e1407417374670.jpg\" width=\"200\" height=\"708\" title=\"Matrices\" alt=\"Matrices\">    \n        <\/div>\n    <!-- \/image-wrap -->\n    \n        <\/div>\n<!-- \/module image -->        <\/div>\n                    <div  data-lazy=\"1\" class=\"module_column tb-column col4-3 tb_gzn9889 last\">\n                    <!-- module text -->\n<div  class=\"module module-text tb_fqsc889   \" data-lazy=\"1\">\n        <div  class=\"tb_text_wrap\">\n        <p>Matrices para brocas de corona de, como m\u00ednimo, \u00d8 55 mm (2-1\/8\u201d)<\/p>\n\n<table id=\"tablepress-30\" class=\"tablepress tablepress-id-30\">\n<thead>\n<tr class=\"row-1\">\n\t<th class=\"column-1\">Tipo\t<\/th><th class=\"column-2\">Informaci\u00f3n\t<\/th><th class=\"column-3\">Art. n\u00fam.<\/th>\n<\/tr>\n<\/thead>\n<tbody class=\"row-striping row-hover\">\n<tr class=\"row-2\">\n\t<td class=\"column-1\">A1<\/td><td class=\"column-2\">Para longitudes de segmentos de 20 mm<br \/>\nPara longitudes de segmentos de 24 mm<br \/>\nPara longitudes de segmentos de 1\" (25,4 mm)<\/td><td class=\"column-3\">550520<br \/>\n550524<br \/>\n550225<\/td>\n<\/tr>\n<\/tbody>\n<\/table>\n<!-- #tablepress-30 from cache -->    <\/div>\n<\/div>\n<!-- \/module text -->        <\/div>\n                        <\/div>\n        <\/div>\n                        <div  data-lazy=\"1\" class=\"module_row themify_builder_row tb_k1lm886 tf_w\">\n            <span class=\"tb_row_frame_wrap tf_overflow tf_abs\" data-lazy=\"1\"><span class=\"tb_row_frame tb_row_frame_bottom  tf_abs tf_hide tf_overflow tf_w\"><\/span><\/span>            <div class=\"row_inner col_align_top tb_col_count_2 tf_box tf_rel\">\n                        <div  data-lazy=\"1\" class=\"module_column tb-column col4-1 tb_nzws889 first\">\n                    <!-- module text -->\n<div  class=\"module module-text tb_aieu889   \" data-lazy=\"1\">\n        <div  class=\"tb_text_wrap\">\n        <h2>Matriz A2<\/h2>    <\/div>\n<\/div>\n<!-- \/module text --><!-- module image -->\n<div  class=\"module module-image tb_opf0890 image-top   tf_mw\" data-lazy=\"1\">\n        <div class=\"image-wrap tf_rel tf_mw\">\n            <img loading=\"lazy\" decoding=\"async\" src=\"http:\/\/diatip.com\/wp-content\/uploads\/2014\/08\/Matrix-A2-e1407417500770.jpg\" width=\"200\" height=\"760\" title=\"Matrices\" alt=\"Matrices\">    \n        <\/div>\n    <!-- \/image-wrap -->\n    \n        <\/div>\n<!-- \/module image -->        <\/div>\n                    <div  data-lazy=\"1\" class=\"module_column tb-column col4-3 tb_eeqm890 last\">\n                    <!-- module text -->\n<div  class=\"module module-text tb_wn4i890   \" data-lazy=\"1\">\n        <div  class=\"tb_text_wrap\">\n        <p>Matrices para brocas de corona desde \u00d8\u00a038 mm (1-1\/2\u201d) hasta\u00a0\u00d8 47 mm (1-7\/8&#8243;)<\/p>\n\n<table id=\"tablepress-33\" class=\"tablepress tablepress-id-33\">\n<thead>\n<tr class=\"row-1\">\n\t<th class=\"column-1\">Tipo<\/th><th class=\"column-2\">Informaci\u00f3n<\/th><th class=\"column-3\">Art. n\u00fam.<\/th>\n<\/tr>\n<\/thead>\n<tbody class=\"row-striping row-hover\">\n<tr class=\"row-2\">\n\t<td class=\"column-1\">A2<\/td><td class=\"column-2\">Para longitudes de segmentos de 16 mm<br \/>\nPara longitudes de segmentos de 20 mm<\/td><td class=\"column-3\">350516<br \/>\n350520<\/td>\n<\/tr>\n<\/tbody>\n<\/table>\n<!-- #tablepress-33 from cache -->    <\/div>\n<\/div>\n<!-- \/module text -->        <\/div>\n                        <\/div>\n        <\/div>\n                        <div  data-lazy=\"1\" class=\"module_row themify_builder_row tb_x0yt886 tf_w\">\n                        <div class=\"row_inner col_align_top tb_col_count_2 tf_box tf_rel\">\n                        <div  data-lazy=\"1\" class=\"module_column tb-column col4-1 tb_nh0q890 first\">\n                    <!-- module text -->\n<div  class=\"module module-text tb_0wpc890   \" data-lazy=\"1\">\n        <div  class=\"tb_text_wrap\">\n        <h2>Matriz A3<\/h2>    <\/div>\n<\/div>\n<!-- \/module text --><!-- module image -->\n<div  class=\"module module-image tb_66kk890 image-top   tf_mw\" data-lazy=\"1\">\n        <div class=\"image-wrap tf_rel tf_mw\">\n            <img loading=\"lazy\" decoding=\"async\" src=\"http:\/\/diatip.com\/wp-content\/uploads\/2014\/08\/Matrix-A3-e1407417425210.jpg\" width=\"200\" height=\"784\" title=\"Matrices\" alt=\"Matrices\">    \n        <\/div>\n    <!-- \/image-wrap -->\n    \n        <\/div>\n<!-- \/module image -->        <\/div>\n                    <div  data-lazy=\"1\" class=\"module_column tb-column col4-3 tb_7ton891 last\">\n                    <!-- module text -->\n<div  class=\"module module-text tb_lfi9891   \" data-lazy=\"1\">\n        <div  class=\"tb_text_wrap\">\n        <p>Matrices para brocas de corona desde \u00d8\u00a050 mm (2\u201d) hasta\u00a0\u00d8 63 mm (2-1\/2&#8243;)<\/p>\n\n<table id=\"tablepress-37\" class=\"tablepress tablepress-id-37\">\n<thead>\n<tr class=\"row-1\">\n\t<th class=\"column-1\">Tipo<\/th><th class=\"column-2\">Informaci\u00f3n<\/th><th class=\"column-3\">Art. n\u00fam.<\/th>\n<\/tr>\n<\/thead>\n<tbody class=\"row-striping row-hover\">\n<tr class=\"row-2\">\n\t<td class=\"column-1\">A3<\/td><td class=\"column-2\">Para longitudes de segmentos de 20 mm<br \/>\nPara longitudes de segmentos de 24 mm<br \/>\nPara longitudes de segmentos de 1\" (25,4 mm)<\/td><td class=\"column-3\">500520<br \/>\n500524<br \/>\n500525<\/td>\n<\/tr>\n<\/tbody>\n<\/table>\n<!-- #tablepress-37 from cache -->    <\/div>\n<\/div>\n<!-- \/module text -->        <\/div>\n                        <\/div>\n        <\/div>\n        <\/div>\n<!--\/themify_builder_content-->","protected":false},"excerpt":{"rendered":"<p>MATRICES Matrices \u2013 Hay disponibles para distintas longitudes de segmentos y para distintos di\u00e1metros de taladros. Matriz A1 Matrices para brocas de corona de, como m\u00ednimo, \u00d8 55 mm (2-1\/8\u201d) Matriz A2 Matrices para brocas de corona desde \u00d8\u00a038 mm (1-1\/2\u201d) hasta\u00a0\u00d8 47 mm (1-7\/8&#8243;) Matriz A3 Matrices para brocas de corona desde \u00d8\u00a050 mm [&hellip;]<\/p>\n","protected":false},"author":2,"featured_media":0,"parent":1183,"menu_order":0,"comment_status":"closed","ping_status":"closed","template":"","meta":{"footnotes":""},"class_list":["post-1203","page","type-page","status-publish","hentry","has-post-title","has-post-date","has-post-category","has-post-tag","has-post-comment","has-post-author",""],"yoast_head":"<!-- This site is optimized with the Yoast SEO plugin v27.4 - https:\/\/yoast.com\/product\/yoast-seo-wordpress\/ -->\n<title>Matrices &#8226; Diatip<\/title>\n<meta name=\"description\" content=\"MATRICES Matrices \u2013 Hay disponibles para distintas longitudes de segmentos y para distintos di\u00e1metros de taladros. Matriz A1 Matrices para brocas de\" \/>\n<meta name=\"robots\" content=\"index, follow, max-snippet:-1, max-image-preview:large, max-video-preview:-1\" \/>\n<link rel=\"canonical\" href=\"https:\/\/www.diatip.com\/es\/productos\/accesorios\/matrices\/\" \/>\n<meta property=\"og:locale\" content=\"es_ES\" \/>\n<meta property=\"og:type\" content=\"article\" \/>\n<meta property=\"og:title\" content=\"Matrices &#8226; Diatip\" \/>\n<meta property=\"og:description\" content=\"MATRICES Matrices \u2013 Hay disponibles para distintas longitudes de segmentos y para distintos di\u00e1metros de taladros. Matriz A1 Matrices para brocas de\" \/>\n<meta property=\"og:url\" content=\"https:\/\/www.diatip.com\/es\/productos\/accesorios\/matrices\/\" \/>\n<meta property=\"og:site_name\" content=\"Diatip\" \/>\n<meta property=\"article:modified_time\" content=\"2025-05-21T10:07:27+00:00\" \/>\n<meta property=\"og:image\" content=\"http:\/\/diatip.com\/wp-content\/uploads\/2014\/08\/Matrix-A1-e1407417374670.jpg\" \/>\n<meta name=\"twitter:card\" content=\"summary_large_image\" \/>\n<script type=\"application\/ld+json\" class=\"yoast-schema-graph\">{\"@context\":\"https:\\\/\\\/schema.org\",\"@graph\":[{\"@type\":\"WebPage\",\"@id\":\"https:\\\/\\\/www.diatip.com\\\/es\\\/productos\\\/accesorios\\\/matrices\\\/\",\"url\":\"https:\\\/\\\/www.diatip.com\\\/es\\\/productos\\\/accesorios\\\/matrices\\\/\",\"name\":\"Matrices &#8226; Diatip\",\"isPartOf\":{\"@id\":\"https:\\\/\\\/www.diatip.com\\\/es\\\/#website\"},\"primaryImageOfPage\":{\"@id\":\"https:\\\/\\\/www.diatip.com\\\/es\\\/productos\\\/accesorios\\\/matrices\\\/#primaryimage\"},\"image\":{\"@id\":\"https:\\\/\\\/www.diatip.com\\\/es\\\/productos\\\/accesorios\\\/matrices\\\/#primaryimage\"},\"thumbnailUrl\":\"http:\\\/\\\/diatip.com\\\/wp-content\\\/uploads\\\/2014\\\/08\\\/Matrix-A1-e1407417374670.jpg\",\"datePublished\":\"2020-09-24T09:28:57+00:00\",\"dateModified\":\"2025-05-21T10:07:27+00:00\",\"description\":\"MATRICES Matrices \u2013 Hay disponibles para distintas longitudes de segmentos y para distintos di\u00e1metros de taladros. Matriz A1 Matrices para brocas de\",\"breadcrumb\":{\"@id\":\"https:\\\/\\\/www.diatip.com\\\/es\\\/productos\\\/accesorios\\\/matrices\\\/#breadcrumb\"},\"inLanguage\":\"es\",\"potentialAction\":[{\"@type\":\"ReadAction\",\"target\":[\"https:\\\/\\\/www.diatip.com\\\/es\\\/productos\\\/accesorios\\\/matrices\\\/\"]}]},{\"@type\":\"ImageObject\",\"inLanguage\":\"es\",\"@id\":\"https:\\\/\\\/www.diatip.com\\\/es\\\/productos\\\/accesorios\\\/matrices\\\/#primaryimage\",\"url\":\"http:\\\/\\\/diatip.com\\\/wp-content\\\/uploads\\\/2014\\\/08\\\/Matrix-A1-e1407417374670.jpg\",\"contentUrl\":\"http:\\\/\\\/diatip.com\\\/wp-content\\\/uploads\\\/2014\\\/08\\\/Matrix-A1-e1407417374670.jpg\"},{\"@type\":\"BreadcrumbList\",\"@id\":\"https:\\\/\\\/www.diatip.com\\\/es\\\/productos\\\/accesorios\\\/matrices\\\/#breadcrumb\",\"itemListElement\":[{\"@type\":\"ListItem\",\"position\":1,\"name\":\"Home\",\"item\":\"https:\\\/\\\/www.diatip.com\\\/es\\\/\"},{\"@type\":\"ListItem\",\"position\":2,\"name\":\"Productos\",\"item\":\"https:\\\/\\\/www.diatip.com\\\/es\\\/productos\\\/\"},{\"@type\":\"ListItem\",\"position\":3,\"name\":\"Accesorios\",\"item\":\"https:\\\/\\\/www.diatip.com\\\/es\\\/productos\\\/accesorios\\\/\"},{\"@type\":\"ListItem\",\"position\":4,\"name\":\"Matrices\"}]},{\"@type\":\"WebSite\",\"@id\":\"https:\\\/\\\/www.diatip.com\\\/es\\\/#website\",\"url\":\"https:\\\/\\\/www.diatip.com\\\/es\\\/\",\"name\":\"Diatip\",\"description\":\"Retipping Diamond Core Bits or Diamond Sawblades\",\"publisher\":{\"@id\":\"https:\\\/\\\/www.diatip.com\\\/es\\\/#organization\"},\"potentialAction\":[{\"@type\":\"SearchAction\",\"target\":{\"@type\":\"EntryPoint\",\"urlTemplate\":\"https:\\\/\\\/www.diatip.com\\\/es\\\/?s={search_term_string}\"},\"query-input\":{\"@type\":\"PropertyValueSpecification\",\"valueRequired\":true,\"valueName\":\"search_term_string\"}}],\"inLanguage\":\"es\"},{\"@type\":\"Organization\",\"@id\":\"https:\\\/\\\/www.diatip.com\\\/es\\\/#organization\",\"name\":\"Diatip\",\"url\":\"https:\\\/\\\/www.diatip.com\\\/es\\\/\",\"logo\":{\"@type\":\"ImageObject\",\"inLanguage\":\"es\",\"@id\":\"https:\\\/\\\/www.diatip.com\\\/es\\\/#\\\/schema\\\/logo\\\/image\\\/\",\"url\":\"https:\\\/\\\/www.diatip.com\\\/wp-content\\\/uploads\\\/2020\\\/06\\\/diatip-logo-low.jpg\",\"contentUrl\":\"https:\\\/\\\/www.diatip.com\\\/wp-content\\\/uploads\\\/2020\\\/06\\\/diatip-logo-low.jpg\",\"width\":304,\"height\":92,\"caption\":\"Diatip\"},\"image\":{\"@id\":\"https:\\\/\\\/www.diatip.com\\\/es\\\/#\\\/schema\\\/logo\\\/image\\\/\"}}]}<\/script>\n<!-- \/ Yoast SEO plugin. -->","yoast_head_json":{"title":"Matrices &#8226; Diatip","description":"MATRICES Matrices \u2013 Hay disponibles para distintas longitudes de segmentos y para distintos di\u00e1metros de taladros. Matriz A1 Matrices para brocas de","robots":{"index":"index","follow":"follow","max-snippet":"max-snippet:-1","max-image-preview":"max-image-preview:large","max-video-preview":"max-video-preview:-1"},"canonical":"https:\/\/www.diatip.com\/es\/productos\/accesorios\/matrices\/","og_locale":"es_ES","og_type":"article","og_title":"Matrices &#8226; Diatip","og_description":"MATRICES Matrices \u2013 Hay disponibles para distintas longitudes de segmentos y para distintos di\u00e1metros de taladros. Matriz A1 Matrices para brocas de","og_url":"https:\/\/www.diatip.com\/es\/productos\/accesorios\/matrices\/","og_site_name":"Diatip","article_modified_time":"2025-05-21T10:07:27+00:00","og_image":[{"url":"http:\/\/diatip.com\/wp-content\/uploads\/2014\/08\/Matrix-A1-e1407417374670.jpg","type":"","width":"","height":""}],"twitter_card":"summary_large_image","schema":{"@context":"https:\/\/schema.org","@graph":[{"@type":"WebPage","@id":"https:\/\/www.diatip.com\/es\/productos\/accesorios\/matrices\/","url":"https:\/\/www.diatip.com\/es\/productos\/accesorios\/matrices\/","name":"Matrices &#8226; Diatip","isPartOf":{"@id":"https:\/\/www.diatip.com\/es\/#website"},"primaryImageOfPage":{"@id":"https:\/\/www.diatip.com\/es\/productos\/accesorios\/matrices\/#primaryimage"},"image":{"@id":"https:\/\/www.diatip.com\/es\/productos\/accesorios\/matrices\/#primaryimage"},"thumbnailUrl":"http:\/\/diatip.com\/wp-content\/uploads\/2014\/08\/Matrix-A1-e1407417374670.jpg","datePublished":"2020-09-24T09:28:57+00:00","dateModified":"2025-05-21T10:07:27+00:00","description":"MATRICES Matrices \u2013 Hay disponibles para distintas longitudes de segmentos y para distintos di\u00e1metros de taladros. Matriz A1 Matrices para brocas de","breadcrumb":{"@id":"https:\/\/www.diatip.com\/es\/productos\/accesorios\/matrices\/#breadcrumb"},"inLanguage":"es","potentialAction":[{"@type":"ReadAction","target":["https:\/\/www.diatip.com\/es\/productos\/accesorios\/matrices\/"]}]},{"@type":"ImageObject","inLanguage":"es","@id":"https:\/\/www.diatip.com\/es\/productos\/accesorios\/matrices\/#primaryimage","url":"http:\/\/diatip.com\/wp-content\/uploads\/2014\/08\/Matrix-A1-e1407417374670.jpg","contentUrl":"http:\/\/diatip.com\/wp-content\/uploads\/2014\/08\/Matrix-A1-e1407417374670.jpg"},{"@type":"BreadcrumbList","@id":"https:\/\/www.diatip.com\/es\/productos\/accesorios\/matrices\/#breadcrumb","itemListElement":[{"@type":"ListItem","position":1,"name":"Home","item":"https:\/\/www.diatip.com\/es\/"},{"@type":"ListItem","position":2,"name":"Productos","item":"https:\/\/www.diatip.com\/es\/productos\/"},{"@type":"ListItem","position":3,"name":"Accesorios","item":"https:\/\/www.diatip.com\/es\/productos\/accesorios\/"},{"@type":"ListItem","position":4,"name":"Matrices"}]},{"@type":"WebSite","@id":"https:\/\/www.diatip.com\/es\/#website","url":"https:\/\/www.diatip.com\/es\/","name":"Diatip","description":"Retipping Diamond Core Bits or Diamond Sawblades","publisher":{"@id":"https:\/\/www.diatip.com\/es\/#organization"},"potentialAction":[{"@type":"SearchAction","target":{"@type":"EntryPoint","urlTemplate":"https:\/\/www.diatip.com\/es\/?s={search_term_string}"},"query-input":{"@type":"PropertyValueSpecification","valueRequired":true,"valueName":"search_term_string"}}],"inLanguage":"es"},{"@type":"Organization","@id":"https:\/\/www.diatip.com\/es\/#organization","name":"Diatip","url":"https:\/\/www.diatip.com\/es\/","logo":{"@type":"ImageObject","inLanguage":"es","@id":"https:\/\/www.diatip.com\/es\/#\/schema\/logo\/image\/","url":"https:\/\/www.diatip.com\/wp-content\/uploads\/2020\/06\/diatip-logo-low.jpg","contentUrl":"https:\/\/www.diatip.com\/wp-content\/uploads\/2020\/06\/diatip-logo-low.jpg","width":304,"height":92,"caption":"Diatip"},"image":{"@id":"https:\/\/www.diatip.com\/es\/#\/schema\/logo\/image\/"}}]}},"_links":{"self":[{"href":"https:\/\/www.diatip.com\/es\/wp-json\/wp\/v2\/pages\/1203","targetHints":{"allow":["GET"]}}],"collection":[{"href":"https:\/\/www.diatip.com\/es\/wp-json\/wp\/v2\/pages"}],"about":[{"href":"https:\/\/www.diatip.com\/es\/wp-json\/wp\/v2\/types\/page"}],"author":[{"embeddable":true,"href":"https:\/\/www.diatip.com\/es\/wp-json\/wp\/v2\/users\/2"}],"replies":[{"embeddable":true,"href":"https:\/\/www.diatip.com\/es\/wp-json\/wp\/v2\/comments?post=1203"}],"version-history":[{"count":17,"href":"https:\/\/www.diatip.com\/es\/wp-json\/wp\/v2\/pages\/1203\/revisions"}],"predecessor-version":[{"id":2085,"href":"https:\/\/www.diatip.com\/es\/wp-json\/wp\/v2\/pages\/1203\/revisions\/2085"}],"up":[{"embeddable":true,"href":"https:\/\/www.diatip.com\/es\/wp-json\/wp\/v2\/pages\/1183"}],"wp:attachment":[{"href":"https:\/\/www.diatip.com\/es\/wp-json\/wp\/v2\/media?parent=1203"}],"curies":[{"name":"wp","href":"https:\/\/api.w.org\/{rel}","templated":true}]}}