{"id":891,"date":"2020-09-24T09:29:39","date_gmt":"2020-09-24T09:29:39","guid":{"rendered":"https:\/\/diatip.com\/products\/silver-and-flux\/"},"modified":"2025-05-14T12:14:36","modified_gmt":"2025-05-14T12:14:36","slug":"silber-und-flussmittel","status":"publish","type":"page","link":"https:\/\/www.diatip.com\/de\/produkte\/silber-und-flussmittel\/","title":{"rendered":"Silber und Flussmittel"},"content":{"rendered":"<!--themify_builder_content-->\n<div id=\"themify_builder_content-891\" data-postid=\"891\" class=\"themify_builder_content themify_builder_content-891 themify_builder tf_clear\">\n                    <div  data-lazy=\"1\" class=\"module_row themify_builder_row tb_j4tz807 tb_first tf_w\">\n            <span class=\"tb_row_frame_wrap tf_overflow tf_abs\" data-lazy=\"1\"><span class=\"tb_row_frame tb_row_frame_bottom  tf_abs tf_hide tf_overflow tf_w\"><\/span><\/span>            <div class=\"row_inner col_align_top tb_col_count_1 tf_box tf_rel\">\n                        <div  data-lazy=\"1\" class=\"module_column tb-column col-full tb_jpuc808 first\">\n                    <!-- module text -->\n<div  class=\"module module-text tb_cz6n808   \" data-lazy=\"1\">\n        <div  class=\"tb_text_wrap\">\n        <h1 style=\"text-align: center;\"><span style=\"color: #ffffff;\">Silber und Flussmittel<\/span><\/h1>\n    <\/div>\n<\/div>\n<!-- \/module text -->        <\/div>\n                        <\/div>\n        <\/div>\n                        <div  data-lazy=\"1\" class=\"module_row themify_builder_row tb_1uo9807 tf_w\">\n            <span class=\"tb_row_frame_wrap tf_overflow tf_abs\" data-lazy=\"1\"><span class=\"tb_row_frame tb_row_frame_bottom  tf_abs tf_hide tf_overflow tf_w\"><\/span><\/span>            <div class=\"row_inner col_align_top tb_col_count_1 tf_box tf_rel\">\n                        <div  data-lazy=\"1\" class=\"module_column tb-column col-full tb_8i5z809 first\">\n                    <!-- module text -->\n<div  class=\"module module-text tb_tope809   \" data-lazy=\"1\">\n        <div  class=\"tb_text_wrap\">\n        <p>Geeignet f\u00fcr einfaches und sicheres L\u00f6ten.<br \/>Der Preis f\u00fcr Silber h\u00e4ngt vom aktuellen Marktpreis ab.<\/p>\n<p><a title=\"Contact\" href=\"https:\/\/www.diatip.com\/de\/contact\/\">Wenden Sie sich<\/a>\u00a0f\u00fcr weitere Informationen an uns.<\/p>    <\/div>\n<\/div>\n<!-- \/module text -->        <\/div>\n                        <\/div>\n        <\/div>\n                        <div  data-lazy=\"1\" class=\"module_row themify_builder_row tb_m4qj426 tf_w\">\n            <span class=\"tb_row_frame_wrap tf_overflow tf_abs\" data-lazy=\"1\"><span class=\"tb_row_frame tb_row_frame_bottom  tf_abs tf_hide tf_overflow tf_w\"><\/span><\/span>            <div class=\"row_inner col_align_top tb_col_count_2 tf_box tf_rel\">\n                        <div  data-lazy=\"1\" class=\"module_column tb-column col4-1 tb_cwc3427 first\">\n                    <!-- module text -->\n<div  class=\"module module-text tb_slfh427   \" data-lazy=\"1\">\n        <div  class=\"tb_text_wrap\">\n        <h2>L\u00f6ten mit Silberloten<\/h2>    <\/div>\n<\/div>\n<!-- \/module text --><!-- module image -->\n<div  class=\"module module-image tb_6vvf428 image-top   tf_mw\" data-lazy=\"1\">\n        <div class=\"image-wrap tf_rel tf_mw\">\n            <img loading=\"lazy\" decoding=\"async\" src=\"https:\/\/diatip.com\/wp-content\/uploads\/2014\/08\/silver-rods-e1407414832181.jpg\" width=\"500\" height=\"255\" title=\"Silber und Flussmittel\" alt=\"Silber und Flussmittel\">    \n        <\/div>\n    <!-- \/image-wrap -->\n    \n        <\/div>\n<!-- \/module image -->        <\/div>\n                    <div  data-lazy=\"1\" class=\"module_column tb-column col4-3 tb_g98q428 last\">\n                    <!-- module text -->\n<div  class=\"module module-text tb_hzbk428   \" data-lazy=\"1\">\n        <div  class=\"tb_text_wrap\">\n        <p>Wir haben zwei verschiedene Arten an Silberloten zum L\u00f6ten, die beide frei von Kadmium sind und eine L\u00e4nge von 500 mm haben (genug f\u00fcr 1500-2000 Segmente).<\/p><p>Preis f\u00fcr 1 kg (abh\u00e4ngig h\u00e4ngt vom aktuellen Marktpreis).<\/p>\n<table id=\"tablepress-20\" class=\"tablepress tablepress-id-20\">\n<thead>\n<tr class=\"row-1\">\n\t<th class=\"column-1\">Type<\/th><th class=\"column-2\">Info<\/th><th class=\"column-3\">Art.no<\/th>\n<\/tr>\n<\/thead>\n<tbody class=\"row-striping row-hover\">\n<tr class=\"row-2\">\n\t<td class=\"column-1\">46% Silber<\/td><td class=\"column-2\">Das am h\u00e4ufigsten verkaufte Silberlot.<\/td><td class=\"column-3\">200206<\/td>\n<\/tr>\n<tr class=\"row-3\">\n\t<td class=\"column-1\">55% Silber<\/td><td class=\"column-2\">H\u00f6herer Silberanteil bedeutet leichteres Gleiten.<\/td><td class=\"column-3\">200202<\/td>\n<\/tr>\n<\/tbody>\n<\/table>\n<!-- #tablepress-20 from cache -->    <\/div>\n<\/div>\n<!-- \/module text -->        <\/div>\n                        <\/div>\n        <\/div>\n                        <div  data-lazy=\"1\" class=\"module_row themify_builder_row tb_v2sa807 tf_w\">\n            <span class=\"tb_row_frame_wrap tf_overflow tf_abs\" data-lazy=\"1\"><span class=\"tb_row_frame tb_row_frame_bottom  tf_abs tf_hide tf_overflow tf_w\"><\/span><\/span>            <div class=\"row_inner col_align_top tb_col_count_2 tf_box tf_rel\">\n                        <div  data-lazy=\"1\" class=\"module_column tb-column col4-1 tb_50dd810 first\">\n                    <!-- module text -->\n<div  class=\"module module-text tb_af4v811   \" data-lazy=\"1\">\n        <div  class=\"tb_text_wrap\">\n        <h2>Silberband<\/h2>    <\/div>\n<\/div>\n<!-- \/module text --><!-- module image -->\n<div  class=\"module module-image tb_h2hq811 image-top   tf_mw\" data-lazy=\"1\">\n        <div class=\"image-wrap tf_rel tf_mw\">\n            <img loading=\"lazy\" decoding=\"async\" src=\"https:\/\/diatip.com\/wp-content\/uploads\/2014\/08\/Silver-roll.jpg\" width=\"1176\" height=\"680\" title=\"Silber und Flussmittel\" alt=\"Silber und Flussmittel\">    \n        <\/div>\n    <!-- \/image-wrap -->\n    \n        <\/div>\n<!-- \/module image -->        <\/div>\n                    <div  data-lazy=\"1\" class=\"module_column tb-column col4-3 tb_zpdw811 last\">\n                    <!-- module text -->\n<div  class=\"module module-text tb_m120811   \" data-lazy=\"1\">\n        <div  class=\"tb_text_wrap\">\n        <p>Unser Silberband enth\u00e4lt 49% Silber und ist frei von Kadmium.\u00a0<\/p><p>Preis f\u00fcr 1 kg (abh\u00e4ngig h\u00e4ngt vom aktuellen Marktpreis).<\/p>\n<table id=\"tablepress-23\" class=\"tablepress tablepress-id-23\">\n<thead>\n<tr class=\"row-1\">\n\t<th class=\"column-1\">Type<\/th><th class=\"column-2\">Info<\/th><th class=\"column-3\">Art.no<\/th>\n<\/tr>\n<\/thead>\n<tbody class=\"row-striping row-hover\">\n<tr class=\"row-2\">\n\t<td class=\"column-1\">49% Silber<\/td><td class=\"column-2\">Eine Rolle enth\u00e4lt circa 1,3 kg und misst <br \/>\n4,0 mm\/0,2 mm.<\/td><td class=\"column-3\">200208<\/td>\n<\/tr>\n<\/tbody>\n<\/table>\n<!-- #tablepress-23 from cache -->    <\/div>\n<\/div>\n<!-- \/module text -->        <\/div>\n                        <\/div>\n        <\/div>\n                        <div  data-lazy=\"1\" class=\"module_row themify_builder_row tb_0qin807 tf_w\">\n                        <div class=\"row_inner col_align_top tb_col_count_2 tf_box tf_rel\">\n                        <div  data-lazy=\"1\" class=\"module_column tb-column col4-1 tb_j8lk810 first\">\n                    <!-- module text -->\n<div  class=\"module module-text tb_7rxo810   \" data-lazy=\"1\">\n        <div  class=\"tb_text_wrap\">\n        <h2>Flussmittel<\/h2>    <\/div>\n<\/div>\n<!-- \/module text --><!-- module image -->\n<div  class=\"module module-image tb_0nad810 image-top   tf_mw\" data-lazy=\"1\">\n        <div class=\"image-wrap tf_rel tf_mw\">\n            <img loading=\"lazy\" decoding=\"async\" src=\"https:\/\/diatip.com\/wp-content\/uploads\/2014\/08\/Flux.jpg\" width=\"300\" height=\"748\" title=\"Silber und Flussmittel\" alt=\"Silber und Flussmittel\">    \n        <\/div>\n    <!-- \/image-wrap -->\n    \n        <\/div>\n<!-- \/module image -->        <\/div>\n                    <div  data-lazy=\"1\" class=\"module_column tb-column col4-3 tb_s8ip810 last\">\n                    <!-- module text -->\n<div  class=\"module module-text tb_4am3810   \" data-lazy=\"1\">\n        <div  class=\"tb_text_wrap\">\n        <p>H-Spezial\u00a0<\/p><p>Preis f\u00fcr 1\/2 kg.<\/p>\n<table id=\"tablepress-26\" class=\"tablepress tablepress-id-26\">\n<thead>\n<tr class=\"row-1\">\n\t<th class=\"column-1\">Type<\/th><th class=\"column-2\">Info<\/th><th class=\"column-3\">Art.no<\/th>\n<\/tr>\n<\/thead>\n<tbody class=\"row-striping row-hover\">\n<tr class=\"row-2\">\n\t<td class=\"column-1\">Flussmittel<\/td><td class=\"column-2\">Braune Paste. Silber und Flussmittel.<\/td><td class=\"column-3\">200205<\/td>\n<\/tr>\n<\/tbody>\n<\/table>\n<!-- #tablepress-26 from cache -->    <\/div>\n<\/div>\n<!-- \/module text -->        <\/div>\n                        <\/div>\n        <\/div>\n        <\/div>\n<!--\/themify_builder_content-->","protected":false},"excerpt":{"rendered":"<p>Silber und Flussmittel Geeignet f\u00fcr einfaches und sicheres L\u00f6ten.Der Preis f\u00fcr Silber h\u00e4ngt vom aktuellen Marktpreis ab. Wenden Sie sich\u00a0f\u00fcr weitere Informationen an uns. L\u00f6ten mit Silberloten Wir haben zwei verschiedene Arten an Silberloten zum L\u00f6ten, die beide frei von Kadmium sind und eine L\u00e4nge von 500 mm haben (genug f\u00fcr 1500-2000 Segmente). Preis f\u00fcr [&hellip;]<\/p>\n","protected":false},"author":2,"featured_media":0,"parent":849,"menu_order":0,"comment_status":"closed","ping_status":"closed","template":"","meta":{"footnotes":""},"class_list":["post-891","page","type-page","status-publish","hentry","has-post-title","has-post-date","has-post-category","has-post-tag","has-post-comment","has-post-author",""],"yoast_head":"<!-- This site is optimized with the Yoast SEO plugin v27.4 - https:\/\/yoast.com\/product\/yoast-seo-wordpress\/ -->\n<title>Silber und Flussmittel &#8226; Diatip<\/title>\n<meta name=\"description\" content=\"Silber und Flussmittel Geeignet f\u00fcr einfaches und sicheres L\u00f6ten.Der Preis f\u00fcr Silber h\u00e4ngt vom aktuellen Marktpreis ab. Wenden Sie sich\u00a0f\u00fcr weitere\" \/>\n<meta name=\"robots\" content=\"index, follow, max-snippet:-1, max-image-preview:large, max-video-preview:-1\" \/>\n<link rel=\"canonical\" href=\"https:\/\/www.diatip.com\/de\/produkte\/silber-und-flussmittel\/\" \/>\n<meta property=\"og:locale\" content=\"de_DE\" \/>\n<meta property=\"og:type\" content=\"article\" \/>\n<meta property=\"og:title\" content=\"Silber und Flussmittel &#8226; Diatip\" \/>\n<meta property=\"og:description\" content=\"Silber und Flussmittel Geeignet f\u00fcr einfaches und sicheres L\u00f6ten.Der Preis f\u00fcr Silber h\u00e4ngt vom aktuellen Marktpreis ab. Wenden Sie sich\u00a0f\u00fcr weitere\" \/>\n<meta property=\"og:url\" content=\"https:\/\/www.diatip.com\/de\/produkte\/silber-und-flussmittel\/\" \/>\n<meta property=\"og:site_name\" content=\"Diatip\" \/>\n<meta property=\"article:modified_time\" content=\"2025-05-14T12:14:36+00:00\" \/>\n<meta property=\"og:image\" content=\"https:\/\/diatip.com\/wp-content\/uploads\/2014\/08\/silver-rods-e1407414832181.jpg\" \/>\n<meta name=\"twitter:card\" content=\"summary_large_image\" \/>\n<meta name=\"twitter:label1\" content=\"Gesch\u00e4tzte Lesezeit\" \/>\n\t<meta name=\"twitter:data1\" content=\"1\u00a0Minute\" \/>\n<script type=\"application\/ld+json\" class=\"yoast-schema-graph\">{\"@context\":\"https:\\\/\\\/schema.org\",\"@graph\":[{\"@type\":\"WebPage\",\"@id\":\"https:\\\/\\\/www.diatip.com\\\/de\\\/produkte\\\/silber-und-flussmittel\\\/\",\"url\":\"https:\\\/\\\/www.diatip.com\\\/de\\\/produkte\\\/silber-und-flussmittel\\\/\",\"name\":\"Silber und Flussmittel &#8226; Diatip\",\"isPartOf\":{\"@id\":\"https:\\\/\\\/www.diatip.com\\\/de\\\/#website\"},\"primaryImageOfPage\":{\"@id\":\"https:\\\/\\\/www.diatip.com\\\/de\\\/produkte\\\/silber-und-flussmittel\\\/#primaryimage\"},\"image\":{\"@id\":\"https:\\\/\\\/www.diatip.com\\\/de\\\/produkte\\\/silber-und-flussmittel\\\/#primaryimage\"},\"thumbnailUrl\":\"https:\\\/\\\/diatip.com\\\/wp-content\\\/uploads\\\/2014\\\/08\\\/silver-rods-e1407414832181.jpg\",\"datePublished\":\"2020-09-24T09:29:39+00:00\",\"dateModified\":\"2025-05-14T12:14:36+00:00\",\"description\":\"Silber und Flussmittel Geeignet f\u00fcr einfaches und sicheres L\u00f6ten.Der Preis f\u00fcr Silber h\u00e4ngt vom aktuellen Marktpreis ab. Wenden Sie sich\u00a0f\u00fcr weitere\",\"breadcrumb\":{\"@id\":\"https:\\\/\\\/www.diatip.com\\\/de\\\/produkte\\\/silber-und-flussmittel\\\/#breadcrumb\"},\"inLanguage\":\"de\",\"potentialAction\":[{\"@type\":\"ReadAction\",\"target\":[\"https:\\\/\\\/www.diatip.com\\\/de\\\/produkte\\\/silber-und-flussmittel\\\/\"]}]},{\"@type\":\"ImageObject\",\"inLanguage\":\"de\",\"@id\":\"https:\\\/\\\/www.diatip.com\\\/de\\\/produkte\\\/silber-und-flussmittel\\\/#primaryimage\",\"url\":\"https:\\\/\\\/diatip.com\\\/wp-content\\\/uploads\\\/2014\\\/08\\\/silver-rods-e1407414832181.jpg\",\"contentUrl\":\"https:\\\/\\\/diatip.com\\\/wp-content\\\/uploads\\\/2014\\\/08\\\/silver-rods-e1407414832181.jpg\"},{\"@type\":\"BreadcrumbList\",\"@id\":\"https:\\\/\\\/www.diatip.com\\\/de\\\/produkte\\\/silber-und-flussmittel\\\/#breadcrumb\",\"itemListElement\":[{\"@type\":\"ListItem\",\"position\":1,\"name\":\"Home\",\"item\":\"https:\\\/\\\/www.diatip.com\\\/de\\\/\"},{\"@type\":\"ListItem\",\"position\":2,\"name\":\"Produkte\",\"item\":\"https:\\\/\\\/www.diatip.com\\\/de\\\/produkte\\\/\"},{\"@type\":\"ListItem\",\"position\":3,\"name\":\"Silber und Flussmittel\"}]},{\"@type\":\"WebSite\",\"@id\":\"https:\\\/\\\/www.diatip.com\\\/de\\\/#website\",\"url\":\"https:\\\/\\\/www.diatip.com\\\/de\\\/\",\"name\":\"Diatip\",\"description\":\"Retipping Diamond Core Bits or Diamond Sawblades\",\"publisher\":{\"@id\":\"https:\\\/\\\/www.diatip.com\\\/de\\\/#organization\"},\"potentialAction\":[{\"@type\":\"SearchAction\",\"target\":{\"@type\":\"EntryPoint\",\"urlTemplate\":\"https:\\\/\\\/www.diatip.com\\\/de\\\/?s={search_term_string}\"},\"query-input\":{\"@type\":\"PropertyValueSpecification\",\"valueRequired\":true,\"valueName\":\"search_term_string\"}}],\"inLanguage\":\"de\"},{\"@type\":\"Organization\",\"@id\":\"https:\\\/\\\/www.diatip.com\\\/de\\\/#organization\",\"name\":\"Diatip\",\"url\":\"https:\\\/\\\/www.diatip.com\\\/de\\\/\",\"logo\":{\"@type\":\"ImageObject\",\"inLanguage\":\"de\",\"@id\":\"https:\\\/\\\/www.diatip.com\\\/de\\\/#\\\/schema\\\/logo\\\/image\\\/\",\"url\":\"https:\\\/\\\/www.diatip.com\\\/wp-content\\\/uploads\\\/2020\\\/06\\\/diatip-logo-low.jpg\",\"contentUrl\":\"https:\\\/\\\/www.diatip.com\\\/wp-content\\\/uploads\\\/2020\\\/06\\\/diatip-logo-low.jpg\",\"width\":304,\"height\":92,\"caption\":\"Diatip\"},\"image\":{\"@id\":\"https:\\\/\\\/www.diatip.com\\\/de\\\/#\\\/schema\\\/logo\\\/image\\\/\"}}]}<\/script>\n<!-- \/ Yoast SEO plugin. -->","yoast_head_json":{"title":"Silber und Flussmittel &#8226; Diatip","description":"Silber und Flussmittel Geeignet f\u00fcr einfaches und sicheres L\u00f6ten.Der Preis f\u00fcr Silber h\u00e4ngt vom aktuellen Marktpreis ab. Wenden Sie sich\u00a0f\u00fcr weitere","robots":{"index":"index","follow":"follow","max-snippet":"max-snippet:-1","max-image-preview":"max-image-preview:large","max-video-preview":"max-video-preview:-1"},"canonical":"https:\/\/www.diatip.com\/de\/produkte\/silber-und-flussmittel\/","og_locale":"de_DE","og_type":"article","og_title":"Silber und Flussmittel &#8226; Diatip","og_description":"Silber und Flussmittel Geeignet f\u00fcr einfaches und sicheres L\u00f6ten.Der Preis f\u00fcr Silber h\u00e4ngt vom aktuellen Marktpreis ab. Wenden Sie sich\u00a0f\u00fcr weitere","og_url":"https:\/\/www.diatip.com\/de\/produkte\/silber-und-flussmittel\/","og_site_name":"Diatip","article_modified_time":"2025-05-14T12:14:36+00:00","og_image":[{"url":"https:\/\/diatip.com\/wp-content\/uploads\/2014\/08\/silver-rods-e1407414832181.jpg","type":"","width":"","height":""}],"twitter_card":"summary_large_image","twitter_misc":{"Gesch\u00e4tzte Lesezeit":"1\u00a0Minute"},"schema":{"@context":"https:\/\/schema.org","@graph":[{"@type":"WebPage","@id":"https:\/\/www.diatip.com\/de\/produkte\/silber-und-flussmittel\/","url":"https:\/\/www.diatip.com\/de\/produkte\/silber-und-flussmittel\/","name":"Silber und Flussmittel &#8226; Diatip","isPartOf":{"@id":"https:\/\/www.diatip.com\/de\/#website"},"primaryImageOfPage":{"@id":"https:\/\/www.diatip.com\/de\/produkte\/silber-und-flussmittel\/#primaryimage"},"image":{"@id":"https:\/\/www.diatip.com\/de\/produkte\/silber-und-flussmittel\/#primaryimage"},"thumbnailUrl":"https:\/\/diatip.com\/wp-content\/uploads\/2014\/08\/silver-rods-e1407414832181.jpg","datePublished":"2020-09-24T09:29:39+00:00","dateModified":"2025-05-14T12:14:36+00:00","description":"Silber und Flussmittel Geeignet f\u00fcr einfaches und sicheres L\u00f6ten.Der Preis f\u00fcr Silber h\u00e4ngt vom aktuellen Marktpreis ab. Wenden Sie sich\u00a0f\u00fcr weitere","breadcrumb":{"@id":"https:\/\/www.diatip.com\/de\/produkte\/silber-und-flussmittel\/#breadcrumb"},"inLanguage":"de","potentialAction":[{"@type":"ReadAction","target":["https:\/\/www.diatip.com\/de\/produkte\/silber-und-flussmittel\/"]}]},{"@type":"ImageObject","inLanguage":"de","@id":"https:\/\/www.diatip.com\/de\/produkte\/silber-und-flussmittel\/#primaryimage","url":"https:\/\/diatip.com\/wp-content\/uploads\/2014\/08\/silver-rods-e1407414832181.jpg","contentUrl":"https:\/\/diatip.com\/wp-content\/uploads\/2014\/08\/silver-rods-e1407414832181.jpg"},{"@type":"BreadcrumbList","@id":"https:\/\/www.diatip.com\/de\/produkte\/silber-und-flussmittel\/#breadcrumb","itemListElement":[{"@type":"ListItem","position":1,"name":"Home","item":"https:\/\/www.diatip.com\/de\/"},{"@type":"ListItem","position":2,"name":"Produkte","item":"https:\/\/www.diatip.com\/de\/produkte\/"},{"@type":"ListItem","position":3,"name":"Silber und Flussmittel"}]},{"@type":"WebSite","@id":"https:\/\/www.diatip.com\/de\/#website","url":"https:\/\/www.diatip.com\/de\/","name":"Diatip","description":"Retipping Diamond Core Bits or Diamond Sawblades","publisher":{"@id":"https:\/\/www.diatip.com\/de\/#organization"},"potentialAction":[{"@type":"SearchAction","target":{"@type":"EntryPoint","urlTemplate":"https:\/\/www.diatip.com\/de\/?s={search_term_string}"},"query-input":{"@type":"PropertyValueSpecification","valueRequired":true,"valueName":"search_term_string"}}],"inLanguage":"de"},{"@type":"Organization","@id":"https:\/\/www.diatip.com\/de\/#organization","name":"Diatip","url":"https:\/\/www.diatip.com\/de\/","logo":{"@type":"ImageObject","inLanguage":"de","@id":"https:\/\/www.diatip.com\/de\/#\/schema\/logo\/image\/","url":"https:\/\/www.diatip.com\/wp-content\/uploads\/2020\/06\/diatip-logo-low.jpg","contentUrl":"https:\/\/www.diatip.com\/wp-content\/uploads\/2020\/06\/diatip-logo-low.jpg","width":304,"height":92,"caption":"Diatip"},"image":{"@id":"https:\/\/www.diatip.com\/de\/#\/schema\/logo\/image\/"}}]}},"_links":{"self":[{"href":"https:\/\/www.diatip.com\/de\/wp-json\/wp\/v2\/pages\/891","targetHints":{"allow":["GET"]}}],"collection":[{"href":"https:\/\/www.diatip.com\/de\/wp-json\/wp\/v2\/pages"}],"about":[{"href":"https:\/\/www.diatip.com\/de\/wp-json\/wp\/v2\/types\/page"}],"author":[{"embeddable":true,"href":"https:\/\/www.diatip.com\/de\/wp-json\/wp\/v2\/users\/2"}],"replies":[{"embeddable":true,"href":"https:\/\/www.diatip.com\/de\/wp-json\/wp\/v2\/comments?post=891"}],"version-history":[{"count":3,"href":"https:\/\/www.diatip.com\/de\/wp-json\/wp\/v2\/pages\/891\/revisions"}],"predecessor-version":[{"id":1896,"href":"https:\/\/www.diatip.com\/de\/wp-json\/wp\/v2\/pages\/891\/revisions\/1896"}],"up":[{"embeddable":true,"href":"https:\/\/www.diatip.com\/de\/wp-json\/wp\/v2\/pages\/849"}],"wp:attachment":[{"href":"https:\/\/www.diatip.com\/de\/wp-json\/wp\/v2\/media?parent=891"}],"curies":[{"name":"wp","href":"https:\/\/api.w.org\/{rel}","templated":true}]}}