{"id":874,"date":"2020-09-24T09:29:25","date_gmt":"2020-09-24T09:29:25","guid":{"rendered":"https:\/\/diatip.com\/products\/magnets\/"},"modified":"2025-05-21T10:25:36","modified_gmt":"2025-05-21T10:25:36","slug":"magnete","status":"publish","type":"page","link":"https:\/\/www.diatip.com\/de\/produkte\/magnete\/","title":{"rendered":"Magnete"},"content":{"rendered":"<!--themify_builder_content-->\n<div id=\"themify_builder_content-874\" data-postid=\"874\" class=\"themify_builder_content themify_builder_content-874 themify_builder tf_clear\">\n                    <div  data-lazy=\"1\" class=\"module_row themify_builder_row tb_4n60526 tb_first tf_w\">\n            <span class=\"tb_row_frame_wrap tf_overflow tf_abs\" data-lazy=\"1\"><span class=\"tb_row_frame tb_row_frame_bottom  tf_abs tf_hide tf_overflow tf_w\"><\/span><\/span>            <div class=\"row_inner col_align_top tb_col_count_1 tf_box tf_rel\">\n                        <div  data-lazy=\"1\" class=\"module_column tb-column col-full tb_aiyr527 first\">\n                    <!-- module text -->\n<div  class=\"module module-text tb_jgx4528   \" data-lazy=\"1\">\n        <div  class=\"tb_text_wrap\">\n        <h1 style=\"text-align: center;\"><span style=\"color: #ffffff;\">MAGNETE<\/span><\/h1>    <\/div>\n<\/div>\n<!-- \/module text -->        <\/div>\n                        <\/div>\n        <\/div>\n                        <div  data-lazy=\"1\" class=\"module_row themify_builder_row tb_nwpq526 tf_w\">\n            <span class=\"tb_row_frame_wrap tf_overflow tf_abs\" data-lazy=\"1\"><span class=\"tb_row_frame tb_row_frame_bottom  tf_abs tf_hide tf_overflow tf_w\"><\/span><\/span>            <div class=\"row_inner col_align_top tb_col_count_1 tf_box tf_rel\">\n                        <div  data-lazy=\"1\" class=\"module_column tb-column col-full tb_tnrg528 first\">\n                    <!-- module text -->\n<div  class=\"module module-text tb_m9eh529   \" data-lazy=\"1\">\n        <div  class=\"tb_text_wrap\">\n        <p>Verwenden Sie unsere JM-Magnete oder unsere starken Flussmagnete f\u00fcr exakte \u00dcberst\u00e4nde und pr\u00e4zise Positionierung der Diamantsegmente w\u00e4hrend des L\u00f6tvorgangs an der Bohrkrone.<\/p>    <\/div>\n<\/div>\n<!-- \/module text -->        <\/div>\n                        <\/div>\n        <\/div>\n                        <div  data-lazy=\"1\" class=\"module_row themify_builder_row tb_u5nc527 tf_w\">\n            <span class=\"tb_row_frame_wrap tf_overflow tf_abs\" data-lazy=\"1\"><span class=\"tb_row_frame tb_row_frame_bottom  tf_abs tf_hide tf_overflow tf_w\"><\/span><\/span>            <div class=\"row_inner col_align_top tb_col_count_2 tf_box tf_rel\">\n                        <div  data-lazy=\"1\" class=\"module_column tb-column col4-1 tb_mlhl529 first\">\n                    <!-- module text -->\n<div  class=\"module module-text tb_gk9p529   \" data-lazy=\"1\">\n        <div  class=\"tb_text_wrap\">\n        <h2>JM-Magnete<\/h2>    <\/div>\n<\/div>\n<!-- \/module text --><!-- module image -->\n<div  class=\"module module-image tb_qtb0529 image-top   tf_mw\" data-lazy=\"1\">\n        <div class=\"image-wrap tf_rel tf_mw\">\n            <img loading=\"lazy\" decoding=\"async\" src=\"http:\/\/diatip.com\/wp-content\/uploads\/2014\/08\/jm-magnets-low.jpg\" width=\"205\" height=\"166\" title=\"Magnete\" alt=\"Magnete\">    \n        <\/div>\n    <!-- \/image-wrap -->\n    \n        <\/div>\n<!-- \/module image -->        <\/div>\n                    <div  data-lazy=\"1\" class=\"module_column tb-column col4-3 tb_7u9j530 last\">\n                    <!-- module text -->\n<div  class=\"module module-text tb_42im726   \" data-lazy=\"1\">\n        <div  class=\"tb_text_wrap\">\n        <ul>\n<li>\u00d6konomisch &#8211; unsere am h\u00e4ufigsten verkauften Modelle<\/li>\n<li>Solide<\/li>\n<li>Einfache Handhabung<\/li>\n<\/ul>\n<p>Erh\u00e4ltlich in zwei verschiedenen Ausf\u00fchrungen &#8211; jeweils mit zwei verschiedenen<\/p>\n<p><strong>\u00dcberst\u00e4nden:<\/strong><\/p>\n\n<table id=\"tablepress-14\" class=\"tablepress tablepress-id-14\">\n<thead>\n<tr class=\"row-1\">\n\t<th class=\"column-1\">Type<\/th><th class=\"column-2\">Info<\/th><th class=\"column-3\">Art.no<\/th>\n<\/tr>\n<\/thead>\n<tbody class=\"row-striping row-hover\">\n<tr class=\"row-2\">\n\t<td class=\"column-1\">A<\/td><td class=\"column-2\">Am h\u00e4ufigsten verwendet - passt f\u00fcr beinahe alle Durchmesser.<br \/>\n0,75 und 1,00 mm Abst\u00e4nde.<\/td><td class=\"column-3\">201000<\/td>\n<\/tr>\n<tr class=\"row-3\">\n\t<td class=\"column-1\">B<\/td><td class=\"column-2\">F\u00fcr die kleinsten und gr\u00f6\u00dften Durchmesser.<br \/>\n0,50 und 1,25 mm \u00dcberst\u00e4nde.<\/td><td class=\"column-3\">201010<\/td>\n<\/tr>\n<\/tbody>\n<\/table>\n<!-- #tablepress-14 from cache -->    <\/div>\n<\/div>\n<!-- \/module text -->        <\/div>\n                        <\/div>\n        <\/div>\n                        <div  data-lazy=\"1\" class=\"module_row themify_builder_row tb_dwez527 tf_w\">\n                        <div class=\"row_inner col_align_top tb_col_count_2 tf_box tf_rel\">\n                        <div  data-lazy=\"1\" class=\"module_column tb-column col4-1 tb_ii8w530 first\">\n                    <!-- module text -->\n<div  class=\"module module-text tb_urlf530   \" data-lazy=\"1\">\n        <div  class=\"tb_text_wrap\">\n        <h2>Starke Flussmagnete<\/h2>    <\/div>\n<\/div>\n<!-- \/module text --><!-- module image -->\n<div  class=\"module module-image tb_ynbi530 image-top   tf_mw\" data-lazy=\"1\">\n        <div class=\"image-wrap tf_rel tf_mw\">\n            <img loading=\"lazy\" decoding=\"async\" src=\"http:\/\/diatip.com\/wp-content\/uploads\/2014\/08\/Sfm-magnets-low.jpg\" width=\"200\" height=\"189\" title=\"Magnete\" alt=\"Magnete\">    \n        <\/div>\n    <!-- \/image-wrap -->\n    \n        <\/div>\n<!-- \/module image -->        <\/div>\n                    <div  data-lazy=\"1\" class=\"module_column tb-column col4-3 tb_em28530 last\">\n                    <!-- module text -->\n<div  class=\"module module-text tb_clkq157   \" data-lazy=\"1\">\n        <div  class=\"tb_text_wrap\">\n        <ul>\n<li>Lange haltbar<\/li>\n<li>Universal &#8211; vier verschiedene Seiten\u00fcberst\u00e4nde an jedem Magneten\n<p>0,5 mm \/ 0,75 mm \/ 1,0 mm \/ 1,25 mm<br>(0.02&#8243;\/ 0.03&#8243;\/ 0.04&#8243;\/ 0.05&#8243;)<\/p>\n<\/li>\n<\/ul>\n<p><strong>Erh\u00e4ltlich in zwei verschiedenen Ausf\u00fchrungen:<\/strong><\/p>\n\n<table id=\"tablepress-17\" class=\"tablepress tablepress-id-17\">\n<thead>\n<tr class=\"row-1\">\n\t<th class=\"column-1\">Type<\/th><th class=\"column-2\">Info<\/th><th class=\"column-3\">Art.no<\/th>\n<\/tr>\n<\/thead>\n<tbody class=\"row-striping row-hover\">\n<tr class=\"row-2\">\n\t<td class=\"column-1\">Normal<\/td><td class=\"column-2\">Passt f\u00fcr beinahe alle Durchmesser.<\/td><td class=\"column-3\">45025<\/td>\n<\/tr>\n<tr class=\"row-3\">\n\t<td class=\"column-1\">Thin<\/td><td class=\"column-2\">F\u00fcr Bohrkronen mit kleinem Durchmesser.<\/td><td class=\"column-3\">45025S<\/td>\n<\/tr>\n<\/tbody>\n<\/table>\n<!-- #tablepress-17 from cache -->    <\/div>\n<\/div>\n<!-- \/module text -->        <\/div>\n                        <\/div>\n        <\/div>\n        <\/div>\n<!--\/themify_builder_content-->","protected":false},"excerpt":{"rendered":"<p>MAGNETE Verwenden Sie unsere JM-Magnete oder unsere starken Flussmagnete f\u00fcr exakte \u00dcberst\u00e4nde und pr\u00e4zise Positionierung der Diamantsegmente w\u00e4hrend des L\u00f6tvorgangs an der Bohrkrone. JM-Magnete \u00d6konomisch &#8211; unsere am h\u00e4ufigsten verkauften Modelle Solide Einfache Handhabung Erh\u00e4ltlich in zwei verschiedenen Ausf\u00fchrungen &#8211; jeweils mit zwei verschiedenen \u00dcberst\u00e4nden: Starke Flussmagnete Lange haltbar Universal &#8211; vier verschiedene Seiten\u00fcberst\u00e4nde an [&hellip;]<\/p>\n","protected":false},"author":2,"featured_media":0,"parent":849,"menu_order":0,"comment_status":"closed","ping_status":"closed","template":"","meta":{"footnotes":""},"class_list":["post-874","page","type-page","status-publish","hentry","has-post-title","has-post-date","has-post-category","has-post-tag","has-post-comment","has-post-author",""],"yoast_head":"<!-- This site is optimized with the Yoast SEO plugin v27.4 - https:\/\/yoast.com\/product\/yoast-seo-wordpress\/ -->\n<title>Magnete &#8226; Diatip<\/title>\n<meta name=\"description\" content=\"MAGNETE Verwenden Sie unsere JM-Magnete oder unsere starken Flussmagnete f\u00fcr exakte \u00dcberst\u00e4nde und pr\u00e4zise Positionierung der Diamantsegmente w\u00e4hrend des\" \/>\n<meta name=\"robots\" content=\"index, follow, max-snippet:-1, max-image-preview:large, max-video-preview:-1\" \/>\n<link rel=\"canonical\" href=\"https:\/\/www.diatip.com\/de\/produkte\/magnete\/\" \/>\n<meta property=\"og:locale\" content=\"de_DE\" \/>\n<meta property=\"og:type\" content=\"article\" \/>\n<meta property=\"og:title\" content=\"Magnete &#8226; Diatip\" \/>\n<meta property=\"og:description\" content=\"MAGNETE Verwenden Sie unsere JM-Magnete oder unsere starken Flussmagnete f\u00fcr exakte \u00dcberst\u00e4nde und pr\u00e4zise Positionierung der Diamantsegmente w\u00e4hrend des\" \/>\n<meta property=\"og:url\" content=\"https:\/\/www.diatip.com\/de\/produkte\/magnete\/\" \/>\n<meta property=\"og:site_name\" content=\"Diatip\" \/>\n<meta property=\"article:modified_time\" content=\"2025-05-21T10:25:36+00:00\" \/>\n<meta property=\"og:image\" content=\"http:\/\/diatip.com\/wp-content\/uploads\/2014\/08\/jm-magnets-low.jpg\" \/>\n<meta name=\"twitter:card\" content=\"summary_large_image\" \/>\n<script type=\"application\/ld+json\" class=\"yoast-schema-graph\">{\"@context\":\"https:\\\/\\\/schema.org\",\"@graph\":[{\"@type\":\"WebPage\",\"@id\":\"https:\\\/\\\/www.diatip.com\\\/de\\\/produkte\\\/magnete\\\/\",\"url\":\"https:\\\/\\\/www.diatip.com\\\/de\\\/produkte\\\/magnete\\\/\",\"name\":\"Magnete &#8226; Diatip\",\"isPartOf\":{\"@id\":\"https:\\\/\\\/www.diatip.com\\\/de\\\/#website\"},\"primaryImageOfPage\":{\"@id\":\"https:\\\/\\\/www.diatip.com\\\/de\\\/produkte\\\/magnete\\\/#primaryimage\"},\"image\":{\"@id\":\"https:\\\/\\\/www.diatip.com\\\/de\\\/produkte\\\/magnete\\\/#primaryimage\"},\"thumbnailUrl\":\"http:\\\/\\\/diatip.com\\\/wp-content\\\/uploads\\\/2014\\\/08\\\/jm-magnets-low.jpg\",\"datePublished\":\"2020-09-24T09:29:25+00:00\",\"dateModified\":\"2025-05-21T10:25:36+00:00\",\"description\":\"MAGNETE Verwenden Sie unsere JM-Magnete oder unsere starken Flussmagnete f\u00fcr exakte \u00dcberst\u00e4nde und pr\u00e4zise Positionierung der Diamantsegmente w\u00e4hrend des\",\"breadcrumb\":{\"@id\":\"https:\\\/\\\/www.diatip.com\\\/de\\\/produkte\\\/magnete\\\/#breadcrumb\"},\"inLanguage\":\"de\",\"potentialAction\":[{\"@type\":\"ReadAction\",\"target\":[\"https:\\\/\\\/www.diatip.com\\\/de\\\/produkte\\\/magnete\\\/\"]}]},{\"@type\":\"ImageObject\",\"inLanguage\":\"de\",\"@id\":\"https:\\\/\\\/www.diatip.com\\\/de\\\/produkte\\\/magnete\\\/#primaryimage\",\"url\":\"http:\\\/\\\/diatip.com\\\/wp-content\\\/uploads\\\/2014\\\/08\\\/jm-magnets-low.jpg\",\"contentUrl\":\"http:\\\/\\\/diatip.com\\\/wp-content\\\/uploads\\\/2014\\\/08\\\/jm-magnets-low.jpg\"},{\"@type\":\"BreadcrumbList\",\"@id\":\"https:\\\/\\\/www.diatip.com\\\/de\\\/produkte\\\/magnete\\\/#breadcrumb\",\"itemListElement\":[{\"@type\":\"ListItem\",\"position\":1,\"name\":\"Home\",\"item\":\"https:\\\/\\\/www.diatip.com\\\/de\\\/\"},{\"@type\":\"ListItem\",\"position\":2,\"name\":\"Produkte\",\"item\":\"https:\\\/\\\/www.diatip.com\\\/de\\\/produkte\\\/\"},{\"@type\":\"ListItem\",\"position\":3,\"name\":\"Magnete\"}]},{\"@type\":\"WebSite\",\"@id\":\"https:\\\/\\\/www.diatip.com\\\/de\\\/#website\",\"url\":\"https:\\\/\\\/www.diatip.com\\\/de\\\/\",\"name\":\"Diatip\",\"description\":\"Retipping Diamond Core Bits or Diamond Sawblades\",\"publisher\":{\"@id\":\"https:\\\/\\\/www.diatip.com\\\/de\\\/#organization\"},\"potentialAction\":[{\"@type\":\"SearchAction\",\"target\":{\"@type\":\"EntryPoint\",\"urlTemplate\":\"https:\\\/\\\/www.diatip.com\\\/de\\\/?s={search_term_string}\"},\"query-input\":{\"@type\":\"PropertyValueSpecification\",\"valueRequired\":true,\"valueName\":\"search_term_string\"}}],\"inLanguage\":\"de\"},{\"@type\":\"Organization\",\"@id\":\"https:\\\/\\\/www.diatip.com\\\/de\\\/#organization\",\"name\":\"Diatip\",\"url\":\"https:\\\/\\\/www.diatip.com\\\/de\\\/\",\"logo\":{\"@type\":\"ImageObject\",\"inLanguage\":\"de\",\"@id\":\"https:\\\/\\\/www.diatip.com\\\/de\\\/#\\\/schema\\\/logo\\\/image\\\/\",\"url\":\"https:\\\/\\\/www.diatip.com\\\/wp-content\\\/uploads\\\/2020\\\/06\\\/diatip-logo-low.jpg\",\"contentUrl\":\"https:\\\/\\\/www.diatip.com\\\/wp-content\\\/uploads\\\/2020\\\/06\\\/diatip-logo-low.jpg\",\"width\":304,\"height\":92,\"caption\":\"Diatip\"},\"image\":{\"@id\":\"https:\\\/\\\/www.diatip.com\\\/de\\\/#\\\/schema\\\/logo\\\/image\\\/\"}}]}<\/script>\n<!-- \/ Yoast SEO plugin. -->","yoast_head_json":{"title":"Magnete &#8226; Diatip","description":"MAGNETE Verwenden Sie unsere JM-Magnete oder unsere starken Flussmagnete f\u00fcr exakte \u00dcberst\u00e4nde und pr\u00e4zise Positionierung der Diamantsegmente w\u00e4hrend des","robots":{"index":"index","follow":"follow","max-snippet":"max-snippet:-1","max-image-preview":"max-image-preview:large","max-video-preview":"max-video-preview:-1"},"canonical":"https:\/\/www.diatip.com\/de\/produkte\/magnete\/","og_locale":"de_DE","og_type":"article","og_title":"Magnete &#8226; Diatip","og_description":"MAGNETE Verwenden Sie unsere JM-Magnete oder unsere starken Flussmagnete f\u00fcr exakte \u00dcberst\u00e4nde und pr\u00e4zise Positionierung der Diamantsegmente w\u00e4hrend des","og_url":"https:\/\/www.diatip.com\/de\/produkte\/magnete\/","og_site_name":"Diatip","article_modified_time":"2025-05-21T10:25:36+00:00","og_image":[{"url":"http:\/\/diatip.com\/wp-content\/uploads\/2014\/08\/jm-magnets-low.jpg","type":"","width":"","height":""}],"twitter_card":"summary_large_image","schema":{"@context":"https:\/\/schema.org","@graph":[{"@type":"WebPage","@id":"https:\/\/www.diatip.com\/de\/produkte\/magnete\/","url":"https:\/\/www.diatip.com\/de\/produkte\/magnete\/","name":"Magnete &#8226; Diatip","isPartOf":{"@id":"https:\/\/www.diatip.com\/de\/#website"},"primaryImageOfPage":{"@id":"https:\/\/www.diatip.com\/de\/produkte\/magnete\/#primaryimage"},"image":{"@id":"https:\/\/www.diatip.com\/de\/produkte\/magnete\/#primaryimage"},"thumbnailUrl":"http:\/\/diatip.com\/wp-content\/uploads\/2014\/08\/jm-magnets-low.jpg","datePublished":"2020-09-24T09:29:25+00:00","dateModified":"2025-05-21T10:25:36+00:00","description":"MAGNETE Verwenden Sie unsere JM-Magnete oder unsere starken Flussmagnete f\u00fcr exakte \u00dcberst\u00e4nde und pr\u00e4zise Positionierung der Diamantsegmente w\u00e4hrend des","breadcrumb":{"@id":"https:\/\/www.diatip.com\/de\/produkte\/magnete\/#breadcrumb"},"inLanguage":"de","potentialAction":[{"@type":"ReadAction","target":["https:\/\/www.diatip.com\/de\/produkte\/magnete\/"]}]},{"@type":"ImageObject","inLanguage":"de","@id":"https:\/\/www.diatip.com\/de\/produkte\/magnete\/#primaryimage","url":"http:\/\/diatip.com\/wp-content\/uploads\/2014\/08\/jm-magnets-low.jpg","contentUrl":"http:\/\/diatip.com\/wp-content\/uploads\/2014\/08\/jm-magnets-low.jpg"},{"@type":"BreadcrumbList","@id":"https:\/\/www.diatip.com\/de\/produkte\/magnete\/#breadcrumb","itemListElement":[{"@type":"ListItem","position":1,"name":"Home","item":"https:\/\/www.diatip.com\/de\/"},{"@type":"ListItem","position":2,"name":"Produkte","item":"https:\/\/www.diatip.com\/de\/produkte\/"},{"@type":"ListItem","position":3,"name":"Magnete"}]},{"@type":"WebSite","@id":"https:\/\/www.diatip.com\/de\/#website","url":"https:\/\/www.diatip.com\/de\/","name":"Diatip","description":"Retipping Diamond Core Bits or Diamond Sawblades","publisher":{"@id":"https:\/\/www.diatip.com\/de\/#organization"},"potentialAction":[{"@type":"SearchAction","target":{"@type":"EntryPoint","urlTemplate":"https:\/\/www.diatip.com\/de\/?s={search_term_string}"},"query-input":{"@type":"PropertyValueSpecification","valueRequired":true,"valueName":"search_term_string"}}],"inLanguage":"de"},{"@type":"Organization","@id":"https:\/\/www.diatip.com\/de\/#organization","name":"Diatip","url":"https:\/\/www.diatip.com\/de\/","logo":{"@type":"ImageObject","inLanguage":"de","@id":"https:\/\/www.diatip.com\/de\/#\/schema\/logo\/image\/","url":"https:\/\/www.diatip.com\/wp-content\/uploads\/2020\/06\/diatip-logo-low.jpg","contentUrl":"https:\/\/www.diatip.com\/wp-content\/uploads\/2020\/06\/diatip-logo-low.jpg","width":304,"height":92,"caption":"Diatip"},"image":{"@id":"https:\/\/www.diatip.com\/de\/#\/schema\/logo\/image\/"}}]}},"_links":{"self":[{"href":"https:\/\/www.diatip.com\/de\/wp-json\/wp\/v2\/pages\/874","targetHints":{"allow":["GET"]}}],"collection":[{"href":"https:\/\/www.diatip.com\/de\/wp-json\/wp\/v2\/pages"}],"about":[{"href":"https:\/\/www.diatip.com\/de\/wp-json\/wp\/v2\/types\/page"}],"author":[{"embeddable":true,"href":"https:\/\/www.diatip.com\/de\/wp-json\/wp\/v2\/users\/2"}],"replies":[{"embeddable":true,"href":"https:\/\/www.diatip.com\/de\/wp-json\/wp\/v2\/comments?post=874"}],"version-history":[{"count":11,"href":"https:\/\/www.diatip.com\/de\/wp-json\/wp\/v2\/pages\/874\/revisions"}],"predecessor-version":[{"id":2099,"href":"https:\/\/www.diatip.com\/de\/wp-json\/wp\/v2\/pages\/874\/revisions\/2099"}],"up":[{"embeddable":true,"href":"https:\/\/www.diatip.com\/de\/wp-json\/wp\/v2\/pages\/849"}],"wp:attachment":[{"href":"https:\/\/www.diatip.com\/de\/wp-json\/wp\/v2\/media?parent=874"}],"curies":[{"name":"wp","href":"https:\/\/api.w.org\/{rel}","templated":true}]}}