{"id":849,"date":"2020-09-24T09:24:36","date_gmt":"2020-09-24T09:24:36","guid":{"rendered":"https:\/\/diatip.com\/products\/"},"modified":"2025-05-14T12:08:12","modified_gmt":"2025-05-14T12:08:12","slug":"produkte","status":"publish","type":"page","link":"https:\/\/www.diatip.com\/de\/produkte\/","title":{"rendered":"Produkte"},"content":{"rendered":"<!--themify_builder_content-->\n<div id=\"themify_builder_content-849\" data-postid=\"849\" class=\"themify_builder_content themify_builder_content-849 themify_builder tf_clear\">\n                    <div  data-lazy=\"1\" class=\"module_row themify_builder_row tb_8jeu130 tb_first tf_w\">\n            <span class=\"tb_row_frame_wrap tf_overflow tf_abs\" data-lazy=\"1\"><span class=\"tb_row_frame tb_row_frame_bottom  tf_abs tf_hide tf_overflow tf_w\"><\/span><\/span>            <div class=\"row_inner col_align_top tb_col_count_1 tf_box tf_rel\">\n                        <div  data-lazy=\"1\" class=\"module_column tb-column col-full tb_vlf0131 first\">\n                    <!-- module text -->\n<div  class=\"module module-text tb_sd9d131   \" data-lazy=\"1\">\n        <div  class=\"tb_text_wrap\">\n        <h1 style=\"text-align: center;\"><span style=\"color: #ffffff;\">PRODUKTE<\/span><\/h1>\n    <\/div>\n<\/div>\n<!-- \/module text -->        <\/div>\n                        <\/div>\n        <\/div>\n                        <div  data-lazy=\"1\" class=\"module_row themify_builder_row tb_l39w831 tf_w\">\n                        <div class=\"row_inner col_align_top tb_col_count_1 tf_box tf_rel\">\n                        <div  data-lazy=\"1\" class=\"module_column tb-column col-full tb_eu2l832 first\">\n                    <!-- module template_part -->\n<div  class=\"module module-layout-part tb_y11o248 \">\n    <div class=\"tb_layout_part_wrap tf_w\"><!--themify_builder_content-->\n    <div  class=\"themify_builder_content themify_builder_content-1344 themify_builder not_editable_builder in_the_loop\" data-postid=\"1344\">\n                        <div  data-lazy=\"1\" class=\"module_row themify_builder_row tb_9hwp283 tf_w\">\n                        <div class=\"row_inner col_align_top tb_col_count_1 tf_box tf_rel\">\n                        <div  data-lazy=\"1\" class=\"module_column tb-column col-full tb_d2f5290 first\">\n                            <div  data-lazy=\"1\" class=\"module_subrow themify_builder_sub_row tf_w col_align_middle gutter-none tb_col_count_4 tb_37z4292\">\n                <div  data-lazy=\"1\" class=\"module_column sub_column col4-1 tb_nu4x292 first\">\n                    <!-- module image -->\n<div  class=\"module module-image tb_s4wj292 image-top   tf_mw\" data-lazy=\"1\">\n        <div class=\"image-wrap tf_rel tf_mw\">\n            <img loading=\"lazy\" decoding=\"async\" src=\"http:\/\/diatip.com\/wp-content\/uploads\/2014\/06\/CD-7-28-Automatic.jpg\" width=\"300\" height=\"250\" title=\"Produkte\" alt=\"Produkte\">    \n        <\/div>\n    <!-- \/image-wrap -->\n    \n        <\/div>\n<!-- \/module image -->        <\/div>\n                    <div  data-lazy=\"1\" class=\"module_column sub_column col4-1 tb_w8ki293\">\n                    <!-- module text -->\n<div  class=\"module module-text tb_x7at293   \" data-lazy=\"1\">\n        <div  class=\"tb_text_wrap\">\n        <h2>Maschinen<\/h2><p>Diatip-Ger\u00e4te schneiden schnell und leise, schaffen eine perfekte Segmentteilung, erleichtern das L\u00f6ten neuer Segmente und eliminieren Segmentverlust.<\/p>    <\/div>\n<\/div>\n<!-- \/module text --><!-- module buttons -->\n<div  class=\"module module-buttons tb_r3i5293 buttons-horizontal solid  large squared\" data-lazy=\"1\">\n        <div class=\"module-buttons-item tf_in_flx\">\n                        <a href=\"https:\/\/diatip.com\/de\/produkte\/maschinen\/\" class=\"ui builder_button tf_in_flx blue\" >\n                                                Maschinen ansehen                                        <\/a>\n                <\/div>\n            <\/div>\n<!-- \/module buttons -->\n<!-- module divider -->\n<div  class=\"module tf_mw module-divider tb_b9ao293 solid    hide-desktop hide-tablet_landscape\" style=\"border-width: 1px;border-color: #0d00bf;margin-top: 30px;\" data-lazy=\"1\">\n    <\/div>\n<!-- \/module divider -->\n        <\/div>\n                    <div  data-lazy=\"1\" class=\"module_column sub_column col4-1 tb_losd294\">\n                    <!-- module image -->\n<div  class=\"module module-image tb_v3t7294 image-top   tf_mw\" data-lazy=\"1\">\n        <div class=\"image-wrap tf_rel tf_mw\">\n            <img loading=\"lazy\" decoding=\"async\" src=\"http:\/\/diatip.com\/wp-content\/uploads\/2015\/02\/Magnets-new.jpg\" width=\"300\" height=\"250\" title=\"Produkte\" alt=\"Produkte\">    \n        <\/div>\n    <!-- \/image-wrap -->\n    \n        <\/div>\n<!-- \/module image -->        <\/div>\n                    <div  data-lazy=\"1\" class=\"module_column sub_column col4-1 tb_wzqv294 last\">\n                    <!-- module text -->\n<div  class=\"module module-text tb_hjs8295   \" data-lazy=\"1\">\n        <div  class=\"tb_text_wrap\">\n        <h2>Magnete<\/h2><p>Verwenden Sie unsere JM-Magnete oder unsere starken Flussmagnete f\u00fcr exakte \u00dcberst\u00e4nde und pr\u00e4zise Positionierung der Diamantsegmente w\u00e4hrend des L\u00f6tvorgangs an der Bohrkrone.<\/p>    <\/div>\n<\/div>\n<!-- \/module text --><!-- module buttons -->\n<div  class=\"module module-buttons tb_xi3h295 buttons-horizontal solid  large squared\" data-lazy=\"1\">\n        <div class=\"module-buttons-item tf_in_flx\">\n                        <a href=\"https:\/\/diatip.com\/de\/produkte\/magnete\/\" class=\"ui builder_button tf_in_flx blue\" >\n                                                Magnete ansehen                                        <\/a>\n                <\/div>\n            <\/div>\n<!-- \/module buttons -->\n<!-- module divider -->\n<div  class=\"module tf_mw module-divider tb_s35j295 solid    hide-desktop hide-tablet_landscape\" style=\"border-width: 1px;border-color: #0d00bf;margin-top: 30px;\" data-lazy=\"1\">\n    <\/div>\n<!-- \/module divider -->\n        <\/div>\n                    <\/div>\n                <div  data-lazy=\"1\" class=\"module_subrow themify_builder_sub_row tf_w col_align_middle gutter-none tb_col_count_4 tb_0b21296\">\n                <div  data-lazy=\"1\" class=\"module_column sub_column col4-1 tb_e0yj296 first\">\n                    <!-- module text -->\n<div  class=\"module module-text tb_eziq296   \" data-lazy=\"1\">\n        <div  class=\"tb_text_wrap\">\n        <h2>Silber und Flussmittel<\/h2><p>Geeignet f\u00fcr einfaches und sicheres L\u00f6ten. Der Preis f\u00fcr Silber h\u00e4ngt vom aktuellen Marktpreis ab.<\/p>    <\/div>\n<\/div>\n<!-- \/module text --><!-- module buttons -->\n<div  class=\"module module-buttons tb_4sxz297 buttons-horizontal solid  large squared\" data-lazy=\"1\">\n        <div class=\"module-buttons-item tf_in_flx\">\n                        <a href=\"https:\/\/diatip.com\/de\/produkte\/silber-und-flussmittel\/\" class=\"ui builder_button tf_in_flx blue\" >\n                                                Silber und flussmittel ansehen                                        <\/a>\n                <\/div>\n            <\/div>\n<!-- \/module buttons -->\n<!-- module divider -->\n<div  class=\"module tf_mw module-divider tb_1x8m980 solid    hide-desktop hide-tablet_landscape\" style=\"border-width: 1px;border-color: #0d00bf;margin-top: 30px;\" data-lazy=\"1\">\n    <\/div>\n<!-- \/module divider -->\n        <\/div>\n                    <div  data-lazy=\"1\" class=\"module_column sub_column col4-1 tb_jkrs297\">\n                    <!-- module image -->\n<div  class=\"module module-image tb_up6q297 image-top   tf_mw\" data-lazy=\"1\">\n        <div class=\"image-wrap tf_rel tf_mw\">\n            <img loading=\"lazy\" decoding=\"async\" src=\"http:\/\/diatip.com\/wp-content\/uploads\/2015\/02\/Siler-Flux-new.jpg\" width=\"300\" height=\"250\" title=\"Produkte\" alt=\"Produkte\">    \n        <\/div>\n    <!-- \/image-wrap -->\n    \n        <\/div>\n<!-- \/module image -->        <\/div>\n                    <div  data-lazy=\"1\" class=\"module_column sub_column col4-1 tb_98ti298\">\n                    <!-- module text -->\n<div  class=\"module module-text tb_ytg2298   \" data-lazy=\"1\">\n        <div  class=\"tb_text_wrap\">\n        <h2>Zubeh\u00f6r<\/h2><p>Es gibt eine Reihe von optionalem Zubeh\u00f6r, mit denen Sie Ihre Ger\u00e4te besser nutzen k\u00f6nnen. Schneidwerkzeuge, Adapter, Verl\u00e4ngerungen und Messer<\/p>    <\/div>\n<\/div>\n<!-- \/module text --><!-- module buttons -->\n<div  class=\"module module-buttons tb_8ttf298 buttons-horizontal solid  large squared\" data-lazy=\"1\">\n        <div class=\"module-buttons-item tf_in_flx\">\n                        <a href=\"https:\/\/diatip.com\/de\/produkte\/zubehoer\/\" class=\"ui builder_button tf_in_flx blue\" >\n                                                Zubeh\u00f6r ansehen                                        <\/a>\n                <\/div>\n            <\/div>\n<!-- \/module buttons -->\n<!-- module divider -->\n<div  class=\"module tf_mw module-divider tb_begc298 solid    hide-desktop hide-tablet_landscape\" style=\"border-width: 1px;border-color: #0d00bf;margin-top: 30px;\" data-lazy=\"1\">\n    <\/div>\n<!-- \/module divider -->\n        <\/div>\n                    <div  data-lazy=\"1\" class=\"module_column sub_column col4-1 tb_7ecu299 last\">\n                    <!-- module image -->\n<div  class=\"module module-image tb_cskl299 image-top   tf_mw\" data-lazy=\"1\">\n        <div class=\"image-wrap tf_rel tf_mw\">\n            <img loading=\"lazy\" decoding=\"async\" src=\"http:\/\/diatip.com\/wp-content\/uploads\/2015\/02\/Accessories-new.jpg\" width=\"300\" height=\"250\" title=\"Produkte\" alt=\"Produkte\">    \n        <\/div>\n    <!-- \/image-wrap -->\n    \n        <\/div>\n<!-- \/module image -->        <\/div>\n                    <\/div>\n                <\/div>\n                        <\/div>\n        <\/div>\n            <\/div>\n<!--\/themify_builder_content--><\/div>\n<\/div>\n<!-- \/module template_part -->        <\/div>\n                        <\/div>\n        <\/div>\n        <\/div>\n<!--\/themify_builder_content-->","protected":false},"excerpt":{"rendered":"<p>PRODUKTE<\/p>\n","protected":false},"author":2,"featured_media":0,"parent":0,"menu_order":0,"comment_status":"closed","ping_status":"closed","template":"","meta":{"footnotes":""},"class_list":["post-849","page","type-page","status-publish","hentry","has-post-title","has-post-date","has-post-category","has-post-tag","has-post-comment","has-post-author",""],"yoast_head":"<!-- This site is optimized with the Yoast SEO plugin v27.4 - https:\/\/yoast.com\/product\/yoast-seo-wordpress\/ -->\n<title>Produkte &#8226; Diatip<\/title>\n<meta name=\"description\" content=\"PRODUKTE\" \/>\n<meta name=\"robots\" content=\"index, follow, max-snippet:-1, max-image-preview:large, max-video-preview:-1\" \/>\n<link rel=\"canonical\" href=\"https:\/\/www.diatip.com\/de\/produkte\/\" \/>\n<meta property=\"og:locale\" content=\"de_DE\" \/>\n<meta property=\"og:type\" content=\"article\" \/>\n<meta property=\"og:title\" content=\"Produkte &#8226; Diatip\" \/>\n<meta property=\"og:description\" content=\"PRODUKTE\" \/>\n<meta property=\"og:url\" content=\"https:\/\/www.diatip.com\/de\/produkte\/\" \/>\n<meta property=\"og:site_name\" content=\"Diatip\" \/>\n<meta property=\"article:modified_time\" content=\"2025-05-14T12:08:12+00:00\" \/>\n<meta name=\"twitter:card\" content=\"summary_large_image\" \/>\n<script type=\"application\/ld+json\" class=\"yoast-schema-graph\">{\"@context\":\"https:\\\/\\\/schema.org\",\"@graph\":[{\"@type\":\"WebPage\",\"@id\":\"https:\\\/\\\/www.diatip.com\\\/de\\\/produkte\\\/\",\"url\":\"https:\\\/\\\/www.diatip.com\\\/de\\\/produkte\\\/\",\"name\":\"Produkte &#8226; Diatip\",\"isPartOf\":{\"@id\":\"https:\\\/\\\/www.diatip.com\\\/de\\\/#website\"},\"datePublished\":\"2020-09-24T09:24:36+00:00\",\"dateModified\":\"2025-05-14T12:08:12+00:00\",\"description\":\"PRODUKTE\",\"breadcrumb\":{\"@id\":\"https:\\\/\\\/www.diatip.com\\\/de\\\/produkte\\\/#breadcrumb\"},\"inLanguage\":\"de\",\"potentialAction\":[{\"@type\":\"ReadAction\",\"target\":[\"https:\\\/\\\/www.diatip.com\\\/de\\\/produkte\\\/\"]}]},{\"@type\":\"BreadcrumbList\",\"@id\":\"https:\\\/\\\/www.diatip.com\\\/de\\\/produkte\\\/#breadcrumb\",\"itemListElement\":[{\"@type\":\"ListItem\",\"position\":1,\"name\":\"Home\",\"item\":\"https:\\\/\\\/www.diatip.com\\\/de\\\/\"},{\"@type\":\"ListItem\",\"position\":2,\"name\":\"Produkte\"}]},{\"@type\":\"WebSite\",\"@id\":\"https:\\\/\\\/www.diatip.com\\\/de\\\/#website\",\"url\":\"https:\\\/\\\/www.diatip.com\\\/de\\\/\",\"name\":\"Diatip\",\"description\":\"Retipping Diamond Core Bits or Diamond Sawblades\",\"publisher\":{\"@id\":\"https:\\\/\\\/www.diatip.com\\\/de\\\/#organization\"},\"potentialAction\":[{\"@type\":\"SearchAction\",\"target\":{\"@type\":\"EntryPoint\",\"urlTemplate\":\"https:\\\/\\\/www.diatip.com\\\/de\\\/?s={search_term_string}\"},\"query-input\":{\"@type\":\"PropertyValueSpecification\",\"valueRequired\":true,\"valueName\":\"search_term_string\"}}],\"inLanguage\":\"de\"},{\"@type\":\"Organization\",\"@id\":\"https:\\\/\\\/www.diatip.com\\\/de\\\/#organization\",\"name\":\"Diatip\",\"url\":\"https:\\\/\\\/www.diatip.com\\\/de\\\/\",\"logo\":{\"@type\":\"ImageObject\",\"inLanguage\":\"de\",\"@id\":\"https:\\\/\\\/www.diatip.com\\\/de\\\/#\\\/schema\\\/logo\\\/image\\\/\",\"url\":\"https:\\\/\\\/www.diatip.com\\\/wp-content\\\/uploads\\\/2020\\\/06\\\/diatip-logo-low.jpg\",\"contentUrl\":\"https:\\\/\\\/www.diatip.com\\\/wp-content\\\/uploads\\\/2020\\\/06\\\/diatip-logo-low.jpg\",\"width\":304,\"height\":92,\"caption\":\"Diatip\"},\"image\":{\"@id\":\"https:\\\/\\\/www.diatip.com\\\/de\\\/#\\\/schema\\\/logo\\\/image\\\/\"}}]}<\/script>\n<!-- \/ Yoast SEO plugin. -->","yoast_head_json":{"title":"Produkte &#8226; Diatip","description":"PRODUKTE","robots":{"index":"index","follow":"follow","max-snippet":"max-snippet:-1","max-image-preview":"max-image-preview:large","max-video-preview":"max-video-preview:-1"},"canonical":"https:\/\/www.diatip.com\/de\/produkte\/","og_locale":"de_DE","og_type":"article","og_title":"Produkte &#8226; Diatip","og_description":"PRODUKTE","og_url":"https:\/\/www.diatip.com\/de\/produkte\/","og_site_name":"Diatip","article_modified_time":"2025-05-14T12:08:12+00:00","twitter_card":"summary_large_image","schema":{"@context":"https:\/\/schema.org","@graph":[{"@type":"WebPage","@id":"https:\/\/www.diatip.com\/de\/produkte\/","url":"https:\/\/www.diatip.com\/de\/produkte\/","name":"Produkte &#8226; Diatip","isPartOf":{"@id":"https:\/\/www.diatip.com\/de\/#website"},"datePublished":"2020-09-24T09:24:36+00:00","dateModified":"2025-05-14T12:08:12+00:00","description":"PRODUKTE","breadcrumb":{"@id":"https:\/\/www.diatip.com\/de\/produkte\/#breadcrumb"},"inLanguage":"de","potentialAction":[{"@type":"ReadAction","target":["https:\/\/www.diatip.com\/de\/produkte\/"]}]},{"@type":"BreadcrumbList","@id":"https:\/\/www.diatip.com\/de\/produkte\/#breadcrumb","itemListElement":[{"@type":"ListItem","position":1,"name":"Home","item":"https:\/\/www.diatip.com\/de\/"},{"@type":"ListItem","position":2,"name":"Produkte"}]},{"@type":"WebSite","@id":"https:\/\/www.diatip.com\/de\/#website","url":"https:\/\/www.diatip.com\/de\/","name":"Diatip","description":"Retipping Diamond Core Bits or Diamond Sawblades","publisher":{"@id":"https:\/\/www.diatip.com\/de\/#organization"},"potentialAction":[{"@type":"SearchAction","target":{"@type":"EntryPoint","urlTemplate":"https:\/\/www.diatip.com\/de\/?s={search_term_string}"},"query-input":{"@type":"PropertyValueSpecification","valueRequired":true,"valueName":"search_term_string"}}],"inLanguage":"de"},{"@type":"Organization","@id":"https:\/\/www.diatip.com\/de\/#organization","name":"Diatip","url":"https:\/\/www.diatip.com\/de\/","logo":{"@type":"ImageObject","inLanguage":"de","@id":"https:\/\/www.diatip.com\/de\/#\/schema\/logo\/image\/","url":"https:\/\/www.diatip.com\/wp-content\/uploads\/2020\/06\/diatip-logo-low.jpg","contentUrl":"https:\/\/www.diatip.com\/wp-content\/uploads\/2020\/06\/diatip-logo-low.jpg","width":304,"height":92,"caption":"Diatip"},"image":{"@id":"https:\/\/www.diatip.com\/de\/#\/schema\/logo\/image\/"}}]}},"_links":{"self":[{"href":"https:\/\/www.diatip.com\/de\/wp-json\/wp\/v2\/pages\/849","targetHints":{"allow":["GET"]}}],"collection":[{"href":"https:\/\/www.diatip.com\/de\/wp-json\/wp\/v2\/pages"}],"about":[{"href":"https:\/\/www.diatip.com\/de\/wp-json\/wp\/v2\/types\/page"}],"author":[{"embeddable":true,"href":"https:\/\/www.diatip.com\/de\/wp-json\/wp\/v2\/users\/2"}],"replies":[{"embeddable":true,"href":"https:\/\/www.diatip.com\/de\/wp-json\/wp\/v2\/comments?post=849"}],"version-history":[{"count":3,"href":"https:\/\/www.diatip.com\/de\/wp-json\/wp\/v2\/pages\/849\/revisions"}],"predecessor-version":[{"id":1887,"href":"https:\/\/www.diatip.com\/de\/wp-json\/wp\/v2\/pages\/849\/revisions\/1887"}],"wp:attachment":[{"href":"https:\/\/www.diatip.com\/de\/wp-json\/wp\/v2\/media?parent=849"}],"curies":[{"name":"wp","href":"https:\/\/api.w.org\/{rel}","templated":true}]}}