{"id":799,"date":"2020-09-24T09:23:32","date_gmt":"2020-09-24T09:23:32","guid":{"rendered":"https:\/\/diatip.com\/about-us\/"},"modified":"2025-05-14T12:08:00","modified_gmt":"2025-05-14T12:08:00","slug":"ueber-uns","status":"publish","type":"page","link":"https:\/\/www.diatip.com\/de\/ueber-uns\/","title":{"rendered":"\u00dcBER UNS"},"content":{"rendered":"<!--themify_builder_content-->\n<div id=\"themify_builder_content-799\" data-postid=\"799\" class=\"themify_builder_content themify_builder_content-799 themify_builder tf_clear\">\n                    <div  data-lazy=\"1\" class=\"module_row themify_builder_row tb_ovbq888 tb_first tf_w\">\n            <span class=\"tb_row_frame_wrap tf_overflow tf_abs\" data-lazy=\"1\"><span class=\"tb_row_frame tb_row_frame_bottom  tf_abs tf_hide tf_overflow tf_w\"><\/span><\/span>            <div class=\"row_inner col_align_top tb_col_count_1 tf_box tf_rel\">\n                        <div  data-lazy=\"1\" class=\"module_column tb-column col-full tb_861u889 first\">\n                    <!-- module text -->\n<div  class=\"module module-text tb_4m91462   \" data-lazy=\"1\">\n        <div  class=\"tb_text_wrap\">\n        <h1 style=\"text-align: center;\"><span style=\"color: #ffffff;\">\u00dcber uns<\/span><\/h1>\n    <\/div>\n<\/div>\n<!-- \/module text -->        <\/div>\n                        <\/div>\n        <\/div>\n                        <div  data-lazy=\"1\" class=\"module_row themify_builder_row tb_3c9j474 tf_w\">\n            <span class=\"tb_row_frame_wrap tf_overflow tf_abs\" data-lazy=\"1\"><span class=\"tb_row_frame tb_row_frame_bottom  tf_abs tf_hide tf_overflow tf_w\"><\/span><\/span>            <div class=\"row_inner col_align_top tb_col_count_2 tf_box tf_rel\">\n                        <div  data-lazy=\"1\" class=\"module_column tb-column col4-1 tb_328g476 first\">\n                    <!-- module image -->\n<div  class=\"module module-image tb_zqz0586 image-center drop-shadow  tf_mw\" data-lazy=\"1\">\n        <div class=\"image-wrap tf_rel tf_mw\">\n            <img loading=\"lazy\" decoding=\"async\" src=\"https:\/\/diatip.com\/wp-content\/uploads\/2020\/07\/jack-midhage-low-213x300-1.jpg\" width=\"213\" height=\"300\" title=\"\u00dcBER UNS\" alt=\"\u00dcBER UNS\">    \n        <\/div>\n    <!-- \/image-wrap -->\n    \n        <\/div>\n<!-- \/module image -->        <\/div>\n                    <div  data-lazy=\"1\" class=\"module_column tb-column col4-3 tb_4uar967 last\">\n                    <!-- module text -->\n<div  class=\"module module-text tb_1xpv556   \" data-lazy=\"1\">\n        <div  class=\"tb_text_wrap\">\n        <p><strong>Mehr als 25 Jahre Erfahrung mit Ger\u00e4ten f\u00fcr die Wiederbelegung von Diamantbohrkronen und anderen Maschinen zur Reparatur von Diamantwerkzeugen. Seit Betriebsbeginn wurden mehr als 1500 Einheiten an zufriedene Kunden auf der ganzen Welt verkauft. Nachgewiesene hohe Qualit\u00e4t &#8211; die ersten verkauften Maschinen sind noch immer in Betrieb. Umfassender Kundendienst und Wartung &#8211; Hilfsmittel, Ersatzteile und Verschlei\u00dfteile sind stets auf Lager.<\/strong><\/p>\n<p>Die Entwicklung der Wiederbelegungsger\u00e4te begann Anfang der 90er Jahre als eine Abteilung der Jack Midhage Company.<br \/>Die Idee, dass ein Bohrunternehmen Kontrolle \u00fcber seine eigenen Bohrkronen haben sollte und dazu Ger\u00e4te ben\u00f6tigt, die einfacher zu handhaben sind, stammte von Jack Midhage pers\u00f6nlich. Das erste Modell, die Columbi, wurde ab 1992 verkauft und entwickelte sich zu einem Riesenerfolg.<\/p>\n<p>Bis 1997 war das Gesch\u00e4ft so stark gewachsen, dass der Entschluss fiel ein Unternehmen nur f\u00fcr den Verkauf von Wiederbelegungsger\u00e4ten zu gr\u00fcnden, die Midhage Diatip AB. Das Unternehmen erlangte \u00fcber die Jahre betr\u00e4chtliche Bekanntheit in der gesamten Diamantwerkzeugwelt und das Angebot an verschiedenen Hilfsmitteln zur Reparatur von Diamantwerkzeugen wurde erweitert, einschlie\u00dflich Magneten zum L\u00f6ten und Ger\u00e4te f\u00fcr die Reparatur von S\u00e4gebl\u00e4ttern.<\/p>\n<p>Bis zu seinem Tod im Jahr 2005 wurde das Unternehmen von Jack Midhage gef\u00fchrt. Trotz seines Alters war Jack Midhage aktiv an der Entwicklung neuer Produkte ebenso wie am Verkauf und an der Vermarktung teil. Heute agieren Sohn und Tochter des verstorbenen Midhage als Direktoren und sind am t\u00e4glichen Gesch\u00e4ft des Unternehmens beteiligt, das sie in Zusammenarbeit mit den verschiedenen Herstellern verwalten.<\/p>    <\/div>\n<\/div>\n<!-- \/module text -->        <\/div>\n                        <\/div>\n        <\/div>\n                        <div  data-css_id=\"ll0t243\" data-lazy=\"1\" class=\"module_row themify_builder_row fullwidth tb_ll0t243 tf_w\">\n                        <div class=\"row_inner col_align_top tb_col_count_1 tf_box tf_rel\">\n                        <div  data-lazy=\"1\" class=\"module_column tb-column col-full tb_zpkn243 first\">\n                    <!-- module text -->\n<div  class=\"module module-text tb_9456243   \" data-lazy=\"1\">\n        <div  class=\"tb_text_wrap\">\n        <h2 style=\"text-align: center;\">Seine eigene Wiederbelegung vorzunehmen hat viele Vorteile.<\/h2>\n<h2 style=\"text-align: center;\">Diatip macht den Vorgang f\u00fcr Sie viel einfacher.<\/h2>\n    <\/div>\n<\/div>\n<!-- \/module text --><!-- module divider -->\n<div  class=\"module tf_mw module-divider tb_fgrh142 solid   \" style=\"border-width: 1px;border-color: rgba(0,0,0, 0.00);margin-top: 30px;margin-bottom: 10px;\" data-lazy=\"1\">\n    <\/div>\n<!-- \/module divider -->\n        <div  data-lazy=\"1\" class=\"module_subrow themify_builder_sub_row tf_w col_align_top tb_col_count_4 tb_ryhr244\">\n                <div  data-lazy=\"1\" class=\"module_column sub_column col4-1 tb_ncfk245 first\">\n                    <!-- module feature -->\n<div  class=\"module module-feature tb_wbze245 with-chart layout-icon-top size-small \" data-layout-mobile=\"icon-top\" data-layout-desktop=\"icon-top\" data-lazy=\"1\">\n        <div class=\"module-feature-image tf_textc tf_rel\">\n                            <span class=\"module-feature-chart-html5 tf_box tf_rel tf_inline_b\">\n                                    <svg class=\"tf_abs tf_w tf_h\">\n                    <circle class=\"tb_feature_fill\" r=\"calc(50% - 1.00px)\" cx=\"50%\" cy=\"50%\" stroke-width=\"2\"\/>\n                    <circle class=\"tb_feature_stroke\" r=\"calc(50% - 1.00px)\" cx=\"50%\" cy=\"50%\" stroke=\"#070498\" stroke-width=\"2\" data-progress=\"100\" stroke-dasharray=\"0,10000\"\/>\n                                        <\/svg>\n                                <span class=\"chart-html5-circle tf_w tf_h\">\n                                            <em class=\"module-feature-icon tf_rel\"><svg  class=\"tf_fa tf-fas-check-circle\" xmlns:xlink=\"http:\/\/www.w3.org\/1999\/xlink\" aria-hidden=\"true\"><use href=\"#tf-fas-check-circle\" xlink:href=\"#tf-fas-check-circle\"><\/use><\/svg><\/em>\n                                    <\/span>\n\n                \n            <\/span>\n                <\/div>\n    <div class=\"module-feature-content tf_textc\">\n                    <h3 class=\"module-feature-title\">\n                            Cuts fast and silently                        <\/h3>\n                    <div class=\"tb_text_wrap\">\n            <p>The Diatip retipping equipment works cleaner and more comfortable.No noise, dirt or sparking &#8211; and cuts off faster than a grinding disc.<\/p>        <\/div>\n    <\/div>\n<\/div>\n<!-- \/module feature -->\n        <\/div>\n                    <div  data-lazy=\"1\" class=\"module_column sub_column col4-1 tb_s3ks245\">\n                    <!-- module feature -->\n<div  class=\"module module-feature tb_l14r245 with-chart layout-icon-top size-small \" data-layout-mobile=\"icon-top\" data-layout-desktop=\"icon-top\" data-lazy=\"1\">\n        <div class=\"module-feature-image tf_textc tf_rel\">\n                            <span class=\"module-feature-chart-html5 tf_box tf_rel tf_inline_b\">\n                                    <svg class=\"tf_abs tf_w tf_h\">\n                    <circle class=\"tb_feature_fill\" r=\"calc(50% - 1.00px)\" cx=\"50%\" cy=\"50%\" stroke-width=\"2\"\/>\n                    <circle class=\"tb_feature_stroke\" r=\"calc(50% - 1.00px)\" cx=\"50%\" cy=\"50%\" stroke=\"#070498\" stroke-width=\"2\" data-progress=\"100\" stroke-dasharray=\"0,10000\"\/>\n                                        <\/svg>\n                                <span class=\"chart-html5-circle tf_w tf_h\">\n                                            <em class=\"module-feature-icon tf_rel\"><svg  class=\"tf_fa tf-fas-check-circle\" xmlns:xlink=\"http:\/\/www.w3.org\/1999\/xlink\" aria-hidden=\"true\"><use href=\"#tf-fas-check-circle\" xlink:href=\"#tf-fas-check-circle\"><\/use><\/svg><\/em>\n                                    <\/span>\n\n                \n            <\/span>\n                <\/div>\n    <div class=\"module-feature-content tf_textc\">\n                    <h3 class=\"module-feature-title\">\n                            Genaue Segmentabtrennung                        <\/h3>\n                    <div class=\"tb_text_wrap\">\n            <p>Mit Diatip-Ger\u00e4ten haben Sie vollst\u00e4ndige Kontrolle \u00fcber die Anzahl und die Position der Segmente, die Sie in die Bohrkrone einsetzen m\u00f6chten.<\/p>        <\/div>\n    <\/div>\n<\/div>\n<!-- \/module feature -->\n        <\/div>\n                    <div  data-lazy=\"1\" class=\"module_column sub_column col4-1 tb_hwts763\">\n                    <!-- module feature -->\n<div  class=\"module module-feature tb_ne2x246 with-chart layout-icon-top size-small \" data-layout-mobile=\"icon-top\" data-layout-desktop=\"icon-top\" data-lazy=\"1\">\n        <div class=\"module-feature-image tf_textc tf_rel\">\n                            <span class=\"module-feature-chart-html5 tf_box tf_rel tf_inline_b\">\n                                    <svg class=\"tf_abs tf_w tf_h\">\n                    <circle class=\"tb_feature_fill\" r=\"calc(50% - 1.00px)\" cx=\"50%\" cy=\"50%\" stroke-width=\"2\"\/>\n                    <circle class=\"tb_feature_stroke\" r=\"calc(50% - 1.00px)\" cx=\"50%\" cy=\"50%\" stroke=\"#070498\" stroke-width=\"2\" data-progress=\"100\" stroke-dasharray=\"0,10000\"\/>\n                                        <\/svg>\n                                <span class=\"chart-html5-circle tf_w tf_h\">\n                                            <em class=\"module-feature-icon tf_rel\"><svg  class=\"tf_fa tf-fas-check-circle\" xmlns:xlink=\"http:\/\/www.w3.org\/1999\/xlink\" aria-hidden=\"true\"><use href=\"#tf-fas-check-circle\" xlink:href=\"#tf-fas-check-circle\"><\/use><\/svg><\/em>\n                                    <\/span>\n\n                \n            <\/span>\n                <\/div>\n    <div class=\"module-feature-content tf_textc\">\n                    <h3 class=\"module-feature-title\">\n                            Einfacheres Anl\u00f6ten                        <\/h3>\n                    <div class=\"tb_text_wrap\">\n            <p>Diatip-Ger\u00e4te schaffen beim Abschneiden der abgenutzten Enden gleichzeitig Sitze f\u00fcr die Segmente. Dadurch entsteht eine St\u00fctze auf drei Seiten, was wiederum das L\u00f6ten erleichtert.<\/p>        <\/div>\n    <\/div>\n<\/div>\n<!-- \/module feature -->\n        <\/div>\n                    <div  data-lazy=\"1\" class=\"module_column sub_column col4-1 tb_up4z765 last\">\n                    <!-- module feature -->\n<div  class=\"module module-feature tb_daov246 with-chart layout-icon-top size-small \" data-layout-mobile=\"icon-top\" data-layout-desktop=\"icon-top\" data-lazy=\"1\">\n        <div class=\"module-feature-image tf_textc tf_rel\">\n                            <span class=\"module-feature-chart-html5 tf_box tf_rel tf_inline_b\">\n                                    <svg class=\"tf_abs tf_w tf_h\">\n                    <circle class=\"tb_feature_fill\" r=\"calc(50% - 1.00px)\" cx=\"50%\" cy=\"50%\" stroke-width=\"2\"\/>\n                    <circle class=\"tb_feature_stroke\" r=\"calc(50% - 1.00px)\" cx=\"50%\" cy=\"50%\" stroke=\"#070498\" stroke-width=\"2\" data-progress=\"100\" stroke-dasharray=\"0,10000\"\/>\n                                        <\/svg>\n                                <span class=\"chart-html5-circle tf_w tf_h\">\n                                            <em class=\"module-feature-icon tf_rel\"><svg  class=\"tf_fa tf-fas-check-circle\" xmlns:xlink=\"http:\/\/www.w3.org\/1999\/xlink\" aria-hidden=\"true\"><use href=\"#tf-fas-check-circle\" xlink:href=\"#tf-fas-check-circle\"><\/use><\/svg><\/em>\n                                    <\/span>\n\n                \n            <\/span>\n                <\/div>\n    <div class=\"module-feature-content tf_textc\">\n                    <h3 class=\"module-feature-title\">\n                            Kein Schwund bei den Segmenten                        <\/h3>\n                    <div class=\"tb_text_wrap\">\n            <p>Die Segmentsitze verringern Unterbrechungen aufgrund verlorener Segmente. Es ist damit leichter durch harte Materialien zu bohren, leistungsst\u00e4rkere Maschinen zu verwenden oder schnellere zu bohren.<\/p>        <\/div>\n    <\/div>\n<\/div>\n<!-- \/module feature -->\n        <\/div>\n                    <\/div>\n                <\/div>\n                        <\/div>\n        <\/div>\n        <\/div>\n<!--\/themify_builder_content-->","protected":false},"excerpt":{"rendered":"<p>\u00dcber uns Mehr als 25 Jahre Erfahrung mit Ger\u00e4ten f\u00fcr die Wiederbelegung von Diamantbohrkronen und anderen Maschinen zur Reparatur von Diamantwerkzeugen. Seit Betriebsbeginn wurden mehr als 1500 Einheiten an zufriedene Kunden auf der ganzen Welt verkauft. Nachgewiesene hohe Qualit\u00e4t &#8211; die ersten verkauften Maschinen sind noch immer in Betrieb. Umfassender Kundendienst und Wartung &#8211; Hilfsmittel, [&hellip;]<\/p>\n","protected":false},"author":2,"featured_media":0,"parent":0,"menu_order":0,"comment_status":"closed","ping_status":"closed","template":"","meta":{"footnotes":""},"class_list":["post-799","page","type-page","status-publish","hentry","has-post-title","has-post-date","has-post-category","has-post-tag","has-post-comment","has-post-author",""],"yoast_head":"<!-- This site is optimized with the Yoast SEO plugin v27.5 - https:\/\/yoast.com\/product\/yoast-seo-wordpress\/ -->\n<title>\u00dcBER UNS &#8226; Diatip<\/title>\n<meta name=\"description\" content=\"\u00dcber uns Mehr als 25 Jahre Erfahrung mit Ger\u00e4ten f\u00fcr die Wiederbelegung von Diamantbohrkronen und anderen Maschinen zur Reparatur von Diamantwerkzeugen.\" \/>\n<meta name=\"robots\" content=\"index, follow, max-snippet:-1, max-image-preview:large, max-video-preview:-1\" \/>\n<link rel=\"canonical\" href=\"https:\/\/www.diatip.com\/de\/ueber-uns\/\" \/>\n<meta property=\"og:locale\" content=\"de_DE\" \/>\n<meta property=\"og:type\" content=\"article\" \/>\n<meta property=\"og:title\" content=\"\u00dcBER UNS &#8226; Diatip\" \/>\n<meta property=\"og:description\" content=\"\u00dcber uns Mehr als 25 Jahre Erfahrung mit Ger\u00e4ten f\u00fcr die Wiederbelegung von Diamantbohrkronen und anderen Maschinen zur Reparatur von Diamantwerkzeugen.\" \/>\n<meta property=\"og:url\" content=\"https:\/\/www.diatip.com\/de\/ueber-uns\/\" \/>\n<meta property=\"og:site_name\" content=\"Diatip\" \/>\n<meta property=\"article:modified_time\" content=\"2025-05-14T12:08:00+00:00\" \/>\n<meta property=\"og:image\" content=\"https:\/\/diatip.com\/wp-content\/uploads\/2020\/07\/jack-midhage-low-213x300-1.jpg\" \/>\n<meta name=\"twitter:card\" content=\"summary_large_image\" \/>\n<meta name=\"twitter:label1\" content=\"Gesch\u00e4tzte Lesezeit\" \/>\n\t<meta name=\"twitter:data1\" content=\"2\u00a0Minuten\" \/>\n<script type=\"application\/ld+json\" class=\"yoast-schema-graph\">{\"@context\":\"https:\\\/\\\/schema.org\",\"@graph\":[{\"@type\":\"WebPage\",\"@id\":\"https:\\\/\\\/www.diatip.com\\\/de\\\/ueber-uns\\\/\",\"url\":\"https:\\\/\\\/www.diatip.com\\\/de\\\/ueber-uns\\\/\",\"name\":\"\u00dcBER UNS &#8226; Diatip\",\"isPartOf\":{\"@id\":\"https:\\\/\\\/www.diatip.com\\\/de\\\/#website\"},\"primaryImageOfPage\":{\"@id\":\"https:\\\/\\\/www.diatip.com\\\/de\\\/ueber-uns\\\/#primaryimage\"},\"image\":{\"@id\":\"https:\\\/\\\/www.diatip.com\\\/de\\\/ueber-uns\\\/#primaryimage\"},\"thumbnailUrl\":\"https:\\\/\\\/diatip.com\\\/wp-content\\\/uploads\\\/2020\\\/07\\\/jack-midhage-low-213x300-1.jpg\",\"datePublished\":\"2020-09-24T09:23:32+00:00\",\"dateModified\":\"2025-05-14T12:08:00+00:00\",\"description\":\"\u00dcber uns Mehr als 25 Jahre Erfahrung mit Ger\u00e4ten f\u00fcr die Wiederbelegung von Diamantbohrkronen und anderen Maschinen zur Reparatur von Diamantwerkzeugen.\",\"breadcrumb\":{\"@id\":\"https:\\\/\\\/www.diatip.com\\\/de\\\/ueber-uns\\\/#breadcrumb\"},\"inLanguage\":\"de\",\"potentialAction\":[{\"@type\":\"ReadAction\",\"target\":[\"https:\\\/\\\/www.diatip.com\\\/de\\\/ueber-uns\\\/\"]}]},{\"@type\":\"ImageObject\",\"inLanguage\":\"de\",\"@id\":\"https:\\\/\\\/www.diatip.com\\\/de\\\/ueber-uns\\\/#primaryimage\",\"url\":\"https:\\\/\\\/diatip.com\\\/wp-content\\\/uploads\\\/2020\\\/07\\\/jack-midhage-low-213x300-1.jpg\",\"contentUrl\":\"https:\\\/\\\/diatip.com\\\/wp-content\\\/uploads\\\/2020\\\/07\\\/jack-midhage-low-213x300-1.jpg\"},{\"@type\":\"BreadcrumbList\",\"@id\":\"https:\\\/\\\/www.diatip.com\\\/de\\\/ueber-uns\\\/#breadcrumb\",\"itemListElement\":[{\"@type\":\"ListItem\",\"position\":1,\"name\":\"Home\",\"item\":\"https:\\\/\\\/www.diatip.com\\\/de\\\/\"},{\"@type\":\"ListItem\",\"position\":2,\"name\":\"\u00dcBER UNS\"}]},{\"@type\":\"WebSite\",\"@id\":\"https:\\\/\\\/www.diatip.com\\\/de\\\/#website\",\"url\":\"https:\\\/\\\/www.diatip.com\\\/de\\\/\",\"name\":\"Diatip\",\"description\":\"Retipping Diamond Core Bits or Diamond Sawblades\",\"publisher\":{\"@id\":\"https:\\\/\\\/www.diatip.com\\\/de\\\/#organization\"},\"potentialAction\":[{\"@type\":\"SearchAction\",\"target\":{\"@type\":\"EntryPoint\",\"urlTemplate\":\"https:\\\/\\\/www.diatip.com\\\/de\\\/?s={search_term_string}\"},\"query-input\":{\"@type\":\"PropertyValueSpecification\",\"valueRequired\":true,\"valueName\":\"search_term_string\"}}],\"inLanguage\":\"de\"},{\"@type\":\"Organization\",\"@id\":\"https:\\\/\\\/www.diatip.com\\\/de\\\/#organization\",\"name\":\"Diatip\",\"url\":\"https:\\\/\\\/www.diatip.com\\\/de\\\/\",\"logo\":{\"@type\":\"ImageObject\",\"inLanguage\":\"de\",\"@id\":\"https:\\\/\\\/www.diatip.com\\\/de\\\/#\\\/schema\\\/logo\\\/image\\\/\",\"url\":\"https:\\\/\\\/www.diatip.com\\\/wp-content\\\/uploads\\\/2020\\\/06\\\/diatip-logo-low.jpg\",\"contentUrl\":\"https:\\\/\\\/www.diatip.com\\\/wp-content\\\/uploads\\\/2020\\\/06\\\/diatip-logo-low.jpg\",\"width\":304,\"height\":92,\"caption\":\"Diatip\"},\"image\":{\"@id\":\"https:\\\/\\\/www.diatip.com\\\/de\\\/#\\\/schema\\\/logo\\\/image\\\/\"}}]}<\/script>\n<!-- \/ Yoast SEO plugin. -->","yoast_head_json":{"title":"\u00dcBER UNS &#8226; Diatip","description":"\u00dcber uns Mehr als 25 Jahre Erfahrung mit Ger\u00e4ten f\u00fcr die Wiederbelegung von Diamantbohrkronen und anderen Maschinen zur Reparatur von Diamantwerkzeugen.","robots":{"index":"index","follow":"follow","max-snippet":"max-snippet:-1","max-image-preview":"max-image-preview:large","max-video-preview":"max-video-preview:-1"},"canonical":"https:\/\/www.diatip.com\/de\/ueber-uns\/","og_locale":"de_DE","og_type":"article","og_title":"\u00dcBER UNS &#8226; Diatip","og_description":"\u00dcber uns Mehr als 25 Jahre Erfahrung mit Ger\u00e4ten f\u00fcr die Wiederbelegung von Diamantbohrkronen und anderen Maschinen zur Reparatur von Diamantwerkzeugen.","og_url":"https:\/\/www.diatip.com\/de\/ueber-uns\/","og_site_name":"Diatip","article_modified_time":"2025-05-14T12:08:00+00:00","og_image":[{"url":"https:\/\/diatip.com\/wp-content\/uploads\/2020\/07\/jack-midhage-low-213x300-1.jpg","type":"","width":"","height":""}],"twitter_card":"summary_large_image","twitter_misc":{"Gesch\u00e4tzte Lesezeit":"2\u00a0Minuten"},"schema":{"@context":"https:\/\/schema.org","@graph":[{"@type":"WebPage","@id":"https:\/\/www.diatip.com\/de\/ueber-uns\/","url":"https:\/\/www.diatip.com\/de\/ueber-uns\/","name":"\u00dcBER UNS &#8226; Diatip","isPartOf":{"@id":"https:\/\/www.diatip.com\/de\/#website"},"primaryImageOfPage":{"@id":"https:\/\/www.diatip.com\/de\/ueber-uns\/#primaryimage"},"image":{"@id":"https:\/\/www.diatip.com\/de\/ueber-uns\/#primaryimage"},"thumbnailUrl":"https:\/\/diatip.com\/wp-content\/uploads\/2020\/07\/jack-midhage-low-213x300-1.jpg","datePublished":"2020-09-24T09:23:32+00:00","dateModified":"2025-05-14T12:08:00+00:00","description":"\u00dcber uns Mehr als 25 Jahre Erfahrung mit Ger\u00e4ten f\u00fcr die Wiederbelegung von Diamantbohrkronen und anderen Maschinen zur Reparatur von Diamantwerkzeugen.","breadcrumb":{"@id":"https:\/\/www.diatip.com\/de\/ueber-uns\/#breadcrumb"},"inLanguage":"de","potentialAction":[{"@type":"ReadAction","target":["https:\/\/www.diatip.com\/de\/ueber-uns\/"]}]},{"@type":"ImageObject","inLanguage":"de","@id":"https:\/\/www.diatip.com\/de\/ueber-uns\/#primaryimage","url":"https:\/\/diatip.com\/wp-content\/uploads\/2020\/07\/jack-midhage-low-213x300-1.jpg","contentUrl":"https:\/\/diatip.com\/wp-content\/uploads\/2020\/07\/jack-midhage-low-213x300-1.jpg"},{"@type":"BreadcrumbList","@id":"https:\/\/www.diatip.com\/de\/ueber-uns\/#breadcrumb","itemListElement":[{"@type":"ListItem","position":1,"name":"Home","item":"https:\/\/www.diatip.com\/de\/"},{"@type":"ListItem","position":2,"name":"\u00dcBER UNS"}]},{"@type":"WebSite","@id":"https:\/\/www.diatip.com\/de\/#website","url":"https:\/\/www.diatip.com\/de\/","name":"Diatip","description":"Retipping Diamond Core Bits or Diamond Sawblades","publisher":{"@id":"https:\/\/www.diatip.com\/de\/#organization"},"potentialAction":[{"@type":"SearchAction","target":{"@type":"EntryPoint","urlTemplate":"https:\/\/www.diatip.com\/de\/?s={search_term_string}"},"query-input":{"@type":"PropertyValueSpecification","valueRequired":true,"valueName":"search_term_string"}}],"inLanguage":"de"},{"@type":"Organization","@id":"https:\/\/www.diatip.com\/de\/#organization","name":"Diatip","url":"https:\/\/www.diatip.com\/de\/","logo":{"@type":"ImageObject","inLanguage":"de","@id":"https:\/\/www.diatip.com\/de\/#\/schema\/logo\/image\/","url":"https:\/\/www.diatip.com\/wp-content\/uploads\/2020\/06\/diatip-logo-low.jpg","contentUrl":"https:\/\/www.diatip.com\/wp-content\/uploads\/2020\/06\/diatip-logo-low.jpg","width":304,"height":92,"caption":"Diatip"},"image":{"@id":"https:\/\/www.diatip.com\/de\/#\/schema\/logo\/image\/"}}]}},"_links":{"self":[{"href":"https:\/\/www.diatip.com\/de\/wp-json\/wp\/v2\/pages\/799","targetHints":{"allow":["GET"]}}],"collection":[{"href":"https:\/\/www.diatip.com\/de\/wp-json\/wp\/v2\/pages"}],"about":[{"href":"https:\/\/www.diatip.com\/de\/wp-json\/wp\/v2\/types\/page"}],"author":[{"embeddable":true,"href":"https:\/\/www.diatip.com\/de\/wp-json\/wp\/v2\/users\/2"}],"replies":[{"embeddable":true,"href":"https:\/\/www.diatip.com\/de\/wp-json\/wp\/v2\/comments?post=799"}],"version-history":[{"count":3,"href":"https:\/\/www.diatip.com\/de\/wp-json\/wp\/v2\/pages\/799\/revisions"}],"predecessor-version":[{"id":1884,"href":"https:\/\/www.diatip.com\/de\/wp-json\/wp\/v2\/pages\/799\/revisions\/1884"}],"wp:attachment":[{"href":"https:\/\/www.diatip.com\/de\/wp-json\/wp\/v2\/media?parent=799"}],"curies":[{"name":"wp","href":"https:\/\/api.w.org\/{rel}","templated":true}]}}