{"id":1277,"date":"2020-09-24T09:24:19","date_gmt":"2020-09-24T09:24:19","guid":{"rendered":"https:\/\/diatip.com\/faq\/"},"modified":"2025-05-14T12:16:26","modified_gmt":"2025-05-14T12:16:26","slug":"faq","status":"publish","type":"page","link":"https:\/\/www.diatip.com\/de\/faq\/","title":{"rendered":"FAQ"},"content":{"rendered":"<!--themify_builder_content-->\n<div id=\"themify_builder_content-1277\" data-postid=\"1277\" class=\"themify_builder_content themify_builder_content-1277 themify_builder tf_clear\">\n                    <div  data-lazy=\"1\" class=\"module_row themify_builder_row tb_ubcf642 tb_first tf_w\">\n            <span class=\"tb_row_frame_wrap tf_overflow tf_abs\" data-lazy=\"1\"><span class=\"tb_row_frame tb_row_frame_bottom  tf_abs tf_hide tf_overflow tf_w\"><\/span><\/span>            <div class=\"row_inner col_align_top tb_col_count_1 tf_box tf_rel\">\n                        <div  data-lazy=\"1\" class=\"module_column tb-column col-full tb_cmjd643 first\">\n                    <!-- module text -->\n<div  class=\"module module-text tb_pfzc644   \" data-lazy=\"1\">\n        <div  class=\"tb_text_wrap\">\n        <h1 style=\"text-align: center;\"><span style=\"color: #ffffff;\">FAQ<\/span><\/h1>    <\/div>\n<\/div>\n<!-- \/module text -->        <\/div>\n                        <\/div>\n        <\/div>\n                        <div  data-lazy=\"1\" class=\"module_row themify_builder_row tb_1ozb643 tf_w\">\n                        <div class=\"row_inner col_align_top tb_col_count_1 tf_box tf_rel\">\n                        <div  data-lazy=\"1\" class=\"module_column tb-column col-full tb_pgm1644 first\">\n                    <!-- module tab -->\n<div  id=\"tb_gvld716\" class=\"module ui module-tab tb_gvld716 panel  blue \" data-lazy=\"1\">\n        <div class=\"tab-nav-current-active tf_hide\">\n\t\t<span class=\"tab_burger_icon_wrap\">\n\t        <span class=\"tab_burger_icon tf_rel\"><\/span>\n\t\t<\/span>\n        <span class=\"tb_activetab_title\">\n            <span class=\"tb_tab_title\">DIE GER\u00c4TE<\/span>\n                    <\/span>\n    <\/div>\n    <ul class=\"tab-nav tf_clearfix tf_scrollbar\">\n                <li class=\"current\" aria-expanded=\"true\">\n            <a href=\"#tab-tb_gvld716-0\">\n                <em><svg  class=\"tf_fa tf-ti-angle-right\" xmlns:xlink=\"http:\/\/www.w3.org\/1999\/xlink\" aria-hidden=\"true\"><use href=\"#tf-ti-angle-right\" xlink:href=\"#tf-ti-angle-right\"><\/use><\/svg><\/em>                <span class=\"tb_tab_title\">DIE GER\u00c4TE<\/span>                                            <\/a>\n        <\/li>\n                <li aria-expanded=\"false\">\n            <a href=\"#tab-tb_gvld716-1\">\n                <em><svg  class=\"tf_fa tf-ti-angle-right\" xmlns:xlink=\"http:\/\/www.w3.org\/1999\/xlink\" aria-hidden=\"true\"><use href=\"#tf-ti-angle-right\" xlink:href=\"#tf-ti-angle-right\"><\/use><\/svg><\/em>                <span class=\"tb_tab_title\">MAGNETE UND L\u00d6TEN<\/span>                                            <\/a>\n        <\/li>\n                <li aria-expanded=\"false\">\n            <a href=\"#tab-tb_gvld716-2\">\n                <em><svg  class=\"tf_fa tf-ti-angle-right\" xmlns:xlink=\"http:\/\/www.w3.org\/1999\/xlink\" aria-hidden=\"true\"><use href=\"#tf-ti-angle-right\" xlink:href=\"#tf-ti-angle-right\"><\/use><\/svg><\/em>                <span class=\"tb_tab_title\">BOHREN UND BOHRGER\u00c4TE<\/span>                                            <\/a>\n        <\/li>\n            <\/ul>\n            <div data-id=\"tab-tb_gvld716-0\" class=\"tab-content tf_clear\" aria-hidden=\"false\">\n                    <div  data-lazy=\"1\" class=\"module_subrow themify_builder_sub_row tf_w col_align_top tb_col_count_1 tb_23tj979\">\n                <div  data-lazy=\"1\" class=\"module_column sub_column tb_irvt979 first\">\n                    <!-- module text -->\n<div  class=\"module module-text tb_bh5c979   \" data-lazy=\"1\">\n        <div  class=\"tb_text_wrap\">\n        <p><strong>Kann ich auch gerade schneiden?<img loading=\"lazy\" decoding=\"async\" class=\" size-full wp-image-208 alignright\" src=\"https:\/\/www.diatip.com\/wp-content\/uploads\/2014\/07\/Equipment-01.jpg\" alt=\"Equipment-01\" width=\"300\" height=\"407\" srcset=\"https:\/\/www.diatip.com\/wp-content\/uploads\/2014\/07\/Equipment-01.jpg 300w, https:\/\/www.diatip.com\/wp-content\/uploads\/2014\/07\/Equipment-01-221x300.jpg 221w\" sizes=\"auto, (max-width: 300px) 100vw, 300px\" \/><br \/><\/strong>Nat\u00fcrlich k\u00f6nnen Sie auch gerade abschneiden. Sie k\u00f6nnen einen vollkommen flachen Schnitt vornehmen, es wird allerdings empfohlen nur einen halben Millimeter abzuschneiden, da Sie so die Position des Segments f\u00fcrs L\u00f6ten erhalten und die Bohrkrone so zudem erheblich stabilisieren.<\/p><p><strong>Was ist der Unterschied zwischen den Ger\u00e4ten CD 7-28 und CD 600?<\/strong><br \/>Ger\u00e4t CD 7-28 ist stabiler und f\u00fcr den t\u00e4glichen, professionellen Gebrauch entwickelt. Mit den Erweiterungen k\u00f6nnen Sie Bohrkronen mit beliebiger L\u00e4nge und einem Durchmesser von bis zu 1000 mm (40&#8243;) schneiden. Ger\u00e4t CD 600 hat den selben Schneidkopf, jedoch eine auf 600 mm (24&#8243;) begrenzte Kapazit\u00e4t in Bezug auf den Durchmesser und 1600 mm (64&#8243;), mit Erweiterung, in Bezug auf die H\u00f6he.<\/p><p><strong>Muss man sehr stark sein, um mit dem manuellen Griff zu schneiden?<\/strong><br \/>\u00dcberhaupt nicht &#8211; das Schneiden kann von jeder beliebigen Person durchgef\u00fchrt werden, egal ob Mann oder Frau, jung oder alt.<\/p><p><strong>Welche Wandst\u00e4rke k\u00f6nnen die Ger\u00e4te CD 7-28 oder CD-600 bei Stahl schneiden?<\/strong><br \/>Das Messer schneidet problemlos durch alle g\u00e4ngigen Stahlmaterialien und ist f\u00fcr Bohrkronen mit einer Dicke von bis zu 3,5 mm geeignet.<\/p><p><strong>Wie lange ist ein Messer haltbar?<\/strong><br \/>Normalerweise kann ein Messer mehrere tausend Schnitt vornehmen, bevor es gesch\u00e4rft werden muss. Es kann dann mindestens einmal gesch\u00e4rft werden.<\/p><p><strong>Wie lange h\u00e4lt eine Matrix?<\/strong><br \/>In der Regel h\u00e4lt sie f\u00fcr mindestens 10,000 Schnitte, vorausgesetzt dass keine \u00fcberm\u00e4\u00dfige Kraft auf sie ausge\u00fcbt wurde.<\/p><p><strong>Falls ich die Segmente im Stahl versenke &#8211; fahren sie trotzdem mit dem Schneiden fort bis sie fertig sind?<\/strong><br \/>Wenn Sie Segmente haben, die durchwegs Diamantmaterial enthalten, werden diese den Schneidevorgang nicht unterbrechen, selbst wenn sie versunken sind. Der Grund daf\u00fcr ist, dass der Stahl stets so weich ist, dass er der Schnittkraft der Diamanten nicht widerstehen kann. Sie bohren sogar noch schneller, daher sind der Stahl und die Segmente so viel d\u00fcnner als am Anfang. Um sicherzustellen dass das Wasser flie\u00dft, machen Sie mit dem Schneidrad eines Winkelschleifers einen 10 mm (1\/2&#8243;) tiefen Schnitt zwischen allen Segmenten.<\/p><p><strong>Meine Bohrkronen haben ein Gewinde das von dem Standardgewinde Ihrer Ger\u00e4te abweicht.<\/strong><br \/>Sie k\u00f6nnen trotzdem problemlos unsere Ger\u00e4te benutzen. Sie brauchen lediglich einen Adapter, den wir Ihnen liefern k\u00f6nnen.<\/p>    <\/div>\n<\/div>\n<!-- \/module text -->        <\/div>\n                    <\/div>\n                <\/div>\n            <div data-id=\"tab-tb_gvld716-1\" class=\"tab-content tf_clear\" aria-hidden=\"true\">\n                    <div  data-lazy=\"1\" class=\"module_subrow themify_builder_sub_row tf_w col_align_top tb_col_count_1 tb_8zmk979\">\n                <div  data-lazy=\"1\" class=\"module_column sub_column tb_1bbe979 first\">\n                    <!-- module text -->\n<div  class=\"module module-text tb_ky5m979   \" data-lazy=\"1\">\n        <div  class=\"tb_text_wrap\">\n        <p><strong><img loading=\"lazy\" decoding=\"async\" class=\" size-full wp-image-207 alignright\" src=\"https:\/\/www.diatip.com\/wp-content\/uploads\/2014\/07\/Brazing-core-bit-01.jpg\" alt=\"Brazing-core-bit-01\" width=\"300\" height=\"407\" srcset=\"https:\/\/www.diatip.com\/wp-content\/uploads\/2014\/07\/Brazing-core-bit-01.jpg 300w, https:\/\/www.diatip.com\/wp-content\/uploads\/2014\/07\/Brazing-core-bit-01-221x300.jpg 221w\" sizes=\"auto, (max-width: 300px) 100vw, 300px\" \/>Ist L\u00f6ten nicht schwierig? Was ben\u00f6tige ich, um selbst eine Wiederbelegung durchzuf\u00fchren?<\/strong><br \/>Falls Sie keine Erfahrungen mit L\u00f6ten haben, werden Sie dies schnell lernen. Wir stellen Ihnen s\u00e4mtliche Informationen zur Verf\u00fcgung, die Sie ben\u00f6tigen und beraten Sie bei der Ger\u00e4teauswahl. Nehmen Sie sich eine oder zwei Bohrkronen zum \u00dcben und Sie werden es schnell in den Griff bekommen.<\/p><p><strong>Was brauche ich um los zulegen?<\/strong><br \/>Wenn Sie Ihr Wiederbelegungsger\u00e4t bei uns bestellen, teilen Sie uns mit welche Segmentl\u00e4nge Sie f\u00fcr die Wiederbelegung verwenden, damit wir Sie bei der Auswahl von Messer und Matrix beraten k\u00f6nnen. 24 mm ist die in Europa g\u00e4ngigste L\u00e4nge. (1\u201d in den USA.)<br \/>Zum L\u00f6ten empfehlen wir Acetylen- oder Sauerstoffgas und einen Brennschneider mit konzentrierter Flamme. (Weitere Informationen erhalten Sie mit Ihrer ersten Lieferung.) Die entsprechende Ausr\u00fcstung erhalten Sie bei einem lokalen Anbieter. Um das L\u00f6ten mit Magneten zu beginnen sind 12 Magnete des Typs JM A eine gute Menge. Dann k\u00f6nnen Sie in der Regel Bohrkronen mit einem Durchmesser von bis zu 150 mm (6&#8243;) in einem Set l\u00f6ten. Silber f\u00fcrs L\u00f6ten und Flussmittel, die speziell f\u00fcr diese Arten von Arbeit geeignet sind, k\u00f6nnen sie bei uns bestellen.<\/p><p><strong>Wie viele Segmente soll ich aufsetzen?<\/strong><br \/>Mit dem Ger\u00e4t liefern wir Ihnen eine Tabelle, in der die empfohlene Anzahl an Segmenten f\u00fcr jeden Durchmesser angezeigt wird. Sie k\u00f6nnen diese nach Belieben \u00e4ndern. Falls Sie in sehr harten Materialien bohren, oder falls Sie schneller bohren m\u00f6chten, oder eine schwache Maschine haben, sollten Sie weniger Segmente aufsetzen.<\/p><p><strong>Welche Segmentbreite soll ich ausw\u00e4hlen?<\/strong><br \/>Dies h\u00e4ngt in erster Linie von der Stahldicke ab: Sie ben\u00f6tigen an den kleinsten Bohrkronen einen Mindestabstand von 0,5 mm (.02&#8243;) auf beiden Seiten. An der Au\u00dfenseite Ihrer Bohrkrone ist der Abstand m\u00f6glicherweise gr\u00f6\u00dfer als an der Innenseite. Je leistungsst\u00e4rker eine Maschine ist, oder je grober das Material, desto gr\u00f6\u00dfer sollte der Abstand sein.<\/p><p><strong>Wie lange h\u00e4lt ein Magnet?<\/strong><br \/>Magneten k\u00f6nnen mehrere tausend Mal verwendet werden.<\/p><p><strong>Was ist der Unterschied zwischen den JM-Magneten und den superstarken Flussmagneten?<\/strong><br \/>Superstarke Flussmagneten sind st\u00e4rker und l\u00e4nger haltbar. Jeder Magnet hat vier verschiedene Abst\u00e4nde und deckt alle Bohrkronendurchmesser ab. Die JM-Magneten sind in zwei verschiedenen Ausf\u00fchrungen erh\u00e4ltlich. Magnet A deckt die meisten Bohrkronendurchmesser ab und ist unser am h\u00e4ufigsten verkaufter Magnet.<\/p><p><strong>Kann ich auch einfach Stahlrohre kaufen und so meine eigenen neuen Bohrkronen herstellen?<\/strong><br \/>Ja, nat\u00fcrlich k\u00f6nnen Sie Ihre eigenen Bohrkronen herstellen, indem Sie nur die Stahlrohre kaufen.<\/p>    <\/div>\n<\/div>\n<!-- \/module text -->        <\/div>\n                    <\/div>\n                <\/div>\n            <div data-id=\"tab-tb_gvld716-2\" class=\"tab-content tf_clear\" aria-hidden=\"true\">\n                    <div  data-lazy=\"1\" class=\"module_subrow themify_builder_sub_row tf_w col_align_top tb_col_count_1 tb_5tnd979\">\n                <div  data-lazy=\"1\" class=\"module_column sub_column tb_0i8e979 first\">\n                    <!-- module text -->\n<div  class=\"module module-text tb_qhcm979   \" data-lazy=\"1\">\n        <div  class=\"tb_text_wrap\">\n        <p><strong><img loading=\"lazy\" decoding=\"async\" class=\" size-full wp-image-195 alignright\" src=\"https:\/\/www.diatip.com\/wp-content\/uploads\/2014\/07\/Core-drilling-p.jpg\" alt=\"Core-drilling-p\" width=\"300\" height=\"407\" srcset=\"https:\/\/www.diatip.com\/wp-content\/uploads\/2014\/07\/Core-drilling-p.jpg 300w, https:\/\/www.diatip.com\/wp-content\/uploads\/2014\/07\/Core-drilling-p-221x300.jpg 221w\" sizes=\"auto, (max-width: 300px) 100vw, 300px\" \/>Brauche ich verschiedene Segmente f\u00fcr verschiedene Materialien?<br \/><\/strong>Normalerweise ben\u00f6tigen Sie spezielle Segmente &#8211; besonders in Granit. Granit kann schwierig zu bearbeiten sein, aber wenn Sie unsere Ger\u00e4te verwenden und weniger Segmente einsetzen (25% weniger), erhalten Sie eine Bohrkrone, die schnell und einfach in den meisten Granitmaterialien bohrt.<\/p><p><strong>Muss ich Wasser verwenden, wenn ich in Beton oder Stein bohre?<\/strong><br \/>In der Regel ja. Da diese Materialien sehr hart sind, ben\u00f6tigen Sie leistungsstarke Maschinen, so dass w\u00e4hrend des Bohrens viel W\u00e4rme erzeugt wird. Unzureichendes K\u00fchlwasser erschwert das Bohren und f\u00fchrt zu besch\u00e4digten Bohrkronen. Wenn Sie allerdings unsere Ger\u00e4te verwenden und<br \/><em>1. die Segmentanzahl reduzieren (was die Schneidegeschwindigkeit erh\u00f6ht)<\/em><br \/><em>2. die Segmente tiefer im Stahl versenken, erhalten Sie eine Bohrkrone, die vor\u00fcbergehend in weichem Beton arbeiten kann (ohne Verst\u00e4rkungen)<\/em><br \/>&#8211; vorausgesetzt Sie haben eine effektive Staubabsaugeinheit an die Maschine angeschlossen und \u00fcberpr\u00fcfen die Bohrkrone h\u00e4ufig, um sicherzustellen, dass sie nicht \u00fcberhitzt.<\/p><p><strong>Meine Maschine wurde f\u00fcr manuelles Bohren entwickelt. Brauche ich spezielle Bohrkronen, wenn ich mit der Hand in Beton bohre?<\/strong><br \/>Bohren in Beton ist sehr schwierig und bohren in verst\u00e4rktem Beton wird nicht empfohlen (aufgrund der hohen Gefahr, dass der Bohrer in der Wand stecken bleibt und die Maschine aus Ihren H\u00e4nden geschleudert wird). Sie ben\u00f6tigen einen Druck von circa 0,5 kg pro mm Durchmesser (20 km f\u00fcr eine Bohrkrone mit einem Durchmesser von 40 mm), es ist daher sehr schwierig gr\u00f6\u00dfere L\u00f6cher zu bohren. Wenn Sie allerdings mit Hilfe eines Diatip-Ger\u00e4ts eine Bohrkrone mit einer geringeren Anzahl an Segmenten herstellen, k\u00f6nnen Sie so die Durchschlaggeschwindigkeit erh\u00f6hen und das Bohren erm\u00f6glichen.<\/p><p><strong>Das Loch, das ich bohren muss, ist tiefer als die L\u00e4nge meiner Bohrkrone. Was kann ich tun?<\/strong><br \/>Verwenden Sie einen Verl\u00e4ngerungsstab. Bohren Sie so tief Sie k\u00f6nnen, nehmen Sie die Bohrkrone ab, befestigen Sie den Verl\u00e4ngerungsstab zwischen Motor und Bohrkrone und fahren Sie mit dem Bohren fort.<\/p>    <\/div>\n<\/div>\n<!-- \/module text -->        <\/div>\n                    <\/div>\n                <\/div>\n    <\/div>\n<!-- \/module tab -->\n        <\/div>\n                        <\/div>\n        <\/div>\n        <\/div>\n<!--\/themify_builder_content-->","protected":false},"excerpt":{"rendered":"<p>FAQ DIE GER\u00c4TE Kann ich auch gerade schneiden?Nat\u00fcrlich k\u00f6nnen Sie auch gerade abschneiden. Sie k\u00f6nnen einen vollkommen flachen Schnitt vornehmen, es wird allerdings empfohlen nur einen halben Millimeter abzuschneiden, da Sie so die Position des Segments f\u00fcrs L\u00f6ten erhalten und die Bohrkrone so zudem erheblich stabilisieren. Was ist der Unterschied zwischen den Ger\u00e4ten CD 7-28 [&hellip;]<\/p>\n","protected":false},"author":2,"featured_media":0,"parent":0,"menu_order":0,"comment_status":"closed","ping_status":"closed","template":"","meta":{"footnotes":""},"class_list":["post-1277","page","type-page","status-publish","hentry","has-post-title","has-post-date","has-post-category","has-post-tag","has-post-comment","has-post-author",""],"yoast_head":"<!-- This site is optimized with the Yoast SEO plugin v27.5 - https:\/\/yoast.com\/product\/yoast-seo-wordpress\/ -->\n<title>FAQ &#8226; Diatip<\/title>\n<meta name=\"description\" content=\"FAQ DIE GER\u00c4TEKann ich auch gerade schneiden?Nat\u00fcrlich k\u00f6nnen Sie auch gerade abschneiden. Sie k\u00f6nnen einen vollkommen flachen Schnitt vornehmen, es wird\" \/>\n<meta name=\"robots\" content=\"index, follow, max-snippet:-1, max-image-preview:large, max-video-preview:-1\" \/>\n<link rel=\"canonical\" href=\"https:\/\/www.diatip.com\/de\/faq\/\" \/>\n<meta property=\"og:locale\" content=\"de_DE\" \/>\n<meta property=\"og:type\" content=\"article\" \/>\n<meta property=\"og:title\" content=\"FAQ &#8226; Diatip\" \/>\n<meta property=\"og:description\" content=\"FAQ DIE GER\u00c4TEKann ich auch gerade schneiden?Nat\u00fcrlich k\u00f6nnen Sie auch gerade abschneiden. Sie k\u00f6nnen einen vollkommen flachen Schnitt vornehmen, es wird\" \/>\n<meta property=\"og:url\" content=\"https:\/\/www.diatip.com\/de\/faq\/\" \/>\n<meta property=\"og:site_name\" content=\"Diatip\" \/>\n<meta property=\"article:modified_time\" content=\"2025-05-14T12:16:26+00:00\" \/>\n<meta property=\"og:image\" content=\"https:\/\/www.diatip.com\/wp-content\/uploads\/2014\/07\/Equipment-01.jpg\" \/>\n\t<meta property=\"og:image:width\" content=\"300\" \/>\n\t<meta property=\"og:image:height\" content=\"407\" \/>\n\t<meta property=\"og:image:type\" content=\"image\/jpeg\" \/>\n<meta name=\"twitter:card\" content=\"summary_large_image\" \/>\n<meta name=\"twitter:label1\" content=\"Gesch\u00e4tzte Lesezeit\" \/>\n\t<meta name=\"twitter:data1\" content=\"11\u00a0Minuten\" \/>\n<script type=\"application\/ld+json\" class=\"yoast-schema-graph\">{\"@context\":\"https:\\\/\\\/schema.org\",\"@graph\":[{\"@type\":\"WebPage\",\"@id\":\"https:\\\/\\\/www.diatip.com\\\/de\\\/faq\\\/\",\"url\":\"https:\\\/\\\/www.diatip.com\\\/de\\\/faq\\\/\",\"name\":\"FAQ &#8226; Diatip\",\"isPartOf\":{\"@id\":\"https:\\\/\\\/www.diatip.com\\\/de\\\/#website\"},\"primaryImageOfPage\":{\"@id\":\"https:\\\/\\\/www.diatip.com\\\/de\\\/faq\\\/#primaryimage\"},\"image\":{\"@id\":\"https:\\\/\\\/www.diatip.com\\\/de\\\/faq\\\/#primaryimage\"},\"thumbnailUrl\":\"https:\\\/\\\/www.diatip.com\\\/wp-content\\\/uploads\\\/2014\\\/07\\\/Equipment-01.jpg\",\"datePublished\":\"2020-09-24T09:24:19+00:00\",\"dateModified\":\"2025-05-14T12:16:26+00:00\",\"description\":\"FAQ DIE GER\u00c4TEKann ich auch gerade schneiden?Nat\u00fcrlich k\u00f6nnen Sie auch gerade abschneiden. Sie k\u00f6nnen einen vollkommen flachen Schnitt vornehmen, es wird\",\"breadcrumb\":{\"@id\":\"https:\\\/\\\/www.diatip.com\\\/de\\\/faq\\\/#breadcrumb\"},\"inLanguage\":\"de\",\"potentialAction\":[{\"@type\":\"ReadAction\",\"target\":[\"https:\\\/\\\/www.diatip.com\\\/de\\\/faq\\\/\"]}]},{\"@type\":\"ImageObject\",\"inLanguage\":\"de\",\"@id\":\"https:\\\/\\\/www.diatip.com\\\/de\\\/faq\\\/#primaryimage\",\"url\":\"https:\\\/\\\/www.diatip.com\\\/wp-content\\\/uploads\\\/2014\\\/07\\\/Equipment-01.jpg\",\"contentUrl\":\"https:\\\/\\\/www.diatip.com\\\/wp-content\\\/uploads\\\/2014\\\/07\\\/Equipment-01.jpg\"},{\"@type\":\"BreadcrumbList\",\"@id\":\"https:\\\/\\\/www.diatip.com\\\/de\\\/faq\\\/#breadcrumb\",\"itemListElement\":[{\"@type\":\"ListItem\",\"position\":1,\"name\":\"Home\",\"item\":\"https:\\\/\\\/www.diatip.com\\\/de\\\/\"},{\"@type\":\"ListItem\",\"position\":2,\"name\":\"FAQ\"}]},{\"@type\":\"WebSite\",\"@id\":\"https:\\\/\\\/www.diatip.com\\\/de\\\/#website\",\"url\":\"https:\\\/\\\/www.diatip.com\\\/de\\\/\",\"name\":\"Diatip\",\"description\":\"Retipping Diamond Core Bits or Diamond Sawblades\",\"publisher\":{\"@id\":\"https:\\\/\\\/www.diatip.com\\\/de\\\/#organization\"},\"potentialAction\":[{\"@type\":\"SearchAction\",\"target\":{\"@type\":\"EntryPoint\",\"urlTemplate\":\"https:\\\/\\\/www.diatip.com\\\/de\\\/?s={search_term_string}\"},\"query-input\":{\"@type\":\"PropertyValueSpecification\",\"valueRequired\":true,\"valueName\":\"search_term_string\"}}],\"inLanguage\":\"de\"},{\"@type\":\"Organization\",\"@id\":\"https:\\\/\\\/www.diatip.com\\\/de\\\/#organization\",\"name\":\"Diatip\",\"url\":\"https:\\\/\\\/www.diatip.com\\\/de\\\/\",\"logo\":{\"@type\":\"ImageObject\",\"inLanguage\":\"de\",\"@id\":\"https:\\\/\\\/www.diatip.com\\\/de\\\/#\\\/schema\\\/logo\\\/image\\\/\",\"url\":\"https:\\\/\\\/www.diatip.com\\\/wp-content\\\/uploads\\\/2020\\\/06\\\/diatip-logo-low.jpg\",\"contentUrl\":\"https:\\\/\\\/www.diatip.com\\\/wp-content\\\/uploads\\\/2020\\\/06\\\/diatip-logo-low.jpg\",\"width\":304,\"height\":92,\"caption\":\"Diatip\"},\"image\":{\"@id\":\"https:\\\/\\\/www.diatip.com\\\/de\\\/#\\\/schema\\\/logo\\\/image\\\/\"}}]}<\/script>\n<!-- \/ Yoast SEO plugin. -->","yoast_head_json":{"title":"FAQ &#8226; Diatip","description":"FAQ DIE GER\u00c4TEKann ich auch gerade schneiden?Nat\u00fcrlich k\u00f6nnen Sie auch gerade abschneiden. Sie k\u00f6nnen einen vollkommen flachen Schnitt vornehmen, es wird","robots":{"index":"index","follow":"follow","max-snippet":"max-snippet:-1","max-image-preview":"max-image-preview:large","max-video-preview":"max-video-preview:-1"},"canonical":"https:\/\/www.diatip.com\/de\/faq\/","og_locale":"de_DE","og_type":"article","og_title":"FAQ &#8226; Diatip","og_description":"FAQ DIE GER\u00c4TEKann ich auch gerade schneiden?Nat\u00fcrlich k\u00f6nnen Sie auch gerade abschneiden. Sie k\u00f6nnen einen vollkommen flachen Schnitt vornehmen, es wird","og_url":"https:\/\/www.diatip.com\/de\/faq\/","og_site_name":"Diatip","article_modified_time":"2025-05-14T12:16:26+00:00","og_image":[{"width":300,"height":407,"url":"https:\/\/www.diatip.com\/wp-content\/uploads\/2014\/07\/Equipment-01.jpg","type":"image\/jpeg"}],"twitter_card":"summary_large_image","twitter_misc":{"Gesch\u00e4tzte Lesezeit":"11\u00a0Minuten"},"schema":{"@context":"https:\/\/schema.org","@graph":[{"@type":"WebPage","@id":"https:\/\/www.diatip.com\/de\/faq\/","url":"https:\/\/www.diatip.com\/de\/faq\/","name":"FAQ &#8226; Diatip","isPartOf":{"@id":"https:\/\/www.diatip.com\/de\/#website"},"primaryImageOfPage":{"@id":"https:\/\/www.diatip.com\/de\/faq\/#primaryimage"},"image":{"@id":"https:\/\/www.diatip.com\/de\/faq\/#primaryimage"},"thumbnailUrl":"https:\/\/www.diatip.com\/wp-content\/uploads\/2014\/07\/Equipment-01.jpg","datePublished":"2020-09-24T09:24:19+00:00","dateModified":"2025-05-14T12:16:26+00:00","description":"FAQ DIE GER\u00c4TEKann ich auch gerade schneiden?Nat\u00fcrlich k\u00f6nnen Sie auch gerade abschneiden. Sie k\u00f6nnen einen vollkommen flachen Schnitt vornehmen, es wird","breadcrumb":{"@id":"https:\/\/www.diatip.com\/de\/faq\/#breadcrumb"},"inLanguage":"de","potentialAction":[{"@type":"ReadAction","target":["https:\/\/www.diatip.com\/de\/faq\/"]}]},{"@type":"ImageObject","inLanguage":"de","@id":"https:\/\/www.diatip.com\/de\/faq\/#primaryimage","url":"https:\/\/www.diatip.com\/wp-content\/uploads\/2014\/07\/Equipment-01.jpg","contentUrl":"https:\/\/www.diatip.com\/wp-content\/uploads\/2014\/07\/Equipment-01.jpg"},{"@type":"BreadcrumbList","@id":"https:\/\/www.diatip.com\/de\/faq\/#breadcrumb","itemListElement":[{"@type":"ListItem","position":1,"name":"Home","item":"https:\/\/www.diatip.com\/de\/"},{"@type":"ListItem","position":2,"name":"FAQ"}]},{"@type":"WebSite","@id":"https:\/\/www.diatip.com\/de\/#website","url":"https:\/\/www.diatip.com\/de\/","name":"Diatip","description":"Retipping Diamond Core Bits or Diamond Sawblades","publisher":{"@id":"https:\/\/www.diatip.com\/de\/#organization"},"potentialAction":[{"@type":"SearchAction","target":{"@type":"EntryPoint","urlTemplate":"https:\/\/www.diatip.com\/de\/?s={search_term_string}"},"query-input":{"@type":"PropertyValueSpecification","valueRequired":true,"valueName":"search_term_string"}}],"inLanguage":"de"},{"@type":"Organization","@id":"https:\/\/www.diatip.com\/de\/#organization","name":"Diatip","url":"https:\/\/www.diatip.com\/de\/","logo":{"@type":"ImageObject","inLanguage":"de","@id":"https:\/\/www.diatip.com\/de\/#\/schema\/logo\/image\/","url":"https:\/\/www.diatip.com\/wp-content\/uploads\/2020\/06\/diatip-logo-low.jpg","contentUrl":"https:\/\/www.diatip.com\/wp-content\/uploads\/2020\/06\/diatip-logo-low.jpg","width":304,"height":92,"caption":"Diatip"},"image":{"@id":"https:\/\/www.diatip.com\/de\/#\/schema\/logo\/image\/"}}]}},"_links":{"self":[{"href":"https:\/\/www.diatip.com\/de\/wp-json\/wp\/v2\/pages\/1277","targetHints":{"allow":["GET"]}}],"collection":[{"href":"https:\/\/www.diatip.com\/de\/wp-json\/wp\/v2\/pages"}],"about":[{"href":"https:\/\/www.diatip.com\/de\/wp-json\/wp\/v2\/types\/page"}],"author":[{"embeddable":true,"href":"https:\/\/www.diatip.com\/de\/wp-json\/wp\/v2\/users\/2"}],"replies":[{"embeddable":true,"href":"https:\/\/www.diatip.com\/de\/wp-json\/wp\/v2\/comments?post=1277"}],"version-history":[{"count":3,"href":"https:\/\/www.diatip.com\/de\/wp-json\/wp\/v2\/pages\/1277\/revisions"}],"predecessor-version":[{"id":1914,"href":"https:\/\/www.diatip.com\/de\/wp-json\/wp\/v2\/pages\/1277\/revisions\/1914"}],"wp:attachment":[{"href":"https:\/\/www.diatip.com\/de\/wp-json\/wp\/v2\/media?parent=1277"}],"curies":[{"name":"wp","href":"https:\/\/api.w.org\/{rel}","templated":true}]}}