{"id":1260,"date":"2020-09-24T09:23:50","date_gmt":"2020-09-24T09:23:50","guid":{"rendered":"https:\/\/diatip.com\/contact\/"},"modified":"2025-05-14T12:16:39","modified_gmt":"2025-05-14T12:16:39","slug":"kontakt","status":"publish","type":"page","link":"https:\/\/www.diatip.com\/de\/kontakt\/","title":{"rendered":"Kontakt"},"content":{"rendered":"<!--themify_builder_content-->\n<div id=\"themify_builder_content-1260\" data-postid=\"1260\" class=\"themify_builder_content themify_builder_content-1260 themify_builder tf_clear\">\n                    <div  data-lazy=\"1\" class=\"module_row themify_builder_row tb_bqe650 tb_first tf_w\">\n            <span class=\"tb_row_frame_wrap tf_overflow tf_abs\" data-lazy=\"1\"><span class=\"tb_row_frame tb_row_frame_bottom  tf_abs tf_hide tf_overflow tf_w\"><\/span><\/span>            <div class=\"row_inner col_align_top tb_col_count_1 tf_box tf_rel\">\n                        <div  data-lazy=\"1\" class=\"module_column tb-column col-full tb_2q5o51 first\">\n                    <!-- module text -->\n<div  class=\"module module-text tb_xcxx51   \" data-lazy=\"1\">\n        <div  class=\"tb_text_wrap\">\n        <h1 style=\"text-align: center;\"><span style=\"color: #ffffff;\">Kontakt<\/span><\/h1>\n    <\/div>\n<\/div>\n<!-- \/module text -->        <\/div>\n                        <\/div>\n        <\/div>\n                        <div  data-lazy=\"1\" class=\"module_row themify_builder_row tb_ze9j50 tf_w\">\n            <span class=\"tb_row_frame_wrap tf_overflow tf_abs\" data-lazy=\"1\"><span class=\"tb_row_frame tb_row_frame_bottom  tf_abs tf_hide tf_overflow tf_w\"><\/span><\/span>            <div class=\"row_inner col_align_top tb_col_count_2 tf_box tf_rel\">\n                        <div  data-lazy=\"1\" class=\"module_column tb-column col4-2 tb_d7h752 first\">\n                    <!-- module text -->\n<div  class=\"module module-text tb_r4nz52   \" data-lazy=\"1\">\n        <div  class=\"tb_text_wrap\">\n        <div class=\"one_first right_column ui-sortable-handle first_column\" data-folder=\"column\" data-type=\"\">\n<div data-folder=\"text\" data-type=\"\">\n<h2>STANDORT<\/h2>\n<div class=\"elementToProof\">Die Maschinen werden sich gefertigt und in unserer Werkstatt nahesich B\u00e5stad zusammengesetzt, einem kleinen Urlaubsort im S\u00fcden Schwedens, ber\u00fchmt f\u00fcr seine Tenniswettk\u00e4mpfe, Str\u00e4nde und die wundersch\u00f6ne Umgebung.<\/div>\n<div>\u00a0<\/div>\n<div class=\"elementToProof\">Wir liefern direkt an Kunden auf der ganzen Welt und wickeln die gesamte Dokumentation und die Organisation der verschiedenen Transportmittel f\u00fcr Sie ab.<\/div>\n<\/div>\n<\/div>    <\/div>\n<\/div>\n<!-- \/module text -->        <\/div>\n                    <div  data-lazy=\"1\" class=\"module_column tb-column col4-2 tb_urzn242 last\">\n                    <!-- module text -->\n<div  class=\"module module-text tb_agtm330   \" data-lazy=\"1\">\n        <div  class=\"tb_text_wrap\">\n        <div class=\"module module-text tb_yem5877 \"><div class=\"tb_text_wrap\"><h2>KONTAKTIRE UNS<\/h2><\/div><\/div><div class=\"module module-text tb_x1cb082 \"><div class=\"tb_text_wrap\"><p>Falls Sie uns kontaktieren m\u00f6chten, f\u00fcllen Sie bitte das unten stehende Formular aus. Sie k\u00f6nnen uns auch gerne anrufen; <a href=\"tel:+4643175650\">+4643175650.<\/a><\/p><\/div><\/div>\n<div class=\"wpcf7 no-js\" id=\"wpcf7-f736-o1\" lang=\"en-US\" dir=\"ltr\" data-wpcf7-id=\"736\">\n<div class=\"screen-reader-response\"><p role=\"status\" aria-live=\"polite\" aria-atomic=\"true\"><\/p> <ul><\/ul><\/div>\n<form action=\"\/de\/wp-json\/wp\/v2\/pages\/1260#wpcf7-f736-o1\" method=\"post\" class=\"wpcf7-form init\" aria-label=\"Contact form\" novalidate=\"novalidate\" data-status=\"init\">\n<fieldset class=\"hidden-fields-container\"><input type=\"hidden\" name=\"_wpcf7\" value=\"736\" \/><input type=\"hidden\" name=\"_wpcf7_version\" value=\"6.1.5\" \/><input type=\"hidden\" name=\"_wpcf7_locale\" value=\"en_US\" \/><input type=\"hidden\" name=\"_wpcf7_unit_tag\" value=\"wpcf7-f736-o1\" \/><input type=\"hidden\" name=\"_wpcf7_container_post\" value=\"0\" \/><input type=\"hidden\" name=\"_wpcf7_posted_data_hash\" value=\"\" \/><input type=\"hidden\" name=\"_wpcf7_recaptcha_response\" value=\"\" \/>\n<\/fieldset>\n<p><span class=\"wpcf7-form-control-wrap\" data-name=\"your-company\"><input size=\"40\" maxlength=\"400\" class=\"wpcf7-form-control wpcf7-text\" aria-invalid=\"false\" placeholder=\"Company\" value=\"\" type=\"text\" name=\"your-company\" \/><\/span><br \/>\n<span class=\"wpcf7-form-control-wrap\" data-name=\"your-name\"><input size=\"40\" maxlength=\"400\" class=\"wpcf7-form-control wpcf7-text wpcf7-validates-as-required\" aria-required=\"true\" aria-invalid=\"false\" placeholder=\"Name\" value=\"\" type=\"text\" name=\"your-name\" \/><\/span><br \/>\n<span class=\"wpcf7-form-control-wrap\" data-name=\"tel-278\"><input size=\"40\" maxlength=\"400\" class=\"wpcf7-form-control wpcf7-tel wpcf7-text wpcf7-validates-as-tel\" aria-invalid=\"false\" placeholder=\"Phone\" value=\"\" type=\"tel\" name=\"tel-278\" \/><\/span><br \/>\n<span class=\"wpcf7-form-control-wrap\" data-name=\"your-email\"><input size=\"40\" maxlength=\"400\" class=\"wpcf7-form-control wpcf7-email wpcf7-validates-as-required wpcf7-text wpcf7-validates-as-email\" aria-required=\"true\" aria-invalid=\"false\" placeholder=\"E-mail\" value=\"\" type=\"email\" name=\"your-email\" \/><\/span><br \/>\n<span class=\"wpcf7-form-control-wrap\" data-name=\"textarea-354\"><textarea cols=\"40\" rows=\"7\" maxlength=\"2000\" class=\"wpcf7-form-control wpcf7-textarea wpcf7-validates-as-required\" aria-required=\"true\" aria-invalid=\"false\" placeholder=\"Message\" name=\"textarea-354\"><\/textarea><\/span>\n<\/p>\n<p><input class=\"wpcf7-form-control wpcf7-submit has-spinner\" type=\"submit\" value=\"Send\" \/>\n<\/p><div class=\"wpcf7-response-output\" aria-hidden=\"true\"><\/div>\n<\/form>\n<\/div>\n    <\/div>\n<\/div>\n<!-- \/module text -->        <\/div>\n                        <\/div>\n        <\/div>\n                        <div  data-lazy=\"1\" class=\"module_row themify_builder_row tb_jx7n335 tf_w\">\n                        <div class=\"row_inner col_align_top tb_col_count_2 tf_box tf_rel\">\n                        <div  data-lazy=\"1\" class=\"module_column tb-column col4-2 tb_fvux336 first\">\n                    <!-- module feature -->\n<div  class=\"module module-feature tb_fnfc337 no-chart layout-icon-left size-custom \" data-layout-mobile=\"icon-top\" data-layout-desktop=\"icon-left\" data-lazy=\"1\">\n        <div class=\"module-feature-image tf_textc tf_rel\">\n                            <span class=\"module-feature-chart-html5 tf_box tf_rel tf_inline_b\" style=\"width:120px;height:120px;\">\n                                <span class=\"chart-html5-circle tf_w tf_h\">\n                    <img loading=\"lazy\" decoding=\"async\" src=\"http:\/\/diatip.com\/wp-content\/uploads\/2014\/07\/carina-hemsida.jpg\" width=\"120\" height=\"120\" style=\"width:calc(100% - 0px);height:calc(100% - 0px)\" alt=\"Carina Midhage\">                                    <\/span>\n\n                \n            <\/span>\n                <\/div>\n    <div class=\"module-feature-content tf_textc\">\n                    <h3 class=\"module-feature-title\">\n                            Carina Midhage                        <\/h3>\n                    <div class=\"tb_text_wrap\">\n            <h4>Verkauf und Support<\/h4>\n<p><span style=\"color: #000000\"><strong>Midhage Diatip AB<br \/><\/strong>Miraall\u00e9n 41<\/span><br \/><span style=\"color: #000000\">SE-417 58 G\u00f6teborg<\/span><br \/><span style=\"color: #000000\">Sweden<\/span><\/p>\n<div class=\"elementToProof\"><span style=\"color: #000000\"><strong>Lieferadresse:<\/strong><\/span><\/div>\n<div class=\"elementToProof\"><span style=\"color: #000000\">Midhage Diatip AB\u00a0<\/span><\/div>\n<div class=\"elementToProof\"><span style=\"color: #000000\">c\/o Fairnet AB<\/span><br \/><span style=\"color: #000000\">\u00c4ngelholmsv\u00e4gen 263<\/span><br \/><span style=\"color: #000000\">SE-269 42 B\u00e5stad<\/span><\/div>\n<div class=\"elementToProof\"><span style=\"color: #000000\">Sweden<\/span><\/div>\n<div>\u00a0<\/div>\n<div class=\"elementToProof\"><span style=\"color: #000000\"><span style=\"color: #000000\"><strong>Tel.<\/strong> \u00a0<a style=\"color: #000000\" href=\"tel:+4643175650\">+46 431 756 50<\/a><\/span><br \/><span style=\"color: #000000\"><strong>Tel.<\/strong> \u00a0<a style=\"color: #000000\" href=\"tel:+46706844999\">+46 706 844 999<\/a><\/span><br \/><span style=\"color: #000000\"><strong>Email.<\/strong>\u00a0<a style=\"color: #000000\" href=\"mailto:midhage@diatip.com\">midhage@diatip.com<\/a><\/span><\/span><\/div>        <\/div>\n    <\/div>\n<\/div>\n<!-- \/module feature -->\n        <\/div>\n                    <div  data-lazy=\"1\" class=\"module_column tb-column col4-2 tb_clv1337 last\">\n                    <!-- module feature -->\n<div  class=\"module module-feature tb_yvjs107 no-chart layout-icon-left size-custom \" data-layout-mobile=\"icon-top\" data-layout-desktop=\"icon-left\" data-lazy=\"1\">\n        <div class=\"module-feature-image tf_textc tf_rel\">\n                            <span class=\"module-feature-chart-html5 tf_box tf_rel tf_inline_b\" style=\"width:120px;height:120px;\">\n                                <span class=\"chart-html5-circle tf_w tf_h\">\n                    <img loading=\"lazy\" decoding=\"async\" src=\"http:\/\/diatip.com\/wp-content\/uploads\/2014\/07\/Camilla-2014-small-e1408700370364.jpg\" width=\"120\" height=\"120\" style=\"width:calc(100% - 0px);height:calc(100% - 0px)\" alt=\"Camilla Madsen\">                                    <\/span>\n\n                \n            <\/span>\n                <\/div>\n    <div class=\"module-feature-content tf_textc\">\n                    <h3 class=\"module-feature-title\">\n                            Camilla Madsen                        <\/h3>\n                    <div class=\"tb_text_wrap\">\n            <h4>Administration<\/h4>        <\/div>\n    <\/div>\n<\/div>\n<!-- \/module feature -->\n<!-- module text -->\n<div  class=\"module module-text tb_ofau338   \" data-lazy=\"1\">\n        <div  class=\"tb_text_wrap\">\n        <h4>Wir sprechen<\/h4>\n<div id=\"brochures\"><img loading=\"lazy\" decoding=\"async\" class=\" wp-image-202 alignleft\" src=\"https:\/\/www.diatip.com\/wp-content\/uploads\/2014\/06\/United-Kingdom.png\" alt=\"United-Kingdom\" width=\"50\" height=\"34\" \/><img loading=\"lazy\" decoding=\"async\" class=\" wp-image-201 alignleft\" src=\"https:\/\/www.diatip.com\/wp-content\/uploads\/2014\/06\/France.png\" alt=\"France\" width=\"50\" height=\"34\" \/><img loading=\"lazy\" decoding=\"async\" class=\" wp-image-200 alignleft\" src=\"https:\/\/www.diatip.com\/wp-content\/uploads\/2014\/06\/Germany.png\" alt=\"Germany\" width=\"50\" height=\"34\" \/><img loading=\"lazy\" decoding=\"async\" class=\" wp-image-199 alignleft\" src=\"https:\/\/www.diatip.com\/wp-content\/uploads\/2014\/06\/Spain.png\" alt=\"Spain\" width=\"50\" height=\"34\" \/> <\/div>    <\/div>\n<\/div>\n<!-- \/module text -->        <\/div>\n                        <\/div>\n        <\/div>\n                        <div  data-css_id=\"a3mp334\" data-lazy=\"1\" class=\"module_row themify_builder_row fullwidth tb_a3mp334 tf_w\">\n                        <div class=\"row_inner col_align_top tb_col_count_1 tf_box tf_rel\">\n                        <div  data-lazy=\"1\" class=\"module_column tb-column col-full tb_1cld335 first\">\n                            <\/div>\n                        <\/div>\n        <\/div>\n        <\/div>\n<!--\/themify_builder_content-->","protected":false},"excerpt":{"rendered":"<p>Kontakt STANDORT Die Maschinen werden sich gefertigt und in unserer Werkstatt nahesich B\u00e5stad zusammengesetzt, einem kleinen Urlaubsort im S\u00fcden Schwedens, ber\u00fchmt f\u00fcr seine Tenniswettk\u00e4mpfe, Str\u00e4nde und die wundersch\u00f6ne Umgebung. \u00a0 Wir liefern direkt an Kunden auf der ganzen Welt und wickeln die gesamte Dokumentation und die Organisation der verschiedenen Transportmittel f\u00fcr Sie ab. KONTAKTIRE UNS [&hellip;]<\/p>\n","protected":false},"author":2,"featured_media":0,"parent":0,"menu_order":0,"comment_status":"closed","ping_status":"closed","template":"","meta":{"footnotes":""},"class_list":["post-1260","page","type-page","status-publish","hentry","has-post-title","has-post-date","has-post-category","has-post-tag","has-post-comment","has-post-author",""],"yoast_head":"<!-- This site is optimized with the Yoast SEO plugin v27.4 - https:\/\/yoast.com\/product\/yoast-seo-wordpress\/ -->\n<title>Kontakt &#8226; Diatip<\/title>\n<meta name=\"description\" content=\"Kontakt STANDORT Die Maschinen werden sich gefertigt und in unserer Werkstatt nahesich B\u00e5stad zusammengesetzt, einem kleinen Urlaubsort im S\u00fcden\" \/>\n<meta name=\"robots\" content=\"index, follow, max-snippet:-1, max-image-preview:large, max-video-preview:-1\" \/>\n<link rel=\"canonical\" href=\"https:\/\/www.diatip.com\/de\/kontakt\/\" \/>\n<meta property=\"og:locale\" content=\"de_DE\" \/>\n<meta property=\"og:type\" content=\"article\" \/>\n<meta property=\"og:title\" content=\"Kontakt &#8226; Diatip\" \/>\n<meta property=\"og:description\" content=\"Kontakt STANDORT Die Maschinen werden sich gefertigt und in unserer Werkstatt nahesich B\u00e5stad zusammengesetzt, einem kleinen Urlaubsort im S\u00fcden\" \/>\n<meta property=\"og:url\" content=\"https:\/\/www.diatip.com\/de\/kontakt\/\" \/>\n<meta property=\"og:site_name\" content=\"Diatip\" \/>\n<meta property=\"article:modified_time\" content=\"2025-05-14T12:16:39+00:00\" \/>\n<meta property=\"og:image\" content=\"http:\/\/diatip.com\/wp-content\/uploads\/2014\/07\/carina-hemsida.jpg\" \/>\n<meta name=\"twitter:card\" content=\"summary_large_image\" \/>\n<meta name=\"twitter:label1\" content=\"Gesch\u00e4tzte Lesezeit\" \/>\n\t<meta name=\"twitter:data1\" content=\"1\u00a0Minute\" \/>\n<script type=\"application\/ld+json\" class=\"yoast-schema-graph\">{\"@context\":\"https:\\\/\\\/schema.org\",\"@graph\":[{\"@type\":\"WebPage\",\"@id\":\"https:\\\/\\\/www.diatip.com\\\/de\\\/kontakt\\\/\",\"url\":\"https:\\\/\\\/www.diatip.com\\\/de\\\/kontakt\\\/\",\"name\":\"Kontakt &#8226; Diatip\",\"isPartOf\":{\"@id\":\"https:\\\/\\\/www.diatip.com\\\/de\\\/#website\"},\"primaryImageOfPage\":{\"@id\":\"https:\\\/\\\/www.diatip.com\\\/de\\\/kontakt\\\/#primaryimage\"},\"image\":{\"@id\":\"https:\\\/\\\/www.diatip.com\\\/de\\\/kontakt\\\/#primaryimage\"},\"thumbnailUrl\":\"http:\\\/\\\/diatip.com\\\/wp-content\\\/uploads\\\/2014\\\/07\\\/carina-hemsida.jpg\",\"datePublished\":\"2020-09-24T09:23:50+00:00\",\"dateModified\":\"2025-05-14T12:16:39+00:00\",\"description\":\"Kontakt STANDORT Die Maschinen werden sich gefertigt und in unserer Werkstatt nahesich B\u00e5stad zusammengesetzt, einem kleinen Urlaubsort im S\u00fcden\",\"breadcrumb\":{\"@id\":\"https:\\\/\\\/www.diatip.com\\\/de\\\/kontakt\\\/#breadcrumb\"},\"inLanguage\":\"de\",\"potentialAction\":[{\"@type\":\"ReadAction\",\"target\":[\"https:\\\/\\\/www.diatip.com\\\/de\\\/kontakt\\\/\"]}]},{\"@type\":\"ImageObject\",\"inLanguage\":\"de\",\"@id\":\"https:\\\/\\\/www.diatip.com\\\/de\\\/kontakt\\\/#primaryimage\",\"url\":\"http:\\\/\\\/diatip.com\\\/wp-content\\\/uploads\\\/2014\\\/07\\\/carina-hemsida.jpg\",\"contentUrl\":\"http:\\\/\\\/diatip.com\\\/wp-content\\\/uploads\\\/2014\\\/07\\\/carina-hemsida.jpg\"},{\"@type\":\"BreadcrumbList\",\"@id\":\"https:\\\/\\\/www.diatip.com\\\/de\\\/kontakt\\\/#breadcrumb\",\"itemListElement\":[{\"@type\":\"ListItem\",\"position\":1,\"name\":\"Home\",\"item\":\"https:\\\/\\\/www.diatip.com\\\/de\\\/\"},{\"@type\":\"ListItem\",\"position\":2,\"name\":\"Kontakt\"}]},{\"@type\":\"WebSite\",\"@id\":\"https:\\\/\\\/www.diatip.com\\\/de\\\/#website\",\"url\":\"https:\\\/\\\/www.diatip.com\\\/de\\\/\",\"name\":\"Diatip\",\"description\":\"Retipping Diamond Core Bits or Diamond Sawblades\",\"publisher\":{\"@id\":\"https:\\\/\\\/www.diatip.com\\\/de\\\/#organization\"},\"potentialAction\":[{\"@type\":\"SearchAction\",\"target\":{\"@type\":\"EntryPoint\",\"urlTemplate\":\"https:\\\/\\\/www.diatip.com\\\/de\\\/?s={search_term_string}\"},\"query-input\":{\"@type\":\"PropertyValueSpecification\",\"valueRequired\":true,\"valueName\":\"search_term_string\"}}],\"inLanguage\":\"de\"},{\"@type\":\"Organization\",\"@id\":\"https:\\\/\\\/www.diatip.com\\\/de\\\/#organization\",\"name\":\"Diatip\",\"url\":\"https:\\\/\\\/www.diatip.com\\\/de\\\/\",\"logo\":{\"@type\":\"ImageObject\",\"inLanguage\":\"de\",\"@id\":\"https:\\\/\\\/www.diatip.com\\\/de\\\/#\\\/schema\\\/logo\\\/image\\\/\",\"url\":\"https:\\\/\\\/www.diatip.com\\\/wp-content\\\/uploads\\\/2020\\\/06\\\/diatip-logo-low.jpg\",\"contentUrl\":\"https:\\\/\\\/www.diatip.com\\\/wp-content\\\/uploads\\\/2020\\\/06\\\/diatip-logo-low.jpg\",\"width\":304,\"height\":92,\"caption\":\"Diatip\"},\"image\":{\"@id\":\"https:\\\/\\\/www.diatip.com\\\/de\\\/#\\\/schema\\\/logo\\\/image\\\/\"}}]}<\/script>\n<!-- \/ Yoast SEO plugin. -->","yoast_head_json":{"title":"Kontakt &#8226; Diatip","description":"Kontakt STANDORT Die Maschinen werden sich gefertigt und in unserer Werkstatt nahesich B\u00e5stad zusammengesetzt, einem kleinen Urlaubsort im S\u00fcden","robots":{"index":"index","follow":"follow","max-snippet":"max-snippet:-1","max-image-preview":"max-image-preview:large","max-video-preview":"max-video-preview:-1"},"canonical":"https:\/\/www.diatip.com\/de\/kontakt\/","og_locale":"de_DE","og_type":"article","og_title":"Kontakt &#8226; Diatip","og_description":"Kontakt STANDORT Die Maschinen werden sich gefertigt und in unserer Werkstatt nahesich B\u00e5stad zusammengesetzt, einem kleinen Urlaubsort im S\u00fcden","og_url":"https:\/\/www.diatip.com\/de\/kontakt\/","og_site_name":"Diatip","article_modified_time":"2025-05-14T12:16:39+00:00","og_image":[{"url":"http:\/\/diatip.com\/wp-content\/uploads\/2014\/07\/carina-hemsida.jpg","type":"","width":"","height":""}],"twitter_card":"summary_large_image","twitter_misc":{"Gesch\u00e4tzte Lesezeit":"1\u00a0Minute"},"schema":{"@context":"https:\/\/schema.org","@graph":[{"@type":"WebPage","@id":"https:\/\/www.diatip.com\/de\/kontakt\/","url":"https:\/\/www.diatip.com\/de\/kontakt\/","name":"Kontakt &#8226; Diatip","isPartOf":{"@id":"https:\/\/www.diatip.com\/de\/#website"},"primaryImageOfPage":{"@id":"https:\/\/www.diatip.com\/de\/kontakt\/#primaryimage"},"image":{"@id":"https:\/\/www.diatip.com\/de\/kontakt\/#primaryimage"},"thumbnailUrl":"http:\/\/diatip.com\/wp-content\/uploads\/2014\/07\/carina-hemsida.jpg","datePublished":"2020-09-24T09:23:50+00:00","dateModified":"2025-05-14T12:16:39+00:00","description":"Kontakt STANDORT Die Maschinen werden sich gefertigt und in unserer Werkstatt nahesich B\u00e5stad zusammengesetzt, einem kleinen Urlaubsort im S\u00fcden","breadcrumb":{"@id":"https:\/\/www.diatip.com\/de\/kontakt\/#breadcrumb"},"inLanguage":"de","potentialAction":[{"@type":"ReadAction","target":["https:\/\/www.diatip.com\/de\/kontakt\/"]}]},{"@type":"ImageObject","inLanguage":"de","@id":"https:\/\/www.diatip.com\/de\/kontakt\/#primaryimage","url":"http:\/\/diatip.com\/wp-content\/uploads\/2014\/07\/carina-hemsida.jpg","contentUrl":"http:\/\/diatip.com\/wp-content\/uploads\/2014\/07\/carina-hemsida.jpg"},{"@type":"BreadcrumbList","@id":"https:\/\/www.diatip.com\/de\/kontakt\/#breadcrumb","itemListElement":[{"@type":"ListItem","position":1,"name":"Home","item":"https:\/\/www.diatip.com\/de\/"},{"@type":"ListItem","position":2,"name":"Kontakt"}]},{"@type":"WebSite","@id":"https:\/\/www.diatip.com\/de\/#website","url":"https:\/\/www.diatip.com\/de\/","name":"Diatip","description":"Retipping Diamond Core Bits or Diamond Sawblades","publisher":{"@id":"https:\/\/www.diatip.com\/de\/#organization"},"potentialAction":[{"@type":"SearchAction","target":{"@type":"EntryPoint","urlTemplate":"https:\/\/www.diatip.com\/de\/?s={search_term_string}"},"query-input":{"@type":"PropertyValueSpecification","valueRequired":true,"valueName":"search_term_string"}}],"inLanguage":"de"},{"@type":"Organization","@id":"https:\/\/www.diatip.com\/de\/#organization","name":"Diatip","url":"https:\/\/www.diatip.com\/de\/","logo":{"@type":"ImageObject","inLanguage":"de","@id":"https:\/\/www.diatip.com\/de\/#\/schema\/logo\/image\/","url":"https:\/\/www.diatip.com\/wp-content\/uploads\/2020\/06\/diatip-logo-low.jpg","contentUrl":"https:\/\/www.diatip.com\/wp-content\/uploads\/2020\/06\/diatip-logo-low.jpg","width":304,"height":92,"caption":"Diatip"},"image":{"@id":"https:\/\/www.diatip.com\/de\/#\/schema\/logo\/image\/"}}]}},"_links":{"self":[{"href":"https:\/\/www.diatip.com\/de\/wp-json\/wp\/v2\/pages\/1260","targetHints":{"allow":["GET"]}}],"collection":[{"href":"https:\/\/www.diatip.com\/de\/wp-json\/wp\/v2\/pages"}],"about":[{"href":"https:\/\/www.diatip.com\/de\/wp-json\/wp\/v2\/types\/page"}],"author":[{"embeddable":true,"href":"https:\/\/www.diatip.com\/de\/wp-json\/wp\/v2\/users\/2"}],"replies":[{"embeddable":true,"href":"https:\/\/www.diatip.com\/de\/wp-json\/wp\/v2\/comments?post=1260"}],"version-history":[{"count":9,"href":"https:\/\/www.diatip.com\/de\/wp-json\/wp\/v2\/pages\/1260\/revisions"}],"predecessor-version":[{"id":1918,"href":"https:\/\/www.diatip.com\/de\/wp-json\/wp\/v2\/pages\/1260\/revisions\/1918"}],"wp:attachment":[{"href":"https:\/\/www.diatip.com\/de\/wp-json\/wp\/v2\/media?parent=1260"}],"curies":[{"name":"wp","href":"https:\/\/api.w.org\/{rel}","templated":true}]}}