{"id":1232,"date":"2020-09-24T09:25:31","date_gmt":"2020-09-24T09:25:31","guid":{"rendered":"https:\/\/diatip.com\/products\/zubehoer\/extensions\/"},"modified":"2025-05-14T12:15:41","modified_gmt":"2025-05-14T12:15:41","slug":"erweiterungen","status":"publish","type":"page","link":"https:\/\/www.diatip.com\/de\/produkte\/zubehoer\/erweiterungen\/","title":{"rendered":"Erweiterungen"},"content":{"rendered":"<!--themify_builder_content-->\n<div id=\"themify_builder_content-1232\" data-postid=\"1232\" class=\"themify_builder_content themify_builder_content-1232 themify_builder tf_clear\">\n                    <div  data-lazy=\"1\" class=\"module_row themify_builder_row tb_gr05468 tb_first tf_w\">\n            <span class=\"tb_row_frame_wrap tf_overflow tf_abs\" data-lazy=\"1\"><span class=\"tb_row_frame tb_row_frame_bottom  tf_abs tf_hide tf_overflow tf_w\"><\/span><\/span>            <div class=\"row_inner col_align_top tb_col_count_1 tf_box tf_rel\">\n                        <div  data-lazy=\"1\" class=\"module_column tb-column col-full tb_horx469 first\">\n                    <!-- module text -->\n<div  class=\"module module-text tb_uxml469   \" data-lazy=\"1\">\n        <div  class=\"tb_text_wrap\">\n        <h1 style=\"text-align: center;\"><span style=\"color: #ffffff;\">Erweiterungen<\/span><\/h1>\n    <\/div>\n<\/div>\n<!-- \/module text -->        <\/div>\n                        <\/div>\n        <\/div>\n                        <div  data-lazy=\"1\" class=\"module_row themify_builder_row tb_w0zf468 tf_w\">\n            <span class=\"tb_row_frame_wrap tf_overflow tf_abs\" data-lazy=\"1\"><span class=\"tb_row_frame tb_row_frame_bottom  tf_abs tf_hide tf_overflow tf_w\"><\/span><\/span>            <div class=\"row_inner col_align_top tb_col_count_1 tf_box tf_rel\">\n                        <div  data-lazy=\"1\" class=\"module_column tb-column col-full tb_3ban470 first\">\n                    <!-- module text -->\n<div  class=\"module module-text tb_3sv9470   \" data-lazy=\"1\">\n        <div  class=\"tb_text_wrap\">\n        <p style=\"text-align: center;\">Erweiterungen f\u00fcr l\u00e4ngere Bohrkronen und gr\u00f6\u00dfere Durchmesser.<\/p>\n    <\/div>\n<\/div>\n<!-- \/module text -->        <\/div>\n                        <\/div>\n        <\/div>\n                        <div  data-lazy=\"1\" class=\"module_row themify_builder_row tb_c7b1468 tf_w\">\n            <span class=\"tb_row_frame_wrap tf_overflow tf_abs\" data-lazy=\"1\"><span class=\"tb_row_frame tb_row_frame_bottom  tf_abs tf_hide tf_overflow tf_w\"><\/span><\/span>            <div class=\"row_inner col_align_top tb_col_count_2 tf_box tf_rel\">\n                        <div  data-lazy=\"1\" class=\"module_column tb-column col4-1 tb_kmy5470 first\">\n                    <!-- module text -->\n<div  class=\"module module-text tb_givx471   \" data-lazy=\"1\">\n        <div  class=\"tb_text_wrap\">\n        <h2>F\u00fcr CD 7-28-Ger\u00e4te<\/h2>    <\/div>\n<\/div>\n<!-- \/module text --><!-- module image -->\n<div  class=\"module module-image tb_ktw9471 image-top   tf_mw\" data-lazy=\"1\">\n        <div class=\"image-wrap tf_rel tf_mw\">\n            <img loading=\"lazy\" decoding=\"async\" src=\"http:\/\/diatip.com\/wp-content\/uploads\/2014\/08\/Extension-CD-7-28-length.jpg\" width=\"150\" height=\"1488\" title=\"Erweiterungen\" alt=\"Erweiterungen\">    \n        <\/div>\n    <!-- \/image-wrap -->\n    \n        <\/div>\n<!-- \/module image -->        <\/div>\n                    <div  data-lazy=\"1\" class=\"module_column tb-column col4-3 tb_lofq471 last\">\n                    <!-- module text -->\n<div  class=\"module module-text tb_qdvm471   \" data-lazy=\"1\">\n        <div  class=\"tb_text_wrap\">\n        \n<table id=\"tablepress-42\" class=\"tablepress tablepress-id-42\">\n<thead>\n<tr class=\"row-1\">\n\t<th class=\"column-1\">Type<\/th><th class=\"column-2\">Info<\/th><th class=\"column-3\">Art. No<\/th>\n<\/tr>\n<\/thead>\n<tbody class=\"row-striping row-hover\">\n<tr class=\"row-2\">\n\t<td class=\"column-1\">For<br \/>\nCD 7-28<\/td><td class=\"column-2\">H\u00f6henerweiterung + 450 mm (+18\")<\/td><td class=\"column-3\">191040<\/td>\n<\/tr>\n<\/tbody>\n<\/table>\n<!-- #tablepress-42 from cache -->    <\/div>\n<\/div>\n<!-- \/module text -->        <\/div>\n                        <\/div>\n        <\/div>\n                        <div  data-lazy=\"1\" class=\"module_row themify_builder_row tb_s9bx468 tf_w\">\n            <span class=\"tb_row_frame_wrap tf_overflow tf_abs\" data-lazy=\"1\"><span class=\"tb_row_frame tb_row_frame_bottom  tf_abs tf_hide tf_overflow tf_w\"><\/span><\/span>            <div class=\"row_inner col_align_top tb_col_count_2 tf_box tf_rel\">\n                        <div  data-lazy=\"1\" class=\"module_column tb-column col4-1 tb_bg5l471 first\">\n                    <!-- module text -->\n<div  class=\"module module-text tb_1qn0471   \" data-lazy=\"1\">\n        <div  class=\"tb_text_wrap\">\n        <h2>F\u00fcr Durchmesser<\/h2>    <\/div>\n<\/div>\n<!-- \/module text --><!-- module image -->\n<div  class=\"module module-image tb_2psg472 image-top   tf_mw\" data-lazy=\"1\">\n        <div class=\"image-wrap tf_rel tf_mw\">\n            <img loading=\"lazy\" decoding=\"async\" src=\"http:\/\/diatip.com\/wp-content\/uploads\/2014\/08\/Extension-diameter.jpg\" width=\"300\" height=\"771\" title=\"Erweiterungen\" alt=\"Erweiterungen\">    \n        <\/div>\n    <!-- \/image-wrap -->\n    \n        <\/div>\n<!-- \/module image -->        <\/div>\n                    <div  data-lazy=\"1\" class=\"module_column tb-column col4-3 tb_775u472 last\">\n                    <!-- module text -->\n<div  class=\"module module-text tb_ic6a472   \" data-lazy=\"1\">\n        <div  class=\"tb_text_wrap\">\n        \n<table id=\"tablepress-45\" class=\"tablepress tablepress-id-45\">\n<thead>\n<tr class=\"row-1\">\n\t<th class=\"column-1\">Type<\/th><th class=\"column-2\">Info<\/th><th class=\"column-3\">Art. No<\/th>\n<\/tr>\n<\/thead>\n<tbody class=\"row-striping row-hover\">\n<tr class=\"row-2\">\n\t<td class=\"column-1\">For<br \/>\nCD 7-28<\/td><td class=\"column-2\">Durchmessererweiterung + 300 mm (+ 12\")<\/td><td class=\"column-3\">191000<\/td>\n<\/tr>\n<\/tbody>\n<\/table>\n<!-- #tablepress-45 from cache -->    <\/div>\n<\/div>\n<!-- \/module text -->        <\/div>\n                        <\/div>\n        <\/div>\n                        <div  data-lazy=\"1\" class=\"module_row themify_builder_row tb_yvlu468 tf_w\">\n                        <div class=\"row_inner col_align_top tb_col_count_2 tf_box tf_rel\">\n                        <div  data-lazy=\"1\" class=\"module_column tb-column col4-1 tb_dt00472 first\">\n                    <!-- module text -->\n<div  class=\"module module-text tb_ikqr472   \" data-lazy=\"1\">\n        <div  class=\"tb_text_wrap\">\n        <h2>F\u00fcr CD 600-Ger\u00e4te<\/h2>    <\/div>\n<\/div>\n<!-- \/module text --><!-- module image -->\n<div  class=\"module module-image tb_gjsd472 image-top   tf_mw\" data-lazy=\"1\">\n        <div class=\"image-wrap tf_rel tf_mw\">\n            <img loading=\"lazy\" decoding=\"async\" src=\"http:\/\/diatip.com\/wp-content\/uploads\/2014\/08\/Extension-length-CD-600.jpg\" width=\"100\" height=\"590\" title=\"Erweiterungen\" alt=\"Erweiterungen\">    \n        <\/div>\n    <!-- \/image-wrap -->\n    \n        <\/div>\n<!-- \/module image -->        <\/div>\n                    <div  data-lazy=\"1\" class=\"module_column tb-column col4-3 tb_szun472 last\">\n                    <!-- module text -->\n<div  class=\"module module-text tb_iyz9473   \" data-lazy=\"1\">\n        <div  class=\"tb_text_wrap\">\n        \n<table id=\"tablepress-48\" class=\"tablepress tablepress-id-48\">\n<thead>\n<tr class=\"row-1\">\n\t<th class=\"column-1\">Type<\/th><th class=\"column-2\">Info<\/th><th class=\"column-3\">Art. No<\/th>\n<\/tr>\n<\/thead>\n<tbody class=\"row-striping row-hover\">\n<tr class=\"row-2\">\n\t<td class=\"column-1\">For<br \/>\nCD 600<\/td><td class=\"column-2\">H\u00f6henerweiterung + 900 mm (36 \")<br \/>\nAuch die alten Passend Columbi Typen.<\/td><td class=\"column-3\">191004<\/td>\n<\/tr>\n<\/tbody>\n<\/table>\n<!-- #tablepress-48 from cache -->    <\/div>\n<\/div>\n<!-- \/module text -->        <\/div>\n                        <\/div>\n        <\/div>\n        <\/div>\n<!--\/themify_builder_content-->","protected":false},"excerpt":{"rendered":"<p>Erweiterungen Erweiterungen f\u00fcr l\u00e4ngere Bohrkronen und gr\u00f6\u00dfere Durchmesser. F\u00fcr CD 7-28-Ger\u00e4te F\u00fcr Durchmesser F\u00fcr CD 600-Ger\u00e4te<\/p>\n","protected":false},"author":2,"featured_media":0,"parent":1182,"menu_order":0,"comment_status":"closed","ping_status":"closed","template":"","meta":{"footnotes":""},"class_list":["post-1232","page","type-page","status-publish","hentry","has-post-title","has-post-date","has-post-category","has-post-tag","has-post-comment","has-post-author",""],"yoast_head":"<!-- This site is optimized with the Yoast SEO plugin v27.5 - https:\/\/yoast.com\/product\/yoast-seo-wordpress\/ -->\n<title>Erweiterungen &#8226; Diatip<\/title>\n<meta name=\"description\" content=\"Erweiterungen Erweiterungen f\u00fcr l\u00e4ngere Bohrkronen und gr\u00f6\u00dfere Durchmesser. F\u00fcr CD 7-28-Ger\u00e4te  F\u00fcr Durchmesser  F\u00fcr CD 600-Ger\u00e4te\" \/>\n<meta name=\"robots\" content=\"index, follow, max-snippet:-1, max-image-preview:large, max-video-preview:-1\" \/>\n<link rel=\"canonical\" href=\"https:\/\/www.diatip.com\/de\/produkte\/zubehoer\/erweiterungen\/\" \/>\n<meta property=\"og:locale\" content=\"de_DE\" \/>\n<meta property=\"og:type\" content=\"article\" \/>\n<meta property=\"og:title\" content=\"Erweiterungen &#8226; Diatip\" \/>\n<meta property=\"og:description\" content=\"Erweiterungen Erweiterungen f\u00fcr l\u00e4ngere Bohrkronen und gr\u00f6\u00dfere Durchmesser. F\u00fcr CD 7-28-Ger\u00e4te  F\u00fcr Durchmesser  F\u00fcr CD 600-Ger\u00e4te\" \/>\n<meta property=\"og:url\" content=\"https:\/\/www.diatip.com\/de\/produkte\/zubehoer\/erweiterungen\/\" \/>\n<meta property=\"og:site_name\" content=\"Diatip\" \/>\n<meta property=\"article:modified_time\" content=\"2025-05-14T12:15:41+00:00\" \/>\n<meta property=\"og:image\" content=\"http:\/\/diatip.com\/wp-content\/uploads\/2014\/08\/Extension-CD-7-28-length.jpg\" \/>\n<meta name=\"twitter:card\" content=\"summary_large_image\" \/>\n<script type=\"application\/ld+json\" class=\"yoast-schema-graph\">{\"@context\":\"https:\\\/\\\/schema.org\",\"@graph\":[{\"@type\":\"WebPage\",\"@id\":\"https:\\\/\\\/www.diatip.com\\\/de\\\/produkte\\\/zubehoer\\\/erweiterungen\\\/\",\"url\":\"https:\\\/\\\/www.diatip.com\\\/de\\\/produkte\\\/zubehoer\\\/erweiterungen\\\/\",\"name\":\"Erweiterungen &#8226; Diatip\",\"isPartOf\":{\"@id\":\"https:\\\/\\\/www.diatip.com\\\/de\\\/#website\"},\"primaryImageOfPage\":{\"@id\":\"https:\\\/\\\/www.diatip.com\\\/de\\\/produkte\\\/zubehoer\\\/erweiterungen\\\/#primaryimage\"},\"image\":{\"@id\":\"https:\\\/\\\/www.diatip.com\\\/de\\\/produkte\\\/zubehoer\\\/erweiterungen\\\/#primaryimage\"},\"thumbnailUrl\":\"http:\\\/\\\/diatip.com\\\/wp-content\\\/uploads\\\/2014\\\/08\\\/Extension-CD-7-28-length.jpg\",\"datePublished\":\"2020-09-24T09:25:31+00:00\",\"dateModified\":\"2025-05-14T12:15:41+00:00\",\"description\":\"Erweiterungen Erweiterungen f\u00fcr l\u00e4ngere Bohrkronen und gr\u00f6\u00dfere Durchmesser. F\u00fcr CD 7-28-Ger\u00e4te F\u00fcr Durchmesser F\u00fcr CD 600-Ger\u00e4te\",\"breadcrumb\":{\"@id\":\"https:\\\/\\\/www.diatip.com\\\/de\\\/produkte\\\/zubehoer\\\/erweiterungen\\\/#breadcrumb\"},\"inLanguage\":\"de\",\"potentialAction\":[{\"@type\":\"ReadAction\",\"target\":[\"https:\\\/\\\/www.diatip.com\\\/de\\\/produkte\\\/zubehoer\\\/erweiterungen\\\/\"]}]},{\"@type\":\"ImageObject\",\"inLanguage\":\"de\",\"@id\":\"https:\\\/\\\/www.diatip.com\\\/de\\\/produkte\\\/zubehoer\\\/erweiterungen\\\/#primaryimage\",\"url\":\"http:\\\/\\\/diatip.com\\\/wp-content\\\/uploads\\\/2014\\\/08\\\/Extension-CD-7-28-length.jpg\",\"contentUrl\":\"http:\\\/\\\/diatip.com\\\/wp-content\\\/uploads\\\/2014\\\/08\\\/Extension-CD-7-28-length.jpg\"},{\"@type\":\"BreadcrumbList\",\"@id\":\"https:\\\/\\\/www.diatip.com\\\/de\\\/produkte\\\/zubehoer\\\/erweiterungen\\\/#breadcrumb\",\"itemListElement\":[{\"@type\":\"ListItem\",\"position\":1,\"name\":\"Home\",\"item\":\"https:\\\/\\\/www.diatip.com\\\/de\\\/\"},{\"@type\":\"ListItem\",\"position\":2,\"name\":\"Produkte\",\"item\":\"https:\\\/\\\/www.diatip.com\\\/de\\\/produkte\\\/\"},{\"@type\":\"ListItem\",\"position\":3,\"name\":\"Zubeh\u00f6r\",\"item\":\"https:\\\/\\\/www.diatip.com\\\/de\\\/produkte\\\/zubehoer\\\/\"},{\"@type\":\"ListItem\",\"position\":4,\"name\":\"Erweiterungen\"}]},{\"@type\":\"WebSite\",\"@id\":\"https:\\\/\\\/www.diatip.com\\\/de\\\/#website\",\"url\":\"https:\\\/\\\/www.diatip.com\\\/de\\\/\",\"name\":\"Diatip\",\"description\":\"Retipping Diamond Core Bits or Diamond Sawblades\",\"publisher\":{\"@id\":\"https:\\\/\\\/www.diatip.com\\\/de\\\/#organization\"},\"potentialAction\":[{\"@type\":\"SearchAction\",\"target\":{\"@type\":\"EntryPoint\",\"urlTemplate\":\"https:\\\/\\\/www.diatip.com\\\/de\\\/?s={search_term_string}\"},\"query-input\":{\"@type\":\"PropertyValueSpecification\",\"valueRequired\":true,\"valueName\":\"search_term_string\"}}],\"inLanguage\":\"de\"},{\"@type\":\"Organization\",\"@id\":\"https:\\\/\\\/www.diatip.com\\\/de\\\/#organization\",\"name\":\"Diatip\",\"url\":\"https:\\\/\\\/www.diatip.com\\\/de\\\/\",\"logo\":{\"@type\":\"ImageObject\",\"inLanguage\":\"de\",\"@id\":\"https:\\\/\\\/www.diatip.com\\\/de\\\/#\\\/schema\\\/logo\\\/image\\\/\",\"url\":\"https:\\\/\\\/www.diatip.com\\\/wp-content\\\/uploads\\\/2020\\\/06\\\/diatip-logo-low.jpg\",\"contentUrl\":\"https:\\\/\\\/www.diatip.com\\\/wp-content\\\/uploads\\\/2020\\\/06\\\/diatip-logo-low.jpg\",\"width\":304,\"height\":92,\"caption\":\"Diatip\"},\"image\":{\"@id\":\"https:\\\/\\\/www.diatip.com\\\/de\\\/#\\\/schema\\\/logo\\\/image\\\/\"}}]}<\/script>\n<!-- \/ Yoast SEO plugin. -->","yoast_head_json":{"title":"Erweiterungen &#8226; Diatip","description":"Erweiterungen Erweiterungen f\u00fcr l\u00e4ngere Bohrkronen und gr\u00f6\u00dfere Durchmesser. F\u00fcr CD 7-28-Ger\u00e4te  F\u00fcr Durchmesser  F\u00fcr CD 600-Ger\u00e4te","robots":{"index":"index","follow":"follow","max-snippet":"max-snippet:-1","max-image-preview":"max-image-preview:large","max-video-preview":"max-video-preview:-1"},"canonical":"https:\/\/www.diatip.com\/de\/produkte\/zubehoer\/erweiterungen\/","og_locale":"de_DE","og_type":"article","og_title":"Erweiterungen &#8226; Diatip","og_description":"Erweiterungen Erweiterungen f\u00fcr l\u00e4ngere Bohrkronen und gr\u00f6\u00dfere Durchmesser. F\u00fcr CD 7-28-Ger\u00e4te  F\u00fcr Durchmesser  F\u00fcr CD 600-Ger\u00e4te","og_url":"https:\/\/www.diatip.com\/de\/produkte\/zubehoer\/erweiterungen\/","og_site_name":"Diatip","article_modified_time":"2025-05-14T12:15:41+00:00","og_image":[{"url":"http:\/\/diatip.com\/wp-content\/uploads\/2014\/08\/Extension-CD-7-28-length.jpg","type":"","width":"","height":""}],"twitter_card":"summary_large_image","schema":{"@context":"https:\/\/schema.org","@graph":[{"@type":"WebPage","@id":"https:\/\/www.diatip.com\/de\/produkte\/zubehoer\/erweiterungen\/","url":"https:\/\/www.diatip.com\/de\/produkte\/zubehoer\/erweiterungen\/","name":"Erweiterungen &#8226; Diatip","isPartOf":{"@id":"https:\/\/www.diatip.com\/de\/#website"},"primaryImageOfPage":{"@id":"https:\/\/www.diatip.com\/de\/produkte\/zubehoer\/erweiterungen\/#primaryimage"},"image":{"@id":"https:\/\/www.diatip.com\/de\/produkte\/zubehoer\/erweiterungen\/#primaryimage"},"thumbnailUrl":"http:\/\/diatip.com\/wp-content\/uploads\/2014\/08\/Extension-CD-7-28-length.jpg","datePublished":"2020-09-24T09:25:31+00:00","dateModified":"2025-05-14T12:15:41+00:00","description":"Erweiterungen Erweiterungen f\u00fcr l\u00e4ngere Bohrkronen und gr\u00f6\u00dfere Durchmesser. F\u00fcr CD 7-28-Ger\u00e4te F\u00fcr Durchmesser F\u00fcr CD 600-Ger\u00e4te","breadcrumb":{"@id":"https:\/\/www.diatip.com\/de\/produkte\/zubehoer\/erweiterungen\/#breadcrumb"},"inLanguage":"de","potentialAction":[{"@type":"ReadAction","target":["https:\/\/www.diatip.com\/de\/produkte\/zubehoer\/erweiterungen\/"]}]},{"@type":"ImageObject","inLanguage":"de","@id":"https:\/\/www.diatip.com\/de\/produkte\/zubehoer\/erweiterungen\/#primaryimage","url":"http:\/\/diatip.com\/wp-content\/uploads\/2014\/08\/Extension-CD-7-28-length.jpg","contentUrl":"http:\/\/diatip.com\/wp-content\/uploads\/2014\/08\/Extension-CD-7-28-length.jpg"},{"@type":"BreadcrumbList","@id":"https:\/\/www.diatip.com\/de\/produkte\/zubehoer\/erweiterungen\/#breadcrumb","itemListElement":[{"@type":"ListItem","position":1,"name":"Home","item":"https:\/\/www.diatip.com\/de\/"},{"@type":"ListItem","position":2,"name":"Produkte","item":"https:\/\/www.diatip.com\/de\/produkte\/"},{"@type":"ListItem","position":3,"name":"Zubeh\u00f6r","item":"https:\/\/www.diatip.com\/de\/produkte\/zubehoer\/"},{"@type":"ListItem","position":4,"name":"Erweiterungen"}]},{"@type":"WebSite","@id":"https:\/\/www.diatip.com\/de\/#website","url":"https:\/\/www.diatip.com\/de\/","name":"Diatip","description":"Retipping Diamond Core Bits or Diamond Sawblades","publisher":{"@id":"https:\/\/www.diatip.com\/de\/#organization"},"potentialAction":[{"@type":"SearchAction","target":{"@type":"EntryPoint","urlTemplate":"https:\/\/www.diatip.com\/de\/?s={search_term_string}"},"query-input":{"@type":"PropertyValueSpecification","valueRequired":true,"valueName":"search_term_string"}}],"inLanguage":"de"},{"@type":"Organization","@id":"https:\/\/www.diatip.com\/de\/#organization","name":"Diatip","url":"https:\/\/www.diatip.com\/de\/","logo":{"@type":"ImageObject","inLanguage":"de","@id":"https:\/\/www.diatip.com\/de\/#\/schema\/logo\/image\/","url":"https:\/\/www.diatip.com\/wp-content\/uploads\/2020\/06\/diatip-logo-low.jpg","contentUrl":"https:\/\/www.diatip.com\/wp-content\/uploads\/2020\/06\/diatip-logo-low.jpg","width":304,"height":92,"caption":"Diatip"},"image":{"@id":"https:\/\/www.diatip.com\/de\/#\/schema\/logo\/image\/"}}]}},"_links":{"self":[{"href":"https:\/\/www.diatip.com\/de\/wp-json\/wp\/v2\/pages\/1232","targetHints":{"allow":["GET"]}}],"collection":[{"href":"https:\/\/www.diatip.com\/de\/wp-json\/wp\/v2\/pages"}],"about":[{"href":"https:\/\/www.diatip.com\/de\/wp-json\/wp\/v2\/types\/page"}],"author":[{"embeddable":true,"href":"https:\/\/www.diatip.com\/de\/wp-json\/wp\/v2\/users\/2"}],"replies":[{"embeddable":true,"href":"https:\/\/www.diatip.com\/de\/wp-json\/wp\/v2\/comments?post=1232"}],"version-history":[{"count":3,"href":"https:\/\/www.diatip.com\/de\/wp-json\/wp\/v2\/pages\/1232\/revisions"}],"predecessor-version":[{"id":1908,"href":"https:\/\/www.diatip.com\/de\/wp-json\/wp\/v2\/pages\/1232\/revisions\/1908"}],"up":[{"embeddable":true,"href":"https:\/\/www.diatip.com\/de\/wp-json\/wp\/v2\/pages\/1182"}],"wp:attachment":[{"href":"https:\/\/www.diatip.com\/de\/wp-json\/wp\/v2\/media?parent=1232"}],"curies":[{"name":"wp","href":"https:\/\/api.w.org\/{rel}","templated":true}]}}