{"id":1182,"date":"2020-09-24T09:24:53","date_gmt":"2020-09-24T09:24:53","guid":{"rendered":"https:\/\/diatip.com\/products\/accessories\/"},"modified":"2026-02-05T09:38:03","modified_gmt":"2026-02-05T09:38:03","slug":"zubehoer","status":"publish","type":"page","link":"https:\/\/www.diatip.com\/de\/produkte\/zubehoer\/","title":{"rendered":"Zubeh\u00f6r"},"content":{"rendered":"<!--themify_builder_content-->\n<div id=\"themify_builder_content-1182\" data-postid=\"1182\" class=\"themify_builder_content themify_builder_content-1182 themify_builder tf_clear\">\n                    <div  data-lazy=\"1\" class=\"module_row themify_builder_row tb_qf3r939 tb_first tf_w\">\n            <span class=\"tb_row_frame_wrap tf_overflow tf_abs\" data-lazy=\"1\"><span class=\"tb_row_frame tb_row_frame_bottom  tf_abs tf_hide tf_overflow tf_w\"><\/span><\/span>            <div class=\"row_inner col_align_top tb_col_count_1 tf_box tf_rel\">\n                        <div  data-lazy=\"1\" class=\"module_column tb-column col-full tb_9z8d941 first\">\n                    <!-- module text -->\n<div  class=\"module module-text tb_we3u941   \" data-lazy=\"1\">\n        <div  class=\"tb_text_wrap\">\n        <h1 style=\"text-align: center;\"><span style=\"color: #ffffff;\">Zubeh\u00f6r<\/span><\/h1>\n    <\/div>\n<\/div>\n<!-- \/module text -->        <\/div>\n                        <\/div>\n        <\/div>\n                        <div  data-lazy=\"1\" class=\"module_row themify_builder_row tb_ytas939 tf_w\">\n                        <div class=\"row_inner col_align_top tb_col_count_1 tf_box tf_rel\">\n                        <div  data-lazy=\"1\" class=\"module_column tb-column col-full tb_s62p942 first\">\n                            <div  data-lazy=\"1\" class=\"module_subrow themify_builder_sub_row tf_w col_align_top tb_col_count_1 tb_8ptt942\">\n                <div  data-lazy=\"1\" class=\"module_column sub_column col-full tb_yez7943 first\">\n                            <\/div>\n                    <\/div>\n                <div  data-lazy=\"1\" class=\"module_subrow themify_builder_sub_row tf_w col_align_top gutter-none tb_col_count_4 tb_cb6k943\">\n                <div  data-lazy=\"1\" class=\"module_column sub_column col4-1 tb_ys9b943 first\">\n                    <!-- module image -->\n<div  class=\"module module-image tb_4d9h943 image-top   auto_fullwidth tf_mw\" data-lazy=\"1\">\n        <div class=\"image-wrap tf_rel tf_mw\">\n            <img loading=\"lazy\" decoding=\"async\" src=\"https:\/\/diatip.com\/wp-content\/uploads\/2014\/08\/Matrices.jpg\" width=\"205\" height=\"205\" title=\"Zubeh\u00f6r\" alt=\"Zubeh\u00f6r\">    \n        <\/div>\n    <!-- \/image-wrap -->\n    \n        <\/div>\n<!-- \/module image -->        <\/div>\n                    <div  data-lazy=\"1\" class=\"module_column sub_column col4-1 tb_0mys944\">\n                    <!-- module text -->\n<div  class=\"module module-text tb_67lx944   \" data-lazy=\"1\">\n        <div  class=\"tb_text_wrap\">\n        <h2>Matrizen<\/h2>\n<p>Matrizen &#8211; F\u00fcr verschiedene L\u00e4ngen an Segmenten<\/p>    <\/div>\n<\/div>\n<!-- \/module text --><!-- module buttons -->\n<div  class=\"module module-buttons tb_77q9944 buttons-horizontal solid  large squared\" data-lazy=\"1\">\n        <div class=\"module-buttons-item tf_in_flx\">\n                        <a href=\"https:\/\/www.diatip.com\/de\/produkte\/zubehoer\/matrizen\/\" class=\"ui builder_button tf_in_flx blue\" >\n                                                Matrizen anzeigen                                        <\/a>\n                <\/div>\n            <\/div>\n<!-- \/module buttons -->\n<!-- module divider -->\n<div  class=\"module tf_mw module-divider tb_rsi7956 solid    hide-desktop hide-tablet hide-tablet_landscape\" style=\"border-width: 1px;border-color: #251cad;margin-top: 30px;\" data-lazy=\"1\">\n    <\/div>\n<!-- \/module divider -->\n        <\/div>\n                    <div  data-lazy=\"1\" class=\"module_column sub_column col4-1 tb_imsb944\">\n                    <!-- module image -->\n<div  class=\"module module-image tb_us1v944 image-top   auto_fullwidth tf_mw\" data-lazy=\"1\">\n        <div class=\"image-wrap tf_rel tf_mw\">\n            <img loading=\"lazy\" decoding=\"async\" src=\"https:\/\/diatip.com\/wp-content\/uploads\/2014\/08\/Knives.jpg\" width=\"205\" height=\"205\" title=\"Zubeh\u00f6r\" alt=\"Zubeh\u00f6r\">    \n        <\/div>\n    <!-- \/image-wrap -->\n    \n        <\/div>\n<!-- \/module image -->        <\/div>\n                    <div  data-lazy=\"1\" class=\"module_column sub_column col4-1 tb_4gfz944 last\">\n                    <!-- module text -->\n<div  class=\"module module-text tb_vlh1944   \" data-lazy=\"1\">\n        <div  class=\"tb_text_wrap\">\n        <h2>Knives<\/h2>\n<p>Knives for CD 7-28 and CD 600<\/p>\n    <\/div>\n<\/div>\n<!-- \/module text --><!-- module buttons -->\n<div  class=\"module module-buttons tb_j73n945 buttons-horizontal solid  large squared\" data-lazy=\"1\">\n        <div class=\"module-buttons-item tf_in_flx\">\n                        <a href=\"https:\/\/www.diatip.com\/de\/produkte\/zubehoer\/messer\/\" class=\"ui builder_button tf_in_flx blue\" >\n                                                Messer anzeigen                                        <\/a>\n                <\/div>\n            <\/div>\n<!-- \/module buttons -->\n<!-- module divider -->\n<div  class=\"module tf_mw module-divider tb_pziq568 solid    hide-desktop hide-tablet hide-tablet_landscape\" style=\"border-width: 1px;border-color: #251cad;margin-top: 30px;\" data-lazy=\"1\">\n    <\/div>\n<!-- \/module divider -->\n        <\/div>\n                    <\/div>\n                <div  data-lazy=\"1\" class=\"module_subrow themify_builder_sub_row tf_w col_align_top gutter-none tb_col_count_4 tb_0qpt945\">\n                <div  data-lazy=\"1\" class=\"module_column sub_column col4-1 tb_m37b945 first\">\n                    <!-- module text -->\n<div  class=\"module module-text tb_2c3h945   \" data-lazy=\"1\">\n        <div  class=\"tb_text_wrap\">\n        <h2>Erweiterungen<\/h2>\n<p>Erweiterungen f\u00fcr CD 7-28, CD 600 und der Durchmesser<\/p>    <\/div>\n<\/div>\n<!-- \/module text --><!-- module buttons -->\n<div  class=\"module module-buttons tb_8xrv945 buttons-horizontal solid  large squared\" data-lazy=\"1\">\n        <div class=\"module-buttons-item tf_in_flx\">\n                        <a href=\"https:\/\/www.diatip.com\/de\/produkte\/zubehoer\/erweiterungen\/\" class=\"ui builder_button tf_in_flx blue\" >\n                                                Erweiterungen anzeigen                                        <\/a>\n                <\/div>\n            <\/div>\n<!-- \/module buttons -->\n<!-- module divider -->\n<div  class=\"module tf_mw module-divider tb_6u2d90 solid    hide-desktop hide-tablet hide-tablet_landscape\" style=\"border-width: 1px;border-color: #251cad;margin-top: 30px;\" data-lazy=\"1\">\n    <\/div>\n<!-- \/module divider -->\n        <\/div>\n                    <div  data-lazy=\"1\" class=\"module_column sub_column col4-1 tb_wr9s945\">\n                    <!-- module image -->\n<div  class=\"module module-image tb_ys0f946 image-top   auto_fullwidth tf_mw\" data-lazy=\"1\">\n        <div class=\"image-wrap tf_rel tf_mw\">\n            <img loading=\"lazy\" decoding=\"async\" src=\"https:\/\/diatip.com\/wp-content\/uploads\/2014\/08\/Extentions.jpg\" width=\"205\" height=\"205\" title=\"Zubeh\u00f6r\" alt=\"Zubeh\u00f6r\">    \n        <\/div>\n    <!-- \/image-wrap -->\n    \n        <\/div>\n<!-- \/module image -->        <\/div>\n                    <div  data-lazy=\"1\" class=\"module_column sub_column col4-1 tb_57h4946\">\n                    <!-- module text -->\n<div  class=\"module module-text tb_bdf5946   \" data-lazy=\"1\">\n        <div  class=\"tb_text_wrap\">\n        <h2>Adapter<\/h2>\n<p>Verschiedene Adapter an zum Einsatz aller Arten an Bohrkronen sind erh\u00e4ltlich.<\/p>    <\/div>\n<\/div>\n<!-- \/module text --><!-- module buttons -->\n<div  class=\"module module-buttons tb_kg5l946 buttons-horizontal solid  large squared\" data-lazy=\"1\">\n        <div class=\"module-buttons-item tf_in_flx\">\n                        <a href=\"https:\/\/www.diatip.com\/de\/produkte\/zubehoer\/adapters\/\" class=\"ui builder_button tf_in_flx blue\" >\n                                                Adapter anzeigen                                        <\/a>\n                <\/div>\n            <\/div>\n<!-- \/module buttons -->\n<!-- module divider -->\n<div  class=\"module tf_mw module-divider tb_ngzg122 solid    hide-desktop hide-tablet hide-tablet_landscape\" style=\"border-width: 1px;border-color: #251cad;margin-top: 30px;\" data-lazy=\"1\">\n    <\/div>\n<!-- \/module divider -->\n        <\/div>\n                    <div  data-lazy=\"1\" class=\"module_column sub_column col4-1 tb_1kir946 last\">\n                    <!-- module image -->\n<div  class=\"module module-image tb_ngs4946 image-top   auto_fullwidth tf_mw\" data-lazy=\"1\">\n        <div class=\"image-wrap tf_rel tf_mw\">\n            <img decoding=\"async\" src=\"https:\/\/diatip.com\/wp-content\/uploads\/2014\/08\/Adapters.jpg\" title=\"Zubeh\u00f6r\" alt=\"Zubeh\u00f6r\">    \n        <\/div>\n    <!-- \/image-wrap -->\n    \n        <\/div>\n<!-- \/module image -->        <\/div>\n                    <\/div>\n                <\/div>\n                        <\/div>\n        <\/div>\n        <\/div>\n<!--\/themify_builder_content-->","protected":false},"excerpt":{"rendered":"<p>Zubeh\u00f6r Matrizen Matrizen &#8211; F\u00fcr verschiedene L\u00e4ngen an Segmenten Matrizen anzeigen Knives Knives for CD 7-28 and CD 600 Messer anzeigen Erweiterungen Erweiterungen f\u00fcr CD 7-28, CD 600 und der Durchmesser Erweiterungen anzeigen Adapter Verschiedene Adapter an zum Einsatz aller Arten an Bohrkronen sind erh\u00e4ltlich. Adapter anzeigen<\/p>\n","protected":false},"author":2,"featured_media":0,"parent":849,"menu_order":0,"comment_status":"closed","ping_status":"closed","template":"","meta":{"footnotes":""},"class_list":["post-1182","page","type-page","status-publish","hentry","has-post-title","has-post-date","has-post-category","has-post-tag","has-post-comment","has-post-author",""],"yoast_head":"<!-- This site is optimized with the Yoast SEO plugin v27.4 - https:\/\/yoast.com\/product\/yoast-seo-wordpress\/ -->\n<title>Zubeh\u00f6r &#8226; Diatip<\/title>\n<meta name=\"description\" content=\"Zubeh\u00f6r Matrizen Matrizen - F\u00fcr verschiedene L\u00e4ngen an Segmenten Matrizen anzeigen Knives Knives for CD 7-28 and CD 600 Messer anzeigen Erweiterungen\" \/>\n<meta name=\"robots\" content=\"index, follow, max-snippet:-1, max-image-preview:large, max-video-preview:-1\" \/>\n<link rel=\"canonical\" href=\"https:\/\/www.diatip.com\/de\/produkte\/zubehoer\/\" \/>\n<meta property=\"og:locale\" content=\"de_DE\" \/>\n<meta property=\"og:type\" content=\"article\" \/>\n<meta property=\"og:title\" content=\"Zubeh\u00f6r &#8226; Diatip\" \/>\n<meta property=\"og:description\" content=\"Zubeh\u00f6r Matrizen Matrizen - F\u00fcr verschiedene L\u00e4ngen an Segmenten Matrizen anzeigen Knives Knives for CD 7-28 and CD 600 Messer anzeigen Erweiterungen\" \/>\n<meta property=\"og:url\" content=\"https:\/\/www.diatip.com\/de\/produkte\/zubehoer\/\" \/>\n<meta property=\"og:site_name\" content=\"Diatip\" \/>\n<meta property=\"article:modified_time\" content=\"2026-02-05T09:38:03+00:00\" \/>\n<meta property=\"og:image\" content=\"https:\/\/diatip.com\/wp-content\/uploads\/2014\/08\/Matrices.jpg\" \/>\n<meta name=\"twitter:card\" content=\"summary_large_image\" \/>\n<meta name=\"twitter:label1\" content=\"Gesch\u00e4tzte Lesezeit\" \/>\n\t<meta name=\"twitter:data1\" content=\"2\u00a0Minuten\" \/>\n<script type=\"application\/ld+json\" class=\"yoast-schema-graph\">{\"@context\":\"https:\\\/\\\/schema.org\",\"@graph\":[{\"@type\":\"WebPage\",\"@id\":\"https:\\\/\\\/www.diatip.com\\\/de\\\/produkte\\\/zubehoer\\\/\",\"url\":\"https:\\\/\\\/www.diatip.com\\\/de\\\/produkte\\\/zubehoer\\\/\",\"name\":\"Zubeh\u00f6r &#8226; Diatip\",\"isPartOf\":{\"@id\":\"https:\\\/\\\/www.diatip.com\\\/de\\\/#website\"},\"primaryImageOfPage\":{\"@id\":\"https:\\\/\\\/www.diatip.com\\\/de\\\/produkte\\\/zubehoer\\\/#primaryimage\"},\"image\":{\"@id\":\"https:\\\/\\\/www.diatip.com\\\/de\\\/produkte\\\/zubehoer\\\/#primaryimage\"},\"thumbnailUrl\":\"https:\\\/\\\/diatip.com\\\/wp-content\\\/uploads\\\/2014\\\/08\\\/Matrices.jpg\",\"datePublished\":\"2020-09-24T09:24:53+00:00\",\"dateModified\":\"2026-02-05T09:38:03+00:00\",\"description\":\"Zubeh\u00f6r Matrizen Matrizen - F\u00fcr verschiedene L\u00e4ngen an Segmenten Matrizen anzeigen Knives Knives for CD 7-28 and CD 600 Messer anzeigen Erweiterungen\",\"breadcrumb\":{\"@id\":\"https:\\\/\\\/www.diatip.com\\\/de\\\/produkte\\\/zubehoer\\\/#breadcrumb\"},\"inLanguage\":\"de\",\"potentialAction\":[{\"@type\":\"ReadAction\",\"target\":[\"https:\\\/\\\/www.diatip.com\\\/de\\\/produkte\\\/zubehoer\\\/\"]}]},{\"@type\":\"ImageObject\",\"inLanguage\":\"de\",\"@id\":\"https:\\\/\\\/www.diatip.com\\\/de\\\/produkte\\\/zubehoer\\\/#primaryimage\",\"url\":\"https:\\\/\\\/diatip.com\\\/wp-content\\\/uploads\\\/2014\\\/08\\\/Matrices.jpg\",\"contentUrl\":\"https:\\\/\\\/diatip.com\\\/wp-content\\\/uploads\\\/2014\\\/08\\\/Matrices.jpg\"},{\"@type\":\"BreadcrumbList\",\"@id\":\"https:\\\/\\\/www.diatip.com\\\/de\\\/produkte\\\/zubehoer\\\/#breadcrumb\",\"itemListElement\":[{\"@type\":\"ListItem\",\"position\":1,\"name\":\"Home\",\"item\":\"https:\\\/\\\/www.diatip.com\\\/de\\\/\"},{\"@type\":\"ListItem\",\"position\":2,\"name\":\"Produkte\",\"item\":\"https:\\\/\\\/www.diatip.com\\\/de\\\/produkte\\\/\"},{\"@type\":\"ListItem\",\"position\":3,\"name\":\"Zubeh\u00f6r\"}]},{\"@type\":\"WebSite\",\"@id\":\"https:\\\/\\\/www.diatip.com\\\/de\\\/#website\",\"url\":\"https:\\\/\\\/www.diatip.com\\\/de\\\/\",\"name\":\"Diatip\",\"description\":\"Retipping Diamond Core Bits or Diamond Sawblades\",\"publisher\":{\"@id\":\"https:\\\/\\\/www.diatip.com\\\/de\\\/#organization\"},\"potentialAction\":[{\"@type\":\"SearchAction\",\"target\":{\"@type\":\"EntryPoint\",\"urlTemplate\":\"https:\\\/\\\/www.diatip.com\\\/de\\\/?s={search_term_string}\"},\"query-input\":{\"@type\":\"PropertyValueSpecification\",\"valueRequired\":true,\"valueName\":\"search_term_string\"}}],\"inLanguage\":\"de\"},{\"@type\":\"Organization\",\"@id\":\"https:\\\/\\\/www.diatip.com\\\/de\\\/#organization\",\"name\":\"Diatip\",\"url\":\"https:\\\/\\\/www.diatip.com\\\/de\\\/\",\"logo\":{\"@type\":\"ImageObject\",\"inLanguage\":\"de\",\"@id\":\"https:\\\/\\\/www.diatip.com\\\/de\\\/#\\\/schema\\\/logo\\\/image\\\/\",\"url\":\"https:\\\/\\\/www.diatip.com\\\/wp-content\\\/uploads\\\/2020\\\/06\\\/diatip-logo-low.jpg\",\"contentUrl\":\"https:\\\/\\\/www.diatip.com\\\/wp-content\\\/uploads\\\/2020\\\/06\\\/diatip-logo-low.jpg\",\"width\":304,\"height\":92,\"caption\":\"Diatip\"},\"image\":{\"@id\":\"https:\\\/\\\/www.diatip.com\\\/de\\\/#\\\/schema\\\/logo\\\/image\\\/\"}}]}<\/script>\n<!-- \/ Yoast SEO plugin. -->","yoast_head_json":{"title":"Zubeh\u00f6r &#8226; Diatip","description":"Zubeh\u00f6r Matrizen Matrizen - F\u00fcr verschiedene L\u00e4ngen an Segmenten Matrizen anzeigen Knives Knives for CD 7-28 and CD 600 Messer anzeigen Erweiterungen","robots":{"index":"index","follow":"follow","max-snippet":"max-snippet:-1","max-image-preview":"max-image-preview:large","max-video-preview":"max-video-preview:-1"},"canonical":"https:\/\/www.diatip.com\/de\/produkte\/zubehoer\/","og_locale":"de_DE","og_type":"article","og_title":"Zubeh\u00f6r &#8226; Diatip","og_description":"Zubeh\u00f6r Matrizen Matrizen - F\u00fcr verschiedene L\u00e4ngen an Segmenten Matrizen anzeigen Knives Knives for CD 7-28 and CD 600 Messer anzeigen Erweiterungen","og_url":"https:\/\/www.diatip.com\/de\/produkte\/zubehoer\/","og_site_name":"Diatip","article_modified_time":"2026-02-05T09:38:03+00:00","og_image":[{"url":"https:\/\/diatip.com\/wp-content\/uploads\/2014\/08\/Matrices.jpg","type":"","width":"","height":""}],"twitter_card":"summary_large_image","twitter_misc":{"Gesch\u00e4tzte Lesezeit":"2\u00a0Minuten"},"schema":{"@context":"https:\/\/schema.org","@graph":[{"@type":"WebPage","@id":"https:\/\/www.diatip.com\/de\/produkte\/zubehoer\/","url":"https:\/\/www.diatip.com\/de\/produkte\/zubehoer\/","name":"Zubeh\u00f6r &#8226; Diatip","isPartOf":{"@id":"https:\/\/www.diatip.com\/de\/#website"},"primaryImageOfPage":{"@id":"https:\/\/www.diatip.com\/de\/produkte\/zubehoer\/#primaryimage"},"image":{"@id":"https:\/\/www.diatip.com\/de\/produkte\/zubehoer\/#primaryimage"},"thumbnailUrl":"https:\/\/diatip.com\/wp-content\/uploads\/2014\/08\/Matrices.jpg","datePublished":"2020-09-24T09:24:53+00:00","dateModified":"2026-02-05T09:38:03+00:00","description":"Zubeh\u00f6r Matrizen Matrizen - F\u00fcr verschiedene L\u00e4ngen an Segmenten Matrizen anzeigen Knives Knives for CD 7-28 and CD 600 Messer anzeigen Erweiterungen","breadcrumb":{"@id":"https:\/\/www.diatip.com\/de\/produkte\/zubehoer\/#breadcrumb"},"inLanguage":"de","potentialAction":[{"@type":"ReadAction","target":["https:\/\/www.diatip.com\/de\/produkte\/zubehoer\/"]}]},{"@type":"ImageObject","inLanguage":"de","@id":"https:\/\/www.diatip.com\/de\/produkte\/zubehoer\/#primaryimage","url":"https:\/\/diatip.com\/wp-content\/uploads\/2014\/08\/Matrices.jpg","contentUrl":"https:\/\/diatip.com\/wp-content\/uploads\/2014\/08\/Matrices.jpg"},{"@type":"BreadcrumbList","@id":"https:\/\/www.diatip.com\/de\/produkte\/zubehoer\/#breadcrumb","itemListElement":[{"@type":"ListItem","position":1,"name":"Home","item":"https:\/\/www.diatip.com\/de\/"},{"@type":"ListItem","position":2,"name":"Produkte","item":"https:\/\/www.diatip.com\/de\/produkte\/"},{"@type":"ListItem","position":3,"name":"Zubeh\u00f6r"}]},{"@type":"WebSite","@id":"https:\/\/www.diatip.com\/de\/#website","url":"https:\/\/www.diatip.com\/de\/","name":"Diatip","description":"Retipping Diamond Core Bits or Diamond Sawblades","publisher":{"@id":"https:\/\/www.diatip.com\/de\/#organization"},"potentialAction":[{"@type":"SearchAction","target":{"@type":"EntryPoint","urlTemplate":"https:\/\/www.diatip.com\/de\/?s={search_term_string}"},"query-input":{"@type":"PropertyValueSpecification","valueRequired":true,"valueName":"search_term_string"}}],"inLanguage":"de"},{"@type":"Organization","@id":"https:\/\/www.diatip.com\/de\/#organization","name":"Diatip","url":"https:\/\/www.diatip.com\/de\/","logo":{"@type":"ImageObject","inLanguage":"de","@id":"https:\/\/www.diatip.com\/de\/#\/schema\/logo\/image\/","url":"https:\/\/www.diatip.com\/wp-content\/uploads\/2020\/06\/diatip-logo-low.jpg","contentUrl":"https:\/\/www.diatip.com\/wp-content\/uploads\/2020\/06\/diatip-logo-low.jpg","width":304,"height":92,"caption":"Diatip"},"image":{"@id":"https:\/\/www.diatip.com\/de\/#\/schema\/logo\/image\/"}}]}},"_links":{"self":[{"href":"https:\/\/www.diatip.com\/de\/wp-json\/wp\/v2\/pages\/1182","targetHints":{"allow":["GET"]}}],"collection":[{"href":"https:\/\/www.diatip.com\/de\/wp-json\/wp\/v2\/pages"}],"about":[{"href":"https:\/\/www.diatip.com\/de\/wp-json\/wp\/v2\/types\/page"}],"author":[{"embeddable":true,"href":"https:\/\/www.diatip.com\/de\/wp-json\/wp\/v2\/users\/2"}],"replies":[{"embeddable":true,"href":"https:\/\/www.diatip.com\/de\/wp-json\/wp\/v2\/comments?post=1182"}],"version-history":[{"count":14,"href":"https:\/\/www.diatip.com\/de\/wp-json\/wp\/v2\/pages\/1182\/revisions"}],"predecessor-version":[{"id":2131,"href":"https:\/\/www.diatip.com\/de\/wp-json\/wp\/v2\/pages\/1182\/revisions\/2131"}],"up":[{"embeddable":true,"href":"https:\/\/www.diatip.com\/de\/wp-json\/wp\/v2\/pages\/849"}],"wp:attachment":[{"href":"https:\/\/www.diatip.com\/de\/wp-json\/wp\/v2\/media?parent=1182"}],"curies":[{"name":"wp","href":"https:\/\/api.w.org\/{rel}","templated":true}]}}